{"id":129742,"date":"2025-09-08T20:40:00","date_gmt":"2025-09-08T18:40:00","guid":{"rendered":"https:\/\/www.rabaini.it\/?post_type=product&#038;p=129742"},"modified":"2025-09-08T20:45:42","modified_gmt":"2025-09-08T18:45:42","slug":"braune-pumps-aus-krokodilleder-praegung","status":"publish","type":"product","link":"https:\/\/www.rabaini.it\/de\/braune-pumps-aus-krokodilleder-praegung\/","title":{"rendered":"Braune Pumps aus Krokodilleder-Pr\u00e4gung"},"content":{"rendered":"<ul>\n<li>Artikelcode: HARIAH<\/li>\n<li>Farbe: Braun<\/li>\n<li>Pumps aus Krokodilleder-Pr\u00e4gung<\/li>\n<li>Absatzh\u00f6he: 6,5 cm<\/li>\n<\/ul>\n","protected":false},"excerpt":{"rendered":"<p>Artikelcode: HARIAH Farbe: Braun Pumps aus Krokodilleder-Pr\u00e4gung Absatzh\u00f6he: 6,5 cm<\/p>\n","protected":false},"featured_media":128915,"template":"","meta":{"_acf_changed":false},"product_brand":[],"product_cat":[1273,1309,1310,1317],"product_tag":[1664],"class_list":{"0":"post-129742","1":"product","2":"type-product","3":"status-publish","4":"has-post-thumbnail","6":"product_cat-damen","7":"product_cat-damen-sale","8":"product_cat-damenschuhe","9":"product_cat-schuhe-mit-absatz-damen","10":"product_tag-fw25-de","11":"marca-angel-alarcon-de","13":"first","14":"instock","15":"sale","16":"shipping-taxable","17":"purchasable","18":"product-type-variable"},"acf":[],"yoast_head":"<!-- This site is optimized with the Yoast SEO plugin v27.2 - https:\/\/yoast.com\/product\/yoast-seo-wordpress\/ -->\n<title>Braune Pumps aus Krokodilleder-Pr\u00e4gung - Rabaini<\/title>\n<meta name=\"robots\" content=\"index, follow, max-snippet:-1, max-image-preview:large, max-video-preview:-1\" \/>\n<link rel=\"canonical\" href=\"https:\/\/www.rabaini.it\/de\/braune-pumps-aus-krokodilleder-praegung\/\" \/>\n<meta property=\"og:locale\" content=\"de_DE\" \/>\n<meta property=\"og:type\" content=\"article\" \/>\n<meta property=\"og:title\" content=\"Braune Pumps aus Krokodilleder-Pr\u00e4gung - Rabaini\" \/>\n<meta property=\"og:description\" content=\"Artikelcode: HARIAH Farbe: Braun Pumps aus Krokodilleder-Pr\u00e4gung Absatzh\u00f6he: 6,5 cm\" \/>\n<meta property=\"og:url\" content=\"https:\/\/www.rabaini.it\/de\/braune-pumps-aus-krokodilleder-praegung\/\" \/>\n<meta property=\"og:site_name\" content=\"Rabaini\" \/>\n<meta property=\"article:modified_time\" content=\"2025-09-08T18:45:42+00:00\" \/>\n<meta property=\"og:image\" content=\"https:\/\/www.rabaini.it\/wp-content\/uploads\/2025\/09\/DSC_9576.jpg\" \/>\n\t<meta property=\"og:image:width\" content=\"1500\" \/>\n\t<meta property=\"og:image:height\" content=\"1500\" \/>\n\t<meta property=\"og:image:type\" content=\"image\/jpeg\" \/>\n<meta name=\"twitter:card\" content=\"summary_large_image\" \/>\n<script type=\"application\/ld+json\" class=\"yoast-schema-graph\">{\"@context\":\"https:\/\/schema.org\",\"@graph\":[{\"@type\":\"WebPage\",\"@id\":\"https:\/\/www.rabaini.it\/de\/braune-pumps-aus-krokodilleder-praegung\/\",\"url\":\"https:\/\/www.rabaini.it\/de\/braune-pumps-aus-krokodilleder-praegung\/\",\"name\":\"Braune Pumps aus Krokodilleder-Pr\u00e4gung - Rabaini\",\"isPartOf\":{\"@id\":\"https:\/\/www.rabaini.it\/de\/#website\"},\"primaryImageOfPage\":{\"@id\":\"https:\/\/www.rabaini.it\/de\/braune-pumps-aus-krokodilleder-praegung\/#primaryimage\"},\"image\":{\"@id\":\"https:\/\/www.rabaini.it\/de\/braune-pumps-aus-krokodilleder-praegung\/#primaryimage\"},\"thumbnailUrl\":\"https:\/\/www.rabaini.it\/wp-content\/uploads\/2025\/09\/DSC_9576.jpg\",\"datePublished\":\"2025-09-08T18:40:00+00:00\",\"dateModified\":\"2025-09-08T18:45:42+00:00\",\"breadcrumb\":{\"@id\":\"https:\/\/www.rabaini.it\/de\/braune-pumps-aus-krokodilleder-praegung\/#breadcrumb\"},\"inLanguage\":\"de\",\"potentialAction\":[{\"@type\":\"ReadAction\",\"target\":[\"https:\/\/www.rabaini.it\/de\/braune-pumps-aus-krokodilleder-praegung\/\"]}]},{\"@type\":\"ImageObject\",\"inLanguage\":\"de\",\"@id\":\"https:\/\/www.rabaini.it\/de\/braune-pumps-aus-krokodilleder-praegung\/#primaryimage\",\"url\":\"https:\/\/www.rabaini.it\/wp-content\/uploads\/2025\/09\/DSC_9576.jpg\",\"contentUrl\":\"https:\/\/www.rabaini.it\/wp-content\/uploads\/2025\/09\/DSC_9576.jpg\",\"width\":1500,\"height\":1500},{\"@type\":\"BreadcrumbList\",\"@id\":\"https:\/\/www.rabaini.it\/de\/braune-pumps-aus-krokodilleder-praegung\/#breadcrumb\",\"itemListElement\":[{\"@type\":\"ListItem\",\"position\":1,\"name\":\"Home\",\"item\":\"https:\/\/www.rabaini.it\/de\/homepage\/\"},{\"@type\":\"ListItem\",\"position\":2,\"name\":\"Gesch\u00e4ft\",\"item\":\"https:\/\/www.rabaini.it\/geschaeft\/\"},{\"@type\":\"ListItem\",\"position\":3,\"name\":\"Damen\",\"item\":\"https:\/\/www.rabaini.it\/de\/damen\/\"},{\"@type\":\"ListItem\",\"position\":4,\"name\":\"Braune Pumps aus Krokodilleder-Pr\u00e4gung\"}]},{\"@type\":\"WebSite\",\"@id\":\"https:\/\/www.rabaini.it\/de\/#website\",\"url\":\"https:\/\/www.rabaini.it\/de\/\",\"name\":\"Rabaini\",\"description\":\"\",\"potentialAction\":[{\"@type\":\"SearchAction\",\"target\":{\"@type\":\"EntryPoint\",\"urlTemplate\":\"https:\/\/www.rabaini.it\/de\/?s={search_term_string}\"},\"query-input\":{\"@type\":\"PropertyValueSpecification\",\"valueRequired\":true,\"valueName\":\"search_term_string\"}}],\"inLanguage\":\"de\"}]}<\/script>\n<!-- \/ Yoast SEO plugin. -->","yoast_head_json":{"title":"Braune Pumps aus Krokodilleder-Pr\u00e4gung - Rabaini","robots":{"index":"index","follow":"follow","max-snippet":"max-snippet:-1","max-image-preview":"max-image-preview:large","max-video-preview":"max-video-preview:-1"},"canonical":"https:\/\/www.rabaini.it\/de\/braune-pumps-aus-krokodilleder-praegung\/","og_locale":"de_DE","og_type":"article","og_title":"Braune Pumps aus Krokodilleder-Pr\u00e4gung - Rabaini","og_description":"Artikelcode: HARIAH Farbe: Braun Pumps aus Krokodilleder-Pr\u00e4gung Absatzh\u00f6he: 6,5 cm","og_url":"https:\/\/www.rabaini.it\/de\/braune-pumps-aus-krokodilleder-praegung\/","og_site_name":"Rabaini","article_modified_time":"2025-09-08T18:45:42+00:00","og_image":[{"width":1500,"height":1500,"url":"https:\/\/www.rabaini.it\/wp-content\/uploads\/2025\/09\/DSC_9576.jpg","type":"image\/jpeg"}],"twitter_card":"summary_large_image","schema":{"@context":"https:\/\/schema.org","@graph":[{"@type":"WebPage","@id":"https:\/\/www.rabaini.it\/de\/braune-pumps-aus-krokodilleder-praegung\/","url":"https:\/\/www.rabaini.it\/de\/braune-pumps-aus-krokodilleder-praegung\/","name":"Braune Pumps aus Krokodilleder-Pr\u00e4gung - Rabaini","isPartOf":{"@id":"https:\/\/www.rabaini.it\/de\/#website"},"primaryImageOfPage":{"@id":"https:\/\/www.rabaini.it\/de\/braune-pumps-aus-krokodilleder-praegung\/#primaryimage"},"image":{"@id":"https:\/\/www.rabaini.it\/de\/braune-pumps-aus-krokodilleder-praegung\/#primaryimage"},"thumbnailUrl":"https:\/\/www.rabaini.it\/wp-content\/uploads\/2025\/09\/DSC_9576.jpg","datePublished":"2025-09-08T18:40:00+00:00","dateModified":"2025-09-08T18:45:42+00:00","breadcrumb":{"@id":"https:\/\/www.rabaini.it\/de\/braune-pumps-aus-krokodilleder-praegung\/#breadcrumb"},"inLanguage":"de","potentialAction":[{"@type":"ReadAction","target":["https:\/\/www.rabaini.it\/de\/braune-pumps-aus-krokodilleder-praegung\/"]}]},{"@type":"ImageObject","inLanguage":"de","@id":"https:\/\/www.rabaini.it\/de\/braune-pumps-aus-krokodilleder-praegung\/#primaryimage","url":"https:\/\/www.rabaini.it\/wp-content\/uploads\/2025\/09\/DSC_9576.jpg","contentUrl":"https:\/\/www.rabaini.it\/wp-content\/uploads\/2025\/09\/DSC_9576.jpg","width":1500,"height":1500},{"@type":"BreadcrumbList","@id":"https:\/\/www.rabaini.it\/de\/braune-pumps-aus-krokodilleder-praegung\/#breadcrumb","itemListElement":[{"@type":"ListItem","position":1,"name":"Home","item":"https:\/\/www.rabaini.it\/de\/homepage\/"},{"@type":"ListItem","position":2,"name":"Gesch\u00e4ft","item":"https:\/\/www.rabaini.it\/geschaeft\/"},{"@type":"ListItem","position":3,"name":"Damen","item":"https:\/\/www.rabaini.it\/de\/damen\/"},{"@type":"ListItem","position":4,"name":"Braune Pumps aus Krokodilleder-Pr\u00e4gung"}]},{"@type":"WebSite","@id":"https:\/\/www.rabaini.it\/de\/#website","url":"https:\/\/www.rabaini.it\/de\/","name":"Rabaini","description":"","potentialAction":[{"@type":"SearchAction","target":{"@type":"EntryPoint","urlTemplate":"https:\/\/www.rabaini.it\/de\/?s={search_term_string}"},"query-input":{"@type":"PropertyValueSpecification","valueRequired":true,"valueName":"search_term_string"}}],"inLanguage":"de"}]}},"_links":{"self":[{"href":"https:\/\/www.rabaini.it\/de\/wp-json\/wp\/v2\/product\/129742","targetHints":{"allow":["GET"]}}],"collection":[{"href":"https:\/\/www.rabaini.it\/de\/wp-json\/wp\/v2\/product"}],"about":[{"href":"https:\/\/www.rabaini.it\/de\/wp-json\/wp\/v2\/types\/product"}],"wp:featuredmedia":[{"embeddable":true,"href":"https:\/\/www.rabaini.it\/de\/wp-json\/wp\/v2\/media\/128915"}],"wp:attachment":[{"href":"https:\/\/www.rabaini.it\/de\/wp-json\/wp\/v2\/media?parent=129742"}],"wp:term":[{"taxonomy":"product_brand","embeddable":true,"href":"https:\/\/www.rabaini.it\/de\/wp-json\/wp\/v2\/product_brand?post=129742"},{"taxonomy":"product_cat","embeddable":true,"href":"https:\/\/www.rabaini.it\/de\/wp-json\/wp\/v2\/product_cat?post=129742"},{"taxonomy":"product_tag","embeddable":true,"href":"https:\/\/www.rabaini.it\/de\/wp-json\/wp\/v2\/product_tag?post=129742"}],"curies":[{"name":"wp","href":"https:\/\/api.w.org\/{rel}","templated":true}]}}