{"id":128487,"date":"2025-09-01T18:47:54","date_gmt":"2025-09-01T16:47:54","guid":{"rendered":"https:\/\/www.rabaini.it\/?post_type=product&#038;p=128487"},"modified":"2025-09-01T18:55:29","modified_gmt":"2025-09-01T16:55:29","slug":"blaues-baumwollhemd-mit-pegasus-2","status":"publish","type":"product","link":"https:\/\/www.rabaini.it\/de\/blaues-baumwollhemd-mit-pegasus-2\/","title":{"rendered":"Blaues Baumwollhemd mit Pegasus"},"content":{"rendered":"<ul>\n<li>Artikelcode: MRIB000299SA5L9X0880<\/li>\n<li>Farbe: Blau<\/li>\n<li>Made in Italy<\/li>\n<li>Hemd aus reinem, einfarbigem Baumwollstoff<\/li>\n<li>Auf der Brust befindet sich eine Ton-in-Ton-Stickerei mit ETRO-Monogramm und dem emblematischen Pegasus<\/li>\n<li>Passform: Roma<\/li>\n<li>Italienischer Kragen<\/li>\n<li>Knopfverschluss mit Logo-Kn\u00f6pfen<\/li>\n<li>\u00c4rmel mit drei Kn\u00f6pfen<\/li>\n<li>Zusammensetzung: 100% Baumwolle<\/li>\n<\/ul>\n","protected":false},"excerpt":{"rendered":"<p>Artikelcode: MRIB000299SA5L9X0880 Farbe: Blau Made in Italy Hemd aus reinem, einfarbigem Baumwollstoff Auf der Brust befindet sich eine Ton-in-Ton-Stickerei mit ETRO-Monogramm und dem emblematischen Pegasus Passform: Roma Italienischer Kragen Knopfverschluss mit Logo-Kn\u00f6pfen \u00c4rmel mit drei Kn\u00f6pfen Zusammensetzung: 100% Baumwolle<\/p>\n","protected":false},"featured_media":127345,"template":"","meta":{"_acf_changed":false},"product_brand":[],"product_cat":[1328,1324,1357,1325],"product_tag":[1664],"class_list":{"0":"post-128487","1":"product","2":"type-product","3":"status-publish","4":"has-post-thumbnail","6":"product_cat-hemden-herren","7":"product_cat-herren","8":"product_cat-herren-sale","9":"product_cat-herrenbekleidung","10":"product_tag-fw25-de","11":"marca-etro-de","13":"first","14":"instock","15":"sale","16":"shipping-taxable","17":"purchasable","18":"product-type-variable"},"acf":[],"yoast_head":"<!-- This site is optimized with the Yoast SEO plugin v27.2 - https:\/\/yoast.com\/product\/yoast-seo-wordpress\/ -->\n<title>Blaues Baumwollhemd mit Pegasus - Rabaini<\/title>\n<meta name=\"robots\" content=\"index, follow, max-snippet:-1, max-image-preview:large, max-video-preview:-1\" \/>\n<link rel=\"canonical\" href=\"https:\/\/www.rabaini.it\/de\/blaues-baumwollhemd-mit-pegasus-2\/\" \/>\n<meta property=\"og:locale\" content=\"de_DE\" \/>\n<meta property=\"og:type\" content=\"article\" \/>\n<meta property=\"og:title\" content=\"Blaues Baumwollhemd mit Pegasus - Rabaini\" \/>\n<meta property=\"og:description\" content=\"Artikelcode: MRIB000299SA5L9X0880 Farbe: Blau Made in Italy Hemd aus reinem, einfarbigem Baumwollstoff Auf der Brust befindet sich eine Ton-in-Ton-Stickerei mit ETRO-Monogramm und dem emblematischen Pegasus Passform: Roma Italienischer Kragen Knopfverschluss mit Logo-Kn\u00f6pfen \u00c4rmel mit drei Kn\u00f6pfen Zusammensetzung: 100% Baumwolle\" \/>\n<meta property=\"og:url\" content=\"https:\/\/www.rabaini.it\/de\/blaues-baumwollhemd-mit-pegasus-2\/\" \/>\n<meta property=\"og:site_name\" content=\"Rabaini\" \/>\n<meta property=\"article:modified_time\" content=\"2025-09-01T16:55:29+00:00\" \/>\n<meta property=\"og:image\" content=\"https:\/\/www.rabaini.it\/wp-content\/uploads\/2025\/08\/5.1.jpg\" \/>\n\t<meta property=\"og:image:width\" content=\"1500\" \/>\n\t<meta property=\"og:image:height\" content=\"1500\" \/>\n\t<meta property=\"og:image:type\" content=\"image\/jpeg\" \/>\n<meta name=\"twitter:card\" content=\"summary_large_image\" \/>\n<script type=\"application\/ld+json\" class=\"yoast-schema-graph\">{\"@context\":\"https:\/\/schema.org\",\"@graph\":[{\"@type\":\"WebPage\",\"@id\":\"https:\/\/www.rabaini.it\/de\/blaues-baumwollhemd-mit-pegasus-2\/\",\"url\":\"https:\/\/www.rabaini.it\/de\/blaues-baumwollhemd-mit-pegasus-2\/\",\"name\":\"Blaues Baumwollhemd mit Pegasus - Rabaini\",\"isPartOf\":{\"@id\":\"https:\/\/www.rabaini.it\/de\/#website\"},\"primaryImageOfPage\":{\"@id\":\"https:\/\/www.rabaini.it\/de\/blaues-baumwollhemd-mit-pegasus-2\/#primaryimage\"},\"image\":{\"@id\":\"https:\/\/www.rabaini.it\/de\/blaues-baumwollhemd-mit-pegasus-2\/#primaryimage\"},\"thumbnailUrl\":\"https:\/\/www.rabaini.it\/wp-content\/uploads\/2025\/08\/5.1.jpg\",\"datePublished\":\"2025-09-01T16:47:54+00:00\",\"dateModified\":\"2025-09-01T16:55:29+00:00\",\"breadcrumb\":{\"@id\":\"https:\/\/www.rabaini.it\/de\/blaues-baumwollhemd-mit-pegasus-2\/#breadcrumb\"},\"inLanguage\":\"de\",\"potentialAction\":[{\"@type\":\"ReadAction\",\"target\":[\"https:\/\/www.rabaini.it\/de\/blaues-baumwollhemd-mit-pegasus-2\/\"]}]},{\"@type\":\"ImageObject\",\"inLanguage\":\"de\",\"@id\":\"https:\/\/www.rabaini.it\/de\/blaues-baumwollhemd-mit-pegasus-2\/#primaryimage\",\"url\":\"https:\/\/www.rabaini.it\/wp-content\/uploads\/2025\/08\/5.1.jpg\",\"contentUrl\":\"https:\/\/www.rabaini.it\/wp-content\/uploads\/2025\/08\/5.1.jpg\",\"width\":1500,\"height\":1500},{\"@type\":\"BreadcrumbList\",\"@id\":\"https:\/\/www.rabaini.it\/de\/blaues-baumwollhemd-mit-pegasus-2\/#breadcrumb\",\"itemListElement\":[{\"@type\":\"ListItem\",\"position\":1,\"name\":\"Home\",\"item\":\"https:\/\/www.rabaini.it\/de\/homepage\/\"},{\"@type\":\"ListItem\",\"position\":2,\"name\":\"Gesch\u00e4ft\",\"item\":\"https:\/\/www.rabaini.it\/geschaeft\/\"},{\"@type\":\"ListItem\",\"position\":3,\"name\":\"Herren\",\"item\":\"https:\/\/www.rabaini.it\/de\/herren\/\"},{\"@type\":\"ListItem\",\"position\":4,\"name\":\"Blaues Baumwollhemd mit Pegasus\"}]},{\"@type\":\"WebSite\",\"@id\":\"https:\/\/www.rabaini.it\/de\/#website\",\"url\":\"https:\/\/www.rabaini.it\/de\/\",\"name\":\"Rabaini\",\"description\":\"\",\"potentialAction\":[{\"@type\":\"SearchAction\",\"target\":{\"@type\":\"EntryPoint\",\"urlTemplate\":\"https:\/\/www.rabaini.it\/de\/?s={search_term_string}\"},\"query-input\":{\"@type\":\"PropertyValueSpecification\",\"valueRequired\":true,\"valueName\":\"search_term_string\"}}],\"inLanguage\":\"de\"}]}<\/script>\n<!-- \/ Yoast SEO plugin. -->","yoast_head_json":{"title":"Blaues Baumwollhemd mit Pegasus - Rabaini","robots":{"index":"index","follow":"follow","max-snippet":"max-snippet:-1","max-image-preview":"max-image-preview:large","max-video-preview":"max-video-preview:-1"},"canonical":"https:\/\/www.rabaini.it\/de\/blaues-baumwollhemd-mit-pegasus-2\/","og_locale":"de_DE","og_type":"article","og_title":"Blaues Baumwollhemd mit Pegasus - Rabaini","og_description":"Artikelcode: MRIB000299SA5L9X0880 Farbe: Blau Made in Italy Hemd aus reinem, einfarbigem Baumwollstoff Auf der Brust befindet sich eine Ton-in-Ton-Stickerei mit ETRO-Monogramm und dem emblematischen Pegasus Passform: Roma Italienischer Kragen Knopfverschluss mit Logo-Kn\u00f6pfen \u00c4rmel mit drei Kn\u00f6pfen Zusammensetzung: 100% Baumwolle","og_url":"https:\/\/www.rabaini.it\/de\/blaues-baumwollhemd-mit-pegasus-2\/","og_site_name":"Rabaini","article_modified_time":"2025-09-01T16:55:29+00:00","og_image":[{"width":1500,"height":1500,"url":"https:\/\/www.rabaini.it\/wp-content\/uploads\/2025\/08\/5.1.jpg","type":"image\/jpeg"}],"twitter_card":"summary_large_image","schema":{"@context":"https:\/\/schema.org","@graph":[{"@type":"WebPage","@id":"https:\/\/www.rabaini.it\/de\/blaues-baumwollhemd-mit-pegasus-2\/","url":"https:\/\/www.rabaini.it\/de\/blaues-baumwollhemd-mit-pegasus-2\/","name":"Blaues Baumwollhemd mit Pegasus - Rabaini","isPartOf":{"@id":"https:\/\/www.rabaini.it\/de\/#website"},"primaryImageOfPage":{"@id":"https:\/\/www.rabaini.it\/de\/blaues-baumwollhemd-mit-pegasus-2\/#primaryimage"},"image":{"@id":"https:\/\/www.rabaini.it\/de\/blaues-baumwollhemd-mit-pegasus-2\/#primaryimage"},"thumbnailUrl":"https:\/\/www.rabaini.it\/wp-content\/uploads\/2025\/08\/5.1.jpg","datePublished":"2025-09-01T16:47:54+00:00","dateModified":"2025-09-01T16:55:29+00:00","breadcrumb":{"@id":"https:\/\/www.rabaini.it\/de\/blaues-baumwollhemd-mit-pegasus-2\/#breadcrumb"},"inLanguage":"de","potentialAction":[{"@type":"ReadAction","target":["https:\/\/www.rabaini.it\/de\/blaues-baumwollhemd-mit-pegasus-2\/"]}]},{"@type":"ImageObject","inLanguage":"de","@id":"https:\/\/www.rabaini.it\/de\/blaues-baumwollhemd-mit-pegasus-2\/#primaryimage","url":"https:\/\/www.rabaini.it\/wp-content\/uploads\/2025\/08\/5.1.jpg","contentUrl":"https:\/\/www.rabaini.it\/wp-content\/uploads\/2025\/08\/5.1.jpg","width":1500,"height":1500},{"@type":"BreadcrumbList","@id":"https:\/\/www.rabaini.it\/de\/blaues-baumwollhemd-mit-pegasus-2\/#breadcrumb","itemListElement":[{"@type":"ListItem","position":1,"name":"Home","item":"https:\/\/www.rabaini.it\/de\/homepage\/"},{"@type":"ListItem","position":2,"name":"Gesch\u00e4ft","item":"https:\/\/www.rabaini.it\/geschaeft\/"},{"@type":"ListItem","position":3,"name":"Herren","item":"https:\/\/www.rabaini.it\/de\/herren\/"},{"@type":"ListItem","position":4,"name":"Blaues Baumwollhemd mit Pegasus"}]},{"@type":"WebSite","@id":"https:\/\/www.rabaini.it\/de\/#website","url":"https:\/\/www.rabaini.it\/de\/","name":"Rabaini","description":"","potentialAction":[{"@type":"SearchAction","target":{"@type":"EntryPoint","urlTemplate":"https:\/\/www.rabaini.it\/de\/?s={search_term_string}"},"query-input":{"@type":"PropertyValueSpecification","valueRequired":true,"valueName":"search_term_string"}}],"inLanguage":"de"}]}},"_links":{"self":[{"href":"https:\/\/www.rabaini.it\/de\/wp-json\/wp\/v2\/product\/128487","targetHints":{"allow":["GET"]}}],"collection":[{"href":"https:\/\/www.rabaini.it\/de\/wp-json\/wp\/v2\/product"}],"about":[{"href":"https:\/\/www.rabaini.it\/de\/wp-json\/wp\/v2\/types\/product"}],"wp:featuredmedia":[{"embeddable":true,"href":"https:\/\/www.rabaini.it\/de\/wp-json\/wp\/v2\/media\/127345"}],"wp:attachment":[{"href":"https:\/\/www.rabaini.it\/de\/wp-json\/wp\/v2\/media?parent=128487"}],"wp:term":[{"taxonomy":"product_brand","embeddable":true,"href":"https:\/\/www.rabaini.it\/de\/wp-json\/wp\/v2\/product_brand?post=128487"},{"taxonomy":"product_cat","embeddable":true,"href":"https:\/\/www.rabaini.it\/de\/wp-json\/wp\/v2\/product_cat?post=128487"},{"taxonomy":"product_tag","embeddable":true,"href":"https:\/\/www.rabaini.it\/de\/wp-json\/wp\/v2\/product_tag?post=128487"}],"curies":[{"name":"wp","href":"https:\/\/api.w.org\/{rel}","templated":true}]}}