{"id":128451,"date":"2025-09-01T18:47:58","date_gmt":"2025-09-01T16:47:58","guid":{"rendered":"https:\/\/www.rabaini.it\/?post_type=product&#038;p=128451"},"modified":"2025-09-01T18:55:26","modified_gmt":"2025-09-01T16:55:26","slug":"kleid-aus-nadelstreifenwolle-blau","status":"publish","type":"product","link":"https:\/\/www.rabaini.it\/de\/kleid-aus-nadelstreifenwolle-blau\/","title":{"rendered":"Kleid aus Nadelstreifenwolle Blau"},"content":{"rendered":"<ul>\n<li>Artikelcode: MRAA002399JQB06S9883<\/li>\n<li>Farbe: Blau<\/li>\n<li>Made in Italy<\/li>\n<li>Anzug aus reiner Wolle mit klassischem Nadelstreifenmuster<\/li>\n<li>Das Sakko wird durch einen kontrastierenden Unterkragen und ein Futter mit floraler Inspiration erg\u00e4nzt<\/li>\n<li>Regular Fit Roma<\/li>\n<li>Einreihiger Verschluss mit zwei Kn\u00f6pfen<\/li>\n<li>Fronttaschen mit Patte<\/li>\n<li>Seitentaschen<\/li>\n<li>Ges\u00e4\u00dftaschen mit Knopf<\/li>\n<li>Zusammensetzung: 100% Wolle<\/li>\n<li>Futter K\u00f6rper: 100% Viskose<\/li>\n<li>Futter Hose: 56% Acetat, 44% Viskose<\/li>\n<\/ul>\n","protected":false},"excerpt":{"rendered":"<p>Artikelcode: MRAA002399JQB06S9883 Farbe: Blau Made in Italy Anzug aus reiner Wolle mit klassischem Nadelstreifenmuster Das Sakko wird durch einen kontrastierenden Unterkragen und ein Futter mit floraler Inspiration erg\u00e4nzt Regular Fit Roma Einreihiger Verschluss mit zwei Kn\u00f6pfen Fronttaschen mit Patte Seitentaschen Ges\u00e4\u00dftaschen mit Knopf Zusammensetzung: 100% Wolle Futter K\u00f6rper: 100% Viskose Futter Hose: 56% Acetat, 44%&hellip;<\/p>\n","protected":false},"featured_media":127318,"template":"","meta":{"_acf_changed":false},"product_brand":[],"product_cat":[1324,1357,1325,1390],"product_tag":[1664],"class_list":{"0":"post-128451","1":"product","2":"type-product","3":"status-publish","4":"has-post-thumbnail","6":"product_cat-herren","7":"product_cat-herren-sale","8":"product_cat-herrenbekleidung","9":"product_cat-kleidung-damen-de","10":"product_tag-fw25-de","11":"marca-etro-de","13":"first","14":"instock","15":"sale","16":"shipping-taxable","17":"purchasable","18":"product-type-variable"},"acf":[],"yoast_head":"<!-- This site is optimized with the Yoast SEO plugin v27.2 - https:\/\/yoast.com\/product\/yoast-seo-wordpress\/ -->\n<title>Kleid aus Nadelstreifenwolle Blau - Rabaini<\/title>\n<meta name=\"robots\" content=\"index, follow, max-snippet:-1, max-image-preview:large, max-video-preview:-1\" \/>\n<link rel=\"canonical\" href=\"https:\/\/www.rabaini.it\/de\/kleid-aus-nadelstreifenwolle-blau\/\" \/>\n<meta property=\"og:locale\" content=\"de_DE\" \/>\n<meta property=\"og:type\" content=\"article\" \/>\n<meta property=\"og:title\" content=\"Kleid aus Nadelstreifenwolle Blau - Rabaini\" \/>\n<meta property=\"og:description\" content=\"Artikelcode: MRAA002399JQB06S9883 Farbe: Blau Made in Italy Anzug aus reiner Wolle mit klassischem Nadelstreifenmuster Das Sakko wird durch einen kontrastierenden Unterkragen und ein Futter mit floraler Inspiration erg\u00e4nzt Regular Fit Roma Einreihiger Verschluss mit zwei Kn\u00f6pfen Fronttaschen mit Patte Seitentaschen Ges\u00e4\u00dftaschen mit Knopf Zusammensetzung: 100% Wolle Futter K\u00f6rper: 100% Viskose Futter Hose: 56% Acetat, 44%&hellip;\" \/>\n<meta property=\"og:url\" content=\"https:\/\/www.rabaini.it\/de\/kleid-aus-nadelstreifenwolle-blau\/\" \/>\n<meta property=\"og:site_name\" content=\"Rabaini\" \/>\n<meta property=\"article:modified_time\" content=\"2025-09-01T16:55:26+00:00\" \/>\n<meta property=\"og:image\" content=\"https:\/\/www.rabaini.it\/wp-content\/uploads\/2025\/08\/2.1-2.jpg\" \/>\n\t<meta property=\"og:image:width\" content=\"1500\" \/>\n\t<meta property=\"og:image:height\" content=\"1500\" \/>\n\t<meta property=\"og:image:type\" content=\"image\/jpeg\" \/>\n<meta name=\"twitter:card\" content=\"summary_large_image\" \/>\n<script type=\"application\/ld+json\" class=\"yoast-schema-graph\">{\"@context\":\"https:\/\/schema.org\",\"@graph\":[{\"@type\":\"WebPage\",\"@id\":\"https:\/\/www.rabaini.it\/de\/kleid-aus-nadelstreifenwolle-blau\/\",\"url\":\"https:\/\/www.rabaini.it\/de\/kleid-aus-nadelstreifenwolle-blau\/\",\"name\":\"Kleid aus Nadelstreifenwolle Blau - Rabaini\",\"isPartOf\":{\"@id\":\"https:\/\/www.rabaini.it\/de\/#website\"},\"primaryImageOfPage\":{\"@id\":\"https:\/\/www.rabaini.it\/de\/kleid-aus-nadelstreifenwolle-blau\/#primaryimage\"},\"image\":{\"@id\":\"https:\/\/www.rabaini.it\/de\/kleid-aus-nadelstreifenwolle-blau\/#primaryimage\"},\"thumbnailUrl\":\"https:\/\/www.rabaini.it\/wp-content\/uploads\/2025\/08\/2.1-2.jpg\",\"datePublished\":\"2025-09-01T16:47:58+00:00\",\"dateModified\":\"2025-09-01T16:55:26+00:00\",\"breadcrumb\":{\"@id\":\"https:\/\/www.rabaini.it\/de\/kleid-aus-nadelstreifenwolle-blau\/#breadcrumb\"},\"inLanguage\":\"de\",\"potentialAction\":[{\"@type\":\"ReadAction\",\"target\":[\"https:\/\/www.rabaini.it\/de\/kleid-aus-nadelstreifenwolle-blau\/\"]}]},{\"@type\":\"ImageObject\",\"inLanguage\":\"de\",\"@id\":\"https:\/\/www.rabaini.it\/de\/kleid-aus-nadelstreifenwolle-blau\/#primaryimage\",\"url\":\"https:\/\/www.rabaini.it\/wp-content\/uploads\/2025\/08\/2.1-2.jpg\",\"contentUrl\":\"https:\/\/www.rabaini.it\/wp-content\/uploads\/2025\/08\/2.1-2.jpg\",\"width\":1500,\"height\":1500},{\"@type\":\"BreadcrumbList\",\"@id\":\"https:\/\/www.rabaini.it\/de\/kleid-aus-nadelstreifenwolle-blau\/#breadcrumb\",\"itemListElement\":[{\"@type\":\"ListItem\",\"position\":1,\"name\":\"Home\",\"item\":\"https:\/\/www.rabaini.it\/de\/homepage\/\"},{\"@type\":\"ListItem\",\"position\":2,\"name\":\"Gesch\u00e4ft\",\"item\":\"https:\/\/www.rabaini.it\/geschaeft\/\"},{\"@type\":\"ListItem\",\"position\":3,\"name\":\"Herren\",\"item\":\"https:\/\/www.rabaini.it\/de\/herren\/\"},{\"@type\":\"ListItem\",\"position\":4,\"name\":\"Kleid aus Nadelstreifenwolle Blau\"}]},{\"@type\":\"WebSite\",\"@id\":\"https:\/\/www.rabaini.it\/de\/#website\",\"url\":\"https:\/\/www.rabaini.it\/de\/\",\"name\":\"Rabaini\",\"description\":\"\",\"potentialAction\":[{\"@type\":\"SearchAction\",\"target\":{\"@type\":\"EntryPoint\",\"urlTemplate\":\"https:\/\/www.rabaini.it\/de\/?s={search_term_string}\"},\"query-input\":{\"@type\":\"PropertyValueSpecification\",\"valueRequired\":true,\"valueName\":\"search_term_string\"}}],\"inLanguage\":\"de\"}]}<\/script>\n<!-- \/ Yoast SEO plugin. -->","yoast_head_json":{"title":"Kleid aus Nadelstreifenwolle Blau - Rabaini","robots":{"index":"index","follow":"follow","max-snippet":"max-snippet:-1","max-image-preview":"max-image-preview:large","max-video-preview":"max-video-preview:-1"},"canonical":"https:\/\/www.rabaini.it\/de\/kleid-aus-nadelstreifenwolle-blau\/","og_locale":"de_DE","og_type":"article","og_title":"Kleid aus Nadelstreifenwolle Blau - Rabaini","og_description":"Artikelcode: MRAA002399JQB06S9883 Farbe: Blau Made in Italy Anzug aus reiner Wolle mit klassischem Nadelstreifenmuster Das Sakko wird durch einen kontrastierenden Unterkragen und ein Futter mit floraler Inspiration erg\u00e4nzt Regular Fit Roma Einreihiger Verschluss mit zwei Kn\u00f6pfen Fronttaschen mit Patte Seitentaschen Ges\u00e4\u00dftaschen mit Knopf Zusammensetzung: 100% Wolle Futter K\u00f6rper: 100% Viskose Futter Hose: 56% Acetat, 44%&hellip;","og_url":"https:\/\/www.rabaini.it\/de\/kleid-aus-nadelstreifenwolle-blau\/","og_site_name":"Rabaini","article_modified_time":"2025-09-01T16:55:26+00:00","og_image":[{"width":1500,"height":1500,"url":"https:\/\/www.rabaini.it\/wp-content\/uploads\/2025\/08\/2.1-2.jpg","type":"image\/jpeg"}],"twitter_card":"summary_large_image","schema":{"@context":"https:\/\/schema.org","@graph":[{"@type":"WebPage","@id":"https:\/\/www.rabaini.it\/de\/kleid-aus-nadelstreifenwolle-blau\/","url":"https:\/\/www.rabaini.it\/de\/kleid-aus-nadelstreifenwolle-blau\/","name":"Kleid aus Nadelstreifenwolle Blau - Rabaini","isPartOf":{"@id":"https:\/\/www.rabaini.it\/de\/#website"},"primaryImageOfPage":{"@id":"https:\/\/www.rabaini.it\/de\/kleid-aus-nadelstreifenwolle-blau\/#primaryimage"},"image":{"@id":"https:\/\/www.rabaini.it\/de\/kleid-aus-nadelstreifenwolle-blau\/#primaryimage"},"thumbnailUrl":"https:\/\/www.rabaini.it\/wp-content\/uploads\/2025\/08\/2.1-2.jpg","datePublished":"2025-09-01T16:47:58+00:00","dateModified":"2025-09-01T16:55:26+00:00","breadcrumb":{"@id":"https:\/\/www.rabaini.it\/de\/kleid-aus-nadelstreifenwolle-blau\/#breadcrumb"},"inLanguage":"de","potentialAction":[{"@type":"ReadAction","target":["https:\/\/www.rabaini.it\/de\/kleid-aus-nadelstreifenwolle-blau\/"]}]},{"@type":"ImageObject","inLanguage":"de","@id":"https:\/\/www.rabaini.it\/de\/kleid-aus-nadelstreifenwolle-blau\/#primaryimage","url":"https:\/\/www.rabaini.it\/wp-content\/uploads\/2025\/08\/2.1-2.jpg","contentUrl":"https:\/\/www.rabaini.it\/wp-content\/uploads\/2025\/08\/2.1-2.jpg","width":1500,"height":1500},{"@type":"BreadcrumbList","@id":"https:\/\/www.rabaini.it\/de\/kleid-aus-nadelstreifenwolle-blau\/#breadcrumb","itemListElement":[{"@type":"ListItem","position":1,"name":"Home","item":"https:\/\/www.rabaini.it\/de\/homepage\/"},{"@type":"ListItem","position":2,"name":"Gesch\u00e4ft","item":"https:\/\/www.rabaini.it\/geschaeft\/"},{"@type":"ListItem","position":3,"name":"Herren","item":"https:\/\/www.rabaini.it\/de\/herren\/"},{"@type":"ListItem","position":4,"name":"Kleid aus Nadelstreifenwolle Blau"}]},{"@type":"WebSite","@id":"https:\/\/www.rabaini.it\/de\/#website","url":"https:\/\/www.rabaini.it\/de\/","name":"Rabaini","description":"","potentialAction":[{"@type":"SearchAction","target":{"@type":"EntryPoint","urlTemplate":"https:\/\/www.rabaini.it\/de\/?s={search_term_string}"},"query-input":{"@type":"PropertyValueSpecification","valueRequired":true,"valueName":"search_term_string"}}],"inLanguage":"de"}]}},"_links":{"self":[{"href":"https:\/\/www.rabaini.it\/de\/wp-json\/wp\/v2\/product\/128451","targetHints":{"allow":["GET"]}}],"collection":[{"href":"https:\/\/www.rabaini.it\/de\/wp-json\/wp\/v2\/product"}],"about":[{"href":"https:\/\/www.rabaini.it\/de\/wp-json\/wp\/v2\/types\/product"}],"wp:featuredmedia":[{"embeddable":true,"href":"https:\/\/www.rabaini.it\/de\/wp-json\/wp\/v2\/media\/127318"}],"wp:attachment":[{"href":"https:\/\/www.rabaini.it\/de\/wp-json\/wp\/v2\/media?parent=128451"}],"wp:term":[{"taxonomy":"product_brand","embeddable":true,"href":"https:\/\/www.rabaini.it\/de\/wp-json\/wp\/v2\/product_brand?post=128451"},{"taxonomy":"product_cat","embeddable":true,"href":"https:\/\/www.rabaini.it\/de\/wp-json\/wp\/v2\/product_cat?post=128451"},{"taxonomy":"product_tag","embeddable":true,"href":"https:\/\/www.rabaini.it\/de\/wp-json\/wp\/v2\/product_tag?post=128451"}],"curies":[{"name":"wp","href":"https:\/\/api.w.org\/{rel}","templated":true}]}}