{"id":126826,"date":"2025-08-21T16:06:38","date_gmt":"2025-08-21T14:06:38","guid":{"rendered":"https:\/\/www.rabaini.it\/?post_type=product&#038;p=126826"},"modified":"2025-08-21T16:12:26","modified_gmt":"2025-08-21T14:12:26","slug":"windspin-sneaker-aus-laminiertem-silberleder","status":"publish","type":"product","link":"https:\/\/www.rabaini.it\/de\/windspin-sneaker-aus-laminiertem-silberleder\/","title":{"rendered":"Windspin Sneaker aus laminiertem Silberleder"},"content":{"rendered":"<ul>\n<li>Artikelnummer: WSLW TO01<\/li>\n<li>Artikel-Farbe: Silber<\/li>\n<li>Autry Windspin ist das neue Icon von Autry, das den Geist des amerikanischen Traums mit italienischem Flair verbindet<\/li>\n<li>Inspiriert vom Lebensstil des Amerikas der 1960er Jahre, zollt der Windspin einer \u00c4ra Tribut, die von Freiheit und Abenteuer gepr\u00e4gt war<\/li>\n<li>Hergestellt aus silbernem laminiertem Leder mit tonalen Eins\u00e4tzen, zeigt der Windspin eine schlanke Silhouette<\/li>\n<li>Sein flaches und dynamisches Profil verk\u00f6rpert Autrys typischen Mix aus Vintage-Charme und Modernit\u00e4t<\/li>\n<li>Die ultra-flache Gummisohle bietet hervorragenden Grip auf allen st\u00e4dtischen Oberfl\u00e4chen<\/li>\n<li>Obermaterial aus Leder<\/li>\n<li>Perforierte Spitze<\/li>\n<li>Flache Baumwollschn\u00fcrsenkel<\/li>\n<li>Leicht gepolsterte Nylon-Zunge mit Jacquard-Logo-Label<\/li>\n<li>Gepolsterter Schaftrand<\/li>\n<li>Futter aus Leder und Baumwollfrottee<\/li>\n<li>Mit Mesh gef\u00fctterte Innensohle, 0,8 mm erh\u00f6ht<\/li>\n<li>Gummisohle<\/li>\n<li>Sohlenh\u00f6he: 1 \u2013 1,7 cm<\/li>\n<li>Personalisierter Stoffbeutel<\/li>\n<li>Obermaterial: 5% Nylon, 95% Leder<\/li>\n<li>Futter: 30% Leder, 65% Baumwollfrottee, 5% Nylon<\/li>\n<li>Laufsohle: 100% Gummi<\/li>\n<\/ul>\n","protected":false},"excerpt":{"rendered":"<p>Artikelnummer: WSLW TO01 Artikel-Farbe: Silber Autry Windspin ist das neue Icon von Autry, das den Geist des amerikanischen Traums mit italienischem Flair verbindet Inspiriert vom Lebensstil des Amerikas der 1960er Jahre, zollt der Windspin einer \u00c4ra Tribut, die von Freiheit und Abenteuer gepr\u00e4gt war Hergestellt aus silbernem laminiertem Leder mit tonalen Eins\u00e4tzen, zeigt der Windspin&hellip;<\/p>\n","protected":false},"featured_media":125907,"template":"","meta":{"_acf_changed":false},"product_brand":[],"product_cat":[1273,1310,1316,1318],"product_tag":[1664],"class_list":{"0":"post-126826","1":"product","2":"type-product","3":"status-publish","4":"has-post-thumbnail","6":"product_cat-damen","7":"product_cat-damenschuhe","8":"product_cat-flache-schuhe-damen","9":"product_cat-turnschuhe-damen","10":"product_tag-fw25-de","11":"marca-autry-de","13":"first","14":"instock","15":"shipping-taxable","16":"purchasable","17":"product-type-variable"},"acf":[],"yoast_head":"<!-- This site is optimized with the Yoast SEO plugin v27.2 - https:\/\/yoast.com\/product\/yoast-seo-wordpress\/ -->\n<title>Windspin Sneaker aus laminiertem Silberleder - Rabaini<\/title>\n<meta name=\"robots\" content=\"index, follow, max-snippet:-1, max-image-preview:large, max-video-preview:-1\" \/>\n<link rel=\"canonical\" href=\"https:\/\/www.rabaini.it\/de\/windspin-sneaker-aus-laminiertem-silberleder\/\" \/>\n<meta property=\"og:locale\" content=\"de_DE\" \/>\n<meta property=\"og:type\" content=\"article\" \/>\n<meta property=\"og:title\" content=\"Windspin Sneaker aus laminiertem Silberleder - Rabaini\" \/>\n<meta property=\"og:description\" content=\"Artikelnummer: WSLW TO01 Artikel-Farbe: Silber Autry Windspin ist das neue Icon von Autry, das den Geist des amerikanischen Traums mit italienischem Flair verbindet Inspiriert vom Lebensstil des Amerikas der 1960er Jahre, zollt der Windspin einer \u00c4ra Tribut, die von Freiheit und Abenteuer gepr\u00e4gt war Hergestellt aus silbernem laminiertem Leder mit tonalen Eins\u00e4tzen, zeigt der Windspin&hellip;\" \/>\n<meta property=\"og:url\" content=\"https:\/\/www.rabaini.it\/de\/windspin-sneaker-aus-laminiertem-silberleder\/\" \/>\n<meta property=\"og:site_name\" content=\"Rabaini\" \/>\n<meta property=\"article:modified_time\" content=\"2025-08-21T14:12:26+00:00\" \/>\n<meta property=\"og:image\" content=\"https:\/\/www.rabaini.it\/wp-content\/uploads\/2025\/08\/DSC_9383.jpg\" \/>\n\t<meta property=\"og:image:width\" content=\"1500\" \/>\n\t<meta property=\"og:image:height\" content=\"1500\" \/>\n\t<meta property=\"og:image:type\" content=\"image\/jpeg\" \/>\n<meta name=\"twitter:card\" content=\"summary_large_image\" \/>\n<meta name=\"twitter:label1\" content=\"Gesch\u00e4tzte Lesezeit\" \/>\n\t<meta name=\"twitter:data1\" content=\"1\u00a0Minute\" \/>\n<script type=\"application\/ld+json\" class=\"yoast-schema-graph\">{\"@context\":\"https:\/\/schema.org\",\"@graph\":[{\"@type\":\"WebPage\",\"@id\":\"https:\/\/www.rabaini.it\/de\/windspin-sneaker-aus-laminiertem-silberleder\/\",\"url\":\"https:\/\/www.rabaini.it\/de\/windspin-sneaker-aus-laminiertem-silberleder\/\",\"name\":\"Windspin Sneaker aus laminiertem Silberleder - Rabaini\",\"isPartOf\":{\"@id\":\"https:\/\/www.rabaini.it\/de\/#website\"},\"primaryImageOfPage\":{\"@id\":\"https:\/\/www.rabaini.it\/de\/windspin-sneaker-aus-laminiertem-silberleder\/#primaryimage\"},\"image\":{\"@id\":\"https:\/\/www.rabaini.it\/de\/windspin-sneaker-aus-laminiertem-silberleder\/#primaryimage\"},\"thumbnailUrl\":\"https:\/\/www.rabaini.it\/wp-content\/uploads\/2025\/08\/DSC_9383.jpg\",\"datePublished\":\"2025-08-21T14:06:38+00:00\",\"dateModified\":\"2025-08-21T14:12:26+00:00\",\"breadcrumb\":{\"@id\":\"https:\/\/www.rabaini.it\/de\/windspin-sneaker-aus-laminiertem-silberleder\/#breadcrumb\"},\"inLanguage\":\"de\",\"potentialAction\":[{\"@type\":\"ReadAction\",\"target\":[\"https:\/\/www.rabaini.it\/de\/windspin-sneaker-aus-laminiertem-silberleder\/\"]}]},{\"@type\":\"ImageObject\",\"inLanguage\":\"de\",\"@id\":\"https:\/\/www.rabaini.it\/de\/windspin-sneaker-aus-laminiertem-silberleder\/#primaryimage\",\"url\":\"https:\/\/www.rabaini.it\/wp-content\/uploads\/2025\/08\/DSC_9383.jpg\",\"contentUrl\":\"https:\/\/www.rabaini.it\/wp-content\/uploads\/2025\/08\/DSC_9383.jpg\",\"width\":1500,\"height\":1500},{\"@type\":\"BreadcrumbList\",\"@id\":\"https:\/\/www.rabaini.it\/de\/windspin-sneaker-aus-laminiertem-silberleder\/#breadcrumb\",\"itemListElement\":[{\"@type\":\"ListItem\",\"position\":1,\"name\":\"Home\",\"item\":\"https:\/\/www.rabaini.it\/de\/homepage\/\"},{\"@type\":\"ListItem\",\"position\":2,\"name\":\"Gesch\u00e4ft\",\"item\":\"https:\/\/www.rabaini.it\/geschaeft\/\"},{\"@type\":\"ListItem\",\"position\":3,\"name\":\"Damen\",\"item\":\"https:\/\/www.rabaini.it\/de\/damen\/\"},{\"@type\":\"ListItem\",\"position\":4,\"name\":\"Windspin Sneaker aus laminiertem Silberleder\"}]},{\"@type\":\"WebSite\",\"@id\":\"https:\/\/www.rabaini.it\/de\/#website\",\"url\":\"https:\/\/www.rabaini.it\/de\/\",\"name\":\"Rabaini\",\"description\":\"\",\"potentialAction\":[{\"@type\":\"SearchAction\",\"target\":{\"@type\":\"EntryPoint\",\"urlTemplate\":\"https:\/\/www.rabaini.it\/de\/?s={search_term_string}\"},\"query-input\":{\"@type\":\"PropertyValueSpecification\",\"valueRequired\":true,\"valueName\":\"search_term_string\"}}],\"inLanguage\":\"de\"}]}<\/script>\n<!-- \/ Yoast SEO plugin. -->","yoast_head_json":{"title":"Windspin Sneaker aus laminiertem Silberleder - Rabaini","robots":{"index":"index","follow":"follow","max-snippet":"max-snippet:-1","max-image-preview":"max-image-preview:large","max-video-preview":"max-video-preview:-1"},"canonical":"https:\/\/www.rabaini.it\/de\/windspin-sneaker-aus-laminiertem-silberleder\/","og_locale":"de_DE","og_type":"article","og_title":"Windspin Sneaker aus laminiertem Silberleder - Rabaini","og_description":"Artikelnummer: WSLW TO01 Artikel-Farbe: Silber Autry Windspin ist das neue Icon von Autry, das den Geist des amerikanischen Traums mit italienischem Flair verbindet Inspiriert vom Lebensstil des Amerikas der 1960er Jahre, zollt der Windspin einer \u00c4ra Tribut, die von Freiheit und Abenteuer gepr\u00e4gt war Hergestellt aus silbernem laminiertem Leder mit tonalen Eins\u00e4tzen, zeigt der Windspin&hellip;","og_url":"https:\/\/www.rabaini.it\/de\/windspin-sneaker-aus-laminiertem-silberleder\/","og_site_name":"Rabaini","article_modified_time":"2025-08-21T14:12:26+00:00","og_image":[{"width":1500,"height":1500,"url":"https:\/\/www.rabaini.it\/wp-content\/uploads\/2025\/08\/DSC_9383.jpg","type":"image\/jpeg"}],"twitter_card":"summary_large_image","twitter_misc":{"Gesch\u00e4tzte Lesezeit":"1\u00a0Minute"},"schema":{"@context":"https:\/\/schema.org","@graph":[{"@type":"WebPage","@id":"https:\/\/www.rabaini.it\/de\/windspin-sneaker-aus-laminiertem-silberleder\/","url":"https:\/\/www.rabaini.it\/de\/windspin-sneaker-aus-laminiertem-silberleder\/","name":"Windspin Sneaker aus laminiertem Silberleder - Rabaini","isPartOf":{"@id":"https:\/\/www.rabaini.it\/de\/#website"},"primaryImageOfPage":{"@id":"https:\/\/www.rabaini.it\/de\/windspin-sneaker-aus-laminiertem-silberleder\/#primaryimage"},"image":{"@id":"https:\/\/www.rabaini.it\/de\/windspin-sneaker-aus-laminiertem-silberleder\/#primaryimage"},"thumbnailUrl":"https:\/\/www.rabaini.it\/wp-content\/uploads\/2025\/08\/DSC_9383.jpg","datePublished":"2025-08-21T14:06:38+00:00","dateModified":"2025-08-21T14:12:26+00:00","breadcrumb":{"@id":"https:\/\/www.rabaini.it\/de\/windspin-sneaker-aus-laminiertem-silberleder\/#breadcrumb"},"inLanguage":"de","potentialAction":[{"@type":"ReadAction","target":["https:\/\/www.rabaini.it\/de\/windspin-sneaker-aus-laminiertem-silberleder\/"]}]},{"@type":"ImageObject","inLanguage":"de","@id":"https:\/\/www.rabaini.it\/de\/windspin-sneaker-aus-laminiertem-silberleder\/#primaryimage","url":"https:\/\/www.rabaini.it\/wp-content\/uploads\/2025\/08\/DSC_9383.jpg","contentUrl":"https:\/\/www.rabaini.it\/wp-content\/uploads\/2025\/08\/DSC_9383.jpg","width":1500,"height":1500},{"@type":"BreadcrumbList","@id":"https:\/\/www.rabaini.it\/de\/windspin-sneaker-aus-laminiertem-silberleder\/#breadcrumb","itemListElement":[{"@type":"ListItem","position":1,"name":"Home","item":"https:\/\/www.rabaini.it\/de\/homepage\/"},{"@type":"ListItem","position":2,"name":"Gesch\u00e4ft","item":"https:\/\/www.rabaini.it\/geschaeft\/"},{"@type":"ListItem","position":3,"name":"Damen","item":"https:\/\/www.rabaini.it\/de\/damen\/"},{"@type":"ListItem","position":4,"name":"Windspin Sneaker aus laminiertem Silberleder"}]},{"@type":"WebSite","@id":"https:\/\/www.rabaini.it\/de\/#website","url":"https:\/\/www.rabaini.it\/de\/","name":"Rabaini","description":"","potentialAction":[{"@type":"SearchAction","target":{"@type":"EntryPoint","urlTemplate":"https:\/\/www.rabaini.it\/de\/?s={search_term_string}"},"query-input":{"@type":"PropertyValueSpecification","valueRequired":true,"valueName":"search_term_string"}}],"inLanguage":"de"}]}},"_links":{"self":[{"href":"https:\/\/www.rabaini.it\/de\/wp-json\/wp\/v2\/product\/126826","targetHints":{"allow":["GET"]}}],"collection":[{"href":"https:\/\/www.rabaini.it\/de\/wp-json\/wp\/v2\/product"}],"about":[{"href":"https:\/\/www.rabaini.it\/de\/wp-json\/wp\/v2\/types\/product"}],"wp:featuredmedia":[{"embeddable":true,"href":"https:\/\/www.rabaini.it\/de\/wp-json\/wp\/v2\/media\/125907"}],"wp:attachment":[{"href":"https:\/\/www.rabaini.it\/de\/wp-json\/wp\/v2\/media?parent=126826"}],"wp:term":[{"taxonomy":"product_brand","embeddable":true,"href":"https:\/\/www.rabaini.it\/de\/wp-json\/wp\/v2\/product_brand?post=126826"},{"taxonomy":"product_cat","embeddable":true,"href":"https:\/\/www.rabaini.it\/de\/wp-json\/wp\/v2\/product_cat?post=126826"},{"taxonomy":"product_tag","embeddable":true,"href":"https:\/\/www.rabaini.it\/de\/wp-json\/wp\/v2\/product_tag?post=126826"}],"curies":[{"name":"wp","href":"https:\/\/api.w.org\/{rel}","templated":true}]}}