{"id":126490,"date":"2025-08-18T19:13:56","date_gmt":"2025-08-18T17:13:56","guid":{"rendered":"https:\/\/www.rabaini.it\/?post_type=product&#038;p=126490"},"modified":"2025-08-21T16:12:38","modified_gmt":"2025-08-21T14:12:38","slug":"medalist-low-sneakers-aus-weissem-leder-mit-goldenen-lurex-details","status":"publish","type":"product","link":"https:\/\/www.rabaini.it\/de\/medalist-low-sneakers-aus-weissem-leder-mit-goldenen-lurex-details\/","title":{"rendered":"MEDALIST LOW SNEAKERS AUS WEISSEM LEDER MIT GOLDENEN LUREX-DETAILS"},"content":{"rendered":"<ul>\n<li>Artikelnummer: AULW UH08<\/li>\n<li>Artikelfarbe: Wei\u00df<\/li>\n<li>Der Medalist Autry Sneaker pr\u00e4sentiert sich mit modernen Proportionen und hochwertigen Materialien und ist eine zeitgem\u00e4\u00dfe Interpretation des Tennis-Stils der 80er<\/li>\n<li>Dieser Damen-Sneaker ist aus weichem, authentisch wirkendem wei\u00dfem Leder gefertigt und mit markanten Details wie den Schn\u00fcrsenkeln und dem seitlichen Logo mit Lurex-Effekt in edlem Goldton versehen<\/li>\n<li>Das beige Wildlederdetail an der Ferse ist mit einem passenden gestickten Autry-Logo personalisiert<\/li>\n<li>Obermaterial: Leder<\/li>\n<li>Mikroperforierte Zehenpartie<\/li>\n<li>Runde Lurex-Schn\u00fcrsenkel<\/li>\n<li>Auf die Zunge aufgen\u00e4htes gesticktes Label<\/li>\n<li>Gepolsterter Schaft<\/li>\n<li>Leder und Baumwollfrottee Futter<\/li>\n<li>2 cm erh\u00f6hte Lederinnensohle<\/li>\n<li>Gummisohle<\/li>\n<li>Sohlenh\u00f6he: 2,5\u20133,5 cm<\/li>\n<li>Personalisierter Stoffbeutel<\/li>\n<li>Obermaterial: 90 % Leder, 10 % Wildleder<\/li>\n<li>Futter: 40 % Leder, 50 % Baumwollfrottee, 10 % Nylon<\/li>\n<li>Sohle: 100 % Gummi<\/li>\n<\/ul>\n","protected":false},"excerpt":{"rendered":"<p>Artikelnummer: AULW UH08 Artikelfarbe: Wei\u00df Der Medalist Autry Sneaker pr\u00e4sentiert sich mit modernen Proportionen und hochwertigen Materialien und ist eine zeitgem\u00e4\u00dfe Interpretation des Tennis-Stils der 80er Dieser Damen-Sneaker ist aus weichem, authentisch wirkendem wei\u00dfem Leder gefertigt und mit markanten Details wie den Schn\u00fcrsenkeln und dem seitlichen Logo mit Lurex-Effekt in edlem Goldton versehen Das beige&hellip;<\/p>\n","protected":false},"featured_media":125709,"template":"","meta":{"_acf_changed":false},"product_brand":[],"product_cat":[1273,1310,1316,1318],"product_tag":[1664],"class_list":{"0":"post-126490","1":"product","2":"type-product","3":"status-publish","4":"has-post-thumbnail","6":"product_cat-damen","7":"product_cat-damenschuhe","8":"product_cat-flache-schuhe-damen","9":"product_cat-turnschuhe-damen","10":"product_tag-fw25-de","11":"marca-autry-de","13":"first","14":"instock","15":"shipping-taxable","16":"purchasable","17":"product-type-variable"},"acf":[],"yoast_head":"<!-- This site is optimized with the Yoast SEO plugin v27.2 - https:\/\/yoast.com\/product\/yoast-seo-wordpress\/ -->\n<title>MEDALIST LOW SNEAKERS AUS WEISSEM LEDER MIT GOLDENEN LUREX-DETAILS - Rabaini<\/title>\n<meta name=\"robots\" content=\"index, follow, max-snippet:-1, max-image-preview:large, max-video-preview:-1\" \/>\n<link rel=\"canonical\" href=\"https:\/\/www.rabaini.it\/de\/medalist-low-sneakers-aus-weissem-leder-mit-goldenen-lurex-details\/\" \/>\n<meta property=\"og:locale\" content=\"de_DE\" \/>\n<meta property=\"og:type\" content=\"article\" \/>\n<meta property=\"og:title\" content=\"MEDALIST LOW SNEAKERS AUS WEISSEM LEDER MIT GOLDENEN LUREX-DETAILS - Rabaini\" \/>\n<meta property=\"og:description\" content=\"Artikelnummer: AULW UH08 Artikelfarbe: Wei\u00df Der Medalist Autry Sneaker pr\u00e4sentiert sich mit modernen Proportionen und hochwertigen Materialien und ist eine zeitgem\u00e4\u00dfe Interpretation des Tennis-Stils der 80er Dieser Damen-Sneaker ist aus weichem, authentisch wirkendem wei\u00dfem Leder gefertigt und mit markanten Details wie den Schn\u00fcrsenkeln und dem seitlichen Logo mit Lurex-Effekt in edlem Goldton versehen Das beige&hellip;\" \/>\n<meta property=\"og:url\" content=\"https:\/\/www.rabaini.it\/de\/medalist-low-sneakers-aus-weissem-leder-mit-goldenen-lurex-details\/\" \/>\n<meta property=\"og:site_name\" content=\"Rabaini\" \/>\n<meta property=\"article:modified_time\" content=\"2025-08-21T14:12:38+00:00\" \/>\n<meta property=\"og:image\" content=\"https:\/\/www.rabaini.it\/wp-content\/uploads\/2025\/08\/DSC_9317.jpg\" \/>\n\t<meta property=\"og:image:width\" content=\"1500\" \/>\n\t<meta property=\"og:image:height\" content=\"1500\" \/>\n\t<meta property=\"og:image:type\" content=\"image\/jpeg\" \/>\n<meta name=\"twitter:card\" content=\"summary_large_image\" \/>\n<meta name=\"twitter:label1\" content=\"Gesch\u00e4tzte Lesezeit\" \/>\n\t<meta name=\"twitter:data1\" content=\"1\u00a0Minute\" \/>\n<script type=\"application\/ld+json\" class=\"yoast-schema-graph\">{\"@context\":\"https:\/\/schema.org\",\"@graph\":[{\"@type\":\"WebPage\",\"@id\":\"https:\/\/www.rabaini.it\/de\/medalist-low-sneakers-aus-weissem-leder-mit-goldenen-lurex-details\/\",\"url\":\"https:\/\/www.rabaini.it\/de\/medalist-low-sneakers-aus-weissem-leder-mit-goldenen-lurex-details\/\",\"name\":\"MEDALIST LOW SNEAKERS AUS WEISSEM LEDER MIT GOLDENEN LUREX-DETAILS - Rabaini\",\"isPartOf\":{\"@id\":\"https:\/\/www.rabaini.it\/de\/#website\"},\"primaryImageOfPage\":{\"@id\":\"https:\/\/www.rabaini.it\/de\/medalist-low-sneakers-aus-weissem-leder-mit-goldenen-lurex-details\/#primaryimage\"},\"image\":{\"@id\":\"https:\/\/www.rabaini.it\/de\/medalist-low-sneakers-aus-weissem-leder-mit-goldenen-lurex-details\/#primaryimage\"},\"thumbnailUrl\":\"https:\/\/www.rabaini.it\/wp-content\/uploads\/2025\/08\/DSC_9317.jpg\",\"datePublished\":\"2025-08-18T17:13:56+00:00\",\"dateModified\":\"2025-08-21T14:12:38+00:00\",\"breadcrumb\":{\"@id\":\"https:\/\/www.rabaini.it\/de\/medalist-low-sneakers-aus-weissem-leder-mit-goldenen-lurex-details\/#breadcrumb\"},\"inLanguage\":\"de\",\"potentialAction\":[{\"@type\":\"ReadAction\",\"target\":[\"https:\/\/www.rabaini.it\/de\/medalist-low-sneakers-aus-weissem-leder-mit-goldenen-lurex-details\/\"]}]},{\"@type\":\"ImageObject\",\"inLanguage\":\"de\",\"@id\":\"https:\/\/www.rabaini.it\/de\/medalist-low-sneakers-aus-weissem-leder-mit-goldenen-lurex-details\/#primaryimage\",\"url\":\"https:\/\/www.rabaini.it\/wp-content\/uploads\/2025\/08\/DSC_9317.jpg\",\"contentUrl\":\"https:\/\/www.rabaini.it\/wp-content\/uploads\/2025\/08\/DSC_9317.jpg\",\"width\":1500,\"height\":1500},{\"@type\":\"BreadcrumbList\",\"@id\":\"https:\/\/www.rabaini.it\/de\/medalist-low-sneakers-aus-weissem-leder-mit-goldenen-lurex-details\/#breadcrumb\",\"itemListElement\":[{\"@type\":\"ListItem\",\"position\":1,\"name\":\"Home\",\"item\":\"https:\/\/www.rabaini.it\/de\/homepage\/\"},{\"@type\":\"ListItem\",\"position\":2,\"name\":\"Gesch\u00e4ft\",\"item\":\"https:\/\/www.rabaini.it\/geschaeft\/\"},{\"@type\":\"ListItem\",\"position\":3,\"name\":\"Damen\",\"item\":\"https:\/\/www.rabaini.it\/de\/damen\/\"},{\"@type\":\"ListItem\",\"position\":4,\"name\":\"MEDALIST LOW SNEAKERS AUS WEISSEM LEDER MIT GOLDENEN LUREX-DETAILS\"}]},{\"@type\":\"WebSite\",\"@id\":\"https:\/\/www.rabaini.it\/de\/#website\",\"url\":\"https:\/\/www.rabaini.it\/de\/\",\"name\":\"Rabaini\",\"description\":\"\",\"potentialAction\":[{\"@type\":\"SearchAction\",\"target\":{\"@type\":\"EntryPoint\",\"urlTemplate\":\"https:\/\/www.rabaini.it\/de\/?s={search_term_string}\"},\"query-input\":{\"@type\":\"PropertyValueSpecification\",\"valueRequired\":true,\"valueName\":\"search_term_string\"}}],\"inLanguage\":\"de\"}]}<\/script>\n<!-- \/ Yoast SEO plugin. -->","yoast_head_json":{"title":"MEDALIST LOW SNEAKERS AUS WEISSEM LEDER MIT GOLDENEN LUREX-DETAILS - Rabaini","robots":{"index":"index","follow":"follow","max-snippet":"max-snippet:-1","max-image-preview":"max-image-preview:large","max-video-preview":"max-video-preview:-1"},"canonical":"https:\/\/www.rabaini.it\/de\/medalist-low-sneakers-aus-weissem-leder-mit-goldenen-lurex-details\/","og_locale":"de_DE","og_type":"article","og_title":"MEDALIST LOW SNEAKERS AUS WEISSEM LEDER MIT GOLDENEN LUREX-DETAILS - Rabaini","og_description":"Artikelnummer: AULW UH08 Artikelfarbe: Wei\u00df Der Medalist Autry Sneaker pr\u00e4sentiert sich mit modernen Proportionen und hochwertigen Materialien und ist eine zeitgem\u00e4\u00dfe Interpretation des Tennis-Stils der 80er Dieser Damen-Sneaker ist aus weichem, authentisch wirkendem wei\u00dfem Leder gefertigt und mit markanten Details wie den Schn\u00fcrsenkeln und dem seitlichen Logo mit Lurex-Effekt in edlem Goldton versehen Das beige&hellip;","og_url":"https:\/\/www.rabaini.it\/de\/medalist-low-sneakers-aus-weissem-leder-mit-goldenen-lurex-details\/","og_site_name":"Rabaini","article_modified_time":"2025-08-21T14:12:38+00:00","og_image":[{"width":1500,"height":1500,"url":"https:\/\/www.rabaini.it\/wp-content\/uploads\/2025\/08\/DSC_9317.jpg","type":"image\/jpeg"}],"twitter_card":"summary_large_image","twitter_misc":{"Gesch\u00e4tzte Lesezeit":"1\u00a0Minute"},"schema":{"@context":"https:\/\/schema.org","@graph":[{"@type":"WebPage","@id":"https:\/\/www.rabaini.it\/de\/medalist-low-sneakers-aus-weissem-leder-mit-goldenen-lurex-details\/","url":"https:\/\/www.rabaini.it\/de\/medalist-low-sneakers-aus-weissem-leder-mit-goldenen-lurex-details\/","name":"MEDALIST LOW SNEAKERS AUS WEISSEM LEDER MIT GOLDENEN LUREX-DETAILS - Rabaini","isPartOf":{"@id":"https:\/\/www.rabaini.it\/de\/#website"},"primaryImageOfPage":{"@id":"https:\/\/www.rabaini.it\/de\/medalist-low-sneakers-aus-weissem-leder-mit-goldenen-lurex-details\/#primaryimage"},"image":{"@id":"https:\/\/www.rabaini.it\/de\/medalist-low-sneakers-aus-weissem-leder-mit-goldenen-lurex-details\/#primaryimage"},"thumbnailUrl":"https:\/\/www.rabaini.it\/wp-content\/uploads\/2025\/08\/DSC_9317.jpg","datePublished":"2025-08-18T17:13:56+00:00","dateModified":"2025-08-21T14:12:38+00:00","breadcrumb":{"@id":"https:\/\/www.rabaini.it\/de\/medalist-low-sneakers-aus-weissem-leder-mit-goldenen-lurex-details\/#breadcrumb"},"inLanguage":"de","potentialAction":[{"@type":"ReadAction","target":["https:\/\/www.rabaini.it\/de\/medalist-low-sneakers-aus-weissem-leder-mit-goldenen-lurex-details\/"]}]},{"@type":"ImageObject","inLanguage":"de","@id":"https:\/\/www.rabaini.it\/de\/medalist-low-sneakers-aus-weissem-leder-mit-goldenen-lurex-details\/#primaryimage","url":"https:\/\/www.rabaini.it\/wp-content\/uploads\/2025\/08\/DSC_9317.jpg","contentUrl":"https:\/\/www.rabaini.it\/wp-content\/uploads\/2025\/08\/DSC_9317.jpg","width":1500,"height":1500},{"@type":"BreadcrumbList","@id":"https:\/\/www.rabaini.it\/de\/medalist-low-sneakers-aus-weissem-leder-mit-goldenen-lurex-details\/#breadcrumb","itemListElement":[{"@type":"ListItem","position":1,"name":"Home","item":"https:\/\/www.rabaini.it\/de\/homepage\/"},{"@type":"ListItem","position":2,"name":"Gesch\u00e4ft","item":"https:\/\/www.rabaini.it\/geschaeft\/"},{"@type":"ListItem","position":3,"name":"Damen","item":"https:\/\/www.rabaini.it\/de\/damen\/"},{"@type":"ListItem","position":4,"name":"MEDALIST LOW SNEAKERS AUS WEISSEM LEDER MIT GOLDENEN LUREX-DETAILS"}]},{"@type":"WebSite","@id":"https:\/\/www.rabaini.it\/de\/#website","url":"https:\/\/www.rabaini.it\/de\/","name":"Rabaini","description":"","potentialAction":[{"@type":"SearchAction","target":{"@type":"EntryPoint","urlTemplate":"https:\/\/www.rabaini.it\/de\/?s={search_term_string}"},"query-input":{"@type":"PropertyValueSpecification","valueRequired":true,"valueName":"search_term_string"}}],"inLanguage":"de"}]}},"_links":{"self":[{"href":"https:\/\/www.rabaini.it\/de\/wp-json\/wp\/v2\/product\/126490","targetHints":{"allow":["GET"]}}],"collection":[{"href":"https:\/\/www.rabaini.it\/de\/wp-json\/wp\/v2\/product"}],"about":[{"href":"https:\/\/www.rabaini.it\/de\/wp-json\/wp\/v2\/types\/product"}],"wp:featuredmedia":[{"embeddable":true,"href":"https:\/\/www.rabaini.it\/de\/wp-json\/wp\/v2\/media\/125709"}],"wp:attachment":[{"href":"https:\/\/www.rabaini.it\/de\/wp-json\/wp\/v2\/media?parent=126490"}],"wp:term":[{"taxonomy":"product_brand","embeddable":true,"href":"https:\/\/www.rabaini.it\/de\/wp-json\/wp\/v2\/product_brand?post=126490"},{"taxonomy":"product_cat","embeddable":true,"href":"https:\/\/www.rabaini.it\/de\/wp-json\/wp\/v2\/product_cat?post=126490"},{"taxonomy":"product_tag","embeddable":true,"href":"https:\/\/www.rabaini.it\/de\/wp-json\/wp\/v2\/product_tag?post=126490"}],"curies":[{"name":"wp","href":"https:\/\/api.w.org\/{rel}","templated":true}]}}