{"id":125537,"date":"2025-08-06T10:27:01","date_gmt":"2025-08-06T08:27:01","guid":{"rendered":"https:\/\/www.rabaini.it\/?post_type=product&#038;p=125537"},"modified":"2025-08-06T10:45:10","modified_gmt":"2025-08-06T08:45:10","slug":"zweireihiger-wollmantel","status":"publish","type":"product","link":"https:\/\/www.rabaini.it\/de\/zweireihiger-wollmantel\/","title":{"rendered":"Zweireihiger Wollmantel"},"content":{"rendered":"<ul>\n<li>Artikelnummer: PAUL &#8211; 9016025106050<\/li>\n<li>Farbe: Dunkelgrau<\/li>\n<li>Langer, zweireihiger Mantel mit passendem G\u00fcrtel zur Betonung der Taille<\/li>\n<li>Handgen\u00e4hter, doppellagiger Mantel aus reiner Wolle<\/li>\n<li>Gerade Passform<\/li>\n<li>Reverskragen<\/li>\n<li>Lange Kimono\u00e4rmel<\/li>\n<li>Knopfverschluss<\/li>\n<li>Seitliche Leistentaschen<\/li>\n<li>Mittiger R\u00fcckenschlitz<\/li>\n<li>Zusammensetzung: 100 % Schurwolle<\/li>\n<\/ul>\n","protected":false},"excerpt":{"rendered":"<p>Artikelnummer: PAUL &#8211; 9016025106050 Farbe: Dunkelgrau Langer, zweireihiger Mantel mit passendem G\u00fcrtel zur Betonung der Taille Handgen\u00e4hter, doppellagiger Mantel aus reiner Wolle Gerade Passform Reverskragen Lange Kimono\u00e4rmel Knopfverschluss Seitliche Leistentaschen Mittiger R\u00fcckenschlitz Zusammensetzung: 100 % Schurwolle<\/p>\n","protected":false},"featured_media":125066,"template":"","meta":{"_acf_changed":false},"product_brand":[],"product_cat":[1273,1274,1278,1277],"product_tag":[1664],"class_list":{"0":"post-125537","1":"product","2":"type-product","3":"status-publish","4":"has-post-thumbnail","6":"product_cat-damen","7":"product_cat-damenbekleidung","8":"product_cat-mantel-damen","9":"product_cat-oberbekleidung-damen","10":"product_tag-fw25-de","11":"marca-max-mara-de","13":"first","14":"instock","15":"shipping-taxable","16":"purchasable","17":"product-type-variable"},"acf":[],"yoast_head":"<!-- This site is optimized with the Yoast SEO plugin v27.2 - https:\/\/yoast.com\/product\/yoast-seo-wordpress\/ -->\n<title>Zweireihiger Wollmantel - Rabaini<\/title>\n<meta name=\"robots\" content=\"index, follow, max-snippet:-1, max-image-preview:large, max-video-preview:-1\" \/>\n<link rel=\"canonical\" href=\"https:\/\/www.rabaini.it\/de\/zweireihiger-wollmantel\/\" \/>\n<meta property=\"og:locale\" content=\"de_DE\" \/>\n<meta property=\"og:type\" content=\"article\" \/>\n<meta property=\"og:title\" content=\"Zweireihiger Wollmantel - Rabaini\" \/>\n<meta property=\"og:description\" content=\"Artikelnummer: PAUL &#8211; 9016025106050 Farbe: Dunkelgrau Langer, zweireihiger Mantel mit passendem G\u00fcrtel zur Betonung der Taille Handgen\u00e4hter, doppellagiger Mantel aus reiner Wolle Gerade Passform Reverskragen Lange Kimono\u00e4rmel Knopfverschluss Seitliche Leistentaschen Mittiger R\u00fcckenschlitz Zusammensetzung: 100 % Schurwolle\" \/>\n<meta property=\"og:url\" content=\"https:\/\/www.rabaini.it\/de\/zweireihiger-wollmantel\/\" \/>\n<meta property=\"og:site_name\" content=\"Rabaini\" \/>\n<meta property=\"article:modified_time\" content=\"2025-08-06T08:45:10+00:00\" \/>\n<meta property=\"og:image\" content=\"https:\/\/www.rabaini.it\/wp-content\/uploads\/2025\/07\/36.1.jpg\" \/>\n\t<meta property=\"og:image:width\" content=\"1500\" \/>\n\t<meta property=\"og:image:height\" content=\"1500\" \/>\n\t<meta property=\"og:image:type\" content=\"image\/jpeg\" \/>\n<meta name=\"twitter:card\" content=\"summary_large_image\" \/>\n<script type=\"application\/ld+json\" class=\"yoast-schema-graph\">{\"@context\":\"https:\/\/schema.org\",\"@graph\":[{\"@type\":\"WebPage\",\"@id\":\"https:\/\/www.rabaini.it\/de\/zweireihiger-wollmantel\/\",\"url\":\"https:\/\/www.rabaini.it\/de\/zweireihiger-wollmantel\/\",\"name\":\"Zweireihiger Wollmantel - Rabaini\",\"isPartOf\":{\"@id\":\"https:\/\/www.rabaini.it\/de\/#website\"},\"primaryImageOfPage\":{\"@id\":\"https:\/\/www.rabaini.it\/de\/zweireihiger-wollmantel\/#primaryimage\"},\"image\":{\"@id\":\"https:\/\/www.rabaini.it\/de\/zweireihiger-wollmantel\/#primaryimage\"},\"thumbnailUrl\":\"https:\/\/www.rabaini.it\/wp-content\/uploads\/2025\/07\/36.1.jpg\",\"datePublished\":\"2025-08-06T08:27:01+00:00\",\"dateModified\":\"2025-08-06T08:45:10+00:00\",\"breadcrumb\":{\"@id\":\"https:\/\/www.rabaini.it\/de\/zweireihiger-wollmantel\/#breadcrumb\"},\"inLanguage\":\"de\",\"potentialAction\":[{\"@type\":\"ReadAction\",\"target\":[\"https:\/\/www.rabaini.it\/de\/zweireihiger-wollmantel\/\"]}]},{\"@type\":\"ImageObject\",\"inLanguage\":\"de\",\"@id\":\"https:\/\/www.rabaini.it\/de\/zweireihiger-wollmantel\/#primaryimage\",\"url\":\"https:\/\/www.rabaini.it\/wp-content\/uploads\/2025\/07\/36.1.jpg\",\"contentUrl\":\"https:\/\/www.rabaini.it\/wp-content\/uploads\/2025\/07\/36.1.jpg\",\"width\":1500,\"height\":1500},{\"@type\":\"BreadcrumbList\",\"@id\":\"https:\/\/www.rabaini.it\/de\/zweireihiger-wollmantel\/#breadcrumb\",\"itemListElement\":[{\"@type\":\"ListItem\",\"position\":1,\"name\":\"Home\",\"item\":\"https:\/\/www.rabaini.it\/de\/homepage\/\"},{\"@type\":\"ListItem\",\"position\":2,\"name\":\"Gesch\u00e4ft\",\"item\":\"https:\/\/www.rabaini.it\/geschaeft\/\"},{\"@type\":\"ListItem\",\"position\":3,\"name\":\"Damen\",\"item\":\"https:\/\/www.rabaini.it\/de\/damen\/\"},{\"@type\":\"ListItem\",\"position\":4,\"name\":\"Zweireihiger Wollmantel\"}]},{\"@type\":\"WebSite\",\"@id\":\"https:\/\/www.rabaini.it\/de\/#website\",\"url\":\"https:\/\/www.rabaini.it\/de\/\",\"name\":\"Rabaini\",\"description\":\"\",\"potentialAction\":[{\"@type\":\"SearchAction\",\"target\":{\"@type\":\"EntryPoint\",\"urlTemplate\":\"https:\/\/www.rabaini.it\/de\/?s={search_term_string}\"},\"query-input\":{\"@type\":\"PropertyValueSpecification\",\"valueRequired\":true,\"valueName\":\"search_term_string\"}}],\"inLanguage\":\"de\"}]}<\/script>\n<!-- \/ Yoast SEO plugin. -->","yoast_head_json":{"title":"Zweireihiger Wollmantel - Rabaini","robots":{"index":"index","follow":"follow","max-snippet":"max-snippet:-1","max-image-preview":"max-image-preview:large","max-video-preview":"max-video-preview:-1"},"canonical":"https:\/\/www.rabaini.it\/de\/zweireihiger-wollmantel\/","og_locale":"de_DE","og_type":"article","og_title":"Zweireihiger Wollmantel - Rabaini","og_description":"Artikelnummer: PAUL &#8211; 9016025106050 Farbe: Dunkelgrau Langer, zweireihiger Mantel mit passendem G\u00fcrtel zur Betonung der Taille Handgen\u00e4hter, doppellagiger Mantel aus reiner Wolle Gerade Passform Reverskragen Lange Kimono\u00e4rmel Knopfverschluss Seitliche Leistentaschen Mittiger R\u00fcckenschlitz Zusammensetzung: 100 % Schurwolle","og_url":"https:\/\/www.rabaini.it\/de\/zweireihiger-wollmantel\/","og_site_name":"Rabaini","article_modified_time":"2025-08-06T08:45:10+00:00","og_image":[{"width":1500,"height":1500,"url":"https:\/\/www.rabaini.it\/wp-content\/uploads\/2025\/07\/36.1.jpg","type":"image\/jpeg"}],"twitter_card":"summary_large_image","schema":{"@context":"https:\/\/schema.org","@graph":[{"@type":"WebPage","@id":"https:\/\/www.rabaini.it\/de\/zweireihiger-wollmantel\/","url":"https:\/\/www.rabaini.it\/de\/zweireihiger-wollmantel\/","name":"Zweireihiger Wollmantel - Rabaini","isPartOf":{"@id":"https:\/\/www.rabaini.it\/de\/#website"},"primaryImageOfPage":{"@id":"https:\/\/www.rabaini.it\/de\/zweireihiger-wollmantel\/#primaryimage"},"image":{"@id":"https:\/\/www.rabaini.it\/de\/zweireihiger-wollmantel\/#primaryimage"},"thumbnailUrl":"https:\/\/www.rabaini.it\/wp-content\/uploads\/2025\/07\/36.1.jpg","datePublished":"2025-08-06T08:27:01+00:00","dateModified":"2025-08-06T08:45:10+00:00","breadcrumb":{"@id":"https:\/\/www.rabaini.it\/de\/zweireihiger-wollmantel\/#breadcrumb"},"inLanguage":"de","potentialAction":[{"@type":"ReadAction","target":["https:\/\/www.rabaini.it\/de\/zweireihiger-wollmantel\/"]}]},{"@type":"ImageObject","inLanguage":"de","@id":"https:\/\/www.rabaini.it\/de\/zweireihiger-wollmantel\/#primaryimage","url":"https:\/\/www.rabaini.it\/wp-content\/uploads\/2025\/07\/36.1.jpg","contentUrl":"https:\/\/www.rabaini.it\/wp-content\/uploads\/2025\/07\/36.1.jpg","width":1500,"height":1500},{"@type":"BreadcrumbList","@id":"https:\/\/www.rabaini.it\/de\/zweireihiger-wollmantel\/#breadcrumb","itemListElement":[{"@type":"ListItem","position":1,"name":"Home","item":"https:\/\/www.rabaini.it\/de\/homepage\/"},{"@type":"ListItem","position":2,"name":"Gesch\u00e4ft","item":"https:\/\/www.rabaini.it\/geschaeft\/"},{"@type":"ListItem","position":3,"name":"Damen","item":"https:\/\/www.rabaini.it\/de\/damen\/"},{"@type":"ListItem","position":4,"name":"Zweireihiger Wollmantel"}]},{"@type":"WebSite","@id":"https:\/\/www.rabaini.it\/de\/#website","url":"https:\/\/www.rabaini.it\/de\/","name":"Rabaini","description":"","potentialAction":[{"@type":"SearchAction","target":{"@type":"EntryPoint","urlTemplate":"https:\/\/www.rabaini.it\/de\/?s={search_term_string}"},"query-input":{"@type":"PropertyValueSpecification","valueRequired":true,"valueName":"search_term_string"}}],"inLanguage":"de"}]}},"_links":{"self":[{"href":"https:\/\/www.rabaini.it\/de\/wp-json\/wp\/v2\/product\/125537","targetHints":{"allow":["GET"]}}],"collection":[{"href":"https:\/\/www.rabaini.it\/de\/wp-json\/wp\/v2\/product"}],"about":[{"href":"https:\/\/www.rabaini.it\/de\/wp-json\/wp\/v2\/types\/product"}],"wp:featuredmedia":[{"embeddable":true,"href":"https:\/\/www.rabaini.it\/de\/wp-json\/wp\/v2\/media\/125066"}],"wp:attachment":[{"href":"https:\/\/www.rabaini.it\/de\/wp-json\/wp\/v2\/media?parent=125537"}],"wp:term":[{"taxonomy":"product_brand","embeddable":true,"href":"https:\/\/www.rabaini.it\/de\/wp-json\/wp\/v2\/product_brand?post=125537"},{"taxonomy":"product_cat","embeddable":true,"href":"https:\/\/www.rabaini.it\/de\/wp-json\/wp\/v2\/product_cat?post=125537"},{"taxonomy":"product_tag","embeddable":true,"href":"https:\/\/www.rabaini.it\/de\/wp-json\/wp\/v2\/product_tag?post=125537"}],"curies":[{"name":"wp","href":"https:\/\/api.w.org\/{rel}","templated":true}]}}