{"id":125187,"date":"2025-08-06T10:36:48","date_gmt":"2025-08-06T08:36:48","guid":{"rendered":"https:\/\/www.rabaini.it\/?post_type=product&#038;p=125187"},"modified":"2025-08-06T10:44:40","modified_gmt":"2025-08-06T08:44:40","slug":"hose-aus-natuerlichem-wolltwill","status":"publish","type":"product","link":"https:\/\/www.rabaini.it\/de\/hose-aus-natuerlichem-wolltwill\/","title":{"rendered":"Hose aus nat\u00fcrlichem Wolltwill"},"content":{"rendered":"<ul>\n<li>Artikelnummer: ENTRATA &#8211; 6136085206018<\/li>\n<li>Artikelfarbe: Natur<\/li>\n<li>Herrenhose aus feinem Wolltwill mit doppelten Bundfalten<\/li>\n<li>Taillierte Silhouette mit etwas schmalerem Bein f\u00fcr einen vielseitigen Look<\/li>\n<li>Hose aus elastischem Wolltwill<\/li>\n<li>Flie\u00dfende Passform mit weitem Bein, unten leicht schmal zulaufend<\/li>\n<li>Hoher Bund mit Rei\u00dfverschluss und Haken<\/li>\n<li>Seitentaschen<\/li>\n<li>Passender G\u00fcrtel aus beschichtetem Stoff<\/li>\n<li>Zusammensetzung: 97 % Wolle, 3 % Elastan<\/li>\n<\/ul>\n","protected":false},"excerpt":{"rendered":"<p>Artikelnummer: ENTRATA &#8211; 6136085206018 Artikelfarbe: Natur Herrenhose aus feinem Wolltwill mit doppelten Bundfalten Taillierte Silhouette mit etwas schmalerem Bein f\u00fcr einen vielseitigen Look Hose aus elastischem Wolltwill Flie\u00dfende Passform mit weitem Bein, unten leicht schmal zulaufend Hoher Bund mit Rei\u00dfverschluss und Haken Seitentaschen Passender G\u00fcrtel aus beschichtetem Stoff Zusammensetzung: 97 % Wolle, 3 % Elastan<\/p>\n","protected":false},"featured_media":124796,"template":"","meta":{"_acf_changed":false},"product_brand":[],"product_cat":[1273,1274,1289],"product_tag":[1664],"class_list":{"0":"post-125187","1":"product","2":"type-product","3":"status-publish","4":"has-post-thumbnail","6":"product_cat-damen","7":"product_cat-damenbekleidung","8":"product_cat-hose-damen","9":"product_tag-fw25-de","10":"marca-max-mara-de","11":"genere-f","13":"first","14":"instock","15":"shipping-taxable","16":"purchasable","17":"product-type-variable"},"acf":[],"yoast_head":"<!-- This site is optimized with the Yoast SEO plugin v27.2 - https:\/\/yoast.com\/product\/yoast-seo-wordpress\/ -->\n<title>Hose aus nat\u00fcrlichem Wolltwill - Rabaini<\/title>\n<meta name=\"robots\" content=\"index, follow, max-snippet:-1, max-image-preview:large, max-video-preview:-1\" \/>\n<link rel=\"canonical\" href=\"https:\/\/www.rabaini.it\/de\/hose-aus-natuerlichem-wolltwill\/\" \/>\n<meta property=\"og:locale\" content=\"de_DE\" \/>\n<meta property=\"og:type\" content=\"article\" \/>\n<meta property=\"og:title\" content=\"Hose aus nat\u00fcrlichem Wolltwill - Rabaini\" \/>\n<meta property=\"og:description\" content=\"Artikelnummer: ENTRATA &#8211; 6136085206018 Artikelfarbe: Natur Herrenhose aus feinem Wolltwill mit doppelten Bundfalten Taillierte Silhouette mit etwas schmalerem Bein f\u00fcr einen vielseitigen Look Hose aus elastischem Wolltwill Flie\u00dfende Passform mit weitem Bein, unten leicht schmal zulaufend Hoher Bund mit Rei\u00dfverschluss und Haken Seitentaschen Passender G\u00fcrtel aus beschichtetem Stoff Zusammensetzung: 97 % Wolle, 3 % Elastan\" \/>\n<meta property=\"og:url\" content=\"https:\/\/www.rabaini.it\/de\/hose-aus-natuerlichem-wolltwill\/\" \/>\n<meta property=\"og:site_name\" content=\"Rabaini\" \/>\n<meta property=\"article:modified_time\" content=\"2025-08-06T08:44:40+00:00\" \/>\n<meta property=\"og:image\" content=\"https:\/\/www.rabaini.it\/wp-content\/uploads\/2025\/07\/6.1-2.jpg\" \/>\n\t<meta property=\"og:image:width\" content=\"1500\" \/>\n\t<meta property=\"og:image:height\" content=\"1500\" \/>\n\t<meta property=\"og:image:type\" content=\"image\/jpeg\" \/>\n<meta name=\"twitter:card\" content=\"summary_large_image\" \/>\n<script type=\"application\/ld+json\" class=\"yoast-schema-graph\">{\"@context\":\"https:\/\/schema.org\",\"@graph\":[{\"@type\":\"WebPage\",\"@id\":\"https:\/\/www.rabaini.it\/de\/hose-aus-natuerlichem-wolltwill\/\",\"url\":\"https:\/\/www.rabaini.it\/de\/hose-aus-natuerlichem-wolltwill\/\",\"name\":\"Hose aus nat\u00fcrlichem Wolltwill - Rabaini\",\"isPartOf\":{\"@id\":\"https:\/\/www.rabaini.it\/de\/#website\"},\"primaryImageOfPage\":{\"@id\":\"https:\/\/www.rabaini.it\/de\/hose-aus-natuerlichem-wolltwill\/#primaryimage\"},\"image\":{\"@id\":\"https:\/\/www.rabaini.it\/de\/hose-aus-natuerlichem-wolltwill\/#primaryimage\"},\"thumbnailUrl\":\"https:\/\/www.rabaini.it\/wp-content\/uploads\/2025\/07\/6.1-2.jpg\",\"datePublished\":\"2025-08-06T08:36:48+00:00\",\"dateModified\":\"2025-08-06T08:44:40+00:00\",\"breadcrumb\":{\"@id\":\"https:\/\/www.rabaini.it\/de\/hose-aus-natuerlichem-wolltwill\/#breadcrumb\"},\"inLanguage\":\"de\",\"potentialAction\":[{\"@type\":\"ReadAction\",\"target\":[\"https:\/\/www.rabaini.it\/de\/hose-aus-natuerlichem-wolltwill\/\"]}]},{\"@type\":\"ImageObject\",\"inLanguage\":\"de\",\"@id\":\"https:\/\/www.rabaini.it\/de\/hose-aus-natuerlichem-wolltwill\/#primaryimage\",\"url\":\"https:\/\/www.rabaini.it\/wp-content\/uploads\/2025\/07\/6.1-2.jpg\",\"contentUrl\":\"https:\/\/www.rabaini.it\/wp-content\/uploads\/2025\/07\/6.1-2.jpg\",\"width\":1500,\"height\":1500},{\"@type\":\"BreadcrumbList\",\"@id\":\"https:\/\/www.rabaini.it\/de\/hose-aus-natuerlichem-wolltwill\/#breadcrumb\",\"itemListElement\":[{\"@type\":\"ListItem\",\"position\":1,\"name\":\"Home\",\"item\":\"https:\/\/www.rabaini.it\/de\/homepage\/\"},{\"@type\":\"ListItem\",\"position\":2,\"name\":\"Gesch\u00e4ft\",\"item\":\"https:\/\/www.rabaini.it\/geschaeft\/\"},{\"@type\":\"ListItem\",\"position\":3,\"name\":\"Damen\",\"item\":\"https:\/\/www.rabaini.it\/de\/damen\/\"},{\"@type\":\"ListItem\",\"position\":4,\"name\":\"Hose aus nat\u00fcrlichem Wolltwill\"}]},{\"@type\":\"WebSite\",\"@id\":\"https:\/\/www.rabaini.it\/de\/#website\",\"url\":\"https:\/\/www.rabaini.it\/de\/\",\"name\":\"Rabaini\",\"description\":\"\",\"potentialAction\":[{\"@type\":\"SearchAction\",\"target\":{\"@type\":\"EntryPoint\",\"urlTemplate\":\"https:\/\/www.rabaini.it\/de\/?s={search_term_string}\"},\"query-input\":{\"@type\":\"PropertyValueSpecification\",\"valueRequired\":true,\"valueName\":\"search_term_string\"}}],\"inLanguage\":\"de\"}]}<\/script>\n<!-- \/ Yoast SEO plugin. -->","yoast_head_json":{"title":"Hose aus nat\u00fcrlichem Wolltwill - Rabaini","robots":{"index":"index","follow":"follow","max-snippet":"max-snippet:-1","max-image-preview":"max-image-preview:large","max-video-preview":"max-video-preview:-1"},"canonical":"https:\/\/www.rabaini.it\/de\/hose-aus-natuerlichem-wolltwill\/","og_locale":"de_DE","og_type":"article","og_title":"Hose aus nat\u00fcrlichem Wolltwill - Rabaini","og_description":"Artikelnummer: ENTRATA &#8211; 6136085206018 Artikelfarbe: Natur Herrenhose aus feinem Wolltwill mit doppelten Bundfalten Taillierte Silhouette mit etwas schmalerem Bein f\u00fcr einen vielseitigen Look Hose aus elastischem Wolltwill Flie\u00dfende Passform mit weitem Bein, unten leicht schmal zulaufend Hoher Bund mit Rei\u00dfverschluss und Haken Seitentaschen Passender G\u00fcrtel aus beschichtetem Stoff Zusammensetzung: 97 % Wolle, 3 % Elastan","og_url":"https:\/\/www.rabaini.it\/de\/hose-aus-natuerlichem-wolltwill\/","og_site_name":"Rabaini","article_modified_time":"2025-08-06T08:44:40+00:00","og_image":[{"width":1500,"height":1500,"url":"https:\/\/www.rabaini.it\/wp-content\/uploads\/2025\/07\/6.1-2.jpg","type":"image\/jpeg"}],"twitter_card":"summary_large_image","schema":{"@context":"https:\/\/schema.org","@graph":[{"@type":"WebPage","@id":"https:\/\/www.rabaini.it\/de\/hose-aus-natuerlichem-wolltwill\/","url":"https:\/\/www.rabaini.it\/de\/hose-aus-natuerlichem-wolltwill\/","name":"Hose aus nat\u00fcrlichem Wolltwill - Rabaini","isPartOf":{"@id":"https:\/\/www.rabaini.it\/de\/#website"},"primaryImageOfPage":{"@id":"https:\/\/www.rabaini.it\/de\/hose-aus-natuerlichem-wolltwill\/#primaryimage"},"image":{"@id":"https:\/\/www.rabaini.it\/de\/hose-aus-natuerlichem-wolltwill\/#primaryimage"},"thumbnailUrl":"https:\/\/www.rabaini.it\/wp-content\/uploads\/2025\/07\/6.1-2.jpg","datePublished":"2025-08-06T08:36:48+00:00","dateModified":"2025-08-06T08:44:40+00:00","breadcrumb":{"@id":"https:\/\/www.rabaini.it\/de\/hose-aus-natuerlichem-wolltwill\/#breadcrumb"},"inLanguage":"de","potentialAction":[{"@type":"ReadAction","target":["https:\/\/www.rabaini.it\/de\/hose-aus-natuerlichem-wolltwill\/"]}]},{"@type":"ImageObject","inLanguage":"de","@id":"https:\/\/www.rabaini.it\/de\/hose-aus-natuerlichem-wolltwill\/#primaryimage","url":"https:\/\/www.rabaini.it\/wp-content\/uploads\/2025\/07\/6.1-2.jpg","contentUrl":"https:\/\/www.rabaini.it\/wp-content\/uploads\/2025\/07\/6.1-2.jpg","width":1500,"height":1500},{"@type":"BreadcrumbList","@id":"https:\/\/www.rabaini.it\/de\/hose-aus-natuerlichem-wolltwill\/#breadcrumb","itemListElement":[{"@type":"ListItem","position":1,"name":"Home","item":"https:\/\/www.rabaini.it\/de\/homepage\/"},{"@type":"ListItem","position":2,"name":"Gesch\u00e4ft","item":"https:\/\/www.rabaini.it\/geschaeft\/"},{"@type":"ListItem","position":3,"name":"Damen","item":"https:\/\/www.rabaini.it\/de\/damen\/"},{"@type":"ListItem","position":4,"name":"Hose aus nat\u00fcrlichem Wolltwill"}]},{"@type":"WebSite","@id":"https:\/\/www.rabaini.it\/de\/#website","url":"https:\/\/www.rabaini.it\/de\/","name":"Rabaini","description":"","potentialAction":[{"@type":"SearchAction","target":{"@type":"EntryPoint","urlTemplate":"https:\/\/www.rabaini.it\/de\/?s={search_term_string}"},"query-input":{"@type":"PropertyValueSpecification","valueRequired":true,"valueName":"search_term_string"}}],"inLanguage":"de"}]}},"_links":{"self":[{"href":"https:\/\/www.rabaini.it\/de\/wp-json\/wp\/v2\/product\/125187","targetHints":{"allow":["GET"]}}],"collection":[{"href":"https:\/\/www.rabaini.it\/de\/wp-json\/wp\/v2\/product"}],"about":[{"href":"https:\/\/www.rabaini.it\/de\/wp-json\/wp\/v2\/types\/product"}],"wp:featuredmedia":[{"embeddable":true,"href":"https:\/\/www.rabaini.it\/de\/wp-json\/wp\/v2\/media\/124796"}],"wp:attachment":[{"href":"https:\/\/www.rabaini.it\/de\/wp-json\/wp\/v2\/media?parent=125187"}],"wp:term":[{"taxonomy":"product_brand","embeddable":true,"href":"https:\/\/www.rabaini.it\/de\/wp-json\/wp\/v2\/product_brand?post=125187"},{"taxonomy":"product_cat","embeddable":true,"href":"https:\/\/www.rabaini.it\/de\/wp-json\/wp\/v2\/product_cat?post=125187"},{"taxonomy":"product_tag","embeddable":true,"href":"https:\/\/www.rabaini.it\/de\/wp-json\/wp\/v2\/product_tag?post=125187"}],"curies":[{"name":"wp","href":"https:\/\/api.w.org\/{rel}","templated":true}]}}