{"id":123872,"date":"2025-07-17T11:32:01","date_gmt":"2025-07-17T09:32:01","guid":{"rendered":"https:\/\/www.rabaini.it\/?post_type=product&#038;p=123872"},"modified":"2025-07-17T19:24:49","modified_gmt":"2025-07-17T17:24:49","slug":"hairy-leather-gazelle","status":"publish","type":"product","link":"https:\/\/www.rabaini.it\/de\/hairy-leather-gazelle\/","title":{"rendered":"hairy leather gazelle"},"content":{"rendered":"<ul>\n<li>Artikelnummer: CPH433<\/li>\n<li>Artikelfarbe: Gazelle<\/li>\n<li>Ein schlichter Retro-Sneaker mit einem Hauch Originalit\u00e4t<\/li>\n<li>Das feinhaarige Leder sorgt f\u00fcr einen dezenten Pony-Effekt, w\u00e4hrend der gepunktete Animalprint dem Schuh besondere Tiefe und Struktur verleiht<\/li>\n<li>Die flexible Sohle sorgt f\u00fcr Komfort und Alltagstauglichkeit<\/li>\n<li>Rundes Logo auf der Zunge<\/li>\n<li>Unsere Schuhe werden in Kopenhagen entworfen und in Europa hergestellt<\/li>\n<li>Das Leder stammt aus ausgew\u00e4hlten familiengef\u00fchrten Manufakturen in Italien<\/li>\n<li>Obermaterial: weiches, feinhaariges Leder aus Italien<\/li>\n<li>Herausnehmbare, gepolsterte Lederinnensohle<\/li>\n<li>Flexible, rutschfeste und strapazierf\u00e4hige Sohle<\/li>\n<li>Weiche Schn\u00fcrsenkel aus 100 % Bio-Baumwolle<\/li>\n<li>Handgefertigt in Portugal<\/li>\n<\/ul>\n","protected":false},"excerpt":{"rendered":"<p>Artikelnummer: CPH433 Artikelfarbe: Gazelle Ein schlichter Retro-Sneaker mit einem Hauch Originalit\u00e4t Das feinhaarige Leder sorgt f\u00fcr einen dezenten Pony-Effekt, w\u00e4hrend der gepunktete Animalprint dem Schuh besondere Tiefe und Struktur verleiht Die flexible Sohle sorgt f\u00fcr Komfort und Alltagstauglichkeit Rundes Logo auf der Zunge Unsere Schuhe werden in Kopenhagen entworfen und in Europa hergestellt Das Leder&hellip;<\/p>\n","protected":false},"featured_media":123767,"template":"","meta":{"_acf_changed":false},"product_brand":[],"product_cat":[1273,1309,1310,1316,1318],"product_tag":[1664],"class_list":{"0":"post-123872","1":"product","2":"type-product","3":"status-publish","4":"has-post-thumbnail","6":"product_cat-damen","7":"product_cat-damen-sale","8":"product_cat-damenschuhe","9":"product_cat-flache-schuhe-damen","10":"product_cat-turnschuhe-damen","11":"product_tag-fw25-de","12":"marca-copenhagen-de","14":"first","15":"instock","16":"sale","17":"shipping-taxable","18":"purchasable","19":"product-type-variable"},"acf":[],"yoast_head":"<!-- This site is optimized with the Yoast SEO plugin v27.2 - https:\/\/yoast.com\/product\/yoast-seo-wordpress\/ -->\n<title>hairy leather gazelle - Rabaini<\/title>\n<meta name=\"robots\" content=\"index, follow, max-snippet:-1, max-image-preview:large, max-video-preview:-1\" \/>\n<link rel=\"canonical\" href=\"https:\/\/www.rabaini.it\/de\/hairy-leather-gazelle\/\" \/>\n<meta property=\"og:locale\" content=\"de_DE\" \/>\n<meta property=\"og:type\" content=\"article\" \/>\n<meta property=\"og:title\" content=\"hairy leather gazelle - Rabaini\" \/>\n<meta property=\"og:description\" content=\"Artikelnummer: CPH433 Artikelfarbe: Gazelle Ein schlichter Retro-Sneaker mit einem Hauch Originalit\u00e4t Das feinhaarige Leder sorgt f\u00fcr einen dezenten Pony-Effekt, w\u00e4hrend der gepunktete Animalprint dem Schuh besondere Tiefe und Struktur verleiht Die flexible Sohle sorgt f\u00fcr Komfort und Alltagstauglichkeit Rundes Logo auf der Zunge Unsere Schuhe werden in Kopenhagen entworfen und in Europa hergestellt Das Leder&hellip;\" \/>\n<meta property=\"og:url\" content=\"https:\/\/www.rabaini.it\/de\/hairy-leather-gazelle\/\" \/>\n<meta property=\"og:site_name\" content=\"Rabaini\" \/>\n<meta property=\"article:modified_time\" content=\"2025-07-17T17:24:49+00:00\" \/>\n<meta property=\"og:image\" content=\"https:\/\/www.rabaini.it\/wp-content\/uploads\/2025\/07\/DSC_9085.jpg\" \/>\n\t<meta property=\"og:image:width\" content=\"1500\" \/>\n\t<meta property=\"og:image:height\" content=\"1500\" \/>\n\t<meta property=\"og:image:type\" content=\"image\/jpeg\" \/>\n<meta name=\"twitter:card\" content=\"summary_large_image\" \/>\n<script type=\"application\/ld+json\" class=\"yoast-schema-graph\">{\"@context\":\"https:\/\/schema.org\",\"@graph\":[{\"@type\":\"WebPage\",\"@id\":\"https:\/\/www.rabaini.it\/de\/hairy-leather-gazelle\/\",\"url\":\"https:\/\/www.rabaini.it\/de\/hairy-leather-gazelle\/\",\"name\":\"hairy leather gazelle - Rabaini\",\"isPartOf\":{\"@id\":\"https:\/\/www.rabaini.it\/de\/#website\"},\"primaryImageOfPage\":{\"@id\":\"https:\/\/www.rabaini.it\/de\/hairy-leather-gazelle\/#primaryimage\"},\"image\":{\"@id\":\"https:\/\/www.rabaini.it\/de\/hairy-leather-gazelle\/#primaryimage\"},\"thumbnailUrl\":\"https:\/\/www.rabaini.it\/wp-content\/uploads\/2025\/07\/DSC_9085.jpg\",\"datePublished\":\"2025-07-17T09:32:01+00:00\",\"dateModified\":\"2025-07-17T17:24:49+00:00\",\"breadcrumb\":{\"@id\":\"https:\/\/www.rabaini.it\/de\/hairy-leather-gazelle\/#breadcrumb\"},\"inLanguage\":\"de\",\"potentialAction\":[{\"@type\":\"ReadAction\",\"target\":[\"https:\/\/www.rabaini.it\/de\/hairy-leather-gazelle\/\"]}]},{\"@type\":\"ImageObject\",\"inLanguage\":\"de\",\"@id\":\"https:\/\/www.rabaini.it\/de\/hairy-leather-gazelle\/#primaryimage\",\"url\":\"https:\/\/www.rabaini.it\/wp-content\/uploads\/2025\/07\/DSC_9085.jpg\",\"contentUrl\":\"https:\/\/www.rabaini.it\/wp-content\/uploads\/2025\/07\/DSC_9085.jpg\",\"width\":1500,\"height\":1500},{\"@type\":\"BreadcrumbList\",\"@id\":\"https:\/\/www.rabaini.it\/de\/hairy-leather-gazelle\/#breadcrumb\",\"itemListElement\":[{\"@type\":\"ListItem\",\"position\":1,\"name\":\"Home\",\"item\":\"https:\/\/www.rabaini.it\/de\/homepage\/\"},{\"@type\":\"ListItem\",\"position\":2,\"name\":\"Gesch\u00e4ft\",\"item\":\"https:\/\/www.rabaini.it\/geschaeft\/\"},{\"@type\":\"ListItem\",\"position\":3,\"name\":\"Damen\",\"item\":\"https:\/\/www.rabaini.it\/de\/damen\/\"},{\"@type\":\"ListItem\",\"position\":4,\"name\":\"hairy leather gazelle\"}]},{\"@type\":\"WebSite\",\"@id\":\"https:\/\/www.rabaini.it\/de\/#website\",\"url\":\"https:\/\/www.rabaini.it\/de\/\",\"name\":\"Rabaini\",\"description\":\"\",\"potentialAction\":[{\"@type\":\"SearchAction\",\"target\":{\"@type\":\"EntryPoint\",\"urlTemplate\":\"https:\/\/www.rabaini.it\/de\/?s={search_term_string}\"},\"query-input\":{\"@type\":\"PropertyValueSpecification\",\"valueRequired\":true,\"valueName\":\"search_term_string\"}}],\"inLanguage\":\"de\"}]}<\/script>\n<!-- \/ Yoast SEO plugin. -->","yoast_head_json":{"title":"hairy leather gazelle - Rabaini","robots":{"index":"index","follow":"follow","max-snippet":"max-snippet:-1","max-image-preview":"max-image-preview:large","max-video-preview":"max-video-preview:-1"},"canonical":"https:\/\/www.rabaini.it\/de\/hairy-leather-gazelle\/","og_locale":"de_DE","og_type":"article","og_title":"hairy leather gazelle - Rabaini","og_description":"Artikelnummer: CPH433 Artikelfarbe: Gazelle Ein schlichter Retro-Sneaker mit einem Hauch Originalit\u00e4t Das feinhaarige Leder sorgt f\u00fcr einen dezenten Pony-Effekt, w\u00e4hrend der gepunktete Animalprint dem Schuh besondere Tiefe und Struktur verleiht Die flexible Sohle sorgt f\u00fcr Komfort und Alltagstauglichkeit Rundes Logo auf der Zunge Unsere Schuhe werden in Kopenhagen entworfen und in Europa hergestellt Das Leder&hellip;","og_url":"https:\/\/www.rabaini.it\/de\/hairy-leather-gazelle\/","og_site_name":"Rabaini","article_modified_time":"2025-07-17T17:24:49+00:00","og_image":[{"width":1500,"height":1500,"url":"https:\/\/www.rabaini.it\/wp-content\/uploads\/2025\/07\/DSC_9085.jpg","type":"image\/jpeg"}],"twitter_card":"summary_large_image","schema":{"@context":"https:\/\/schema.org","@graph":[{"@type":"WebPage","@id":"https:\/\/www.rabaini.it\/de\/hairy-leather-gazelle\/","url":"https:\/\/www.rabaini.it\/de\/hairy-leather-gazelle\/","name":"hairy leather gazelle - Rabaini","isPartOf":{"@id":"https:\/\/www.rabaini.it\/de\/#website"},"primaryImageOfPage":{"@id":"https:\/\/www.rabaini.it\/de\/hairy-leather-gazelle\/#primaryimage"},"image":{"@id":"https:\/\/www.rabaini.it\/de\/hairy-leather-gazelle\/#primaryimage"},"thumbnailUrl":"https:\/\/www.rabaini.it\/wp-content\/uploads\/2025\/07\/DSC_9085.jpg","datePublished":"2025-07-17T09:32:01+00:00","dateModified":"2025-07-17T17:24:49+00:00","breadcrumb":{"@id":"https:\/\/www.rabaini.it\/de\/hairy-leather-gazelle\/#breadcrumb"},"inLanguage":"de","potentialAction":[{"@type":"ReadAction","target":["https:\/\/www.rabaini.it\/de\/hairy-leather-gazelle\/"]}]},{"@type":"ImageObject","inLanguage":"de","@id":"https:\/\/www.rabaini.it\/de\/hairy-leather-gazelle\/#primaryimage","url":"https:\/\/www.rabaini.it\/wp-content\/uploads\/2025\/07\/DSC_9085.jpg","contentUrl":"https:\/\/www.rabaini.it\/wp-content\/uploads\/2025\/07\/DSC_9085.jpg","width":1500,"height":1500},{"@type":"BreadcrumbList","@id":"https:\/\/www.rabaini.it\/de\/hairy-leather-gazelle\/#breadcrumb","itemListElement":[{"@type":"ListItem","position":1,"name":"Home","item":"https:\/\/www.rabaini.it\/de\/homepage\/"},{"@type":"ListItem","position":2,"name":"Gesch\u00e4ft","item":"https:\/\/www.rabaini.it\/geschaeft\/"},{"@type":"ListItem","position":3,"name":"Damen","item":"https:\/\/www.rabaini.it\/de\/damen\/"},{"@type":"ListItem","position":4,"name":"hairy leather gazelle"}]},{"@type":"WebSite","@id":"https:\/\/www.rabaini.it\/de\/#website","url":"https:\/\/www.rabaini.it\/de\/","name":"Rabaini","description":"","potentialAction":[{"@type":"SearchAction","target":{"@type":"EntryPoint","urlTemplate":"https:\/\/www.rabaini.it\/de\/?s={search_term_string}"},"query-input":{"@type":"PropertyValueSpecification","valueRequired":true,"valueName":"search_term_string"}}],"inLanguage":"de"}]}},"_links":{"self":[{"href":"https:\/\/www.rabaini.it\/de\/wp-json\/wp\/v2\/product\/123872","targetHints":{"allow":["GET"]}}],"collection":[{"href":"https:\/\/www.rabaini.it\/de\/wp-json\/wp\/v2\/product"}],"about":[{"href":"https:\/\/www.rabaini.it\/de\/wp-json\/wp\/v2\/types\/product"}],"wp:featuredmedia":[{"embeddable":true,"href":"https:\/\/www.rabaini.it\/de\/wp-json\/wp\/v2\/media\/123767"}],"wp:attachment":[{"href":"https:\/\/www.rabaini.it\/de\/wp-json\/wp\/v2\/media?parent=123872"}],"wp:term":[{"taxonomy":"product_brand","embeddable":true,"href":"https:\/\/www.rabaini.it\/de\/wp-json\/wp\/v2\/product_brand?post=123872"},{"taxonomy":"product_cat","embeddable":true,"href":"https:\/\/www.rabaini.it\/de\/wp-json\/wp\/v2\/product_cat?post=123872"},{"taxonomy":"product_tag","embeddable":true,"href":"https:\/\/www.rabaini.it\/de\/wp-json\/wp\/v2\/product_tag?post=123872"}],"curies":[{"name":"wp","href":"https:\/\/api.w.org\/{rel}","templated":true}]}}