{"id":123578,"date":"2025-07-02T17:28:08","date_gmt":"2025-07-02T15:28:08","guid":{"rendered":"https:\/\/www.rabaini.it\/?post_type=product&#038;p=123578"},"modified":"2025-07-11T19:03:20","modified_gmt":"2025-07-11T17:03:20","slug":"hyperway-sneaker-aus-sand-und-silbernem-mesh-und-wildleder","status":"publish","type":"product","link":"https:\/\/www.rabaini.it\/de\/hyperway-sneaker-aus-sand-und-silbernem-mesh-und-wildleder\/","title":{"rendered":"HYPERWAY-SNEAKER AUS SAND- UND SILBERNEM MESH UND WILDLEDER"},"content":{"rendered":"<ul>\n<li>Artikelnummer: HYLM UM03<\/li>\n<li>Artikelfarbe: Beige<\/li>\n<li>Hyperway: Der Autry Sneaker \u2013 inspiriert von der Zukunft<\/li>\n<li>Running-Style und urbane Inspiration treffen auf die neue Action Cush-Technologie f\u00fcr maximalen Komfort<\/li>\n<li>Das Obermaterial besticht durch die Kombination zweier Materialien<\/li>\n<li>Das leichte und atmungsaktive Mesh sorgt f\u00fcr Komfort, w\u00e4hrend das Wildleder das Design mit einem edlen Finish im Vintage-Look abrundet<\/li>\n<li>Die Sohle ist mit der \u201eAction Cush\u201c-Technologie ausgestattet, die f\u00fcr bessere D\u00e4mpfung und optimalen Komfort sorgt und ein einzigartiges und \u00e4u\u00dferst angenehmes Bewegungserlebnis bietet<\/li>\n<li>Der strategisch platzierte TPR-Stabilisator bietet Halt und Stabilit\u00e4t<\/li>\n<li>Die Nylonzunge f\u00fcr ein funktionales und raffiniertes Design, die gepr\u00e4gte Lederkappe an der Ferse, das Etikett auf der Zunge und das seitliche Logo, beide aus Jacquard-Stoff, verleihen dem Schuh einen zus\u00e4tzlichen Hauch von Authentizit\u00e4t<\/li>\n<li>Obermaterial aus Wildleder und Mesh<\/li>\n<li>Mesh-Spitze<\/li>\n<li>Flache Baumwollschn\u00fcrsenkel<\/li>\n<li>Jacquard-Label mit Logo<\/li>\n<li>Gepolsterter Mesh-Schuhkragen<\/li>\n<li>Baumwollfrottee-Futter<\/li>\n<li>1,5 mm erh\u00f6hte Mesh-Innensohle<\/li>\n<li>PI-Sohle<\/li>\n<li>Sohlenh\u00f6he: 3,5 cm<\/li>\n<li>Personalisierter Nylon-Staubbeutel<\/li>\n<li>Obermaterial: 75 % Wildleder, 20 % Mesh, 5 % Leder<\/li>\n<li>Futter: 70 % Baumwollfrottee, 10 % Nylon, 5 % Leder, 15 % Mesh<\/li>\n<li>Sohle: 75 % Phylon, 15 % Gummi, 10 % TPR<\/li>\n<\/ul>\n","protected":false},"excerpt":{"rendered":"<p>Artikelnummer: HYLM UM03 Artikelfarbe: Beige Hyperway: Der Autry Sneaker \u2013 inspiriert von der Zukunft Running-Style und urbane Inspiration treffen auf die neue Action Cush-Technologie f\u00fcr maximalen Komfort Das Obermaterial besticht durch die Kombination zweier Materialien Das leichte und atmungsaktive Mesh sorgt f\u00fcr Komfort, w\u00e4hrend das Wildleder das Design mit einem edlen Finish im Vintage-Look abrundet&hellip;<\/p>\n","protected":false},"featured_media":123266,"template":"","meta":{"_acf_changed":false},"product_brand":[],"product_cat":[1324,1358,1361],"product_tag":[1664],"class_list":{"0":"post-123578","1":"product","2":"type-product","3":"status-publish","4":"has-post-thumbnail","6":"product_cat-herren","7":"product_cat-herrenschuhe","8":"product_cat-turnschuhe-herren","9":"product_tag-fw25-de","10":"marca-autry-de","12":"first","13":"instock","14":"shipping-taxable","15":"purchasable","16":"product-type-variable"},"acf":[],"yoast_head":"<!-- This site is optimized with the Yoast SEO plugin v27.2 - https:\/\/yoast.com\/product\/yoast-seo-wordpress\/ -->\n<title>HYPERWAY-SNEAKER AUS SAND- UND SILBERNEM MESH UND WILDLEDER - Rabaini<\/title>\n<meta name=\"robots\" content=\"index, follow, max-snippet:-1, max-image-preview:large, max-video-preview:-1\" \/>\n<link rel=\"canonical\" href=\"https:\/\/www.rabaini.it\/de\/hyperway-sneaker-aus-sand-und-silbernem-mesh-und-wildleder\/\" \/>\n<meta property=\"og:locale\" content=\"de_DE\" \/>\n<meta property=\"og:type\" content=\"article\" \/>\n<meta property=\"og:title\" content=\"HYPERWAY-SNEAKER AUS SAND- UND SILBERNEM MESH UND WILDLEDER - Rabaini\" \/>\n<meta property=\"og:description\" content=\"Artikelnummer: HYLM UM03 Artikelfarbe: Beige Hyperway: Der Autry Sneaker \u2013 inspiriert von der Zukunft Running-Style und urbane Inspiration treffen auf die neue Action Cush-Technologie f\u00fcr maximalen Komfort Das Obermaterial besticht durch die Kombination zweier Materialien Das leichte und atmungsaktive Mesh sorgt f\u00fcr Komfort, w\u00e4hrend das Wildleder das Design mit einem edlen Finish im Vintage-Look abrundet&hellip;\" \/>\n<meta property=\"og:url\" content=\"https:\/\/www.rabaini.it\/de\/hyperway-sneaker-aus-sand-und-silbernem-mesh-und-wildleder\/\" \/>\n<meta property=\"og:site_name\" content=\"Rabaini\" \/>\n<meta property=\"article:modified_time\" content=\"2025-07-11T17:03:20+00:00\" \/>\n<meta property=\"og:image\" content=\"https:\/\/www.rabaini.it\/wp-content\/uploads\/2025\/07\/DSC_9024.jpg\" \/>\n\t<meta property=\"og:image:width\" content=\"1500\" \/>\n\t<meta property=\"og:image:height\" content=\"1500\" \/>\n\t<meta property=\"og:image:type\" content=\"image\/jpeg\" \/>\n<meta name=\"twitter:card\" content=\"summary_large_image\" \/>\n<meta name=\"twitter:label1\" content=\"Gesch\u00e4tzte Lesezeit\" \/>\n\t<meta name=\"twitter:data1\" content=\"1\u00a0Minute\" \/>\n<script type=\"application\/ld+json\" class=\"yoast-schema-graph\">{\"@context\":\"https:\/\/schema.org\",\"@graph\":[{\"@type\":\"WebPage\",\"@id\":\"https:\/\/www.rabaini.it\/de\/hyperway-sneaker-aus-sand-und-silbernem-mesh-und-wildleder\/\",\"url\":\"https:\/\/www.rabaini.it\/de\/hyperway-sneaker-aus-sand-und-silbernem-mesh-und-wildleder\/\",\"name\":\"HYPERWAY-SNEAKER AUS SAND- UND SILBERNEM MESH UND WILDLEDER - Rabaini\",\"isPartOf\":{\"@id\":\"https:\/\/www.rabaini.it\/de\/#website\"},\"primaryImageOfPage\":{\"@id\":\"https:\/\/www.rabaini.it\/de\/hyperway-sneaker-aus-sand-und-silbernem-mesh-und-wildleder\/#primaryimage\"},\"image\":{\"@id\":\"https:\/\/www.rabaini.it\/de\/hyperway-sneaker-aus-sand-und-silbernem-mesh-und-wildleder\/#primaryimage\"},\"thumbnailUrl\":\"https:\/\/www.rabaini.it\/wp-content\/uploads\/2025\/07\/DSC_9024.jpg\",\"datePublished\":\"2025-07-02T15:28:08+00:00\",\"dateModified\":\"2025-07-11T17:03:20+00:00\",\"breadcrumb\":{\"@id\":\"https:\/\/www.rabaini.it\/de\/hyperway-sneaker-aus-sand-und-silbernem-mesh-und-wildleder\/#breadcrumb\"},\"inLanguage\":\"de\",\"potentialAction\":[{\"@type\":\"ReadAction\",\"target\":[\"https:\/\/www.rabaini.it\/de\/hyperway-sneaker-aus-sand-und-silbernem-mesh-und-wildleder\/\"]}]},{\"@type\":\"ImageObject\",\"inLanguage\":\"de\",\"@id\":\"https:\/\/www.rabaini.it\/de\/hyperway-sneaker-aus-sand-und-silbernem-mesh-und-wildleder\/#primaryimage\",\"url\":\"https:\/\/www.rabaini.it\/wp-content\/uploads\/2025\/07\/DSC_9024.jpg\",\"contentUrl\":\"https:\/\/www.rabaini.it\/wp-content\/uploads\/2025\/07\/DSC_9024.jpg\",\"width\":1500,\"height\":1500},{\"@type\":\"BreadcrumbList\",\"@id\":\"https:\/\/www.rabaini.it\/de\/hyperway-sneaker-aus-sand-und-silbernem-mesh-und-wildleder\/#breadcrumb\",\"itemListElement\":[{\"@type\":\"ListItem\",\"position\":1,\"name\":\"Home\",\"item\":\"https:\/\/www.rabaini.it\/de\/homepage\/\"},{\"@type\":\"ListItem\",\"position\":2,\"name\":\"Gesch\u00e4ft\",\"item\":\"https:\/\/www.rabaini.it\/geschaeft\/\"},{\"@type\":\"ListItem\",\"position\":3,\"name\":\"Herren\",\"item\":\"https:\/\/www.rabaini.it\/de\/herren\/\"},{\"@type\":\"ListItem\",\"position\":4,\"name\":\"HYPERWAY-SNEAKER AUS SAND- UND SILBERNEM MESH UND WILDLEDER\"}]},{\"@type\":\"WebSite\",\"@id\":\"https:\/\/www.rabaini.it\/de\/#website\",\"url\":\"https:\/\/www.rabaini.it\/de\/\",\"name\":\"Rabaini\",\"description\":\"\",\"potentialAction\":[{\"@type\":\"SearchAction\",\"target\":{\"@type\":\"EntryPoint\",\"urlTemplate\":\"https:\/\/www.rabaini.it\/de\/?s={search_term_string}\"},\"query-input\":{\"@type\":\"PropertyValueSpecification\",\"valueRequired\":true,\"valueName\":\"search_term_string\"}}],\"inLanguage\":\"de\"}]}<\/script>\n<!-- \/ Yoast SEO plugin. -->","yoast_head_json":{"title":"HYPERWAY-SNEAKER AUS SAND- UND SILBERNEM MESH UND WILDLEDER - Rabaini","robots":{"index":"index","follow":"follow","max-snippet":"max-snippet:-1","max-image-preview":"max-image-preview:large","max-video-preview":"max-video-preview:-1"},"canonical":"https:\/\/www.rabaini.it\/de\/hyperway-sneaker-aus-sand-und-silbernem-mesh-und-wildleder\/","og_locale":"de_DE","og_type":"article","og_title":"HYPERWAY-SNEAKER AUS SAND- UND SILBERNEM MESH UND WILDLEDER - Rabaini","og_description":"Artikelnummer: HYLM UM03 Artikelfarbe: Beige Hyperway: Der Autry Sneaker \u2013 inspiriert von der Zukunft Running-Style und urbane Inspiration treffen auf die neue Action Cush-Technologie f\u00fcr maximalen Komfort Das Obermaterial besticht durch die Kombination zweier Materialien Das leichte und atmungsaktive Mesh sorgt f\u00fcr Komfort, w\u00e4hrend das Wildleder das Design mit einem edlen Finish im Vintage-Look abrundet&hellip;","og_url":"https:\/\/www.rabaini.it\/de\/hyperway-sneaker-aus-sand-und-silbernem-mesh-und-wildleder\/","og_site_name":"Rabaini","article_modified_time":"2025-07-11T17:03:20+00:00","og_image":[{"width":1500,"height":1500,"url":"https:\/\/www.rabaini.it\/wp-content\/uploads\/2025\/07\/DSC_9024.jpg","type":"image\/jpeg"}],"twitter_card":"summary_large_image","twitter_misc":{"Gesch\u00e4tzte Lesezeit":"1\u00a0Minute"},"schema":{"@context":"https:\/\/schema.org","@graph":[{"@type":"WebPage","@id":"https:\/\/www.rabaini.it\/de\/hyperway-sneaker-aus-sand-und-silbernem-mesh-und-wildleder\/","url":"https:\/\/www.rabaini.it\/de\/hyperway-sneaker-aus-sand-und-silbernem-mesh-und-wildleder\/","name":"HYPERWAY-SNEAKER AUS SAND- UND SILBERNEM MESH UND WILDLEDER - Rabaini","isPartOf":{"@id":"https:\/\/www.rabaini.it\/de\/#website"},"primaryImageOfPage":{"@id":"https:\/\/www.rabaini.it\/de\/hyperway-sneaker-aus-sand-und-silbernem-mesh-und-wildleder\/#primaryimage"},"image":{"@id":"https:\/\/www.rabaini.it\/de\/hyperway-sneaker-aus-sand-und-silbernem-mesh-und-wildleder\/#primaryimage"},"thumbnailUrl":"https:\/\/www.rabaini.it\/wp-content\/uploads\/2025\/07\/DSC_9024.jpg","datePublished":"2025-07-02T15:28:08+00:00","dateModified":"2025-07-11T17:03:20+00:00","breadcrumb":{"@id":"https:\/\/www.rabaini.it\/de\/hyperway-sneaker-aus-sand-und-silbernem-mesh-und-wildleder\/#breadcrumb"},"inLanguage":"de","potentialAction":[{"@type":"ReadAction","target":["https:\/\/www.rabaini.it\/de\/hyperway-sneaker-aus-sand-und-silbernem-mesh-und-wildleder\/"]}]},{"@type":"ImageObject","inLanguage":"de","@id":"https:\/\/www.rabaini.it\/de\/hyperway-sneaker-aus-sand-und-silbernem-mesh-und-wildleder\/#primaryimage","url":"https:\/\/www.rabaini.it\/wp-content\/uploads\/2025\/07\/DSC_9024.jpg","contentUrl":"https:\/\/www.rabaini.it\/wp-content\/uploads\/2025\/07\/DSC_9024.jpg","width":1500,"height":1500},{"@type":"BreadcrumbList","@id":"https:\/\/www.rabaini.it\/de\/hyperway-sneaker-aus-sand-und-silbernem-mesh-und-wildleder\/#breadcrumb","itemListElement":[{"@type":"ListItem","position":1,"name":"Home","item":"https:\/\/www.rabaini.it\/de\/homepage\/"},{"@type":"ListItem","position":2,"name":"Gesch\u00e4ft","item":"https:\/\/www.rabaini.it\/geschaeft\/"},{"@type":"ListItem","position":3,"name":"Herren","item":"https:\/\/www.rabaini.it\/de\/herren\/"},{"@type":"ListItem","position":4,"name":"HYPERWAY-SNEAKER AUS SAND- UND SILBERNEM MESH UND WILDLEDER"}]},{"@type":"WebSite","@id":"https:\/\/www.rabaini.it\/de\/#website","url":"https:\/\/www.rabaini.it\/de\/","name":"Rabaini","description":"","potentialAction":[{"@type":"SearchAction","target":{"@type":"EntryPoint","urlTemplate":"https:\/\/www.rabaini.it\/de\/?s={search_term_string}"},"query-input":{"@type":"PropertyValueSpecification","valueRequired":true,"valueName":"search_term_string"}}],"inLanguage":"de"}]}},"_links":{"self":[{"href":"https:\/\/www.rabaini.it\/de\/wp-json\/wp\/v2\/product\/123578","targetHints":{"allow":["GET"]}}],"collection":[{"href":"https:\/\/www.rabaini.it\/de\/wp-json\/wp\/v2\/product"}],"about":[{"href":"https:\/\/www.rabaini.it\/de\/wp-json\/wp\/v2\/types\/product"}],"wp:featuredmedia":[{"embeddable":true,"href":"https:\/\/www.rabaini.it\/de\/wp-json\/wp\/v2\/media\/123266"}],"wp:attachment":[{"href":"https:\/\/www.rabaini.it\/de\/wp-json\/wp\/v2\/media?parent=123578"}],"wp:term":[{"taxonomy":"product_brand","embeddable":true,"href":"https:\/\/www.rabaini.it\/de\/wp-json\/wp\/v2\/product_brand?post=123578"},{"taxonomy":"product_cat","embeddable":true,"href":"https:\/\/www.rabaini.it\/de\/wp-json\/wp\/v2\/product_cat?post=123578"},{"taxonomy":"product_tag","embeddable":true,"href":"https:\/\/www.rabaini.it\/de\/wp-json\/wp\/v2\/product_tag?post=123578"}],"curies":[{"name":"wp","href":"https:\/\/api.w.org\/{rel}","templated":true}]}}