{"id":123530,"date":"2025-07-02T17:15:36","date_gmt":"2025-07-02T15:15:36","guid":{"rendered":"https:\/\/www.rabaini.it\/?post_type=product&#038;p=123530"},"modified":"2025-07-11T19:03:24","modified_gmt":"2025-07-11T17:03:24","slug":"reelwind-low-sneakers-aus-nylon-und-wildleder-blau-und-weiss","status":"publish","type":"product","link":"https:\/\/www.rabaini.it\/de\/reelwind-low-sneakers-aus-nylon-und-wildleder-blau-und-weiss\/","title":{"rendered":"REELWIND LOW SNEAKERS AUS NYLON UND WILDLEDER BLAU UND WEISS"},"content":{"rendered":"<ul>\n<li>Artikelnummer: WWLM NC30<\/li>\n<li>Artikelfarbe: Blau<\/li>\n<li>Sportliche Performance und urbaner Lifestyle<\/li>\n<li>Der Herren-Sneaker Reelwind verk\u00f6rpert Street-Dynamik mit einer Paneelkonstruktion aus Nylon und Wildleder in Ton-in-Ton-Blaut\u00f6nen mit wei\u00dfen Eins\u00e4tzen aus rissigem Leder<\/li>\n<li>Der Mix aus Farben und Texturen bildet einen Kontrast zum klaren, leichten Profil. Die wei\u00dfe Phylon-Laufsohle sorgt f\u00fcr Flexibilit\u00e4t und Halt bei jedem Schritt<\/li>\n<li>Beachten Sie die Details wie das 3D-Sternmotiv und den markanten A-Pfeil, die den Geist der Marke widerspiegeln<\/li>\n<li>Obermaterial aus Nylon, Wildleder und rissigem Leder<\/li>\n<li>Flache Baumwollschn\u00fcrsenkel<\/li>\n<li>Auf die Zunge gen\u00e4htes, gesticktes Label<\/li>\n<li>Gepolsterter Schaft<\/li>\n<li>Lederfutter und Baumwollfrottee Stoff<\/li>\n<li>2 cm erh\u00f6hte Lederinnensohle<\/li>\n<li>Gummisohle<\/li>\n<li>Sohlenh\u00f6he: 2,5\u20133,5 cm<\/li>\n<li>Personalisierter Stoffbeutel<\/li>\n<li>Obermaterial: 20 % Crackle-Leder, 35 % Wildleder, 45 % Nylon<\/li>\n<li>Futter: 40 % Leder, 50 % Baumwollfrottee, 10 % Nylon<\/li>\n<li>Sohle: 60 % Phylon, 40 % Gummi<\/li>\n<\/ul>\n","protected":false},"excerpt":{"rendered":"<p>Artikelnummer: WWLM NC30 Artikelfarbe: Blau Sportliche Performance und urbaner Lifestyle Der Herren-Sneaker Reelwind verk\u00f6rpert Street-Dynamik mit einer Paneelkonstruktion aus Nylon und Wildleder in Ton-in-Ton-Blaut\u00f6nen mit wei\u00dfen Eins\u00e4tzen aus rissigem Leder Der Mix aus Farben und Texturen bildet einen Kontrast zum klaren, leichten Profil. Die wei\u00dfe Phylon-Laufsohle sorgt f\u00fcr Flexibilit\u00e4t und Halt bei jedem Schritt Beachten&hellip;<\/p>\n","protected":false},"featured_media":123239,"template":"","meta":{"_acf_changed":false},"product_brand":[],"product_cat":[1324,1358,1361],"product_tag":[1664],"class_list":{"0":"post-123530","1":"product","2":"type-product","3":"status-publish","4":"has-post-thumbnail","6":"product_cat-herren","7":"product_cat-herrenschuhe","8":"product_cat-turnschuhe-herren","9":"product_tag-fw25-de","10":"marca-autry-de","12":"first","13":"instock","14":"shipping-taxable","15":"purchasable","16":"product-type-variable"},"acf":[],"yoast_head":"<!-- This site is optimized with the Yoast SEO plugin v27.2 - https:\/\/yoast.com\/product\/yoast-seo-wordpress\/ -->\n<title>REELWIND LOW SNEAKERS AUS NYLON UND WILDLEDER BLAU UND WEISS - Rabaini<\/title>\n<meta name=\"robots\" content=\"index, follow, max-snippet:-1, max-image-preview:large, max-video-preview:-1\" \/>\n<link rel=\"canonical\" href=\"https:\/\/www.rabaini.it\/de\/reelwind-low-sneakers-aus-nylon-und-wildleder-blau-und-weiss\/\" \/>\n<meta property=\"og:locale\" content=\"de_DE\" \/>\n<meta property=\"og:type\" content=\"article\" \/>\n<meta property=\"og:title\" content=\"REELWIND LOW SNEAKERS AUS NYLON UND WILDLEDER BLAU UND WEISS - Rabaini\" \/>\n<meta property=\"og:description\" content=\"Artikelnummer: WWLM NC30 Artikelfarbe: Blau Sportliche Performance und urbaner Lifestyle Der Herren-Sneaker Reelwind verk\u00f6rpert Street-Dynamik mit einer Paneelkonstruktion aus Nylon und Wildleder in Ton-in-Ton-Blaut\u00f6nen mit wei\u00dfen Eins\u00e4tzen aus rissigem Leder Der Mix aus Farben und Texturen bildet einen Kontrast zum klaren, leichten Profil. Die wei\u00dfe Phylon-Laufsohle sorgt f\u00fcr Flexibilit\u00e4t und Halt bei jedem Schritt Beachten&hellip;\" \/>\n<meta property=\"og:url\" content=\"https:\/\/www.rabaini.it\/de\/reelwind-low-sneakers-aus-nylon-und-wildleder-blau-und-weiss\/\" \/>\n<meta property=\"og:site_name\" content=\"Rabaini\" \/>\n<meta property=\"article:modified_time\" content=\"2025-07-11T17:03:24+00:00\" \/>\n<meta property=\"og:image\" content=\"https:\/\/www.rabaini.it\/wp-content\/uploads\/2025\/07\/DSC_9015.jpg\" \/>\n\t<meta property=\"og:image:width\" content=\"1500\" \/>\n\t<meta property=\"og:image:height\" content=\"1500\" \/>\n\t<meta property=\"og:image:type\" content=\"image\/jpeg\" \/>\n<meta name=\"twitter:card\" content=\"summary_large_image\" \/>\n<meta name=\"twitter:label1\" content=\"Gesch\u00e4tzte Lesezeit\" \/>\n\t<meta name=\"twitter:data1\" content=\"1\u00a0Minute\" \/>\n<script type=\"application\/ld+json\" class=\"yoast-schema-graph\">{\"@context\":\"https:\/\/schema.org\",\"@graph\":[{\"@type\":\"WebPage\",\"@id\":\"https:\/\/www.rabaini.it\/de\/reelwind-low-sneakers-aus-nylon-und-wildleder-blau-und-weiss\/\",\"url\":\"https:\/\/www.rabaini.it\/de\/reelwind-low-sneakers-aus-nylon-und-wildleder-blau-und-weiss\/\",\"name\":\"REELWIND LOW SNEAKERS AUS NYLON UND WILDLEDER BLAU UND WEISS - Rabaini\",\"isPartOf\":{\"@id\":\"https:\/\/www.rabaini.it\/de\/#website\"},\"primaryImageOfPage\":{\"@id\":\"https:\/\/www.rabaini.it\/de\/reelwind-low-sneakers-aus-nylon-und-wildleder-blau-und-weiss\/#primaryimage\"},\"image\":{\"@id\":\"https:\/\/www.rabaini.it\/de\/reelwind-low-sneakers-aus-nylon-und-wildleder-blau-und-weiss\/#primaryimage\"},\"thumbnailUrl\":\"https:\/\/www.rabaini.it\/wp-content\/uploads\/2025\/07\/DSC_9015.jpg\",\"datePublished\":\"2025-07-02T15:15:36+00:00\",\"dateModified\":\"2025-07-11T17:03:24+00:00\",\"breadcrumb\":{\"@id\":\"https:\/\/www.rabaini.it\/de\/reelwind-low-sneakers-aus-nylon-und-wildleder-blau-und-weiss\/#breadcrumb\"},\"inLanguage\":\"de\",\"potentialAction\":[{\"@type\":\"ReadAction\",\"target\":[\"https:\/\/www.rabaini.it\/de\/reelwind-low-sneakers-aus-nylon-und-wildleder-blau-und-weiss\/\"]}]},{\"@type\":\"ImageObject\",\"inLanguage\":\"de\",\"@id\":\"https:\/\/www.rabaini.it\/de\/reelwind-low-sneakers-aus-nylon-und-wildleder-blau-und-weiss\/#primaryimage\",\"url\":\"https:\/\/www.rabaini.it\/wp-content\/uploads\/2025\/07\/DSC_9015.jpg\",\"contentUrl\":\"https:\/\/www.rabaini.it\/wp-content\/uploads\/2025\/07\/DSC_9015.jpg\",\"width\":1500,\"height\":1500},{\"@type\":\"BreadcrumbList\",\"@id\":\"https:\/\/www.rabaini.it\/de\/reelwind-low-sneakers-aus-nylon-und-wildleder-blau-und-weiss\/#breadcrumb\",\"itemListElement\":[{\"@type\":\"ListItem\",\"position\":1,\"name\":\"Home\",\"item\":\"https:\/\/www.rabaini.it\/de\/homepage\/\"},{\"@type\":\"ListItem\",\"position\":2,\"name\":\"Gesch\u00e4ft\",\"item\":\"https:\/\/www.rabaini.it\/geschaeft\/\"},{\"@type\":\"ListItem\",\"position\":3,\"name\":\"Herren\",\"item\":\"https:\/\/www.rabaini.it\/de\/herren\/\"},{\"@type\":\"ListItem\",\"position\":4,\"name\":\"REELWIND LOW SNEAKERS AUS NYLON UND WILDLEDER BLAU UND WEISS\"}]},{\"@type\":\"WebSite\",\"@id\":\"https:\/\/www.rabaini.it\/de\/#website\",\"url\":\"https:\/\/www.rabaini.it\/de\/\",\"name\":\"Rabaini\",\"description\":\"\",\"potentialAction\":[{\"@type\":\"SearchAction\",\"target\":{\"@type\":\"EntryPoint\",\"urlTemplate\":\"https:\/\/www.rabaini.it\/de\/?s={search_term_string}\"},\"query-input\":{\"@type\":\"PropertyValueSpecification\",\"valueRequired\":true,\"valueName\":\"search_term_string\"}}],\"inLanguage\":\"de\"}]}<\/script>\n<!-- \/ Yoast SEO plugin. -->","yoast_head_json":{"title":"REELWIND LOW SNEAKERS AUS NYLON UND WILDLEDER BLAU UND WEISS - Rabaini","robots":{"index":"index","follow":"follow","max-snippet":"max-snippet:-1","max-image-preview":"max-image-preview:large","max-video-preview":"max-video-preview:-1"},"canonical":"https:\/\/www.rabaini.it\/de\/reelwind-low-sneakers-aus-nylon-und-wildleder-blau-und-weiss\/","og_locale":"de_DE","og_type":"article","og_title":"REELWIND LOW SNEAKERS AUS NYLON UND WILDLEDER BLAU UND WEISS - Rabaini","og_description":"Artikelnummer: WWLM NC30 Artikelfarbe: Blau Sportliche Performance und urbaner Lifestyle Der Herren-Sneaker Reelwind verk\u00f6rpert Street-Dynamik mit einer Paneelkonstruktion aus Nylon und Wildleder in Ton-in-Ton-Blaut\u00f6nen mit wei\u00dfen Eins\u00e4tzen aus rissigem Leder Der Mix aus Farben und Texturen bildet einen Kontrast zum klaren, leichten Profil. Die wei\u00dfe Phylon-Laufsohle sorgt f\u00fcr Flexibilit\u00e4t und Halt bei jedem Schritt Beachten&hellip;","og_url":"https:\/\/www.rabaini.it\/de\/reelwind-low-sneakers-aus-nylon-und-wildleder-blau-und-weiss\/","og_site_name":"Rabaini","article_modified_time":"2025-07-11T17:03:24+00:00","og_image":[{"width":1500,"height":1500,"url":"https:\/\/www.rabaini.it\/wp-content\/uploads\/2025\/07\/DSC_9015.jpg","type":"image\/jpeg"}],"twitter_card":"summary_large_image","twitter_misc":{"Gesch\u00e4tzte Lesezeit":"1\u00a0Minute"},"schema":{"@context":"https:\/\/schema.org","@graph":[{"@type":"WebPage","@id":"https:\/\/www.rabaini.it\/de\/reelwind-low-sneakers-aus-nylon-und-wildleder-blau-und-weiss\/","url":"https:\/\/www.rabaini.it\/de\/reelwind-low-sneakers-aus-nylon-und-wildleder-blau-und-weiss\/","name":"REELWIND LOW SNEAKERS AUS NYLON UND WILDLEDER BLAU UND WEISS - Rabaini","isPartOf":{"@id":"https:\/\/www.rabaini.it\/de\/#website"},"primaryImageOfPage":{"@id":"https:\/\/www.rabaini.it\/de\/reelwind-low-sneakers-aus-nylon-und-wildleder-blau-und-weiss\/#primaryimage"},"image":{"@id":"https:\/\/www.rabaini.it\/de\/reelwind-low-sneakers-aus-nylon-und-wildleder-blau-und-weiss\/#primaryimage"},"thumbnailUrl":"https:\/\/www.rabaini.it\/wp-content\/uploads\/2025\/07\/DSC_9015.jpg","datePublished":"2025-07-02T15:15:36+00:00","dateModified":"2025-07-11T17:03:24+00:00","breadcrumb":{"@id":"https:\/\/www.rabaini.it\/de\/reelwind-low-sneakers-aus-nylon-und-wildleder-blau-und-weiss\/#breadcrumb"},"inLanguage":"de","potentialAction":[{"@type":"ReadAction","target":["https:\/\/www.rabaini.it\/de\/reelwind-low-sneakers-aus-nylon-und-wildleder-blau-und-weiss\/"]}]},{"@type":"ImageObject","inLanguage":"de","@id":"https:\/\/www.rabaini.it\/de\/reelwind-low-sneakers-aus-nylon-und-wildleder-blau-und-weiss\/#primaryimage","url":"https:\/\/www.rabaini.it\/wp-content\/uploads\/2025\/07\/DSC_9015.jpg","contentUrl":"https:\/\/www.rabaini.it\/wp-content\/uploads\/2025\/07\/DSC_9015.jpg","width":1500,"height":1500},{"@type":"BreadcrumbList","@id":"https:\/\/www.rabaini.it\/de\/reelwind-low-sneakers-aus-nylon-und-wildleder-blau-und-weiss\/#breadcrumb","itemListElement":[{"@type":"ListItem","position":1,"name":"Home","item":"https:\/\/www.rabaini.it\/de\/homepage\/"},{"@type":"ListItem","position":2,"name":"Gesch\u00e4ft","item":"https:\/\/www.rabaini.it\/geschaeft\/"},{"@type":"ListItem","position":3,"name":"Herren","item":"https:\/\/www.rabaini.it\/de\/herren\/"},{"@type":"ListItem","position":4,"name":"REELWIND LOW SNEAKERS AUS NYLON UND WILDLEDER BLAU UND WEISS"}]},{"@type":"WebSite","@id":"https:\/\/www.rabaini.it\/de\/#website","url":"https:\/\/www.rabaini.it\/de\/","name":"Rabaini","description":"","potentialAction":[{"@type":"SearchAction","target":{"@type":"EntryPoint","urlTemplate":"https:\/\/www.rabaini.it\/de\/?s={search_term_string}"},"query-input":{"@type":"PropertyValueSpecification","valueRequired":true,"valueName":"search_term_string"}}],"inLanguage":"de"}]}},"_links":{"self":[{"href":"https:\/\/www.rabaini.it\/de\/wp-json\/wp\/v2\/product\/123530","targetHints":{"allow":["GET"]}}],"collection":[{"href":"https:\/\/www.rabaini.it\/de\/wp-json\/wp\/v2\/product"}],"about":[{"href":"https:\/\/www.rabaini.it\/de\/wp-json\/wp\/v2\/types\/product"}],"wp:featuredmedia":[{"embeddable":true,"href":"https:\/\/www.rabaini.it\/de\/wp-json\/wp\/v2\/media\/123239"}],"wp:attachment":[{"href":"https:\/\/www.rabaini.it\/de\/wp-json\/wp\/v2\/media?parent=123530"}],"wp:term":[{"taxonomy":"product_brand","embeddable":true,"href":"https:\/\/www.rabaini.it\/de\/wp-json\/wp\/v2\/product_brand?post=123530"},{"taxonomy":"product_cat","embeddable":true,"href":"https:\/\/www.rabaini.it\/de\/wp-json\/wp\/v2\/product_cat?post=123530"},{"taxonomy":"product_tag","embeddable":true,"href":"https:\/\/www.rabaini.it\/de\/wp-json\/wp\/v2\/product_tag?post=123530"}],"curies":[{"name":"wp","href":"https:\/\/api.w.org\/{rel}","templated":true}]}}