{"id":123418,"date":"2025-07-02T15:52:30","date_gmt":"2025-07-02T13:52:30","guid":{"rendered":"https:\/\/www.rabaini.it\/?post_type=product&#038;p=123418"},"modified":"2025-07-11T19:03:31","modified_gmt":"2025-07-11T17:03:31","slug":"dallas-low-sneakers-aus-wildleder-in-den-farben-asche-und-marshmallow","status":"publish","type":"product","link":"https:\/\/www.rabaini.it\/de\/dallas-low-sneakers-aus-wildleder-in-den-farben-asche-und-marshmallow\/","title":{"rendered":"DALLAS LOW SNEAKERS AUS WILDLEDER IN DEN FARBEN ASCHE UND MARSHMALLOW"},"content":{"rendered":"<ul>\n<li>Artikelnummer: ADLM UE19<\/li>\n<li>Farbe: Grau und Hellbraun<\/li>\n<li>Der schlichte und vielseitige Dallas Low Herren-Sneaker ist ein Must-have f\u00fcr alle, die einen sportlich-urbanen Look lieben<\/li>\n<li>Das robuste, funktionale Low-Top-Profil ist in Grau mit einer halbtransparenten braunen Sohle erh\u00e4ltlich<\/li>\n<li>Das Obermaterial besteht aus weichem, nat\u00fcrlich wirkendem Wildleder und wird durch eine wei\u00dfe Lederlasche an der Ferse mit gepr\u00e4gtem Autry-Logo aufgewertet \u2013 ein Detail, das f\u00fcr einen authentischen Look sorgt<\/li>\n<li>Das Autry-Logodetail an der Seite und die wei\u00dfe Lederzunge runden den Look ab<\/li>\n<li>Obermaterial aus Wildleder<\/li>\n<li>Flache Baumwollschn\u00fcrsenkel<\/li>\n<li>Gepr\u00e4gtes Logo auf der Zunge<\/li>\n<li>Gepolsterter Schaft<\/li>\n<li>Futter aus Leder und Baumwollfrottee<\/li>\n<li>Leder Einlegesohle: 2 cm erh\u00f6ht<\/li>\n<li>Gummisohle<\/li>\n<li>Sohlenh\u00f6he: 2,5\u20133,5 cm<\/li>\n<li>Personalisierter Stoffbeutel<\/li>\n<li>Obermaterial: 95 % Wildleder, 5 % Leder<\/li>\n<li>Futter: 40 % Leder, 50 % Baumwollfrottee, 10 % Nylon<\/li>\n<li>Sohle: 100 % Gummi<\/li>\n<\/ul>\n","protected":false},"excerpt":{"rendered":"<p>Artikelnummer: ADLM UE19 Farbe: Grau und Hellbraun Der schlichte und vielseitige Dallas Low Herren-Sneaker ist ein Must-have f\u00fcr alle, die einen sportlich-urbanen Look lieben Das robuste, funktionale Low-Top-Profil ist in Grau mit einer halbtransparenten braunen Sohle erh\u00e4ltlich Das Obermaterial besteht aus weichem, nat\u00fcrlich wirkendem Wildleder und wird durch eine wei\u00dfe Lederlasche an der Ferse mit&hellip;<\/p>\n","protected":false},"featured_media":123185,"template":"","meta":{"_acf_changed":false},"product_brand":[],"product_cat":[1324,1358,1361],"product_tag":[1664],"class_list":{"0":"post-123418","1":"product","2":"type-product","3":"status-publish","4":"has-post-thumbnail","6":"product_cat-herren","7":"product_cat-herrenschuhe","8":"product_cat-turnschuhe-herren","9":"product_tag-fw25-de","10":"marca-autry-de","12":"first","13":"instock","14":"shipping-taxable","15":"purchasable","16":"product-type-variable"},"acf":[],"yoast_head":"<!-- This site is optimized with the Yoast SEO plugin v27.2 - https:\/\/yoast.com\/product\/yoast-seo-wordpress\/ -->\n<title>DALLAS LOW SNEAKERS AUS WILDLEDER IN DEN FARBEN ASCHE UND MARSHMALLOW - Rabaini<\/title>\n<meta name=\"robots\" content=\"index, follow, max-snippet:-1, max-image-preview:large, max-video-preview:-1\" \/>\n<link rel=\"canonical\" href=\"https:\/\/www.rabaini.it\/de\/dallas-low-sneakers-aus-wildleder-in-den-farben-asche-und-marshmallow\/\" \/>\n<meta property=\"og:locale\" content=\"de_DE\" \/>\n<meta property=\"og:type\" content=\"article\" \/>\n<meta property=\"og:title\" content=\"DALLAS LOW SNEAKERS AUS WILDLEDER IN DEN FARBEN ASCHE UND MARSHMALLOW - Rabaini\" \/>\n<meta property=\"og:description\" content=\"Artikelnummer: ADLM UE19 Farbe: Grau und Hellbraun Der schlichte und vielseitige Dallas Low Herren-Sneaker ist ein Must-have f\u00fcr alle, die einen sportlich-urbanen Look lieben Das robuste, funktionale Low-Top-Profil ist in Grau mit einer halbtransparenten braunen Sohle erh\u00e4ltlich Das Obermaterial besteht aus weichem, nat\u00fcrlich wirkendem Wildleder und wird durch eine wei\u00dfe Lederlasche an der Ferse mit&hellip;\" \/>\n<meta property=\"og:url\" content=\"https:\/\/www.rabaini.it\/de\/dallas-low-sneakers-aus-wildleder-in-den-farben-asche-und-marshmallow\/\" \/>\n<meta property=\"og:site_name\" content=\"Rabaini\" \/>\n<meta property=\"article:modified_time\" content=\"2025-07-11T17:03:31+00:00\" \/>\n<meta property=\"og:image\" content=\"https:\/\/www.rabaini.it\/wp-content\/uploads\/2025\/07\/DSC_8997.jpg\" \/>\n\t<meta property=\"og:image:width\" content=\"1500\" \/>\n\t<meta property=\"og:image:height\" content=\"1500\" \/>\n\t<meta property=\"og:image:type\" content=\"image\/jpeg\" \/>\n<meta name=\"twitter:card\" content=\"summary_large_image\" \/>\n<meta name=\"twitter:label1\" content=\"Gesch\u00e4tzte Lesezeit\" \/>\n\t<meta name=\"twitter:data1\" content=\"1\u00a0Minute\" \/>\n<script type=\"application\/ld+json\" class=\"yoast-schema-graph\">{\"@context\":\"https:\/\/schema.org\",\"@graph\":[{\"@type\":\"WebPage\",\"@id\":\"https:\/\/www.rabaini.it\/de\/dallas-low-sneakers-aus-wildleder-in-den-farben-asche-und-marshmallow\/\",\"url\":\"https:\/\/www.rabaini.it\/de\/dallas-low-sneakers-aus-wildleder-in-den-farben-asche-und-marshmallow\/\",\"name\":\"DALLAS LOW SNEAKERS AUS WILDLEDER IN DEN FARBEN ASCHE UND MARSHMALLOW - Rabaini\",\"isPartOf\":{\"@id\":\"https:\/\/www.rabaini.it\/de\/#website\"},\"primaryImageOfPage\":{\"@id\":\"https:\/\/www.rabaini.it\/de\/dallas-low-sneakers-aus-wildleder-in-den-farben-asche-und-marshmallow\/#primaryimage\"},\"image\":{\"@id\":\"https:\/\/www.rabaini.it\/de\/dallas-low-sneakers-aus-wildleder-in-den-farben-asche-und-marshmallow\/#primaryimage\"},\"thumbnailUrl\":\"https:\/\/www.rabaini.it\/wp-content\/uploads\/2025\/07\/DSC_8997.jpg\",\"datePublished\":\"2025-07-02T13:52:30+00:00\",\"dateModified\":\"2025-07-11T17:03:31+00:00\",\"breadcrumb\":{\"@id\":\"https:\/\/www.rabaini.it\/de\/dallas-low-sneakers-aus-wildleder-in-den-farben-asche-und-marshmallow\/#breadcrumb\"},\"inLanguage\":\"de\",\"potentialAction\":[{\"@type\":\"ReadAction\",\"target\":[\"https:\/\/www.rabaini.it\/de\/dallas-low-sneakers-aus-wildleder-in-den-farben-asche-und-marshmallow\/\"]}]},{\"@type\":\"ImageObject\",\"inLanguage\":\"de\",\"@id\":\"https:\/\/www.rabaini.it\/de\/dallas-low-sneakers-aus-wildleder-in-den-farben-asche-und-marshmallow\/#primaryimage\",\"url\":\"https:\/\/www.rabaini.it\/wp-content\/uploads\/2025\/07\/DSC_8997.jpg\",\"contentUrl\":\"https:\/\/www.rabaini.it\/wp-content\/uploads\/2025\/07\/DSC_8997.jpg\",\"width\":1500,\"height\":1500},{\"@type\":\"BreadcrumbList\",\"@id\":\"https:\/\/www.rabaini.it\/de\/dallas-low-sneakers-aus-wildleder-in-den-farben-asche-und-marshmallow\/#breadcrumb\",\"itemListElement\":[{\"@type\":\"ListItem\",\"position\":1,\"name\":\"Home\",\"item\":\"https:\/\/www.rabaini.it\/de\/homepage\/\"},{\"@type\":\"ListItem\",\"position\":2,\"name\":\"Gesch\u00e4ft\",\"item\":\"https:\/\/www.rabaini.it\/geschaeft\/\"},{\"@type\":\"ListItem\",\"position\":3,\"name\":\"Herren\",\"item\":\"https:\/\/www.rabaini.it\/de\/herren\/\"},{\"@type\":\"ListItem\",\"position\":4,\"name\":\"DALLAS LOW SNEAKERS AUS WILDLEDER IN DEN FARBEN ASCHE UND MARSHMALLOW\"}]},{\"@type\":\"WebSite\",\"@id\":\"https:\/\/www.rabaini.it\/de\/#website\",\"url\":\"https:\/\/www.rabaini.it\/de\/\",\"name\":\"Rabaini\",\"description\":\"\",\"potentialAction\":[{\"@type\":\"SearchAction\",\"target\":{\"@type\":\"EntryPoint\",\"urlTemplate\":\"https:\/\/www.rabaini.it\/de\/?s={search_term_string}\"},\"query-input\":{\"@type\":\"PropertyValueSpecification\",\"valueRequired\":true,\"valueName\":\"search_term_string\"}}],\"inLanguage\":\"de\"}]}<\/script>\n<!-- \/ Yoast SEO plugin. -->","yoast_head_json":{"title":"DALLAS LOW SNEAKERS AUS WILDLEDER IN DEN FARBEN ASCHE UND MARSHMALLOW - Rabaini","robots":{"index":"index","follow":"follow","max-snippet":"max-snippet:-1","max-image-preview":"max-image-preview:large","max-video-preview":"max-video-preview:-1"},"canonical":"https:\/\/www.rabaini.it\/de\/dallas-low-sneakers-aus-wildleder-in-den-farben-asche-und-marshmallow\/","og_locale":"de_DE","og_type":"article","og_title":"DALLAS LOW SNEAKERS AUS WILDLEDER IN DEN FARBEN ASCHE UND MARSHMALLOW - Rabaini","og_description":"Artikelnummer: ADLM UE19 Farbe: Grau und Hellbraun Der schlichte und vielseitige Dallas Low Herren-Sneaker ist ein Must-have f\u00fcr alle, die einen sportlich-urbanen Look lieben Das robuste, funktionale Low-Top-Profil ist in Grau mit einer halbtransparenten braunen Sohle erh\u00e4ltlich Das Obermaterial besteht aus weichem, nat\u00fcrlich wirkendem Wildleder und wird durch eine wei\u00dfe Lederlasche an der Ferse mit&hellip;","og_url":"https:\/\/www.rabaini.it\/de\/dallas-low-sneakers-aus-wildleder-in-den-farben-asche-und-marshmallow\/","og_site_name":"Rabaini","article_modified_time":"2025-07-11T17:03:31+00:00","og_image":[{"width":1500,"height":1500,"url":"https:\/\/www.rabaini.it\/wp-content\/uploads\/2025\/07\/DSC_8997.jpg","type":"image\/jpeg"}],"twitter_card":"summary_large_image","twitter_misc":{"Gesch\u00e4tzte Lesezeit":"1\u00a0Minute"},"schema":{"@context":"https:\/\/schema.org","@graph":[{"@type":"WebPage","@id":"https:\/\/www.rabaini.it\/de\/dallas-low-sneakers-aus-wildleder-in-den-farben-asche-und-marshmallow\/","url":"https:\/\/www.rabaini.it\/de\/dallas-low-sneakers-aus-wildleder-in-den-farben-asche-und-marshmallow\/","name":"DALLAS LOW SNEAKERS AUS WILDLEDER IN DEN FARBEN ASCHE UND MARSHMALLOW - Rabaini","isPartOf":{"@id":"https:\/\/www.rabaini.it\/de\/#website"},"primaryImageOfPage":{"@id":"https:\/\/www.rabaini.it\/de\/dallas-low-sneakers-aus-wildleder-in-den-farben-asche-und-marshmallow\/#primaryimage"},"image":{"@id":"https:\/\/www.rabaini.it\/de\/dallas-low-sneakers-aus-wildleder-in-den-farben-asche-und-marshmallow\/#primaryimage"},"thumbnailUrl":"https:\/\/www.rabaini.it\/wp-content\/uploads\/2025\/07\/DSC_8997.jpg","datePublished":"2025-07-02T13:52:30+00:00","dateModified":"2025-07-11T17:03:31+00:00","breadcrumb":{"@id":"https:\/\/www.rabaini.it\/de\/dallas-low-sneakers-aus-wildleder-in-den-farben-asche-und-marshmallow\/#breadcrumb"},"inLanguage":"de","potentialAction":[{"@type":"ReadAction","target":["https:\/\/www.rabaini.it\/de\/dallas-low-sneakers-aus-wildleder-in-den-farben-asche-und-marshmallow\/"]}]},{"@type":"ImageObject","inLanguage":"de","@id":"https:\/\/www.rabaini.it\/de\/dallas-low-sneakers-aus-wildleder-in-den-farben-asche-und-marshmallow\/#primaryimage","url":"https:\/\/www.rabaini.it\/wp-content\/uploads\/2025\/07\/DSC_8997.jpg","contentUrl":"https:\/\/www.rabaini.it\/wp-content\/uploads\/2025\/07\/DSC_8997.jpg","width":1500,"height":1500},{"@type":"BreadcrumbList","@id":"https:\/\/www.rabaini.it\/de\/dallas-low-sneakers-aus-wildleder-in-den-farben-asche-und-marshmallow\/#breadcrumb","itemListElement":[{"@type":"ListItem","position":1,"name":"Home","item":"https:\/\/www.rabaini.it\/de\/homepage\/"},{"@type":"ListItem","position":2,"name":"Gesch\u00e4ft","item":"https:\/\/www.rabaini.it\/geschaeft\/"},{"@type":"ListItem","position":3,"name":"Herren","item":"https:\/\/www.rabaini.it\/de\/herren\/"},{"@type":"ListItem","position":4,"name":"DALLAS LOW SNEAKERS AUS WILDLEDER IN DEN FARBEN ASCHE UND MARSHMALLOW"}]},{"@type":"WebSite","@id":"https:\/\/www.rabaini.it\/de\/#website","url":"https:\/\/www.rabaini.it\/de\/","name":"Rabaini","description":"","potentialAction":[{"@type":"SearchAction","target":{"@type":"EntryPoint","urlTemplate":"https:\/\/www.rabaini.it\/de\/?s={search_term_string}"},"query-input":{"@type":"PropertyValueSpecification","valueRequired":true,"valueName":"search_term_string"}}],"inLanguage":"de"}]}},"_links":{"self":[{"href":"https:\/\/www.rabaini.it\/de\/wp-json\/wp\/v2\/product\/123418","targetHints":{"allow":["GET"]}}],"collection":[{"href":"https:\/\/www.rabaini.it\/de\/wp-json\/wp\/v2\/product"}],"about":[{"href":"https:\/\/www.rabaini.it\/de\/wp-json\/wp\/v2\/types\/product"}],"wp:featuredmedia":[{"embeddable":true,"href":"https:\/\/www.rabaini.it\/de\/wp-json\/wp\/v2\/media\/123185"}],"wp:attachment":[{"href":"https:\/\/www.rabaini.it\/de\/wp-json\/wp\/v2\/media?parent=123418"}],"wp:term":[{"taxonomy":"product_brand","embeddable":true,"href":"https:\/\/www.rabaini.it\/de\/wp-json\/wp\/v2\/product_brand?post=123418"},{"taxonomy":"product_cat","embeddable":true,"href":"https:\/\/www.rabaini.it\/de\/wp-json\/wp\/v2\/product_cat?post=123418"},{"taxonomy":"product_tag","embeddable":true,"href":"https:\/\/www.rabaini.it\/de\/wp-json\/wp\/v2\/product_tag?post=123418"}],"curies":[{"name":"wp","href":"https:\/\/api.w.org\/{rel}","templated":true}]}}