{"id":121811,"date":"2023-03-28T10:58:30","date_gmt":"2023-03-28T08:58:30","guid":{"rendered":"https:\/\/www.rabaini.it\/prodotto\/smaragdgruener-maskuliner-lederguertel\/"},"modified":"2023-03-28T10:58:30","modified_gmt":"2023-03-28T08:58:30","slug":"smaragdgruener-maskuliner-lederguertel","status":"publish","type":"product","link":"https:\/\/www.rabaini.it\/de\/smaragdgruener-maskuliner-lederguertel\/","title":{"rendered":"Smaragdgr\u00fcner maskuliner Lederg\u00fcrtel"},"content":{"rendered":"<ul>\n<li>Artikelnummer: D10228<\/li>\n<li>Farbe: Smaragdgr\u00fcn und Leder<\/li>\n<li>Hergestellt in Italien<\/li>\n<li class=\"product-name\">H\u00f6he: 3,5 cm<\/li>\n<li class=\"product-name\">Schlie\u00dfe: quadratisch mit poliertem Goldmessing-Finish<\/li>\n<li class=\"product-name\">Details: Wendbar aus Nubukleder und glattem Kalbsleder<\/li>\n<li>Material: 100 % Rindsleder<\/li>\n<\/ul>\n<p>&nbsp;<\/p>\n","protected":false},"excerpt":{"rendered":"<p>Artikelnummer: D10228 Farbe: Smaragdgr\u00fcn und Leder Hergestellt in Italien H\u00f6he: 3,5 cm Schlie\u00dfe: quadratisch mit poliertem Goldmessing-Finish Details: Wendbar aus Nubukleder und glattem Kalbsleder Material: 100 % Rindsleder &nbsp;<\/p>\n","protected":false},"featured_media":51413,"template":"","meta":{"_acf_changed":false},"product_brand":[],"product_cat":[1273,1295,1305],"product_tag":[],"class_list":{"0":"post-121811","1":"product","2":"type-product","3":"status-publish","4":"has-post-thumbnail","6":"product_cat-damen","7":"product_cat-damenaccessoires","8":"product_cat-gurtel-damen","9":"marca-orciani-de","10":"genere-f","12":"first","13":"instock","14":"shipping-taxable","15":"purchasable","16":"product-type-variable"},"acf":[],"yoast_head":"<!-- This site is optimized with the Yoast SEO plugin v27.2 - https:\/\/yoast.com\/product\/yoast-seo-wordpress\/ -->\n<title>Smaragdgr\u00fcner maskuliner Lederg\u00fcrtel - Rabaini<\/title>\n<meta name=\"robots\" content=\"index, follow, max-snippet:-1, max-image-preview:large, max-video-preview:-1\" \/>\n<link rel=\"canonical\" href=\"https:\/\/www.rabaini.it\/de\/smaragdgruener-maskuliner-lederguertel\/\" \/>\n<meta property=\"og:locale\" content=\"de_DE\" \/>\n<meta property=\"og:type\" content=\"article\" \/>\n<meta property=\"og:title\" content=\"Smaragdgr\u00fcner maskuliner Lederg\u00fcrtel - Rabaini\" \/>\n<meta property=\"og:description\" content=\"Artikelnummer: D10228 Farbe: Smaragdgr\u00fcn und Leder Hergestellt in Italien H\u00f6he: 3,5 cm Schlie\u00dfe: quadratisch mit poliertem Goldmessing-Finish Details: Wendbar aus Nubukleder und glattem Kalbsleder Material: 100 % Rindsleder &nbsp;\" \/>\n<meta property=\"og:url\" content=\"https:\/\/www.rabaini.it\/de\/smaragdgruener-maskuliner-lederguertel\/\" \/>\n<meta property=\"og:site_name\" content=\"Rabaini\" \/>\n<meta property=\"og:image\" content=\"https:\/\/www.rabaini.it\/wp-content\/uploads\/2023\/03\/DSC_0075.jpg\" \/>\n\t<meta property=\"og:image:width\" content=\"1500\" \/>\n\t<meta property=\"og:image:height\" content=\"1500\" \/>\n\t<meta property=\"og:image:type\" content=\"image\/jpeg\" \/>\n<meta name=\"twitter:card\" content=\"summary_large_image\" \/>\n<script type=\"application\/ld+json\" class=\"yoast-schema-graph\">{\"@context\":\"https:\/\/schema.org\",\"@graph\":[{\"@type\":\"WebPage\",\"@id\":\"https:\/\/www.rabaini.it\/de\/smaragdgruener-maskuliner-lederguertel\/\",\"url\":\"https:\/\/www.rabaini.it\/de\/smaragdgruener-maskuliner-lederguertel\/\",\"name\":\"Smaragdgr\u00fcner maskuliner Lederg\u00fcrtel - Rabaini\",\"isPartOf\":{\"@id\":\"https:\/\/www.rabaini.it\/de\/#website\"},\"primaryImageOfPage\":{\"@id\":\"https:\/\/www.rabaini.it\/de\/smaragdgruener-maskuliner-lederguertel\/#primaryimage\"},\"image\":{\"@id\":\"https:\/\/www.rabaini.it\/de\/smaragdgruener-maskuliner-lederguertel\/#primaryimage\"},\"thumbnailUrl\":\"https:\/\/www.rabaini.it\/wp-content\/uploads\/2023\/03\/DSC_0075.jpg\",\"datePublished\":\"2023-03-28T08:58:30+00:00\",\"breadcrumb\":{\"@id\":\"https:\/\/www.rabaini.it\/de\/smaragdgruener-maskuliner-lederguertel\/#breadcrumb\"},\"inLanguage\":\"de\",\"potentialAction\":[{\"@type\":\"ReadAction\",\"target\":[\"https:\/\/www.rabaini.it\/de\/smaragdgruener-maskuliner-lederguertel\/\"]}]},{\"@type\":\"ImageObject\",\"inLanguage\":\"de\",\"@id\":\"https:\/\/www.rabaini.it\/de\/smaragdgruener-maskuliner-lederguertel\/#primaryimage\",\"url\":\"https:\/\/www.rabaini.it\/wp-content\/uploads\/2023\/03\/DSC_0075.jpg\",\"contentUrl\":\"https:\/\/www.rabaini.it\/wp-content\/uploads\/2023\/03\/DSC_0075.jpg\",\"width\":1500,\"height\":1500},{\"@type\":\"BreadcrumbList\",\"@id\":\"https:\/\/www.rabaini.it\/de\/smaragdgruener-maskuliner-lederguertel\/#breadcrumb\",\"itemListElement\":[{\"@type\":\"ListItem\",\"position\":1,\"name\":\"Home\",\"item\":\"https:\/\/www.rabaini.it\/de\/homepage\/\"},{\"@type\":\"ListItem\",\"position\":2,\"name\":\"Gesch\u00e4ft\",\"item\":\"https:\/\/www.rabaini.it\/geschaeft\/\"},{\"@type\":\"ListItem\",\"position\":3,\"name\":\"Damen\",\"item\":\"https:\/\/www.rabaini.it\/de\/damen\/\"},{\"@type\":\"ListItem\",\"position\":4,\"name\":\"Damenaccessoires\",\"item\":\"https:\/\/www.rabaini.it\/de\/damenaccessoires\/\"},{\"@type\":\"ListItem\",\"position\":5,\"name\":\"G\u00fcrtel\",\"item\":\"https:\/\/www.rabaini.it\/de\/gurtel-damen\/\"},{\"@type\":\"ListItem\",\"position\":6,\"name\":\"Smaragdgr\u00fcner maskuliner Lederg\u00fcrtel\"}]},{\"@type\":\"WebSite\",\"@id\":\"https:\/\/www.rabaini.it\/de\/#website\",\"url\":\"https:\/\/www.rabaini.it\/de\/\",\"name\":\"Rabaini\",\"description\":\"\",\"potentialAction\":[{\"@type\":\"SearchAction\",\"target\":{\"@type\":\"EntryPoint\",\"urlTemplate\":\"https:\/\/www.rabaini.it\/de\/?s={search_term_string}\"},\"query-input\":{\"@type\":\"PropertyValueSpecification\",\"valueRequired\":true,\"valueName\":\"search_term_string\"}}],\"inLanguage\":\"de\"}]}<\/script>\n<!-- \/ Yoast SEO plugin. -->","yoast_head_json":{"title":"Smaragdgr\u00fcner maskuliner Lederg\u00fcrtel - Rabaini","robots":{"index":"index","follow":"follow","max-snippet":"max-snippet:-1","max-image-preview":"max-image-preview:large","max-video-preview":"max-video-preview:-1"},"canonical":"https:\/\/www.rabaini.it\/de\/smaragdgruener-maskuliner-lederguertel\/","og_locale":"de_DE","og_type":"article","og_title":"Smaragdgr\u00fcner maskuliner Lederg\u00fcrtel - Rabaini","og_description":"Artikelnummer: D10228 Farbe: Smaragdgr\u00fcn und Leder Hergestellt in Italien H\u00f6he: 3,5 cm Schlie\u00dfe: quadratisch mit poliertem Goldmessing-Finish Details: Wendbar aus Nubukleder und glattem Kalbsleder Material: 100 % Rindsleder &nbsp;","og_url":"https:\/\/www.rabaini.it\/de\/smaragdgruener-maskuliner-lederguertel\/","og_site_name":"Rabaini","og_image":[{"width":1500,"height":1500,"url":"https:\/\/www.rabaini.it\/wp-content\/uploads\/2023\/03\/DSC_0075.jpg","type":"image\/jpeg"}],"twitter_card":"summary_large_image","schema":{"@context":"https:\/\/schema.org","@graph":[{"@type":"WebPage","@id":"https:\/\/www.rabaini.it\/de\/smaragdgruener-maskuliner-lederguertel\/","url":"https:\/\/www.rabaini.it\/de\/smaragdgruener-maskuliner-lederguertel\/","name":"Smaragdgr\u00fcner maskuliner Lederg\u00fcrtel - Rabaini","isPartOf":{"@id":"https:\/\/www.rabaini.it\/de\/#website"},"primaryImageOfPage":{"@id":"https:\/\/www.rabaini.it\/de\/smaragdgruener-maskuliner-lederguertel\/#primaryimage"},"image":{"@id":"https:\/\/www.rabaini.it\/de\/smaragdgruener-maskuliner-lederguertel\/#primaryimage"},"thumbnailUrl":"https:\/\/www.rabaini.it\/wp-content\/uploads\/2023\/03\/DSC_0075.jpg","datePublished":"2023-03-28T08:58:30+00:00","breadcrumb":{"@id":"https:\/\/www.rabaini.it\/de\/smaragdgruener-maskuliner-lederguertel\/#breadcrumb"},"inLanguage":"de","potentialAction":[{"@type":"ReadAction","target":["https:\/\/www.rabaini.it\/de\/smaragdgruener-maskuliner-lederguertel\/"]}]},{"@type":"ImageObject","inLanguage":"de","@id":"https:\/\/www.rabaini.it\/de\/smaragdgruener-maskuliner-lederguertel\/#primaryimage","url":"https:\/\/www.rabaini.it\/wp-content\/uploads\/2023\/03\/DSC_0075.jpg","contentUrl":"https:\/\/www.rabaini.it\/wp-content\/uploads\/2023\/03\/DSC_0075.jpg","width":1500,"height":1500},{"@type":"BreadcrumbList","@id":"https:\/\/www.rabaini.it\/de\/smaragdgruener-maskuliner-lederguertel\/#breadcrumb","itemListElement":[{"@type":"ListItem","position":1,"name":"Home","item":"https:\/\/www.rabaini.it\/de\/homepage\/"},{"@type":"ListItem","position":2,"name":"Gesch\u00e4ft","item":"https:\/\/www.rabaini.it\/geschaeft\/"},{"@type":"ListItem","position":3,"name":"Damen","item":"https:\/\/www.rabaini.it\/de\/damen\/"},{"@type":"ListItem","position":4,"name":"Damenaccessoires","item":"https:\/\/www.rabaini.it\/de\/damenaccessoires\/"},{"@type":"ListItem","position":5,"name":"G\u00fcrtel","item":"https:\/\/www.rabaini.it\/de\/gurtel-damen\/"},{"@type":"ListItem","position":6,"name":"Smaragdgr\u00fcner maskuliner Lederg\u00fcrtel"}]},{"@type":"WebSite","@id":"https:\/\/www.rabaini.it\/de\/#website","url":"https:\/\/www.rabaini.it\/de\/","name":"Rabaini","description":"","potentialAction":[{"@type":"SearchAction","target":{"@type":"EntryPoint","urlTemplate":"https:\/\/www.rabaini.it\/de\/?s={search_term_string}"},"query-input":{"@type":"PropertyValueSpecification","valueRequired":true,"valueName":"search_term_string"}}],"inLanguage":"de"}]}},"_links":{"self":[{"href":"https:\/\/www.rabaini.it\/de\/wp-json\/wp\/v2\/product\/121811","targetHints":{"allow":["GET"]}}],"collection":[{"href":"https:\/\/www.rabaini.it\/de\/wp-json\/wp\/v2\/product"}],"about":[{"href":"https:\/\/www.rabaini.it\/de\/wp-json\/wp\/v2\/types\/product"}],"wp:featuredmedia":[{"embeddable":true,"href":"https:\/\/www.rabaini.it\/de\/wp-json\/wp\/v2\/media\/51413"}],"wp:attachment":[{"href":"https:\/\/www.rabaini.it\/de\/wp-json\/wp\/v2\/media?parent=121811"}],"wp:term":[{"taxonomy":"product_brand","embeddable":true,"href":"https:\/\/www.rabaini.it\/de\/wp-json\/wp\/v2\/product_brand?post=121811"},{"taxonomy":"product_cat","embeddable":true,"href":"https:\/\/www.rabaini.it\/de\/wp-json\/wp\/v2\/product_cat?post=121811"},{"taxonomy":"product_tag","embeddable":true,"href":"https:\/\/www.rabaini.it\/de\/wp-json\/wp\/v2\/product_tag?post=121811"}],"curies":[{"name":"wp","href":"https:\/\/api.w.org\/{rel}","templated":true}]}}