{"id":121253,"date":"2023-10-14T16:10:26","date_gmt":"2023-10-14T14:10:26","guid":{"rendered":"https:\/\/www.rabaini.it\/prodotto\/jeans-bard-grand-tour-florenz\/"},"modified":"2025-06-18T16:13:50","modified_gmt":"2025-06-18T14:13:50","slug":"jeans-bard-grand-tour-florenz","status":"publish","type":"product","link":"https:\/\/www.rabaini.it\/de\/jeans-bard-grand-tour-florenz\/","title":{"rendered":"JEANS BARD GRAND TOUR FLORENZ"},"content":{"rendered":"<ul>\n<li>Artikelnummer: UQM1533S3615<\/li>\n<li>Artikelfarbe: Blau<\/li>\n<li>Made in Italy<\/li>\n<li>Bard Regular Slim Fit Jeans<\/li>\n<li>Dunkelblauer, stonewashed Comfort Baumwolldenim mit handgestrahlter Oberfl\u00e4che<\/li>\n<li>11,5 oz<\/li>\n<li>Five-Pocket-Style mit Logostickerei auf der Tasche<\/li>\n<li>Normale Taille<\/li>\n<li>G\u00fcrtelschlaufen in der Taille<\/li>\n<li>Knopfverschluss<\/li>\n<li>Logoknopf mit farbigem Harz, bernsteinfarbenem Goldfinish und gepr\u00e4gtem Florenzer Dom<\/li>\n<li>Innenlasche mit dem Namen der Hose und dem Zitat des Gr\u00fcnders bestickt<\/li>\n<li>Ponyfell-Label mit Kanten in Lederoptik und Digitaldruck mit typisch florentinischem Flair<\/li>\n<li>Inklusive Bandana mit Florenz-Print und Filorolle<\/li>\n<li>Mit dem exklusiven Duft von Jacob Coh\u00ebn<\/li>\n<li>Materialzusammensetzung: 99 % Baumwolle, 1 % Elastan<\/li>\n<\/ul>\n","protected":false},"excerpt":{"rendered":"<p>Artikelnummer: UQM1533S3615 Artikelfarbe: Blau Made in Italy Bard Regular Slim Fit Jeans Dunkelblauer, stonewashed Comfort Baumwolldenim mit handgestrahlter Oberfl\u00e4che 11,5 oz Five-Pocket-Style mit Logostickerei auf der Tasche Normale Taille G\u00fcrtelschlaufen in der Taille Knopfverschluss Logoknopf mit farbigem Harz, bernsteinfarbenem Goldfinish und gepr\u00e4gtem Florenzer Dom Innenlasche mit dem Namen der Hose und dem Zitat des Gr\u00fcnders&hellip;<\/p>\n","protected":false},"featured_media":66622,"template":"","meta":{"_acf_changed":false},"product_brand":[],"product_cat":[1324,1357,1325,1340,1338],"product_tag":[1521],"class_list":{"0":"post-121253","1":"product","2":"type-product","3":"status-publish","4":"has-post-thumbnail","6":"product_cat-herren","7":"product_cat-herren-sale","8":"product_cat-herrenbekleidung","9":"product_cat-hose-herren","10":"product_cat-jeans-herren","11":"product_tag-fw23-de","12":"marca-jacob-cohen-de","14":"first","15":"instock","16":"sale","17":"shipping-taxable","18":"purchasable","19":"product-type-variable"},"acf":[],"yoast_head":"<!-- This site is optimized with the Yoast SEO plugin v27.2 - https:\/\/yoast.com\/product\/yoast-seo-wordpress\/ -->\n<title>JEANS BARD GRAND TOUR FLORENZ - Rabaini<\/title>\n<meta name=\"robots\" content=\"index, follow, max-snippet:-1, max-image-preview:large, max-video-preview:-1\" \/>\n<link rel=\"canonical\" href=\"https:\/\/www.rabaini.it\/de\/jeans-bard-grand-tour-florenz\/\" \/>\n<meta property=\"og:locale\" content=\"de_DE\" \/>\n<meta property=\"og:type\" content=\"article\" \/>\n<meta property=\"og:title\" content=\"JEANS BARD GRAND TOUR FLORENZ - Rabaini\" \/>\n<meta property=\"og:description\" content=\"Artikelnummer: UQM1533S3615 Artikelfarbe: Blau Made in Italy Bard Regular Slim Fit Jeans Dunkelblauer, stonewashed Comfort Baumwolldenim mit handgestrahlter Oberfl\u00e4che 11,5 oz Five-Pocket-Style mit Logostickerei auf der Tasche Normale Taille G\u00fcrtelschlaufen in der Taille Knopfverschluss Logoknopf mit farbigem Harz, bernsteinfarbenem Goldfinish und gepr\u00e4gtem Florenzer Dom Innenlasche mit dem Namen der Hose und dem Zitat des Gr\u00fcnders&hellip;\" \/>\n<meta property=\"og:url\" content=\"https:\/\/www.rabaini.it\/de\/jeans-bard-grand-tour-florenz\/\" \/>\n<meta property=\"og:site_name\" content=\"Rabaini\" \/>\n<meta property=\"article:modified_time\" content=\"2025-06-18T14:13:50+00:00\" \/>\n<meta property=\"og:image\" content=\"https:\/\/www.rabaini.it\/wp-content\/uploads\/2023\/10\/15.1.jpg\" \/>\n\t<meta property=\"og:image:width\" content=\"1500\" \/>\n\t<meta property=\"og:image:height\" content=\"1500\" \/>\n\t<meta property=\"og:image:type\" content=\"image\/jpeg\" \/>\n<meta name=\"twitter:card\" content=\"summary_large_image\" \/>\n<script type=\"application\/ld+json\" class=\"yoast-schema-graph\">{\"@context\":\"https:\/\/schema.org\",\"@graph\":[{\"@type\":\"WebPage\",\"@id\":\"https:\/\/www.rabaini.it\/de\/jeans-bard-grand-tour-florenz\/\",\"url\":\"https:\/\/www.rabaini.it\/de\/jeans-bard-grand-tour-florenz\/\",\"name\":\"JEANS BARD GRAND TOUR FLORENZ - Rabaini\",\"isPartOf\":{\"@id\":\"https:\/\/www.rabaini.it\/de\/#website\"},\"primaryImageOfPage\":{\"@id\":\"https:\/\/www.rabaini.it\/de\/jeans-bard-grand-tour-florenz\/#primaryimage\"},\"image\":{\"@id\":\"https:\/\/www.rabaini.it\/de\/jeans-bard-grand-tour-florenz\/#primaryimage\"},\"thumbnailUrl\":\"https:\/\/www.rabaini.it\/wp-content\/uploads\/2023\/10\/15.1.jpg\",\"datePublished\":\"2023-10-14T14:10:26+00:00\",\"dateModified\":\"2025-06-18T14:13:50+00:00\",\"breadcrumb\":{\"@id\":\"https:\/\/www.rabaini.it\/de\/jeans-bard-grand-tour-florenz\/#breadcrumb\"},\"inLanguage\":\"de\",\"potentialAction\":[{\"@type\":\"ReadAction\",\"target\":[\"https:\/\/www.rabaini.it\/de\/jeans-bard-grand-tour-florenz\/\"]}]},{\"@type\":\"ImageObject\",\"inLanguage\":\"de\",\"@id\":\"https:\/\/www.rabaini.it\/de\/jeans-bard-grand-tour-florenz\/#primaryimage\",\"url\":\"https:\/\/www.rabaini.it\/wp-content\/uploads\/2023\/10\/15.1.jpg\",\"contentUrl\":\"https:\/\/www.rabaini.it\/wp-content\/uploads\/2023\/10\/15.1.jpg\",\"width\":1500,\"height\":1500},{\"@type\":\"BreadcrumbList\",\"@id\":\"https:\/\/www.rabaini.it\/de\/jeans-bard-grand-tour-florenz\/#breadcrumb\",\"itemListElement\":[{\"@type\":\"ListItem\",\"position\":1,\"name\":\"Home\",\"item\":\"https:\/\/www.rabaini.it\/de\/homepage\/\"},{\"@type\":\"ListItem\",\"position\":2,\"name\":\"Gesch\u00e4ft\",\"item\":\"https:\/\/www.rabaini.it\/geschaeft\/\"},{\"@type\":\"ListItem\",\"position\":3,\"name\":\"Herren\",\"item\":\"https:\/\/www.rabaini.it\/de\/herren\/\"},{\"@type\":\"ListItem\",\"position\":4,\"name\":\"JEANS BARD GRAND TOUR FLORENZ\"}]},{\"@type\":\"WebSite\",\"@id\":\"https:\/\/www.rabaini.it\/de\/#website\",\"url\":\"https:\/\/www.rabaini.it\/de\/\",\"name\":\"Rabaini\",\"description\":\"\",\"potentialAction\":[{\"@type\":\"SearchAction\",\"target\":{\"@type\":\"EntryPoint\",\"urlTemplate\":\"https:\/\/www.rabaini.it\/de\/?s={search_term_string}\"},\"query-input\":{\"@type\":\"PropertyValueSpecification\",\"valueRequired\":true,\"valueName\":\"search_term_string\"}}],\"inLanguage\":\"de\"}]}<\/script>\n<!-- \/ Yoast SEO plugin. -->","yoast_head_json":{"title":"JEANS BARD GRAND TOUR FLORENZ - Rabaini","robots":{"index":"index","follow":"follow","max-snippet":"max-snippet:-1","max-image-preview":"max-image-preview:large","max-video-preview":"max-video-preview:-1"},"canonical":"https:\/\/www.rabaini.it\/de\/jeans-bard-grand-tour-florenz\/","og_locale":"de_DE","og_type":"article","og_title":"JEANS BARD GRAND TOUR FLORENZ - Rabaini","og_description":"Artikelnummer: UQM1533S3615 Artikelfarbe: Blau Made in Italy Bard Regular Slim Fit Jeans Dunkelblauer, stonewashed Comfort Baumwolldenim mit handgestrahlter Oberfl\u00e4che 11,5 oz Five-Pocket-Style mit Logostickerei auf der Tasche Normale Taille G\u00fcrtelschlaufen in der Taille Knopfverschluss Logoknopf mit farbigem Harz, bernsteinfarbenem Goldfinish und gepr\u00e4gtem Florenzer Dom Innenlasche mit dem Namen der Hose und dem Zitat des Gr\u00fcnders&hellip;","og_url":"https:\/\/www.rabaini.it\/de\/jeans-bard-grand-tour-florenz\/","og_site_name":"Rabaini","article_modified_time":"2025-06-18T14:13:50+00:00","og_image":[{"width":1500,"height":1500,"url":"https:\/\/www.rabaini.it\/wp-content\/uploads\/2023\/10\/15.1.jpg","type":"image\/jpeg"}],"twitter_card":"summary_large_image","schema":{"@context":"https:\/\/schema.org","@graph":[{"@type":"WebPage","@id":"https:\/\/www.rabaini.it\/de\/jeans-bard-grand-tour-florenz\/","url":"https:\/\/www.rabaini.it\/de\/jeans-bard-grand-tour-florenz\/","name":"JEANS BARD GRAND TOUR FLORENZ - Rabaini","isPartOf":{"@id":"https:\/\/www.rabaini.it\/de\/#website"},"primaryImageOfPage":{"@id":"https:\/\/www.rabaini.it\/de\/jeans-bard-grand-tour-florenz\/#primaryimage"},"image":{"@id":"https:\/\/www.rabaini.it\/de\/jeans-bard-grand-tour-florenz\/#primaryimage"},"thumbnailUrl":"https:\/\/www.rabaini.it\/wp-content\/uploads\/2023\/10\/15.1.jpg","datePublished":"2023-10-14T14:10:26+00:00","dateModified":"2025-06-18T14:13:50+00:00","breadcrumb":{"@id":"https:\/\/www.rabaini.it\/de\/jeans-bard-grand-tour-florenz\/#breadcrumb"},"inLanguage":"de","potentialAction":[{"@type":"ReadAction","target":["https:\/\/www.rabaini.it\/de\/jeans-bard-grand-tour-florenz\/"]}]},{"@type":"ImageObject","inLanguage":"de","@id":"https:\/\/www.rabaini.it\/de\/jeans-bard-grand-tour-florenz\/#primaryimage","url":"https:\/\/www.rabaini.it\/wp-content\/uploads\/2023\/10\/15.1.jpg","contentUrl":"https:\/\/www.rabaini.it\/wp-content\/uploads\/2023\/10\/15.1.jpg","width":1500,"height":1500},{"@type":"BreadcrumbList","@id":"https:\/\/www.rabaini.it\/de\/jeans-bard-grand-tour-florenz\/#breadcrumb","itemListElement":[{"@type":"ListItem","position":1,"name":"Home","item":"https:\/\/www.rabaini.it\/de\/homepage\/"},{"@type":"ListItem","position":2,"name":"Gesch\u00e4ft","item":"https:\/\/www.rabaini.it\/geschaeft\/"},{"@type":"ListItem","position":3,"name":"Herren","item":"https:\/\/www.rabaini.it\/de\/herren\/"},{"@type":"ListItem","position":4,"name":"JEANS BARD GRAND TOUR FLORENZ"}]},{"@type":"WebSite","@id":"https:\/\/www.rabaini.it\/de\/#website","url":"https:\/\/www.rabaini.it\/de\/","name":"Rabaini","description":"","potentialAction":[{"@type":"SearchAction","target":{"@type":"EntryPoint","urlTemplate":"https:\/\/www.rabaini.it\/de\/?s={search_term_string}"},"query-input":{"@type":"PropertyValueSpecification","valueRequired":true,"valueName":"search_term_string"}}],"inLanguage":"de"}]}},"_links":{"self":[{"href":"https:\/\/www.rabaini.it\/de\/wp-json\/wp\/v2\/product\/121253","targetHints":{"allow":["GET"]}}],"collection":[{"href":"https:\/\/www.rabaini.it\/de\/wp-json\/wp\/v2\/product"}],"about":[{"href":"https:\/\/www.rabaini.it\/de\/wp-json\/wp\/v2\/types\/product"}],"wp:featuredmedia":[{"embeddable":true,"href":"https:\/\/www.rabaini.it\/de\/wp-json\/wp\/v2\/media\/66622"}],"wp:attachment":[{"href":"https:\/\/www.rabaini.it\/de\/wp-json\/wp\/v2\/media?parent=121253"}],"wp:term":[{"taxonomy":"product_brand","embeddable":true,"href":"https:\/\/www.rabaini.it\/de\/wp-json\/wp\/v2\/product_brand?post=121253"},{"taxonomy":"product_cat","embeddable":true,"href":"https:\/\/www.rabaini.it\/de\/wp-json\/wp\/v2\/product_cat?post=121253"},{"taxonomy":"product_tag","embeddable":true,"href":"https:\/\/www.rabaini.it\/de\/wp-json\/wp\/v2\/product_tag?post=121253"}],"curies":[{"name":"wp","href":"https:\/\/api.w.org\/{rel}","templated":true}]}}