{"id":121062,"date":"2024-02-06T17:38:41","date_gmt":"2024-02-06T16:38:41","guid":{"rendered":"https:\/\/www.rabaini.it\/prodotto\/medalist-low-sneakers-aus-weissem-und-gruenem-leder\/"},"modified":"2024-02-06T17:38:41","modified_gmt":"2024-02-06T16:38:41","slug":"medalist-low-sneakers-aus-weissem-und-gruenem-leder","status":"publish","type":"product","link":"https:\/\/www.rabaini.it\/de\/medalist-low-sneakers-aus-weissem-und-gruenem-leder\/","title":{"rendered":"MEDALIST LOW SNEAKERS AUS WEISSEM UND GR\u00dcNEM LEDER"},"content":{"rendered":"<ul>\n<li>Artikelnummer: AULW LL60<\/li>\n<li>Farbe: Wei\u00df<\/li>\n<li>Obermaterial aus wei\u00dfem Leder mit N\u00e4hten, die die mehrschichtigen Eins\u00e4tze farblich abheben<\/li>\n<li>Perforierte Zehenpartie f\u00fcr optimale Atmungsaktivit\u00e4t<\/li>\n<li>Flache Baumwollschn\u00fcrsenkel<\/li>\n<li>Stoffzunge mit passendem, aufgen\u00e4htem Etikett<\/li>\n<li>Gepolsterter Schaft<\/li>\n<li>Ikonische gr\u00fcne Fersenlasche mit gepr\u00e4gtem Logo<\/li>\n<li>Futter aus Leder und Baumwollschwamm<\/li>\n<li>2 cm erh\u00f6hte Lederinnensohle mit Logo<\/li>\n<li>Gummisohle mit passendem Logo<\/li>\n<li>Sohlenh\u00f6he: 2,5\u20133,5 cm<\/li>\n<\/ul>\n","protected":false},"excerpt":{"rendered":"<p>Artikelnummer: AULW LL60 Farbe: Wei\u00df Obermaterial aus wei\u00dfem Leder mit N\u00e4hten, die die mehrschichtigen Eins\u00e4tze farblich abheben Perforierte Zehenpartie f\u00fcr optimale Atmungsaktivit\u00e4t Flache Baumwollschn\u00fcrsenkel Stoffzunge mit passendem, aufgen\u00e4htem Etikett Gepolsterter Schaft Ikonische gr\u00fcne Fersenlasche mit gepr\u00e4gtem Logo Futter aus Leder und Baumwollschwamm 2 cm erh\u00f6hte Lederinnensohle mit Logo Gummisohle mit passendem Logo Sohlenh\u00f6he: 2,5\u20133,5 cm<\/p>\n","protected":false},"featured_media":76152,"template":"","meta":{"_acf_changed":false},"product_brand":[],"product_cat":[1273,1310,1318],"product_tag":[1524],"class_list":{"0":"post-121062","1":"product","2":"type-product","3":"status-publish","4":"has-post-thumbnail","6":"product_cat-damen","7":"product_cat-damenschuhe","8":"product_cat-turnschuhe-damen","9":"product_tag-ss24-de","10":"marca-autry-de","12":"first","13":"instock","14":"shipping-taxable","15":"purchasable","16":"product-type-variable"},"acf":[],"yoast_head":"<!-- This site is optimized with the Yoast SEO plugin v27.2 - https:\/\/yoast.com\/product\/yoast-seo-wordpress\/ -->\n<title>MEDALIST LOW SNEAKERS AUS WEISSEM UND GR\u00dcNEM LEDER - Rabaini<\/title>\n<meta name=\"robots\" content=\"index, follow, max-snippet:-1, max-image-preview:large, max-video-preview:-1\" \/>\n<link rel=\"canonical\" href=\"https:\/\/www.rabaini.it\/de\/medalist-low-sneakers-aus-weissem-und-gruenem-leder\/\" \/>\n<meta property=\"og:locale\" content=\"de_DE\" \/>\n<meta property=\"og:type\" content=\"article\" \/>\n<meta property=\"og:title\" content=\"MEDALIST LOW SNEAKERS AUS WEISSEM UND GR\u00dcNEM LEDER - Rabaini\" \/>\n<meta property=\"og:description\" content=\"Artikelnummer: AULW LL60 Farbe: Wei\u00df Obermaterial aus wei\u00dfem Leder mit N\u00e4hten, die die mehrschichtigen Eins\u00e4tze farblich abheben Perforierte Zehenpartie f\u00fcr optimale Atmungsaktivit\u00e4t Flache Baumwollschn\u00fcrsenkel Stoffzunge mit passendem, aufgen\u00e4htem Etikett Gepolsterter Schaft Ikonische gr\u00fcne Fersenlasche mit gepr\u00e4gtem Logo Futter aus Leder und Baumwollschwamm 2 cm erh\u00f6hte Lederinnensohle mit Logo Gummisohle mit passendem Logo Sohlenh\u00f6he: 2,5\u20133,5 cm\" \/>\n<meta property=\"og:url\" content=\"https:\/\/www.rabaini.it\/de\/medalist-low-sneakers-aus-weissem-und-gruenem-leder\/\" \/>\n<meta property=\"og:site_name\" content=\"Rabaini\" \/>\n<meta property=\"og:image\" content=\"https:\/\/www.rabaini.it\/wp-content\/uploads\/2024\/02\/DSC_3190-1.jpg\" \/>\n\t<meta property=\"og:image:width\" content=\"1500\" \/>\n\t<meta property=\"og:image:height\" content=\"1500\" \/>\n\t<meta property=\"og:image:type\" content=\"image\/jpeg\" \/>\n<meta name=\"twitter:card\" content=\"summary_large_image\" \/>\n<script type=\"application\/ld+json\" class=\"yoast-schema-graph\">{\"@context\":\"https:\/\/schema.org\",\"@graph\":[{\"@type\":\"WebPage\",\"@id\":\"https:\/\/www.rabaini.it\/de\/medalist-low-sneakers-aus-weissem-und-gruenem-leder\/\",\"url\":\"https:\/\/www.rabaini.it\/de\/medalist-low-sneakers-aus-weissem-und-gruenem-leder\/\",\"name\":\"MEDALIST LOW SNEAKERS AUS WEISSEM UND GR\u00dcNEM LEDER - Rabaini\",\"isPartOf\":{\"@id\":\"https:\/\/www.rabaini.it\/de\/#website\"},\"primaryImageOfPage\":{\"@id\":\"https:\/\/www.rabaini.it\/de\/medalist-low-sneakers-aus-weissem-und-gruenem-leder\/#primaryimage\"},\"image\":{\"@id\":\"https:\/\/www.rabaini.it\/de\/medalist-low-sneakers-aus-weissem-und-gruenem-leder\/#primaryimage\"},\"thumbnailUrl\":\"https:\/\/www.rabaini.it\/wp-content\/uploads\/2024\/02\/DSC_3190-1.jpg\",\"datePublished\":\"2024-02-06T16:38:41+00:00\",\"breadcrumb\":{\"@id\":\"https:\/\/www.rabaini.it\/de\/medalist-low-sneakers-aus-weissem-und-gruenem-leder\/#breadcrumb\"},\"inLanguage\":\"de\",\"potentialAction\":[{\"@type\":\"ReadAction\",\"target\":[\"https:\/\/www.rabaini.it\/de\/medalist-low-sneakers-aus-weissem-und-gruenem-leder\/\"]}]},{\"@type\":\"ImageObject\",\"inLanguage\":\"de\",\"@id\":\"https:\/\/www.rabaini.it\/de\/medalist-low-sneakers-aus-weissem-und-gruenem-leder\/#primaryimage\",\"url\":\"https:\/\/www.rabaini.it\/wp-content\/uploads\/2024\/02\/DSC_3190-1.jpg\",\"contentUrl\":\"https:\/\/www.rabaini.it\/wp-content\/uploads\/2024\/02\/DSC_3190-1.jpg\",\"width\":1500,\"height\":1500},{\"@type\":\"BreadcrumbList\",\"@id\":\"https:\/\/www.rabaini.it\/de\/medalist-low-sneakers-aus-weissem-und-gruenem-leder\/#breadcrumb\",\"itemListElement\":[{\"@type\":\"ListItem\",\"position\":1,\"name\":\"Home\",\"item\":\"https:\/\/www.rabaini.it\/de\/homepage\/\"},{\"@type\":\"ListItem\",\"position\":2,\"name\":\"Gesch\u00e4ft\",\"item\":\"https:\/\/www.rabaini.it\/geschaeft\/\"},{\"@type\":\"ListItem\",\"position\":3,\"name\":\"Damen\",\"item\":\"https:\/\/www.rabaini.it\/de\/damen\/\"},{\"@type\":\"ListItem\",\"position\":4,\"name\":\"MEDALIST LOW SNEAKERS AUS WEISSEM UND GR\u00dcNEM LEDER\"}]},{\"@type\":\"WebSite\",\"@id\":\"https:\/\/www.rabaini.it\/de\/#website\",\"url\":\"https:\/\/www.rabaini.it\/de\/\",\"name\":\"Rabaini\",\"description\":\"\",\"potentialAction\":[{\"@type\":\"SearchAction\",\"target\":{\"@type\":\"EntryPoint\",\"urlTemplate\":\"https:\/\/www.rabaini.it\/de\/?s={search_term_string}\"},\"query-input\":{\"@type\":\"PropertyValueSpecification\",\"valueRequired\":true,\"valueName\":\"search_term_string\"}}],\"inLanguage\":\"de\"}]}<\/script>\n<!-- \/ Yoast SEO plugin. -->","yoast_head_json":{"title":"MEDALIST LOW SNEAKERS AUS WEISSEM UND GR\u00dcNEM LEDER - Rabaini","robots":{"index":"index","follow":"follow","max-snippet":"max-snippet:-1","max-image-preview":"max-image-preview:large","max-video-preview":"max-video-preview:-1"},"canonical":"https:\/\/www.rabaini.it\/de\/medalist-low-sneakers-aus-weissem-und-gruenem-leder\/","og_locale":"de_DE","og_type":"article","og_title":"MEDALIST LOW SNEAKERS AUS WEISSEM UND GR\u00dcNEM LEDER - Rabaini","og_description":"Artikelnummer: AULW LL60 Farbe: Wei\u00df Obermaterial aus wei\u00dfem Leder mit N\u00e4hten, die die mehrschichtigen Eins\u00e4tze farblich abheben Perforierte Zehenpartie f\u00fcr optimale Atmungsaktivit\u00e4t Flache Baumwollschn\u00fcrsenkel Stoffzunge mit passendem, aufgen\u00e4htem Etikett Gepolsterter Schaft Ikonische gr\u00fcne Fersenlasche mit gepr\u00e4gtem Logo Futter aus Leder und Baumwollschwamm 2 cm erh\u00f6hte Lederinnensohle mit Logo Gummisohle mit passendem Logo Sohlenh\u00f6he: 2,5\u20133,5 cm","og_url":"https:\/\/www.rabaini.it\/de\/medalist-low-sneakers-aus-weissem-und-gruenem-leder\/","og_site_name":"Rabaini","og_image":[{"width":1500,"height":1500,"url":"https:\/\/www.rabaini.it\/wp-content\/uploads\/2024\/02\/DSC_3190-1.jpg","type":"image\/jpeg"}],"twitter_card":"summary_large_image","schema":{"@context":"https:\/\/schema.org","@graph":[{"@type":"WebPage","@id":"https:\/\/www.rabaini.it\/de\/medalist-low-sneakers-aus-weissem-und-gruenem-leder\/","url":"https:\/\/www.rabaini.it\/de\/medalist-low-sneakers-aus-weissem-und-gruenem-leder\/","name":"MEDALIST LOW SNEAKERS AUS WEISSEM UND GR\u00dcNEM LEDER - Rabaini","isPartOf":{"@id":"https:\/\/www.rabaini.it\/de\/#website"},"primaryImageOfPage":{"@id":"https:\/\/www.rabaini.it\/de\/medalist-low-sneakers-aus-weissem-und-gruenem-leder\/#primaryimage"},"image":{"@id":"https:\/\/www.rabaini.it\/de\/medalist-low-sneakers-aus-weissem-und-gruenem-leder\/#primaryimage"},"thumbnailUrl":"https:\/\/www.rabaini.it\/wp-content\/uploads\/2024\/02\/DSC_3190-1.jpg","datePublished":"2024-02-06T16:38:41+00:00","breadcrumb":{"@id":"https:\/\/www.rabaini.it\/de\/medalist-low-sneakers-aus-weissem-und-gruenem-leder\/#breadcrumb"},"inLanguage":"de","potentialAction":[{"@type":"ReadAction","target":["https:\/\/www.rabaini.it\/de\/medalist-low-sneakers-aus-weissem-und-gruenem-leder\/"]}]},{"@type":"ImageObject","inLanguage":"de","@id":"https:\/\/www.rabaini.it\/de\/medalist-low-sneakers-aus-weissem-und-gruenem-leder\/#primaryimage","url":"https:\/\/www.rabaini.it\/wp-content\/uploads\/2024\/02\/DSC_3190-1.jpg","contentUrl":"https:\/\/www.rabaini.it\/wp-content\/uploads\/2024\/02\/DSC_3190-1.jpg","width":1500,"height":1500},{"@type":"BreadcrumbList","@id":"https:\/\/www.rabaini.it\/de\/medalist-low-sneakers-aus-weissem-und-gruenem-leder\/#breadcrumb","itemListElement":[{"@type":"ListItem","position":1,"name":"Home","item":"https:\/\/www.rabaini.it\/de\/homepage\/"},{"@type":"ListItem","position":2,"name":"Gesch\u00e4ft","item":"https:\/\/www.rabaini.it\/geschaeft\/"},{"@type":"ListItem","position":3,"name":"Damen","item":"https:\/\/www.rabaini.it\/de\/damen\/"},{"@type":"ListItem","position":4,"name":"MEDALIST LOW SNEAKERS AUS WEISSEM UND GR\u00dcNEM LEDER"}]},{"@type":"WebSite","@id":"https:\/\/www.rabaini.it\/de\/#website","url":"https:\/\/www.rabaini.it\/de\/","name":"Rabaini","description":"","potentialAction":[{"@type":"SearchAction","target":{"@type":"EntryPoint","urlTemplate":"https:\/\/www.rabaini.it\/de\/?s={search_term_string}"},"query-input":{"@type":"PropertyValueSpecification","valueRequired":true,"valueName":"search_term_string"}}],"inLanguage":"de"}]}},"_links":{"self":[{"href":"https:\/\/www.rabaini.it\/de\/wp-json\/wp\/v2\/product\/121062","targetHints":{"allow":["GET"]}}],"collection":[{"href":"https:\/\/www.rabaini.it\/de\/wp-json\/wp\/v2\/product"}],"about":[{"href":"https:\/\/www.rabaini.it\/de\/wp-json\/wp\/v2\/types\/product"}],"wp:featuredmedia":[{"embeddable":true,"href":"https:\/\/www.rabaini.it\/de\/wp-json\/wp\/v2\/media\/76152"}],"wp:attachment":[{"href":"https:\/\/www.rabaini.it\/de\/wp-json\/wp\/v2\/media?parent=121062"}],"wp:term":[{"taxonomy":"product_brand","embeddable":true,"href":"https:\/\/www.rabaini.it\/de\/wp-json\/wp\/v2\/product_brand?post=121062"},{"taxonomy":"product_cat","embeddable":true,"href":"https:\/\/www.rabaini.it\/de\/wp-json\/wp\/v2\/product_cat?post=121062"},{"taxonomy":"product_tag","embeddable":true,"href":"https:\/\/www.rabaini.it\/de\/wp-json\/wp\/v2\/product_tag?post=121062"}],"curies":[{"name":"wp","href":"https:\/\/api.w.org\/{rel}","templated":true}]}}