{"id":121034,"date":"2024-02-13T17:52:30","date_gmt":"2024-02-13T16:52:30","guid":{"rendered":"https:\/\/www.rabaini.it\/prodotto\/medalist-low-sneakers-aus-weissem-leder-2\/"},"modified":"2024-02-13T17:52:30","modified_gmt":"2024-02-13T16:52:30","slug":"medalist-low-sneakers-aus-weissem-leder-2","status":"publish","type":"product","link":"https:\/\/www.rabaini.it\/de\/medalist-low-sneakers-aus-weissem-leder-2\/","title":{"rendered":"MEDALIST LOW SNEAKERS AUS WEISSEM LEDER"},"content":{"rendered":"<ul>\n<li>Artikelnummer: AULM LL15<\/li>\n<li>Farbe: Wei\u00df<\/li>\n<li>Obermaterial aus wei\u00dfem Leder mit N\u00e4hten, die die mehrschichtigen Eins\u00e4tze farblich abheben<\/li>\n<li>Perforierte Zehenpartie f\u00fcr bessere Atmungsaktivit\u00e4t<\/li>\n<li>Flache Baumwollschn\u00fcrsenkel<\/li>\n<li>Stoffzunge mit passendem, aufgen\u00e4htem Etikett<\/li>\n<li>Gepolsterter Schaft<\/li>\n<li>Ikonische wei\u00dfe Fersenlasche mit gepr\u00e4gtem Logo<\/li>\n<li>Futter aus Leder und Baumwollschwamm<\/li>\n<li>2 cm erh\u00f6hte Lederinnensohle mit Logo<\/li>\n<li>Gummisohle mit passendem Logo<\/li>\n<li>Sohlenh\u00f6he: 2,5\u20133,5 cm<\/li>\n<li>Obermaterial: Leder<\/li>\n<li>Sohlenmaterial: Gummi<\/li>\n<\/ul>\n","protected":false},"excerpt":{"rendered":"<p>Artikelnummer: AULM LL15 Farbe: Wei\u00df Obermaterial aus wei\u00dfem Leder mit N\u00e4hten, die die mehrschichtigen Eins\u00e4tze farblich abheben Perforierte Zehenpartie f\u00fcr bessere Atmungsaktivit\u00e4t Flache Baumwollschn\u00fcrsenkel Stoffzunge mit passendem, aufgen\u00e4htem Etikett Gepolsterter Schaft Ikonische wei\u00dfe Fersenlasche mit gepr\u00e4gtem Logo Futter aus Leder und Baumwollschwamm 2 cm erh\u00f6hte Lederinnensohle mit Logo Gummisohle mit passendem Logo Sohlenh\u00f6he: 2,5\u20133,5 cm&hellip;<\/p>\n","protected":false},"featured_media":76798,"template":"","meta":{"_acf_changed":false},"product_brand":[],"product_cat":[1324,1358,1361],"product_tag":[1664],"class_list":{"0":"post-121034","1":"product","2":"type-product","3":"status-publish","4":"has-post-thumbnail","6":"product_cat-herren","7":"product_cat-herrenschuhe","8":"product_cat-turnschuhe-herren","9":"product_tag-fw25-de","10":"marca-autry-de","12":"first","13":"instock","14":"shipping-taxable","15":"purchasable","16":"product-type-variable"},"acf":[],"yoast_head":"<!-- This site is optimized with the Yoast SEO plugin v27.2 - https:\/\/yoast.com\/product\/yoast-seo-wordpress\/ -->\n<title>MEDALIST LOW SNEAKERS AUS WEISSEM LEDER - Rabaini<\/title>\n<meta name=\"robots\" content=\"index, follow, max-snippet:-1, max-image-preview:large, max-video-preview:-1\" \/>\n<link rel=\"canonical\" href=\"https:\/\/www.rabaini.it\/de\/medalist-low-sneakers-aus-weissem-leder-2\/\" \/>\n<meta property=\"og:locale\" content=\"de_DE\" \/>\n<meta property=\"og:type\" content=\"article\" \/>\n<meta property=\"og:title\" content=\"MEDALIST LOW SNEAKERS AUS WEISSEM LEDER - Rabaini\" \/>\n<meta property=\"og:description\" content=\"Artikelnummer: AULM LL15 Farbe: Wei\u00df Obermaterial aus wei\u00dfem Leder mit N\u00e4hten, die die mehrschichtigen Eins\u00e4tze farblich abheben Perforierte Zehenpartie f\u00fcr bessere Atmungsaktivit\u00e4t Flache Baumwollschn\u00fcrsenkel Stoffzunge mit passendem, aufgen\u00e4htem Etikett Gepolsterter Schaft Ikonische wei\u00dfe Fersenlasche mit gepr\u00e4gtem Logo Futter aus Leder und Baumwollschwamm 2 cm erh\u00f6hte Lederinnensohle mit Logo Gummisohle mit passendem Logo Sohlenh\u00f6he: 2,5\u20133,5 cm&hellip;\" \/>\n<meta property=\"og:url\" content=\"https:\/\/www.rabaini.it\/de\/medalist-low-sneakers-aus-weissem-leder-2\/\" \/>\n<meta property=\"og:site_name\" content=\"Rabaini\" \/>\n<meta property=\"og:image\" content=\"https:\/\/www.rabaini.it\/wp-content\/uploads\/2024\/02\/DSC_3319.jpg\" \/>\n\t<meta property=\"og:image:width\" content=\"1500\" \/>\n\t<meta property=\"og:image:height\" content=\"1500\" \/>\n\t<meta property=\"og:image:type\" content=\"image\/jpeg\" \/>\n<meta name=\"twitter:card\" content=\"summary_large_image\" \/>\n<script type=\"application\/ld+json\" class=\"yoast-schema-graph\">{\"@context\":\"https:\/\/schema.org\",\"@graph\":[{\"@type\":\"WebPage\",\"@id\":\"https:\/\/www.rabaini.it\/de\/medalist-low-sneakers-aus-weissem-leder-2\/\",\"url\":\"https:\/\/www.rabaini.it\/de\/medalist-low-sneakers-aus-weissem-leder-2\/\",\"name\":\"MEDALIST LOW SNEAKERS AUS WEISSEM LEDER - Rabaini\",\"isPartOf\":{\"@id\":\"https:\/\/www.rabaini.it\/de\/#website\"},\"primaryImageOfPage\":{\"@id\":\"https:\/\/www.rabaini.it\/de\/medalist-low-sneakers-aus-weissem-leder-2\/#primaryimage\"},\"image\":{\"@id\":\"https:\/\/www.rabaini.it\/de\/medalist-low-sneakers-aus-weissem-leder-2\/#primaryimage\"},\"thumbnailUrl\":\"https:\/\/www.rabaini.it\/wp-content\/uploads\/2024\/02\/DSC_3319.jpg\",\"datePublished\":\"2024-02-13T16:52:30+00:00\",\"breadcrumb\":{\"@id\":\"https:\/\/www.rabaini.it\/de\/medalist-low-sneakers-aus-weissem-leder-2\/#breadcrumb\"},\"inLanguage\":\"de\",\"potentialAction\":[{\"@type\":\"ReadAction\",\"target\":[\"https:\/\/www.rabaini.it\/de\/medalist-low-sneakers-aus-weissem-leder-2\/\"]}]},{\"@type\":\"ImageObject\",\"inLanguage\":\"de\",\"@id\":\"https:\/\/www.rabaini.it\/de\/medalist-low-sneakers-aus-weissem-leder-2\/#primaryimage\",\"url\":\"https:\/\/www.rabaini.it\/wp-content\/uploads\/2024\/02\/DSC_3319.jpg\",\"contentUrl\":\"https:\/\/www.rabaini.it\/wp-content\/uploads\/2024\/02\/DSC_3319.jpg\",\"width\":1500,\"height\":1500},{\"@type\":\"BreadcrumbList\",\"@id\":\"https:\/\/www.rabaini.it\/de\/medalist-low-sneakers-aus-weissem-leder-2\/#breadcrumb\",\"itemListElement\":[{\"@type\":\"ListItem\",\"position\":1,\"name\":\"Home\",\"item\":\"https:\/\/www.rabaini.it\/de\/homepage\/\"},{\"@type\":\"ListItem\",\"position\":2,\"name\":\"Gesch\u00e4ft\",\"item\":\"https:\/\/www.rabaini.it\/geschaeft\/\"},{\"@type\":\"ListItem\",\"position\":3,\"name\":\"Herren\",\"item\":\"https:\/\/www.rabaini.it\/de\/herren\/\"},{\"@type\":\"ListItem\",\"position\":4,\"name\":\"Neuheiten f\u00fcr Herren\",\"item\":\"https:\/\/www.rabaini.it\/de\/neuheiten-fur-herren\/\"},{\"@type\":\"ListItem\",\"position\":5,\"name\":\"MEDALIST LOW SNEAKERS AUS WEISSEM LEDER\"}]},{\"@type\":\"WebSite\",\"@id\":\"https:\/\/www.rabaini.it\/de\/#website\",\"url\":\"https:\/\/www.rabaini.it\/de\/\",\"name\":\"Rabaini\",\"description\":\"\",\"potentialAction\":[{\"@type\":\"SearchAction\",\"target\":{\"@type\":\"EntryPoint\",\"urlTemplate\":\"https:\/\/www.rabaini.it\/de\/?s={search_term_string}\"},\"query-input\":{\"@type\":\"PropertyValueSpecification\",\"valueRequired\":true,\"valueName\":\"search_term_string\"}}],\"inLanguage\":\"de\"}]}<\/script>\n<!-- \/ Yoast SEO plugin. -->","yoast_head_json":{"title":"MEDALIST LOW SNEAKERS AUS WEISSEM LEDER - Rabaini","robots":{"index":"index","follow":"follow","max-snippet":"max-snippet:-1","max-image-preview":"max-image-preview:large","max-video-preview":"max-video-preview:-1"},"canonical":"https:\/\/www.rabaini.it\/de\/medalist-low-sneakers-aus-weissem-leder-2\/","og_locale":"de_DE","og_type":"article","og_title":"MEDALIST LOW SNEAKERS AUS WEISSEM LEDER - Rabaini","og_description":"Artikelnummer: AULM LL15 Farbe: Wei\u00df Obermaterial aus wei\u00dfem Leder mit N\u00e4hten, die die mehrschichtigen Eins\u00e4tze farblich abheben Perforierte Zehenpartie f\u00fcr bessere Atmungsaktivit\u00e4t Flache Baumwollschn\u00fcrsenkel Stoffzunge mit passendem, aufgen\u00e4htem Etikett Gepolsterter Schaft Ikonische wei\u00dfe Fersenlasche mit gepr\u00e4gtem Logo Futter aus Leder und Baumwollschwamm 2 cm erh\u00f6hte Lederinnensohle mit Logo Gummisohle mit passendem Logo Sohlenh\u00f6he: 2,5\u20133,5 cm&hellip;","og_url":"https:\/\/www.rabaini.it\/de\/medalist-low-sneakers-aus-weissem-leder-2\/","og_site_name":"Rabaini","og_image":[{"width":1500,"height":1500,"url":"https:\/\/www.rabaini.it\/wp-content\/uploads\/2024\/02\/DSC_3319.jpg","type":"image\/jpeg"}],"twitter_card":"summary_large_image","schema":{"@context":"https:\/\/schema.org","@graph":[{"@type":"WebPage","@id":"https:\/\/www.rabaini.it\/de\/medalist-low-sneakers-aus-weissem-leder-2\/","url":"https:\/\/www.rabaini.it\/de\/medalist-low-sneakers-aus-weissem-leder-2\/","name":"MEDALIST LOW SNEAKERS AUS WEISSEM LEDER - Rabaini","isPartOf":{"@id":"https:\/\/www.rabaini.it\/de\/#website"},"primaryImageOfPage":{"@id":"https:\/\/www.rabaini.it\/de\/medalist-low-sneakers-aus-weissem-leder-2\/#primaryimage"},"image":{"@id":"https:\/\/www.rabaini.it\/de\/medalist-low-sneakers-aus-weissem-leder-2\/#primaryimage"},"thumbnailUrl":"https:\/\/www.rabaini.it\/wp-content\/uploads\/2024\/02\/DSC_3319.jpg","datePublished":"2024-02-13T16:52:30+00:00","breadcrumb":{"@id":"https:\/\/www.rabaini.it\/de\/medalist-low-sneakers-aus-weissem-leder-2\/#breadcrumb"},"inLanguage":"de","potentialAction":[{"@type":"ReadAction","target":["https:\/\/www.rabaini.it\/de\/medalist-low-sneakers-aus-weissem-leder-2\/"]}]},{"@type":"ImageObject","inLanguage":"de","@id":"https:\/\/www.rabaini.it\/de\/medalist-low-sneakers-aus-weissem-leder-2\/#primaryimage","url":"https:\/\/www.rabaini.it\/wp-content\/uploads\/2024\/02\/DSC_3319.jpg","contentUrl":"https:\/\/www.rabaini.it\/wp-content\/uploads\/2024\/02\/DSC_3319.jpg","width":1500,"height":1500},{"@type":"BreadcrumbList","@id":"https:\/\/www.rabaini.it\/de\/medalist-low-sneakers-aus-weissem-leder-2\/#breadcrumb","itemListElement":[{"@type":"ListItem","position":1,"name":"Home","item":"https:\/\/www.rabaini.it\/de\/homepage\/"},{"@type":"ListItem","position":2,"name":"Gesch\u00e4ft","item":"https:\/\/www.rabaini.it\/geschaeft\/"},{"@type":"ListItem","position":3,"name":"Herren","item":"https:\/\/www.rabaini.it\/de\/herren\/"},{"@type":"ListItem","position":4,"name":"Neuheiten f\u00fcr Herren","item":"https:\/\/www.rabaini.it\/de\/neuheiten-fur-herren\/"},{"@type":"ListItem","position":5,"name":"MEDALIST LOW SNEAKERS AUS WEISSEM LEDER"}]},{"@type":"WebSite","@id":"https:\/\/www.rabaini.it\/de\/#website","url":"https:\/\/www.rabaini.it\/de\/","name":"Rabaini","description":"","potentialAction":[{"@type":"SearchAction","target":{"@type":"EntryPoint","urlTemplate":"https:\/\/www.rabaini.it\/de\/?s={search_term_string}"},"query-input":{"@type":"PropertyValueSpecification","valueRequired":true,"valueName":"search_term_string"}}],"inLanguage":"de"}]}},"_links":{"self":[{"href":"https:\/\/www.rabaini.it\/de\/wp-json\/wp\/v2\/product\/121034","targetHints":{"allow":["GET"]}}],"collection":[{"href":"https:\/\/www.rabaini.it\/de\/wp-json\/wp\/v2\/product"}],"about":[{"href":"https:\/\/www.rabaini.it\/de\/wp-json\/wp\/v2\/types\/product"}],"wp:featuredmedia":[{"embeddable":true,"href":"https:\/\/www.rabaini.it\/de\/wp-json\/wp\/v2\/media\/76798"}],"wp:attachment":[{"href":"https:\/\/www.rabaini.it\/de\/wp-json\/wp\/v2\/media?parent=121034"}],"wp:term":[{"taxonomy":"product_brand","embeddable":true,"href":"https:\/\/www.rabaini.it\/de\/wp-json\/wp\/v2\/product_brand?post=121034"},{"taxonomy":"product_cat","embeddable":true,"href":"https:\/\/www.rabaini.it\/de\/wp-json\/wp\/v2\/product_cat?post=121034"},{"taxonomy":"product_tag","embeddable":true,"href":"https:\/\/www.rabaini.it\/de\/wp-json\/wp\/v2\/product_tag?post=121034"}],"curies":[{"name":"wp","href":"https:\/\/api.w.org\/{rel}","templated":true}]}}