{"id":120365,"date":"2024-04-15T11:37:24","date_gmt":"2024-04-15T09:37:24","guid":{"rendered":"https:\/\/www.rabaini.it\/prodotto\/wickelkleid-aus-popeline-in-fuchsia\/"},"modified":"2024-04-15T11:37:24","modified_gmt":"2024-04-15T09:37:24","slug":"wickelkleid-aus-popeline-in-fuchsia","status":"publish","type":"product","link":"https:\/\/www.rabaini.it\/de\/wickelkleid-aus-popeline-in-fuchsia\/","title":{"rendered":"Wickelkleid aus Popeline in Fuchsia"},"content":{"rendered":"<ul>\n<li>Artikelnummer: ALATRI<\/li>\n<li>Farbe: Fuchsia<\/li>\n<li>Midikleid aus reiner Baumwollpopeline mit femininer Silhouette und \u00fcberkreuztem V-Ausschnitt<\/li>\n<li>Kurze \u00c4rmel und seitlich eingesetzte Taschen<\/li>\n<li>Der weite Rock ist mit einem halbgen\u00e4hten Faltenmuster versehen, w\u00e4hrend der passende G\u00fcrtel die Taille betont<\/li>\n<li>Rei\u00dfverschluss auf der linken Seite<\/li>\n<li>Material: 100 % Baumwolle<\/li>\n<\/ul>\n","protected":false},"excerpt":{"rendered":"<p>Artikelnummer: ALATRI Farbe: Fuchsia Midikleid aus reiner Baumwollpopeline mit femininer Silhouette und \u00fcberkreuztem V-Ausschnitt Kurze \u00c4rmel und seitlich eingesetzte Taschen Der weite Rock ist mit einem halbgen\u00e4hten Faltenmuster versehen, w\u00e4hrend der passende G\u00fcrtel die Taille betont Rei\u00dfverschluss auf der linken Seite Material: 100 % Baumwolle<\/p>\n","protected":false},"featured_media":83645,"template":"","meta":{"_acf_changed":false},"product_brand":[],"product_cat":[1273,1274,1275],"product_tag":[1524],"class_list":{"0":"post-120365","1":"product","2":"type-product","3":"status-publish","4":"has-post-thumbnail","6":"product_cat-damen","7":"product_cat-damenbekleidung","8":"product_cat-kleidung-damen","9":"product_tag-ss24-de","10":"marca-max-mara-de","12":"first","13":"instock","14":"shipping-taxable","15":"purchasable","16":"product-type-variable"},"acf":[],"yoast_head":"<!-- This site is optimized with the Yoast SEO plugin v27.2 - https:\/\/yoast.com\/product\/yoast-seo-wordpress\/ -->\n<title>Wickelkleid aus Popeline in Fuchsia - Rabaini<\/title>\n<meta name=\"robots\" content=\"index, follow, max-snippet:-1, max-image-preview:large, max-video-preview:-1\" \/>\n<link rel=\"canonical\" href=\"https:\/\/www.rabaini.it\/de\/wickelkleid-aus-popeline-in-fuchsia\/\" \/>\n<meta property=\"og:locale\" content=\"de_DE\" \/>\n<meta property=\"og:type\" content=\"article\" \/>\n<meta property=\"og:title\" content=\"Wickelkleid aus Popeline in Fuchsia - Rabaini\" \/>\n<meta property=\"og:description\" content=\"Artikelnummer: ALATRI Farbe: Fuchsia Midikleid aus reiner Baumwollpopeline mit femininer Silhouette und \u00fcberkreuztem V-Ausschnitt Kurze \u00c4rmel und seitlich eingesetzte Taschen Der weite Rock ist mit einem halbgen\u00e4hten Faltenmuster versehen, w\u00e4hrend der passende G\u00fcrtel die Taille betont Rei\u00dfverschluss auf der linken Seite Material: 100 % Baumwolle\" \/>\n<meta property=\"og:url\" content=\"https:\/\/www.rabaini.it\/de\/wickelkleid-aus-popeline-in-fuchsia\/\" \/>\n<meta property=\"og:site_name\" content=\"Rabaini\" \/>\n<meta property=\"og:image\" content=\"https:\/\/www.rabaini.it\/wp-content\/uploads\/2024\/04\/8.1-2.jpg\" \/>\n\t<meta property=\"og:image:width\" content=\"1500\" \/>\n\t<meta property=\"og:image:height\" content=\"1500\" \/>\n\t<meta property=\"og:image:type\" content=\"image\/jpeg\" \/>\n<meta name=\"twitter:card\" content=\"summary_large_image\" \/>\n<script type=\"application\/ld+json\" class=\"yoast-schema-graph\">{\"@context\":\"https:\/\/schema.org\",\"@graph\":[{\"@type\":\"WebPage\",\"@id\":\"https:\/\/www.rabaini.it\/de\/wickelkleid-aus-popeline-in-fuchsia\/\",\"url\":\"https:\/\/www.rabaini.it\/de\/wickelkleid-aus-popeline-in-fuchsia\/\",\"name\":\"Wickelkleid aus Popeline in Fuchsia - Rabaini\",\"isPartOf\":{\"@id\":\"https:\/\/www.rabaini.it\/de\/#website\"},\"primaryImageOfPage\":{\"@id\":\"https:\/\/www.rabaini.it\/de\/wickelkleid-aus-popeline-in-fuchsia\/#primaryimage\"},\"image\":{\"@id\":\"https:\/\/www.rabaini.it\/de\/wickelkleid-aus-popeline-in-fuchsia\/#primaryimage\"},\"thumbnailUrl\":\"https:\/\/www.rabaini.it\/wp-content\/uploads\/2024\/04\/8.1-2.jpg\",\"datePublished\":\"2024-04-15T09:37:24+00:00\",\"breadcrumb\":{\"@id\":\"https:\/\/www.rabaini.it\/de\/wickelkleid-aus-popeline-in-fuchsia\/#breadcrumb\"},\"inLanguage\":\"de\",\"potentialAction\":[{\"@type\":\"ReadAction\",\"target\":[\"https:\/\/www.rabaini.it\/de\/wickelkleid-aus-popeline-in-fuchsia\/\"]}]},{\"@type\":\"ImageObject\",\"inLanguage\":\"de\",\"@id\":\"https:\/\/www.rabaini.it\/de\/wickelkleid-aus-popeline-in-fuchsia\/#primaryimage\",\"url\":\"https:\/\/www.rabaini.it\/wp-content\/uploads\/2024\/04\/8.1-2.jpg\",\"contentUrl\":\"https:\/\/www.rabaini.it\/wp-content\/uploads\/2024\/04\/8.1-2.jpg\",\"width\":1500,\"height\":1500},{\"@type\":\"BreadcrumbList\",\"@id\":\"https:\/\/www.rabaini.it\/de\/wickelkleid-aus-popeline-in-fuchsia\/#breadcrumb\",\"itemListElement\":[{\"@type\":\"ListItem\",\"position\":1,\"name\":\"Home\",\"item\":\"https:\/\/www.rabaini.it\/de\/homepage\/\"},{\"@type\":\"ListItem\",\"position\":2,\"name\":\"Gesch\u00e4ft\",\"item\":\"https:\/\/www.rabaini.it\/geschaeft\/\"},{\"@type\":\"ListItem\",\"position\":3,\"name\":\"Damen\",\"item\":\"https:\/\/www.rabaini.it\/de\/damen\/\"},{\"@type\":\"ListItem\",\"position\":4,\"name\":\"Wickelkleid aus Popeline in Fuchsia\"}]},{\"@type\":\"WebSite\",\"@id\":\"https:\/\/www.rabaini.it\/de\/#website\",\"url\":\"https:\/\/www.rabaini.it\/de\/\",\"name\":\"Rabaini\",\"description\":\"\",\"potentialAction\":[{\"@type\":\"SearchAction\",\"target\":{\"@type\":\"EntryPoint\",\"urlTemplate\":\"https:\/\/www.rabaini.it\/de\/?s={search_term_string}\"},\"query-input\":{\"@type\":\"PropertyValueSpecification\",\"valueRequired\":true,\"valueName\":\"search_term_string\"}}],\"inLanguage\":\"de\"}]}<\/script>\n<!-- \/ Yoast SEO plugin. -->","yoast_head_json":{"title":"Wickelkleid aus Popeline in Fuchsia - Rabaini","robots":{"index":"index","follow":"follow","max-snippet":"max-snippet:-1","max-image-preview":"max-image-preview:large","max-video-preview":"max-video-preview:-1"},"canonical":"https:\/\/www.rabaini.it\/de\/wickelkleid-aus-popeline-in-fuchsia\/","og_locale":"de_DE","og_type":"article","og_title":"Wickelkleid aus Popeline in Fuchsia - Rabaini","og_description":"Artikelnummer: ALATRI Farbe: Fuchsia Midikleid aus reiner Baumwollpopeline mit femininer Silhouette und \u00fcberkreuztem V-Ausschnitt Kurze \u00c4rmel und seitlich eingesetzte Taschen Der weite Rock ist mit einem halbgen\u00e4hten Faltenmuster versehen, w\u00e4hrend der passende G\u00fcrtel die Taille betont Rei\u00dfverschluss auf der linken Seite Material: 100 % Baumwolle","og_url":"https:\/\/www.rabaini.it\/de\/wickelkleid-aus-popeline-in-fuchsia\/","og_site_name":"Rabaini","og_image":[{"width":1500,"height":1500,"url":"https:\/\/www.rabaini.it\/wp-content\/uploads\/2024\/04\/8.1-2.jpg","type":"image\/jpeg"}],"twitter_card":"summary_large_image","schema":{"@context":"https:\/\/schema.org","@graph":[{"@type":"WebPage","@id":"https:\/\/www.rabaini.it\/de\/wickelkleid-aus-popeline-in-fuchsia\/","url":"https:\/\/www.rabaini.it\/de\/wickelkleid-aus-popeline-in-fuchsia\/","name":"Wickelkleid aus Popeline in Fuchsia - Rabaini","isPartOf":{"@id":"https:\/\/www.rabaini.it\/de\/#website"},"primaryImageOfPage":{"@id":"https:\/\/www.rabaini.it\/de\/wickelkleid-aus-popeline-in-fuchsia\/#primaryimage"},"image":{"@id":"https:\/\/www.rabaini.it\/de\/wickelkleid-aus-popeline-in-fuchsia\/#primaryimage"},"thumbnailUrl":"https:\/\/www.rabaini.it\/wp-content\/uploads\/2024\/04\/8.1-2.jpg","datePublished":"2024-04-15T09:37:24+00:00","breadcrumb":{"@id":"https:\/\/www.rabaini.it\/de\/wickelkleid-aus-popeline-in-fuchsia\/#breadcrumb"},"inLanguage":"de","potentialAction":[{"@type":"ReadAction","target":["https:\/\/www.rabaini.it\/de\/wickelkleid-aus-popeline-in-fuchsia\/"]}]},{"@type":"ImageObject","inLanguage":"de","@id":"https:\/\/www.rabaini.it\/de\/wickelkleid-aus-popeline-in-fuchsia\/#primaryimage","url":"https:\/\/www.rabaini.it\/wp-content\/uploads\/2024\/04\/8.1-2.jpg","contentUrl":"https:\/\/www.rabaini.it\/wp-content\/uploads\/2024\/04\/8.1-2.jpg","width":1500,"height":1500},{"@type":"BreadcrumbList","@id":"https:\/\/www.rabaini.it\/de\/wickelkleid-aus-popeline-in-fuchsia\/#breadcrumb","itemListElement":[{"@type":"ListItem","position":1,"name":"Home","item":"https:\/\/www.rabaini.it\/de\/homepage\/"},{"@type":"ListItem","position":2,"name":"Gesch\u00e4ft","item":"https:\/\/www.rabaini.it\/geschaeft\/"},{"@type":"ListItem","position":3,"name":"Damen","item":"https:\/\/www.rabaini.it\/de\/damen\/"},{"@type":"ListItem","position":4,"name":"Wickelkleid aus Popeline in Fuchsia"}]},{"@type":"WebSite","@id":"https:\/\/www.rabaini.it\/de\/#website","url":"https:\/\/www.rabaini.it\/de\/","name":"Rabaini","description":"","potentialAction":[{"@type":"SearchAction","target":{"@type":"EntryPoint","urlTemplate":"https:\/\/www.rabaini.it\/de\/?s={search_term_string}"},"query-input":{"@type":"PropertyValueSpecification","valueRequired":true,"valueName":"search_term_string"}}],"inLanguage":"de"}]}},"_links":{"self":[{"href":"https:\/\/www.rabaini.it\/de\/wp-json\/wp\/v2\/product\/120365","targetHints":{"allow":["GET"]}}],"collection":[{"href":"https:\/\/www.rabaini.it\/de\/wp-json\/wp\/v2\/product"}],"about":[{"href":"https:\/\/www.rabaini.it\/de\/wp-json\/wp\/v2\/types\/product"}],"wp:featuredmedia":[{"embeddable":true,"href":"https:\/\/www.rabaini.it\/de\/wp-json\/wp\/v2\/media\/83645"}],"wp:attachment":[{"href":"https:\/\/www.rabaini.it\/de\/wp-json\/wp\/v2\/media?parent=120365"}],"wp:term":[{"taxonomy":"product_brand","embeddable":true,"href":"https:\/\/www.rabaini.it\/de\/wp-json\/wp\/v2\/product_brand?post=120365"},{"taxonomy":"product_cat","embeddable":true,"href":"https:\/\/www.rabaini.it\/de\/wp-json\/wp\/v2\/product_cat?post=120365"},{"taxonomy":"product_tag","embeddable":true,"href":"https:\/\/www.rabaini.it\/de\/wp-json\/wp\/v2\/product_tag?post=120365"}],"curies":[{"name":"wp","href":"https:\/\/api.w.org\/{rel}","templated":true}]}}