{"id":119191,"date":"2024-08-20T16:15:41","date_gmt":"2024-08-20T14:15:41","guid":{"rendered":"https:\/\/www.rabaini.it\/prodotto\/medalist-low-sneakers-aus-weissem-und-silbernem-leder-und-wildleder\/"},"modified":"2025-06-09T09:49:06","modified_gmt":"2025-06-09T07:49:06","slug":"medalist-low-sneakers-aus-weissem-und-silbernem-leder-und-wildleder","status":"publish","type":"product","link":"https:\/\/www.rabaini.it\/de\/medalist-low-sneakers-aus-weissem-und-silbernem-leder-und-wildleder\/","title":{"rendered":"MEDALIST LOW SNEAKERS AUS WEISSEM UND SILBERNEM LEDER UND WILDLEDER"},"content":{"rendered":"<ul>\n<li>Artikelnummer: AULW LS74<\/li>\n<li>Artikelfarbe: Wei\u00df und Silber<\/li>\n<li>Dieses Modell besticht durch seine weichen Wildledereins\u00e4tze, die dem Look eine coole und l\u00e4ssige Note verleihen. Die hintere Fersenlasche hat ein silbermetallisches Finish.<\/li>\n<li>Obermaterial aus Leder, Wildleder und Nylon<\/li>\n<li>Spitze mit Mikrol\u00f6chern<\/li>\n<li>Flache Baumwollschn\u00fcrsenkel<\/li>\n<li>Etikett mit Stickerei auf der Zunge<\/li>\n<li>Gepolsterter Schaft<\/li>\n<li>Futter aus Leder, Schaumstoff und Nylon<\/li>\n<li>2 cm erh\u00f6hte Lederinnensohle<\/li>\n<li>Gummisohle<\/li>\n<li>Sohlenh\u00f6he: 2,5\u20133,5 cm<\/li>\n<li>Personalisierte Stoff-Clutch<\/li>\n<li>Obermaterial: 70 % Rindsleder, 20 % Wildleder, 10 % Nylon<\/li>\n<li>Futter: 40 % Schweinsleder, 50 % Schaumstoff, 10 % Nylon<\/li>\n<li>Sohle: 100 % Gummi<\/li>\n<\/ul>\n","protected":false},"excerpt":{"rendered":"<p>Artikelnummer: AULW LS74 Artikelfarbe: Wei\u00df und Silber Dieses Modell besticht durch seine weichen Wildledereins\u00e4tze, die dem Look eine coole und l\u00e4ssige Note verleihen. Die hintere Fersenlasche hat ein silbermetallisches Finish. Obermaterial aus Leder, Wildleder und Nylon Spitze mit Mikrol\u00f6chern Flache Baumwollschn\u00fcrsenkel Etikett mit Stickerei auf der Zunge Gepolsterter Schaft Futter aus Leder, Schaumstoff und Nylon&hellip;<\/p>\n","protected":false},"featured_media":90495,"template":"","meta":{"_acf_changed":false},"product_brand":[],"product_cat":[1273,1310,1308,1318],"product_tag":[1522],"class_list":{"0":"post-119191","1":"product","2":"type-product","3":"status-publish","4":"has-post-thumbnail","6":"product_cat-damen","7":"product_cat-damenschuhe","8":"product_cat-neuheiten-fur-damen","9":"product_cat-turnschuhe-damen","10":"product_tag-fw24-de","11":"marca-autry-de","13":"first","14":"instock","15":"shipping-taxable","16":"purchasable","17":"product-type-variable"},"acf":[],"yoast_head":"<!-- This site is optimized with the Yoast SEO plugin v27.2 - https:\/\/yoast.com\/product\/yoast-seo-wordpress\/ -->\n<title>MEDALIST LOW SNEAKERS AUS WEISSEM UND SILBERNEM LEDER UND WILDLEDER - Rabaini<\/title>\n<meta name=\"robots\" content=\"index, follow, max-snippet:-1, max-image-preview:large, max-video-preview:-1\" \/>\n<link rel=\"canonical\" href=\"https:\/\/www.rabaini.it\/de\/medalist-low-sneakers-aus-weissem-und-silbernem-leder-und-wildleder\/\" \/>\n<meta property=\"og:locale\" content=\"de_DE\" \/>\n<meta property=\"og:type\" content=\"article\" \/>\n<meta property=\"og:title\" content=\"MEDALIST LOW SNEAKERS AUS WEISSEM UND SILBERNEM LEDER UND WILDLEDER - Rabaini\" \/>\n<meta property=\"og:description\" content=\"Artikelnummer: AULW LS74 Artikelfarbe: Wei\u00df und Silber Dieses Modell besticht durch seine weichen Wildledereins\u00e4tze, die dem Look eine coole und l\u00e4ssige Note verleihen. Die hintere Fersenlasche hat ein silbermetallisches Finish. Obermaterial aus Leder, Wildleder und Nylon Spitze mit Mikrol\u00f6chern Flache Baumwollschn\u00fcrsenkel Etikett mit Stickerei auf der Zunge Gepolsterter Schaft Futter aus Leder, Schaumstoff und Nylon&hellip;\" \/>\n<meta property=\"og:url\" content=\"https:\/\/www.rabaini.it\/de\/medalist-low-sneakers-aus-weissem-und-silbernem-leder-und-wildleder\/\" \/>\n<meta property=\"og:site_name\" content=\"Rabaini\" \/>\n<meta property=\"article:modified_time\" content=\"2025-06-09T07:49:06+00:00\" \/>\n<meta property=\"og:image\" content=\"https:\/\/www.rabaini.it\/wp-content\/uploads\/2024\/08\/DSC_5466.jpg\" \/>\n\t<meta property=\"og:image:width\" content=\"1500\" \/>\n\t<meta property=\"og:image:height\" content=\"1500\" \/>\n\t<meta property=\"og:image:type\" content=\"image\/jpeg\" \/>\n<meta name=\"twitter:card\" content=\"summary_large_image\" \/>\n<script type=\"application\/ld+json\" class=\"yoast-schema-graph\">{\"@context\":\"https:\/\/schema.org\",\"@graph\":[{\"@type\":\"WebPage\",\"@id\":\"https:\/\/www.rabaini.it\/de\/medalist-low-sneakers-aus-weissem-und-silbernem-leder-und-wildleder\/\",\"url\":\"https:\/\/www.rabaini.it\/de\/medalist-low-sneakers-aus-weissem-und-silbernem-leder-und-wildleder\/\",\"name\":\"MEDALIST LOW SNEAKERS AUS WEISSEM UND SILBERNEM LEDER UND WILDLEDER - Rabaini\",\"isPartOf\":{\"@id\":\"https:\/\/www.rabaini.it\/de\/#website\"},\"primaryImageOfPage\":{\"@id\":\"https:\/\/www.rabaini.it\/de\/medalist-low-sneakers-aus-weissem-und-silbernem-leder-und-wildleder\/#primaryimage\"},\"image\":{\"@id\":\"https:\/\/www.rabaini.it\/de\/medalist-low-sneakers-aus-weissem-und-silbernem-leder-und-wildleder\/#primaryimage\"},\"thumbnailUrl\":\"https:\/\/www.rabaini.it\/wp-content\/uploads\/2024\/08\/DSC_5466.jpg\",\"datePublished\":\"2024-08-20T14:15:41+00:00\",\"dateModified\":\"2025-06-09T07:49:06+00:00\",\"breadcrumb\":{\"@id\":\"https:\/\/www.rabaini.it\/de\/medalist-low-sneakers-aus-weissem-und-silbernem-leder-und-wildleder\/#breadcrumb\"},\"inLanguage\":\"de\",\"potentialAction\":[{\"@type\":\"ReadAction\",\"target\":[\"https:\/\/www.rabaini.it\/de\/medalist-low-sneakers-aus-weissem-und-silbernem-leder-und-wildleder\/\"]}]},{\"@type\":\"ImageObject\",\"inLanguage\":\"de\",\"@id\":\"https:\/\/www.rabaini.it\/de\/medalist-low-sneakers-aus-weissem-und-silbernem-leder-und-wildleder\/#primaryimage\",\"url\":\"https:\/\/www.rabaini.it\/wp-content\/uploads\/2024\/08\/DSC_5466.jpg\",\"contentUrl\":\"https:\/\/www.rabaini.it\/wp-content\/uploads\/2024\/08\/DSC_5466.jpg\",\"width\":1500,\"height\":1500},{\"@type\":\"BreadcrumbList\",\"@id\":\"https:\/\/www.rabaini.it\/de\/medalist-low-sneakers-aus-weissem-und-silbernem-leder-und-wildleder\/#breadcrumb\",\"itemListElement\":[{\"@type\":\"ListItem\",\"position\":1,\"name\":\"Home\",\"item\":\"https:\/\/www.rabaini.it\/de\/homepage\/\"},{\"@type\":\"ListItem\",\"position\":2,\"name\":\"Gesch\u00e4ft\",\"item\":\"https:\/\/www.rabaini.it\/geschaeft\/\"},{\"@type\":\"ListItem\",\"position\":3,\"name\":\"Damen\",\"item\":\"https:\/\/www.rabaini.it\/de\/damen\/\"},{\"@type\":\"ListItem\",\"position\":4,\"name\":\"MEDALIST LOW SNEAKERS AUS WEISSEM UND SILBERNEM LEDER UND WILDLEDER\"}]},{\"@type\":\"WebSite\",\"@id\":\"https:\/\/www.rabaini.it\/de\/#website\",\"url\":\"https:\/\/www.rabaini.it\/de\/\",\"name\":\"Rabaini\",\"description\":\"\",\"potentialAction\":[{\"@type\":\"SearchAction\",\"target\":{\"@type\":\"EntryPoint\",\"urlTemplate\":\"https:\/\/www.rabaini.it\/de\/?s={search_term_string}\"},\"query-input\":{\"@type\":\"PropertyValueSpecification\",\"valueRequired\":true,\"valueName\":\"search_term_string\"}}],\"inLanguage\":\"de\"}]}<\/script>\n<!-- \/ Yoast SEO plugin. -->","yoast_head_json":{"title":"MEDALIST LOW SNEAKERS AUS WEISSEM UND SILBERNEM LEDER UND WILDLEDER - Rabaini","robots":{"index":"index","follow":"follow","max-snippet":"max-snippet:-1","max-image-preview":"max-image-preview:large","max-video-preview":"max-video-preview:-1"},"canonical":"https:\/\/www.rabaini.it\/de\/medalist-low-sneakers-aus-weissem-und-silbernem-leder-und-wildleder\/","og_locale":"de_DE","og_type":"article","og_title":"MEDALIST LOW SNEAKERS AUS WEISSEM UND SILBERNEM LEDER UND WILDLEDER - Rabaini","og_description":"Artikelnummer: AULW LS74 Artikelfarbe: Wei\u00df und Silber Dieses Modell besticht durch seine weichen Wildledereins\u00e4tze, die dem Look eine coole und l\u00e4ssige Note verleihen. Die hintere Fersenlasche hat ein silbermetallisches Finish. Obermaterial aus Leder, Wildleder und Nylon Spitze mit Mikrol\u00f6chern Flache Baumwollschn\u00fcrsenkel Etikett mit Stickerei auf der Zunge Gepolsterter Schaft Futter aus Leder, Schaumstoff und Nylon&hellip;","og_url":"https:\/\/www.rabaini.it\/de\/medalist-low-sneakers-aus-weissem-und-silbernem-leder-und-wildleder\/","og_site_name":"Rabaini","article_modified_time":"2025-06-09T07:49:06+00:00","og_image":[{"width":1500,"height":1500,"url":"https:\/\/www.rabaini.it\/wp-content\/uploads\/2024\/08\/DSC_5466.jpg","type":"image\/jpeg"}],"twitter_card":"summary_large_image","schema":{"@context":"https:\/\/schema.org","@graph":[{"@type":"WebPage","@id":"https:\/\/www.rabaini.it\/de\/medalist-low-sneakers-aus-weissem-und-silbernem-leder-und-wildleder\/","url":"https:\/\/www.rabaini.it\/de\/medalist-low-sneakers-aus-weissem-und-silbernem-leder-und-wildleder\/","name":"MEDALIST LOW SNEAKERS AUS WEISSEM UND SILBERNEM LEDER UND WILDLEDER - Rabaini","isPartOf":{"@id":"https:\/\/www.rabaini.it\/de\/#website"},"primaryImageOfPage":{"@id":"https:\/\/www.rabaini.it\/de\/medalist-low-sneakers-aus-weissem-und-silbernem-leder-und-wildleder\/#primaryimage"},"image":{"@id":"https:\/\/www.rabaini.it\/de\/medalist-low-sneakers-aus-weissem-und-silbernem-leder-und-wildleder\/#primaryimage"},"thumbnailUrl":"https:\/\/www.rabaini.it\/wp-content\/uploads\/2024\/08\/DSC_5466.jpg","datePublished":"2024-08-20T14:15:41+00:00","dateModified":"2025-06-09T07:49:06+00:00","breadcrumb":{"@id":"https:\/\/www.rabaini.it\/de\/medalist-low-sneakers-aus-weissem-und-silbernem-leder-und-wildleder\/#breadcrumb"},"inLanguage":"de","potentialAction":[{"@type":"ReadAction","target":["https:\/\/www.rabaini.it\/de\/medalist-low-sneakers-aus-weissem-und-silbernem-leder-und-wildleder\/"]}]},{"@type":"ImageObject","inLanguage":"de","@id":"https:\/\/www.rabaini.it\/de\/medalist-low-sneakers-aus-weissem-und-silbernem-leder-und-wildleder\/#primaryimage","url":"https:\/\/www.rabaini.it\/wp-content\/uploads\/2024\/08\/DSC_5466.jpg","contentUrl":"https:\/\/www.rabaini.it\/wp-content\/uploads\/2024\/08\/DSC_5466.jpg","width":1500,"height":1500},{"@type":"BreadcrumbList","@id":"https:\/\/www.rabaini.it\/de\/medalist-low-sneakers-aus-weissem-und-silbernem-leder-und-wildleder\/#breadcrumb","itemListElement":[{"@type":"ListItem","position":1,"name":"Home","item":"https:\/\/www.rabaini.it\/de\/homepage\/"},{"@type":"ListItem","position":2,"name":"Gesch\u00e4ft","item":"https:\/\/www.rabaini.it\/geschaeft\/"},{"@type":"ListItem","position":3,"name":"Damen","item":"https:\/\/www.rabaini.it\/de\/damen\/"},{"@type":"ListItem","position":4,"name":"MEDALIST LOW SNEAKERS AUS WEISSEM UND SILBERNEM LEDER UND WILDLEDER"}]},{"@type":"WebSite","@id":"https:\/\/www.rabaini.it\/de\/#website","url":"https:\/\/www.rabaini.it\/de\/","name":"Rabaini","description":"","potentialAction":[{"@type":"SearchAction","target":{"@type":"EntryPoint","urlTemplate":"https:\/\/www.rabaini.it\/de\/?s={search_term_string}"},"query-input":{"@type":"PropertyValueSpecification","valueRequired":true,"valueName":"search_term_string"}}],"inLanguage":"de"}]}},"_links":{"self":[{"href":"https:\/\/www.rabaini.it\/de\/wp-json\/wp\/v2\/product\/119191","targetHints":{"allow":["GET"]}}],"collection":[{"href":"https:\/\/www.rabaini.it\/de\/wp-json\/wp\/v2\/product"}],"about":[{"href":"https:\/\/www.rabaini.it\/de\/wp-json\/wp\/v2\/types\/product"}],"wp:featuredmedia":[{"embeddable":true,"href":"https:\/\/www.rabaini.it\/de\/wp-json\/wp\/v2\/media\/90495"}],"wp:attachment":[{"href":"https:\/\/www.rabaini.it\/de\/wp-json\/wp\/v2\/media?parent=119191"}],"wp:term":[{"taxonomy":"product_brand","embeddable":true,"href":"https:\/\/www.rabaini.it\/de\/wp-json\/wp\/v2\/product_brand?post=119191"},{"taxonomy":"product_cat","embeddable":true,"href":"https:\/\/www.rabaini.it\/de\/wp-json\/wp\/v2\/product_cat?post=119191"},{"taxonomy":"product_tag","embeddable":true,"href":"https:\/\/www.rabaini.it\/de\/wp-json\/wp\/v2\/product_tag?post=119191"}],"curies":[{"name":"wp","href":"https:\/\/api.w.org\/{rel}","templated":true}]}}