{"id":118348,"date":"2024-11-08T10:21:42","date_gmt":"2024-11-08T09:21:42","guid":{"rendered":"https:\/\/www.rabaini.it\/prodotto\/braune-flanellhose-aus-wolle-und-kaschmir\/"},"modified":"2025-06-16T16:13:27","modified_gmt":"2025-06-16T14:13:27","slug":"braune-flanellhose-aus-wolle-und-kaschmir","status":"publish","type":"product","link":"https:\/\/www.rabaini.it\/de\/braune-flanellhose-aus-wolle-und-kaschmir\/","title":{"rendered":"Braune Flanellhose aus Wolle und Kaschmir"},"content":{"rendered":"<ul>\n<li>Artikelnummer: 173874<\/li>\n<li>Artikelfarbe: Braun<\/li>\n<li>Flanell ist das weichste, w\u00e4rmste und bequemste Kleidungsst\u00fcck f\u00fcr den Winter, besonders wenn es aufgrund seiner hohen Qualit\u00e4t ausgew\u00e4hlt wird.<\/li>\n<li>Seine ikonische Anmutung wird bei diesem Kleidungsst\u00fcck durch das Nadelstreifenmuster unterstrichen \u2013 ein weiteres zeitloses Element der Damengarderobe und Synonym f\u00fcr Eleganz und Raffinesse.<\/li>\n<li>Amerikanische Taschen<\/li>\n<li>Zusammensetzung: 90 % Schurwolle, 8 % Kaschmir, 2 % Elastan.<\/li>\n<\/ul>\n","protected":false},"excerpt":{"rendered":"<p>Artikelnummer: 173874 Artikelfarbe: Braun Flanell ist das weichste, w\u00e4rmste und bequemste Kleidungsst\u00fcck f\u00fcr den Winter, besonders wenn es aufgrund seiner hohen Qualit\u00e4t ausgew\u00e4hlt wird. Seine ikonische Anmutung wird bei diesem Kleidungsst\u00fcck durch das Nadelstreifenmuster unterstrichen \u2013 ein weiteres zeitloses Element der Damengarderobe und Synonym f\u00fcr Eleganz und Raffinesse. Amerikanische Taschen Zusammensetzung: 90 % Schurwolle, 8&hellip;<\/p>\n","protected":false},"featured_media":98080,"template":"","meta":{"_acf_changed":false},"product_brand":[],"product_cat":[1273,1309,1274,1289],"product_tag":[1522],"class_list":{"0":"post-118348","1":"product","2":"type-product","3":"status-publish","4":"has-post-thumbnail","6":"product_cat-damen","7":"product_cat-damen-sale","8":"product_cat-damenbekleidung","9":"product_cat-hose-damen","10":"product_tag-fw24-de","11":"marca-slowear-incotex-de","13":"first","14":"instock","15":"sale","16":"shipping-taxable","17":"purchasable","18":"product-type-variable"},"acf":[],"yoast_head":"<!-- This site is optimized with the Yoast SEO plugin v27.2 - https:\/\/yoast.com\/product\/yoast-seo-wordpress\/ -->\n<title>Braune Flanellhose aus Wolle und Kaschmir - Rabaini<\/title>\n<meta name=\"robots\" content=\"index, follow, max-snippet:-1, max-image-preview:large, max-video-preview:-1\" \/>\n<link rel=\"canonical\" href=\"https:\/\/www.rabaini.it\/de\/braune-flanellhose-aus-wolle-und-kaschmir\/\" \/>\n<meta property=\"og:locale\" content=\"de_DE\" \/>\n<meta property=\"og:type\" content=\"article\" \/>\n<meta property=\"og:title\" content=\"Braune Flanellhose aus Wolle und Kaschmir - Rabaini\" \/>\n<meta property=\"og:description\" content=\"Artikelnummer: 173874 Artikelfarbe: Braun Flanell ist das weichste, w\u00e4rmste und bequemste Kleidungsst\u00fcck f\u00fcr den Winter, besonders wenn es aufgrund seiner hohen Qualit\u00e4t ausgew\u00e4hlt wird. Seine ikonische Anmutung wird bei diesem Kleidungsst\u00fcck durch das Nadelstreifenmuster unterstrichen \u2013 ein weiteres zeitloses Element der Damengarderobe und Synonym f\u00fcr Eleganz und Raffinesse. Amerikanische Taschen Zusammensetzung: 90 % Schurwolle, 8&hellip;\" \/>\n<meta property=\"og:url\" content=\"https:\/\/www.rabaini.it\/de\/braune-flanellhose-aus-wolle-und-kaschmir\/\" \/>\n<meta property=\"og:site_name\" content=\"Rabaini\" \/>\n<meta property=\"article:modified_time\" content=\"2025-06-16T14:13:27+00:00\" \/>\n<meta property=\"og:image\" content=\"https:\/\/www.rabaini.it\/wp-content\/uploads\/2024\/11\/4.1-1.jpg\" \/>\n\t<meta property=\"og:image:width\" content=\"1500\" \/>\n\t<meta property=\"og:image:height\" content=\"1500\" \/>\n\t<meta property=\"og:image:type\" content=\"image\/jpeg\" \/>\n<meta name=\"twitter:card\" content=\"summary_large_image\" \/>\n<script type=\"application\/ld+json\" class=\"yoast-schema-graph\">{\"@context\":\"https:\/\/schema.org\",\"@graph\":[{\"@type\":\"WebPage\",\"@id\":\"https:\/\/www.rabaini.it\/de\/braune-flanellhose-aus-wolle-und-kaschmir\/\",\"url\":\"https:\/\/www.rabaini.it\/de\/braune-flanellhose-aus-wolle-und-kaschmir\/\",\"name\":\"Braune Flanellhose aus Wolle und Kaschmir - Rabaini\",\"isPartOf\":{\"@id\":\"https:\/\/www.rabaini.it\/de\/#website\"},\"primaryImageOfPage\":{\"@id\":\"https:\/\/www.rabaini.it\/de\/braune-flanellhose-aus-wolle-und-kaschmir\/#primaryimage\"},\"image\":{\"@id\":\"https:\/\/www.rabaini.it\/de\/braune-flanellhose-aus-wolle-und-kaschmir\/#primaryimage\"},\"thumbnailUrl\":\"https:\/\/www.rabaini.it\/wp-content\/uploads\/2024\/11\/4.1-1.jpg\",\"datePublished\":\"2024-11-08T09:21:42+00:00\",\"dateModified\":\"2025-06-16T14:13:27+00:00\",\"breadcrumb\":{\"@id\":\"https:\/\/www.rabaini.it\/de\/braune-flanellhose-aus-wolle-und-kaschmir\/#breadcrumb\"},\"inLanguage\":\"de\",\"potentialAction\":[{\"@type\":\"ReadAction\",\"target\":[\"https:\/\/www.rabaini.it\/de\/braune-flanellhose-aus-wolle-und-kaschmir\/\"]}]},{\"@type\":\"ImageObject\",\"inLanguage\":\"de\",\"@id\":\"https:\/\/www.rabaini.it\/de\/braune-flanellhose-aus-wolle-und-kaschmir\/#primaryimage\",\"url\":\"https:\/\/www.rabaini.it\/wp-content\/uploads\/2024\/11\/4.1-1.jpg\",\"contentUrl\":\"https:\/\/www.rabaini.it\/wp-content\/uploads\/2024\/11\/4.1-1.jpg\",\"width\":1500,\"height\":1500},{\"@type\":\"BreadcrumbList\",\"@id\":\"https:\/\/www.rabaini.it\/de\/braune-flanellhose-aus-wolle-und-kaschmir\/#breadcrumb\",\"itemListElement\":[{\"@type\":\"ListItem\",\"position\":1,\"name\":\"Home\",\"item\":\"https:\/\/www.rabaini.it\/de\/homepage\/\"},{\"@type\":\"ListItem\",\"position\":2,\"name\":\"Gesch\u00e4ft\",\"item\":\"https:\/\/www.rabaini.it\/geschaeft\/\"},{\"@type\":\"ListItem\",\"position\":3,\"name\":\"Damen\",\"item\":\"https:\/\/www.rabaini.it\/de\/damen\/\"},{\"@type\":\"ListItem\",\"position\":4,\"name\":\"Braune Flanellhose aus Wolle und Kaschmir\"}]},{\"@type\":\"WebSite\",\"@id\":\"https:\/\/www.rabaini.it\/de\/#website\",\"url\":\"https:\/\/www.rabaini.it\/de\/\",\"name\":\"Rabaini\",\"description\":\"\",\"potentialAction\":[{\"@type\":\"SearchAction\",\"target\":{\"@type\":\"EntryPoint\",\"urlTemplate\":\"https:\/\/www.rabaini.it\/de\/?s={search_term_string}\"},\"query-input\":{\"@type\":\"PropertyValueSpecification\",\"valueRequired\":true,\"valueName\":\"search_term_string\"}}],\"inLanguage\":\"de\"}]}<\/script>\n<!-- \/ Yoast SEO plugin. -->","yoast_head_json":{"title":"Braune Flanellhose aus Wolle und Kaschmir - Rabaini","robots":{"index":"index","follow":"follow","max-snippet":"max-snippet:-1","max-image-preview":"max-image-preview:large","max-video-preview":"max-video-preview:-1"},"canonical":"https:\/\/www.rabaini.it\/de\/braune-flanellhose-aus-wolle-und-kaschmir\/","og_locale":"de_DE","og_type":"article","og_title":"Braune Flanellhose aus Wolle und Kaschmir - Rabaini","og_description":"Artikelnummer: 173874 Artikelfarbe: Braun Flanell ist das weichste, w\u00e4rmste und bequemste Kleidungsst\u00fcck f\u00fcr den Winter, besonders wenn es aufgrund seiner hohen Qualit\u00e4t ausgew\u00e4hlt wird. Seine ikonische Anmutung wird bei diesem Kleidungsst\u00fcck durch das Nadelstreifenmuster unterstrichen \u2013 ein weiteres zeitloses Element der Damengarderobe und Synonym f\u00fcr Eleganz und Raffinesse. Amerikanische Taschen Zusammensetzung: 90 % Schurwolle, 8&hellip;","og_url":"https:\/\/www.rabaini.it\/de\/braune-flanellhose-aus-wolle-und-kaschmir\/","og_site_name":"Rabaini","article_modified_time":"2025-06-16T14:13:27+00:00","og_image":[{"width":1500,"height":1500,"url":"https:\/\/www.rabaini.it\/wp-content\/uploads\/2024\/11\/4.1-1.jpg","type":"image\/jpeg"}],"twitter_card":"summary_large_image","schema":{"@context":"https:\/\/schema.org","@graph":[{"@type":"WebPage","@id":"https:\/\/www.rabaini.it\/de\/braune-flanellhose-aus-wolle-und-kaschmir\/","url":"https:\/\/www.rabaini.it\/de\/braune-flanellhose-aus-wolle-und-kaschmir\/","name":"Braune Flanellhose aus Wolle und Kaschmir - Rabaini","isPartOf":{"@id":"https:\/\/www.rabaini.it\/de\/#website"},"primaryImageOfPage":{"@id":"https:\/\/www.rabaini.it\/de\/braune-flanellhose-aus-wolle-und-kaschmir\/#primaryimage"},"image":{"@id":"https:\/\/www.rabaini.it\/de\/braune-flanellhose-aus-wolle-und-kaschmir\/#primaryimage"},"thumbnailUrl":"https:\/\/www.rabaini.it\/wp-content\/uploads\/2024\/11\/4.1-1.jpg","datePublished":"2024-11-08T09:21:42+00:00","dateModified":"2025-06-16T14:13:27+00:00","breadcrumb":{"@id":"https:\/\/www.rabaini.it\/de\/braune-flanellhose-aus-wolle-und-kaschmir\/#breadcrumb"},"inLanguage":"de","potentialAction":[{"@type":"ReadAction","target":["https:\/\/www.rabaini.it\/de\/braune-flanellhose-aus-wolle-und-kaschmir\/"]}]},{"@type":"ImageObject","inLanguage":"de","@id":"https:\/\/www.rabaini.it\/de\/braune-flanellhose-aus-wolle-und-kaschmir\/#primaryimage","url":"https:\/\/www.rabaini.it\/wp-content\/uploads\/2024\/11\/4.1-1.jpg","contentUrl":"https:\/\/www.rabaini.it\/wp-content\/uploads\/2024\/11\/4.1-1.jpg","width":1500,"height":1500},{"@type":"BreadcrumbList","@id":"https:\/\/www.rabaini.it\/de\/braune-flanellhose-aus-wolle-und-kaschmir\/#breadcrumb","itemListElement":[{"@type":"ListItem","position":1,"name":"Home","item":"https:\/\/www.rabaini.it\/de\/homepage\/"},{"@type":"ListItem","position":2,"name":"Gesch\u00e4ft","item":"https:\/\/www.rabaini.it\/geschaeft\/"},{"@type":"ListItem","position":3,"name":"Damen","item":"https:\/\/www.rabaini.it\/de\/damen\/"},{"@type":"ListItem","position":4,"name":"Braune Flanellhose aus Wolle und Kaschmir"}]},{"@type":"WebSite","@id":"https:\/\/www.rabaini.it\/de\/#website","url":"https:\/\/www.rabaini.it\/de\/","name":"Rabaini","description":"","potentialAction":[{"@type":"SearchAction","target":{"@type":"EntryPoint","urlTemplate":"https:\/\/www.rabaini.it\/de\/?s={search_term_string}"},"query-input":{"@type":"PropertyValueSpecification","valueRequired":true,"valueName":"search_term_string"}}],"inLanguage":"de"}]}},"_links":{"self":[{"href":"https:\/\/www.rabaini.it\/de\/wp-json\/wp\/v2\/product\/118348","targetHints":{"allow":["GET"]}}],"collection":[{"href":"https:\/\/www.rabaini.it\/de\/wp-json\/wp\/v2\/product"}],"about":[{"href":"https:\/\/www.rabaini.it\/de\/wp-json\/wp\/v2\/types\/product"}],"wp:featuredmedia":[{"embeddable":true,"href":"https:\/\/www.rabaini.it\/de\/wp-json\/wp\/v2\/media\/98080"}],"wp:attachment":[{"href":"https:\/\/www.rabaini.it\/de\/wp-json\/wp\/v2\/media?parent=118348"}],"wp:term":[{"taxonomy":"product_brand","embeddable":true,"href":"https:\/\/www.rabaini.it\/de\/wp-json\/wp\/v2\/product_brand?post=118348"},{"taxonomy":"product_cat","embeddable":true,"href":"https:\/\/www.rabaini.it\/de\/wp-json\/wp\/v2\/product_cat?post=118348"},{"taxonomy":"product_tag","embeddable":true,"href":"https:\/\/www.rabaini.it\/de\/wp-json\/wp\/v2\/product_tag?post=118348"}],"curies":[{"name":"wp","href":"https:\/\/api.w.org\/{rel}","templated":true}]}}