{"id":118332,"date":"2024-11-08T10:59:24","date_gmt":"2024-11-08T09:59:24","guid":{"rendered":"https:\/\/www.rabaini.it\/prodotto\/wales-hose-aus-schurwolle\/"},"modified":"2025-06-16T16:13:26","modified_gmt":"2025-06-16T14:13:26","slug":"wales-hose-aus-schurwolle","status":"publish","type":"product","link":"https:\/\/www.rabaini.it\/de\/wales-hose-aus-schurwolle\/","title":{"rendered":"Wales-Hose aus Schurwolle"},"content":{"rendered":"<ul>\n<li>Artikelnummer: 172832<\/li>\n<li>Artikelfarbe: Mehrfarbig<\/li>\n<li>Der Prince of Wales-Stoff wird seit 1800 als Stoff f\u00fcr die Kleidung der englischen Thronfolger verwendet \u2013 ein Element, das seinem besonderen Namen gerecht wird \u2013 und ist das Muster par excellence f\u00fcr Winterkleidung.<\/li>\n<li>Amerikanische Vordertaschen<\/li>\n<li>Einf\u00e4dige Ges\u00e4\u00dftaschen<\/li>\n<li>Amerikanische Taschen<\/li>\n<li>Zusammensetzung: 96 % Schurwolle, 2 % Polyamid, 2 % Elastan<\/li>\n<\/ul>\n","protected":false},"excerpt":{"rendered":"<p>Artikelnummer: 172832 Artikelfarbe: Mehrfarbig Der Prince of Wales-Stoff wird seit 1800 als Stoff f\u00fcr die Kleidung der englischen Thronfolger verwendet \u2013 ein Element, das seinem besonderen Namen gerecht wird \u2013 und ist das Muster par excellence f\u00fcr Winterkleidung. Amerikanische Vordertaschen Einf\u00e4dige Ges\u00e4\u00dftaschen Amerikanische Taschen Zusammensetzung: 96 % Schurwolle, 2 % Polyamid, 2 % Elastan<\/p>\n","protected":false},"featured_media":98089,"template":"","meta":{"_acf_changed":false},"product_brand":[],"product_cat":[1273,1309,1274,1289],"product_tag":[1522],"class_list":{"0":"post-118332","1":"product","2":"type-product","3":"status-publish","4":"has-post-thumbnail","6":"product_cat-damen","7":"product_cat-damen-sale","8":"product_cat-damenbekleidung","9":"product_cat-hose-damen","10":"product_tag-fw24-de","11":"marca-slowear-incotex-de","13":"first","14":"instock","15":"sale","16":"shipping-taxable","17":"purchasable","18":"product-type-variable"},"acf":[],"yoast_head":"<!-- This site is optimized with the Yoast SEO plugin v27.2 - https:\/\/yoast.com\/product\/yoast-seo-wordpress\/ -->\n<title>Wales-Hose aus Schurwolle - Rabaini<\/title>\n<meta name=\"robots\" content=\"index, follow, max-snippet:-1, max-image-preview:large, max-video-preview:-1\" \/>\n<link rel=\"canonical\" href=\"https:\/\/www.rabaini.it\/de\/wales-hose-aus-schurwolle\/\" \/>\n<meta property=\"og:locale\" content=\"de_DE\" \/>\n<meta property=\"og:type\" content=\"article\" \/>\n<meta property=\"og:title\" content=\"Wales-Hose aus Schurwolle - Rabaini\" \/>\n<meta property=\"og:description\" content=\"Artikelnummer: 172832 Artikelfarbe: Mehrfarbig Der Prince of Wales-Stoff wird seit 1800 als Stoff f\u00fcr die Kleidung der englischen Thronfolger verwendet \u2013 ein Element, das seinem besonderen Namen gerecht wird \u2013 und ist das Muster par excellence f\u00fcr Winterkleidung. Amerikanische Vordertaschen Einf\u00e4dige Ges\u00e4\u00dftaschen Amerikanische Taschen Zusammensetzung: 96 % Schurwolle, 2 % Polyamid, 2 % Elastan\" \/>\n<meta property=\"og:url\" content=\"https:\/\/www.rabaini.it\/de\/wales-hose-aus-schurwolle\/\" \/>\n<meta property=\"og:site_name\" content=\"Rabaini\" \/>\n<meta property=\"article:modified_time\" content=\"2025-06-16T14:13:26+00:00\" \/>\n<meta property=\"og:image\" content=\"https:\/\/www.rabaini.it\/wp-content\/uploads\/2024\/11\/5.1-1.jpg\" \/>\n\t<meta property=\"og:image:width\" content=\"1500\" \/>\n\t<meta property=\"og:image:height\" content=\"1500\" \/>\n\t<meta property=\"og:image:type\" content=\"image\/jpeg\" \/>\n<meta name=\"twitter:card\" content=\"summary_large_image\" \/>\n<script type=\"application\/ld+json\" class=\"yoast-schema-graph\">{\"@context\":\"https:\/\/schema.org\",\"@graph\":[{\"@type\":\"WebPage\",\"@id\":\"https:\/\/www.rabaini.it\/de\/wales-hose-aus-schurwolle\/\",\"url\":\"https:\/\/www.rabaini.it\/de\/wales-hose-aus-schurwolle\/\",\"name\":\"Wales-Hose aus Schurwolle - Rabaini\",\"isPartOf\":{\"@id\":\"https:\/\/www.rabaini.it\/de\/#website\"},\"primaryImageOfPage\":{\"@id\":\"https:\/\/www.rabaini.it\/de\/wales-hose-aus-schurwolle\/#primaryimage\"},\"image\":{\"@id\":\"https:\/\/www.rabaini.it\/de\/wales-hose-aus-schurwolle\/#primaryimage\"},\"thumbnailUrl\":\"https:\/\/www.rabaini.it\/wp-content\/uploads\/2024\/11\/5.1-1.jpg\",\"datePublished\":\"2024-11-08T09:59:24+00:00\",\"dateModified\":\"2025-06-16T14:13:26+00:00\",\"breadcrumb\":{\"@id\":\"https:\/\/www.rabaini.it\/de\/wales-hose-aus-schurwolle\/#breadcrumb\"},\"inLanguage\":\"de\",\"potentialAction\":[{\"@type\":\"ReadAction\",\"target\":[\"https:\/\/www.rabaini.it\/de\/wales-hose-aus-schurwolle\/\"]}]},{\"@type\":\"ImageObject\",\"inLanguage\":\"de\",\"@id\":\"https:\/\/www.rabaini.it\/de\/wales-hose-aus-schurwolle\/#primaryimage\",\"url\":\"https:\/\/www.rabaini.it\/wp-content\/uploads\/2024\/11\/5.1-1.jpg\",\"contentUrl\":\"https:\/\/www.rabaini.it\/wp-content\/uploads\/2024\/11\/5.1-1.jpg\",\"width\":1500,\"height\":1500},{\"@type\":\"BreadcrumbList\",\"@id\":\"https:\/\/www.rabaini.it\/de\/wales-hose-aus-schurwolle\/#breadcrumb\",\"itemListElement\":[{\"@type\":\"ListItem\",\"position\":1,\"name\":\"Home\",\"item\":\"https:\/\/www.rabaini.it\/de\/homepage\/\"},{\"@type\":\"ListItem\",\"position\":2,\"name\":\"Gesch\u00e4ft\",\"item\":\"https:\/\/www.rabaini.it\/geschaeft\/\"},{\"@type\":\"ListItem\",\"position\":3,\"name\":\"Damen\",\"item\":\"https:\/\/www.rabaini.it\/de\/damen\/\"},{\"@type\":\"ListItem\",\"position\":4,\"name\":\"Wales-Hose aus Schurwolle\"}]},{\"@type\":\"WebSite\",\"@id\":\"https:\/\/www.rabaini.it\/de\/#website\",\"url\":\"https:\/\/www.rabaini.it\/de\/\",\"name\":\"Rabaini\",\"description\":\"\",\"potentialAction\":[{\"@type\":\"SearchAction\",\"target\":{\"@type\":\"EntryPoint\",\"urlTemplate\":\"https:\/\/www.rabaini.it\/de\/?s={search_term_string}\"},\"query-input\":{\"@type\":\"PropertyValueSpecification\",\"valueRequired\":true,\"valueName\":\"search_term_string\"}}],\"inLanguage\":\"de\"}]}<\/script>\n<!-- \/ Yoast SEO plugin. -->","yoast_head_json":{"title":"Wales-Hose aus Schurwolle - Rabaini","robots":{"index":"index","follow":"follow","max-snippet":"max-snippet:-1","max-image-preview":"max-image-preview:large","max-video-preview":"max-video-preview:-1"},"canonical":"https:\/\/www.rabaini.it\/de\/wales-hose-aus-schurwolle\/","og_locale":"de_DE","og_type":"article","og_title":"Wales-Hose aus Schurwolle - Rabaini","og_description":"Artikelnummer: 172832 Artikelfarbe: Mehrfarbig Der Prince of Wales-Stoff wird seit 1800 als Stoff f\u00fcr die Kleidung der englischen Thronfolger verwendet \u2013 ein Element, das seinem besonderen Namen gerecht wird \u2013 und ist das Muster par excellence f\u00fcr Winterkleidung. Amerikanische Vordertaschen Einf\u00e4dige Ges\u00e4\u00dftaschen Amerikanische Taschen Zusammensetzung: 96 % Schurwolle, 2 % Polyamid, 2 % Elastan","og_url":"https:\/\/www.rabaini.it\/de\/wales-hose-aus-schurwolle\/","og_site_name":"Rabaini","article_modified_time":"2025-06-16T14:13:26+00:00","og_image":[{"width":1500,"height":1500,"url":"https:\/\/www.rabaini.it\/wp-content\/uploads\/2024\/11\/5.1-1.jpg","type":"image\/jpeg"}],"twitter_card":"summary_large_image","schema":{"@context":"https:\/\/schema.org","@graph":[{"@type":"WebPage","@id":"https:\/\/www.rabaini.it\/de\/wales-hose-aus-schurwolle\/","url":"https:\/\/www.rabaini.it\/de\/wales-hose-aus-schurwolle\/","name":"Wales-Hose aus Schurwolle - Rabaini","isPartOf":{"@id":"https:\/\/www.rabaini.it\/de\/#website"},"primaryImageOfPage":{"@id":"https:\/\/www.rabaini.it\/de\/wales-hose-aus-schurwolle\/#primaryimage"},"image":{"@id":"https:\/\/www.rabaini.it\/de\/wales-hose-aus-schurwolle\/#primaryimage"},"thumbnailUrl":"https:\/\/www.rabaini.it\/wp-content\/uploads\/2024\/11\/5.1-1.jpg","datePublished":"2024-11-08T09:59:24+00:00","dateModified":"2025-06-16T14:13:26+00:00","breadcrumb":{"@id":"https:\/\/www.rabaini.it\/de\/wales-hose-aus-schurwolle\/#breadcrumb"},"inLanguage":"de","potentialAction":[{"@type":"ReadAction","target":["https:\/\/www.rabaini.it\/de\/wales-hose-aus-schurwolle\/"]}]},{"@type":"ImageObject","inLanguage":"de","@id":"https:\/\/www.rabaini.it\/de\/wales-hose-aus-schurwolle\/#primaryimage","url":"https:\/\/www.rabaini.it\/wp-content\/uploads\/2024\/11\/5.1-1.jpg","contentUrl":"https:\/\/www.rabaini.it\/wp-content\/uploads\/2024\/11\/5.1-1.jpg","width":1500,"height":1500},{"@type":"BreadcrumbList","@id":"https:\/\/www.rabaini.it\/de\/wales-hose-aus-schurwolle\/#breadcrumb","itemListElement":[{"@type":"ListItem","position":1,"name":"Home","item":"https:\/\/www.rabaini.it\/de\/homepage\/"},{"@type":"ListItem","position":2,"name":"Gesch\u00e4ft","item":"https:\/\/www.rabaini.it\/geschaeft\/"},{"@type":"ListItem","position":3,"name":"Damen","item":"https:\/\/www.rabaini.it\/de\/damen\/"},{"@type":"ListItem","position":4,"name":"Wales-Hose aus Schurwolle"}]},{"@type":"WebSite","@id":"https:\/\/www.rabaini.it\/de\/#website","url":"https:\/\/www.rabaini.it\/de\/","name":"Rabaini","description":"","potentialAction":[{"@type":"SearchAction","target":{"@type":"EntryPoint","urlTemplate":"https:\/\/www.rabaini.it\/de\/?s={search_term_string}"},"query-input":{"@type":"PropertyValueSpecification","valueRequired":true,"valueName":"search_term_string"}}],"inLanguage":"de"}]}},"_links":{"self":[{"href":"https:\/\/www.rabaini.it\/de\/wp-json\/wp\/v2\/product\/118332","targetHints":{"allow":["GET"]}}],"collection":[{"href":"https:\/\/www.rabaini.it\/de\/wp-json\/wp\/v2\/product"}],"about":[{"href":"https:\/\/www.rabaini.it\/de\/wp-json\/wp\/v2\/types\/product"}],"wp:featuredmedia":[{"embeddable":true,"href":"https:\/\/www.rabaini.it\/de\/wp-json\/wp\/v2\/media\/98089"}],"wp:attachment":[{"href":"https:\/\/www.rabaini.it\/de\/wp-json\/wp\/v2\/media?parent=118332"}],"wp:term":[{"taxonomy":"product_brand","embeddable":true,"href":"https:\/\/www.rabaini.it\/de\/wp-json\/wp\/v2\/product_brand?post=118332"},{"taxonomy":"product_cat","embeddable":true,"href":"https:\/\/www.rabaini.it\/de\/wp-json\/wp\/v2\/product_cat?post=118332"},{"taxonomy":"product_tag","embeddable":true,"href":"https:\/\/www.rabaini.it\/de\/wp-json\/wp\/v2\/product_tag?post=118332"}],"curies":[{"name":"wp","href":"https:\/\/api.w.org\/{rel}","templated":true}]}}