{"id":118008,"date":"2024-12-03T15:46:54","date_gmt":"2024-12-03T14:46:54","guid":{"rendered":"https:\/\/www.rabaini.it\/prodotto\/besticktes-t-shirt-12-jagdgruppe\/"},"modified":"2025-06-16T16:10:03","modified_gmt":"2025-06-16T14:10:03","slug":"besticktes-t-shirt-12-jagdgruppe","status":"publish","type":"product","link":"https:\/\/www.rabaini.it\/de\/besticktes-t-shirt-12-jagdgruppe\/","title":{"rendered":"Besticktes T-Shirt 12. Jagdgruppe"},"content":{"rendered":"<ul>\n<li>Artikelcode: 242TS2339J641<\/li>\n<li>Artikelfarbe: Moosgr\u00fcn<\/li>\n<li>Dieses lang\u00e4rmelige Herren-T-Shirt ist mit Stickereien und Drucken verziert, die an die ber\u00fchmte 12. Jagdgruppe der italienischen Luftwaffe erinnern, die Teil des 36. Geschwaders ist.<\/li>\n<li>Eine lange Geschichte herausragender Leistungen und die Teilnahme an verschiedenen nationalen und internationalen Missionen zeichnen die Gruppe aus und beweisen Kompetenz und Entschlossenheit am Himmel.<\/li>\n<li>Das mit Sorgfalt und Liebe zum Detail gefertigte T-Shirt bietet nicht nur ein auff\u00e4lliges Design, sondern ist auch eine Hommage an die Geschichte und den Wert der Luftfahrt.<\/li>\n<li>Baumwolljersey<\/li>\n<li>Halsband<\/li>\n<li>Langarm<\/li>\n<li>Stickereien und Drucke auf der Brust und dem linken \u00c4rmel<\/li>\n<li>Kontrastierende Stoffdetails an den Schultern<\/li>\n<li>Flugzeugmechaniker-Aufdruck im Nacken<\/li>\n<li>Innere L\u00fcnette mit der Geschichte des 36. Geschwaders<\/li>\n<li>Zusammensetzung: 100 % Baumwolle<\/li>\n<\/ul>\n","protected":false},"excerpt":{"rendered":"<p>Artikelcode: 242TS2339J641 Artikelfarbe: Moosgr\u00fcn Dieses lang\u00e4rmelige Herren-T-Shirt ist mit Stickereien und Drucken verziert, die an die ber\u00fchmte 12. Jagdgruppe der italienischen Luftwaffe erinnern, die Teil des 36. Geschwaders ist. Eine lange Geschichte herausragender Leistungen und die Teilnahme an verschiedenen nationalen und internationalen Missionen zeichnen die Gruppe aus und beweisen Kompetenz und Entschlossenheit am Himmel. Das&hellip;<\/p>\n","protected":false},"featured_media":101014,"template":"","meta":{"_acf_changed":false},"product_brand":[],"product_cat":[1324,1357,1325,1343],"product_tag":[1522],"class_list":{"0":"post-118008","1":"product","2":"type-product","3":"status-publish","4":"has-post-thumbnail","6":"product_cat-herren","7":"product_cat-herren-sale","8":"product_cat-herrenbekleidung","9":"product_cat-t-shirt-herren","10":"product_tag-fw24-de","11":"marca-aeronautica-militare-de","13":"first","14":"instock","15":"sale","16":"shipping-taxable","17":"purchasable","18":"product-type-variable"},"acf":[],"yoast_head":"<!-- This site is optimized with the Yoast SEO plugin v27.2 - https:\/\/yoast.com\/product\/yoast-seo-wordpress\/ -->\n<title>Besticktes T-Shirt 12. Jagdgruppe - Rabaini<\/title>\n<meta name=\"robots\" content=\"index, follow, max-snippet:-1, max-image-preview:large, max-video-preview:-1\" \/>\n<link rel=\"canonical\" href=\"https:\/\/www.rabaini.it\/de\/besticktes-t-shirt-12-jagdgruppe\/\" \/>\n<meta property=\"og:locale\" content=\"de_DE\" \/>\n<meta property=\"og:type\" content=\"article\" \/>\n<meta property=\"og:title\" content=\"Besticktes T-Shirt 12. Jagdgruppe - Rabaini\" \/>\n<meta property=\"og:description\" content=\"Artikelcode: 242TS2339J641 Artikelfarbe: Moosgr\u00fcn Dieses lang\u00e4rmelige Herren-T-Shirt ist mit Stickereien und Drucken verziert, die an die ber\u00fchmte 12. Jagdgruppe der italienischen Luftwaffe erinnern, die Teil des 36. Geschwaders ist. Eine lange Geschichte herausragender Leistungen und die Teilnahme an verschiedenen nationalen und internationalen Missionen zeichnen die Gruppe aus und beweisen Kompetenz und Entschlossenheit am Himmel. Das&hellip;\" \/>\n<meta property=\"og:url\" content=\"https:\/\/www.rabaini.it\/de\/besticktes-t-shirt-12-jagdgruppe\/\" \/>\n<meta property=\"og:site_name\" content=\"Rabaini\" \/>\n<meta property=\"article:modified_time\" content=\"2025-06-16T14:10:03+00:00\" \/>\n<meta property=\"og:image\" content=\"https:\/\/www.rabaini.it\/wp-content\/uploads\/2024\/12\/1.1.jpg\" \/>\n\t<meta property=\"og:image:width\" content=\"1500\" \/>\n\t<meta property=\"og:image:height\" content=\"1500\" \/>\n\t<meta property=\"og:image:type\" content=\"image\/jpeg\" \/>\n<meta name=\"twitter:card\" content=\"summary_large_image\" \/>\n<meta name=\"twitter:label1\" content=\"Gesch\u00e4tzte Lesezeit\" \/>\n\t<meta name=\"twitter:data1\" content=\"1\u00a0Minute\" \/>\n<script type=\"application\/ld+json\" class=\"yoast-schema-graph\">{\"@context\":\"https:\/\/schema.org\",\"@graph\":[{\"@type\":\"WebPage\",\"@id\":\"https:\/\/www.rabaini.it\/de\/besticktes-t-shirt-12-jagdgruppe\/\",\"url\":\"https:\/\/www.rabaini.it\/de\/besticktes-t-shirt-12-jagdgruppe\/\",\"name\":\"Besticktes T-Shirt 12. Jagdgruppe - Rabaini\",\"isPartOf\":{\"@id\":\"https:\/\/www.rabaini.it\/de\/#website\"},\"primaryImageOfPage\":{\"@id\":\"https:\/\/www.rabaini.it\/de\/besticktes-t-shirt-12-jagdgruppe\/#primaryimage\"},\"image\":{\"@id\":\"https:\/\/www.rabaini.it\/de\/besticktes-t-shirt-12-jagdgruppe\/#primaryimage\"},\"thumbnailUrl\":\"https:\/\/www.rabaini.it\/wp-content\/uploads\/2024\/12\/1.1.jpg\",\"datePublished\":\"2024-12-03T14:46:54+00:00\",\"dateModified\":\"2025-06-16T14:10:03+00:00\",\"breadcrumb\":{\"@id\":\"https:\/\/www.rabaini.it\/de\/besticktes-t-shirt-12-jagdgruppe\/#breadcrumb\"},\"inLanguage\":\"de\",\"potentialAction\":[{\"@type\":\"ReadAction\",\"target\":[\"https:\/\/www.rabaini.it\/de\/besticktes-t-shirt-12-jagdgruppe\/\"]}]},{\"@type\":\"ImageObject\",\"inLanguage\":\"de\",\"@id\":\"https:\/\/www.rabaini.it\/de\/besticktes-t-shirt-12-jagdgruppe\/#primaryimage\",\"url\":\"https:\/\/www.rabaini.it\/wp-content\/uploads\/2024\/12\/1.1.jpg\",\"contentUrl\":\"https:\/\/www.rabaini.it\/wp-content\/uploads\/2024\/12\/1.1.jpg\",\"width\":1500,\"height\":1500},{\"@type\":\"BreadcrumbList\",\"@id\":\"https:\/\/www.rabaini.it\/de\/besticktes-t-shirt-12-jagdgruppe\/#breadcrumb\",\"itemListElement\":[{\"@type\":\"ListItem\",\"position\":1,\"name\":\"Home\",\"item\":\"https:\/\/www.rabaini.it\/de\/homepage\/\"},{\"@type\":\"ListItem\",\"position\":2,\"name\":\"Gesch\u00e4ft\",\"item\":\"https:\/\/www.rabaini.it\/geschaeft\/\"},{\"@type\":\"ListItem\",\"position\":3,\"name\":\"Herren\",\"item\":\"https:\/\/www.rabaini.it\/de\/herren\/\"},{\"@type\":\"ListItem\",\"position\":4,\"name\":\"Besticktes T-Shirt 12. Jagdgruppe\"}]},{\"@type\":\"WebSite\",\"@id\":\"https:\/\/www.rabaini.it\/de\/#website\",\"url\":\"https:\/\/www.rabaini.it\/de\/\",\"name\":\"Rabaini\",\"description\":\"\",\"potentialAction\":[{\"@type\":\"SearchAction\",\"target\":{\"@type\":\"EntryPoint\",\"urlTemplate\":\"https:\/\/www.rabaini.it\/de\/?s={search_term_string}\"},\"query-input\":{\"@type\":\"PropertyValueSpecification\",\"valueRequired\":true,\"valueName\":\"search_term_string\"}}],\"inLanguage\":\"de\"}]}<\/script>\n<!-- \/ Yoast SEO plugin. -->","yoast_head_json":{"title":"Besticktes T-Shirt 12. Jagdgruppe - Rabaini","robots":{"index":"index","follow":"follow","max-snippet":"max-snippet:-1","max-image-preview":"max-image-preview:large","max-video-preview":"max-video-preview:-1"},"canonical":"https:\/\/www.rabaini.it\/de\/besticktes-t-shirt-12-jagdgruppe\/","og_locale":"de_DE","og_type":"article","og_title":"Besticktes T-Shirt 12. Jagdgruppe - Rabaini","og_description":"Artikelcode: 242TS2339J641 Artikelfarbe: Moosgr\u00fcn Dieses lang\u00e4rmelige Herren-T-Shirt ist mit Stickereien und Drucken verziert, die an die ber\u00fchmte 12. Jagdgruppe der italienischen Luftwaffe erinnern, die Teil des 36. Geschwaders ist. Eine lange Geschichte herausragender Leistungen und die Teilnahme an verschiedenen nationalen und internationalen Missionen zeichnen die Gruppe aus und beweisen Kompetenz und Entschlossenheit am Himmel. Das&hellip;","og_url":"https:\/\/www.rabaini.it\/de\/besticktes-t-shirt-12-jagdgruppe\/","og_site_name":"Rabaini","article_modified_time":"2025-06-16T14:10:03+00:00","og_image":[{"width":1500,"height":1500,"url":"https:\/\/www.rabaini.it\/wp-content\/uploads\/2024\/12\/1.1.jpg","type":"image\/jpeg"}],"twitter_card":"summary_large_image","twitter_misc":{"Gesch\u00e4tzte Lesezeit":"1\u00a0Minute"},"schema":{"@context":"https:\/\/schema.org","@graph":[{"@type":"WebPage","@id":"https:\/\/www.rabaini.it\/de\/besticktes-t-shirt-12-jagdgruppe\/","url":"https:\/\/www.rabaini.it\/de\/besticktes-t-shirt-12-jagdgruppe\/","name":"Besticktes T-Shirt 12. Jagdgruppe - Rabaini","isPartOf":{"@id":"https:\/\/www.rabaini.it\/de\/#website"},"primaryImageOfPage":{"@id":"https:\/\/www.rabaini.it\/de\/besticktes-t-shirt-12-jagdgruppe\/#primaryimage"},"image":{"@id":"https:\/\/www.rabaini.it\/de\/besticktes-t-shirt-12-jagdgruppe\/#primaryimage"},"thumbnailUrl":"https:\/\/www.rabaini.it\/wp-content\/uploads\/2024\/12\/1.1.jpg","datePublished":"2024-12-03T14:46:54+00:00","dateModified":"2025-06-16T14:10:03+00:00","breadcrumb":{"@id":"https:\/\/www.rabaini.it\/de\/besticktes-t-shirt-12-jagdgruppe\/#breadcrumb"},"inLanguage":"de","potentialAction":[{"@type":"ReadAction","target":["https:\/\/www.rabaini.it\/de\/besticktes-t-shirt-12-jagdgruppe\/"]}]},{"@type":"ImageObject","inLanguage":"de","@id":"https:\/\/www.rabaini.it\/de\/besticktes-t-shirt-12-jagdgruppe\/#primaryimage","url":"https:\/\/www.rabaini.it\/wp-content\/uploads\/2024\/12\/1.1.jpg","contentUrl":"https:\/\/www.rabaini.it\/wp-content\/uploads\/2024\/12\/1.1.jpg","width":1500,"height":1500},{"@type":"BreadcrumbList","@id":"https:\/\/www.rabaini.it\/de\/besticktes-t-shirt-12-jagdgruppe\/#breadcrumb","itemListElement":[{"@type":"ListItem","position":1,"name":"Home","item":"https:\/\/www.rabaini.it\/de\/homepage\/"},{"@type":"ListItem","position":2,"name":"Gesch\u00e4ft","item":"https:\/\/www.rabaini.it\/geschaeft\/"},{"@type":"ListItem","position":3,"name":"Herren","item":"https:\/\/www.rabaini.it\/de\/herren\/"},{"@type":"ListItem","position":4,"name":"Besticktes T-Shirt 12. Jagdgruppe"}]},{"@type":"WebSite","@id":"https:\/\/www.rabaini.it\/de\/#website","url":"https:\/\/www.rabaini.it\/de\/","name":"Rabaini","description":"","potentialAction":[{"@type":"SearchAction","target":{"@type":"EntryPoint","urlTemplate":"https:\/\/www.rabaini.it\/de\/?s={search_term_string}"},"query-input":{"@type":"PropertyValueSpecification","valueRequired":true,"valueName":"search_term_string"}}],"inLanguage":"de"}]}},"_links":{"self":[{"href":"https:\/\/www.rabaini.it\/de\/wp-json\/wp\/v2\/product\/118008","targetHints":{"allow":["GET"]}}],"collection":[{"href":"https:\/\/www.rabaini.it\/de\/wp-json\/wp\/v2\/product"}],"about":[{"href":"https:\/\/www.rabaini.it\/de\/wp-json\/wp\/v2\/types\/product"}],"wp:featuredmedia":[{"embeddable":true,"href":"https:\/\/www.rabaini.it\/de\/wp-json\/wp\/v2\/media\/101014"}],"wp:attachment":[{"href":"https:\/\/www.rabaini.it\/de\/wp-json\/wp\/v2\/media?parent=118008"}],"wp:term":[{"taxonomy":"product_brand","embeddable":true,"href":"https:\/\/www.rabaini.it\/de\/wp-json\/wp\/v2\/product_brand?post=118008"},{"taxonomy":"product_cat","embeddable":true,"href":"https:\/\/www.rabaini.it\/de\/wp-json\/wp\/v2\/product_cat?post=118008"},{"taxonomy":"product_tag","embeddable":true,"href":"https:\/\/www.rabaini.it\/de\/wp-json\/wp\/v2\/product_tag?post=118008"}],"curies":[{"name":"wp","href":"https:\/\/api.w.org\/{rel}","templated":true}]}}