{"id":117893,"date":"2024-12-13T11:58:11","date_gmt":"2024-12-13T10:58:11","guid":{"rendered":"https:\/\/www.rabaini.it\/prodotto\/bustier-minikleid-aus-samt-und-sable\/"},"modified":"2025-06-16T16:07:06","modified_gmt":"2025-06-16T14:07:06","slug":"bustier-minikleid-aus-samt-und-sable","status":"publish","type":"product","link":"https:\/\/www.rabaini.it\/de\/bustier-minikleid-aus-samt-und-sable\/","title":{"rendered":"Bustier-Minikleid aus Samt und Sabl\u00e9"},"content":{"rendered":"<ul>\n<li>Artikelnummer: TRANI<\/li>\n<li>Artikelfarbe: Schwarz<\/li>\n<li>Kurzes Bustierkleid bestehend aus einem Oberteil aus Baumwollsamt und einem Rock aus gepaartem Sabl\u00e9 mit skulpturaler Wirkung<\/li>\n<li>Die Kombination der Texturen erzeugt ein angenehmes Tastgef\u00fchl, w\u00e4hrend die vertikalen Schnitte auf Vorder- und R\u00fcckseite die weibliche Silhouette betonen<\/li>\n<li>Unsichtbarer Rei\u00dfverschluss auf der R\u00fcckseite<\/li>\n<li>Zusammensetzung des Oberteils: 98 % Baumwolle, 2 % Elastan<\/li>\n<li>Zusammensetzung des unteren Teils: 78 % Acetat, 22 % Polyester<\/li>\n<li>Futter: 100 % Baumwolle<\/li>\n<\/ul>\n","protected":false},"excerpt":{"rendered":"<p>Artikelnummer: TRANI Artikelfarbe: Schwarz Kurzes Bustierkleid bestehend aus einem Oberteil aus Baumwollsamt und einem Rock aus gepaartem Sabl\u00e9 mit skulpturaler Wirkung Die Kombination der Texturen erzeugt ein angenehmes Tastgef\u00fchl, w\u00e4hrend die vertikalen Schnitte auf Vorder- und R\u00fcckseite die weibliche Silhouette betonen Unsichtbarer Rei\u00dfverschluss auf der R\u00fcckseite Zusammensetzung des Oberteils: 98 % Baumwolle, 2 % Elastan&hellip;<\/p>\n","protected":false},"featured_media":101952,"template":"","meta":{"_acf_changed":false},"product_brand":[],"product_cat":[1273,1274,1275],"product_tag":[1522],"class_list":{"0":"post-117893","1":"product","2":"type-product","3":"status-publish","4":"has-post-thumbnail","6":"product_cat-damen","7":"product_cat-damenbekleidung","8":"product_cat-kleidung-damen","9":"product_tag-fw24-de","10":"marca-max-mara-de","12":"first","13":"instock","14":"shipping-taxable","15":"purchasable","16":"product-type-variable"},"acf":[],"yoast_head":"<!-- This site is optimized with the Yoast SEO plugin v27.2 - https:\/\/yoast.com\/product\/yoast-seo-wordpress\/ -->\n<title>Bustier-Minikleid aus Samt und Sabl\u00e9 - Rabaini<\/title>\n<meta name=\"robots\" content=\"index, follow, max-snippet:-1, max-image-preview:large, max-video-preview:-1\" \/>\n<link rel=\"canonical\" href=\"https:\/\/www.rabaini.it\/de\/bustier-minikleid-aus-samt-und-sable\/\" \/>\n<meta property=\"og:locale\" content=\"de_DE\" \/>\n<meta property=\"og:type\" content=\"article\" \/>\n<meta property=\"og:title\" content=\"Bustier-Minikleid aus Samt und Sabl\u00e9 - Rabaini\" \/>\n<meta property=\"og:description\" content=\"Artikelnummer: TRANI Artikelfarbe: Schwarz Kurzes Bustierkleid bestehend aus einem Oberteil aus Baumwollsamt und einem Rock aus gepaartem Sabl\u00e9 mit skulpturaler Wirkung Die Kombination der Texturen erzeugt ein angenehmes Tastgef\u00fchl, w\u00e4hrend die vertikalen Schnitte auf Vorder- und R\u00fcckseite die weibliche Silhouette betonen Unsichtbarer Rei\u00dfverschluss auf der R\u00fcckseite Zusammensetzung des Oberteils: 98 % Baumwolle, 2 % Elastan&hellip;\" \/>\n<meta property=\"og:url\" content=\"https:\/\/www.rabaini.it\/de\/bustier-minikleid-aus-samt-und-sable\/\" \/>\n<meta property=\"og:site_name\" content=\"Rabaini\" \/>\n<meta property=\"article:modified_time\" content=\"2025-06-16T14:07:06+00:00\" \/>\n<meta property=\"og:image\" content=\"https:\/\/www.rabaini.it\/wp-content\/uploads\/2024\/12\/7.1-1.jpg\" \/>\n\t<meta property=\"og:image:width\" content=\"1500\" \/>\n\t<meta property=\"og:image:height\" content=\"1500\" \/>\n\t<meta property=\"og:image:type\" content=\"image\/jpeg\" \/>\n<meta name=\"twitter:card\" content=\"summary_large_image\" \/>\n<script type=\"application\/ld+json\" class=\"yoast-schema-graph\">{\"@context\":\"https:\/\/schema.org\",\"@graph\":[{\"@type\":\"WebPage\",\"@id\":\"https:\/\/www.rabaini.it\/de\/bustier-minikleid-aus-samt-und-sable\/\",\"url\":\"https:\/\/www.rabaini.it\/de\/bustier-minikleid-aus-samt-und-sable\/\",\"name\":\"Bustier-Minikleid aus Samt und Sabl\u00e9 - Rabaini\",\"isPartOf\":{\"@id\":\"https:\/\/www.rabaini.it\/de\/#website\"},\"primaryImageOfPage\":{\"@id\":\"https:\/\/www.rabaini.it\/de\/bustier-minikleid-aus-samt-und-sable\/#primaryimage\"},\"image\":{\"@id\":\"https:\/\/www.rabaini.it\/de\/bustier-minikleid-aus-samt-und-sable\/#primaryimage\"},\"thumbnailUrl\":\"https:\/\/www.rabaini.it\/wp-content\/uploads\/2024\/12\/7.1-1.jpg\",\"datePublished\":\"2024-12-13T10:58:11+00:00\",\"dateModified\":\"2025-06-16T14:07:06+00:00\",\"breadcrumb\":{\"@id\":\"https:\/\/www.rabaini.it\/de\/bustier-minikleid-aus-samt-und-sable\/#breadcrumb\"},\"inLanguage\":\"de\",\"potentialAction\":[{\"@type\":\"ReadAction\",\"target\":[\"https:\/\/www.rabaini.it\/de\/bustier-minikleid-aus-samt-und-sable\/\"]}]},{\"@type\":\"ImageObject\",\"inLanguage\":\"de\",\"@id\":\"https:\/\/www.rabaini.it\/de\/bustier-minikleid-aus-samt-und-sable\/#primaryimage\",\"url\":\"https:\/\/www.rabaini.it\/wp-content\/uploads\/2024\/12\/7.1-1.jpg\",\"contentUrl\":\"https:\/\/www.rabaini.it\/wp-content\/uploads\/2024\/12\/7.1-1.jpg\",\"width\":1500,\"height\":1500},{\"@type\":\"BreadcrumbList\",\"@id\":\"https:\/\/www.rabaini.it\/de\/bustier-minikleid-aus-samt-und-sable\/#breadcrumb\",\"itemListElement\":[{\"@type\":\"ListItem\",\"position\":1,\"name\":\"Home\",\"item\":\"https:\/\/www.rabaini.it\/de\/homepage\/\"},{\"@type\":\"ListItem\",\"position\":2,\"name\":\"Gesch\u00e4ft\",\"item\":\"https:\/\/www.rabaini.it\/geschaeft\/\"},{\"@type\":\"ListItem\",\"position\":3,\"name\":\"Damen\",\"item\":\"https:\/\/www.rabaini.it\/de\/damen\/\"},{\"@type\":\"ListItem\",\"position\":4,\"name\":\"Bustier-Minikleid aus Samt und Sabl\u00e9\"}]},{\"@type\":\"WebSite\",\"@id\":\"https:\/\/www.rabaini.it\/de\/#website\",\"url\":\"https:\/\/www.rabaini.it\/de\/\",\"name\":\"Rabaini\",\"description\":\"\",\"potentialAction\":[{\"@type\":\"SearchAction\",\"target\":{\"@type\":\"EntryPoint\",\"urlTemplate\":\"https:\/\/www.rabaini.it\/de\/?s={search_term_string}\"},\"query-input\":{\"@type\":\"PropertyValueSpecification\",\"valueRequired\":true,\"valueName\":\"search_term_string\"}}],\"inLanguage\":\"de\"}]}<\/script>\n<!-- \/ Yoast SEO plugin. -->","yoast_head_json":{"title":"Bustier-Minikleid aus Samt und Sabl\u00e9 - Rabaini","robots":{"index":"index","follow":"follow","max-snippet":"max-snippet:-1","max-image-preview":"max-image-preview:large","max-video-preview":"max-video-preview:-1"},"canonical":"https:\/\/www.rabaini.it\/de\/bustier-minikleid-aus-samt-und-sable\/","og_locale":"de_DE","og_type":"article","og_title":"Bustier-Minikleid aus Samt und Sabl\u00e9 - Rabaini","og_description":"Artikelnummer: TRANI Artikelfarbe: Schwarz Kurzes Bustierkleid bestehend aus einem Oberteil aus Baumwollsamt und einem Rock aus gepaartem Sabl\u00e9 mit skulpturaler Wirkung Die Kombination der Texturen erzeugt ein angenehmes Tastgef\u00fchl, w\u00e4hrend die vertikalen Schnitte auf Vorder- und R\u00fcckseite die weibliche Silhouette betonen Unsichtbarer Rei\u00dfverschluss auf der R\u00fcckseite Zusammensetzung des Oberteils: 98 % Baumwolle, 2 % Elastan&hellip;","og_url":"https:\/\/www.rabaini.it\/de\/bustier-minikleid-aus-samt-und-sable\/","og_site_name":"Rabaini","article_modified_time":"2025-06-16T14:07:06+00:00","og_image":[{"width":1500,"height":1500,"url":"https:\/\/www.rabaini.it\/wp-content\/uploads\/2024\/12\/7.1-1.jpg","type":"image\/jpeg"}],"twitter_card":"summary_large_image","schema":{"@context":"https:\/\/schema.org","@graph":[{"@type":"WebPage","@id":"https:\/\/www.rabaini.it\/de\/bustier-minikleid-aus-samt-und-sable\/","url":"https:\/\/www.rabaini.it\/de\/bustier-minikleid-aus-samt-und-sable\/","name":"Bustier-Minikleid aus Samt und Sabl\u00e9 - Rabaini","isPartOf":{"@id":"https:\/\/www.rabaini.it\/de\/#website"},"primaryImageOfPage":{"@id":"https:\/\/www.rabaini.it\/de\/bustier-minikleid-aus-samt-und-sable\/#primaryimage"},"image":{"@id":"https:\/\/www.rabaini.it\/de\/bustier-minikleid-aus-samt-und-sable\/#primaryimage"},"thumbnailUrl":"https:\/\/www.rabaini.it\/wp-content\/uploads\/2024\/12\/7.1-1.jpg","datePublished":"2024-12-13T10:58:11+00:00","dateModified":"2025-06-16T14:07:06+00:00","breadcrumb":{"@id":"https:\/\/www.rabaini.it\/de\/bustier-minikleid-aus-samt-und-sable\/#breadcrumb"},"inLanguage":"de","potentialAction":[{"@type":"ReadAction","target":["https:\/\/www.rabaini.it\/de\/bustier-minikleid-aus-samt-und-sable\/"]}]},{"@type":"ImageObject","inLanguage":"de","@id":"https:\/\/www.rabaini.it\/de\/bustier-minikleid-aus-samt-und-sable\/#primaryimage","url":"https:\/\/www.rabaini.it\/wp-content\/uploads\/2024\/12\/7.1-1.jpg","contentUrl":"https:\/\/www.rabaini.it\/wp-content\/uploads\/2024\/12\/7.1-1.jpg","width":1500,"height":1500},{"@type":"BreadcrumbList","@id":"https:\/\/www.rabaini.it\/de\/bustier-minikleid-aus-samt-und-sable\/#breadcrumb","itemListElement":[{"@type":"ListItem","position":1,"name":"Home","item":"https:\/\/www.rabaini.it\/de\/homepage\/"},{"@type":"ListItem","position":2,"name":"Gesch\u00e4ft","item":"https:\/\/www.rabaini.it\/geschaeft\/"},{"@type":"ListItem","position":3,"name":"Damen","item":"https:\/\/www.rabaini.it\/de\/damen\/"},{"@type":"ListItem","position":4,"name":"Bustier-Minikleid aus Samt und Sabl\u00e9"}]},{"@type":"WebSite","@id":"https:\/\/www.rabaini.it\/de\/#website","url":"https:\/\/www.rabaini.it\/de\/","name":"Rabaini","description":"","potentialAction":[{"@type":"SearchAction","target":{"@type":"EntryPoint","urlTemplate":"https:\/\/www.rabaini.it\/de\/?s={search_term_string}"},"query-input":{"@type":"PropertyValueSpecification","valueRequired":true,"valueName":"search_term_string"}}],"inLanguage":"de"}]}},"_links":{"self":[{"href":"https:\/\/www.rabaini.it\/de\/wp-json\/wp\/v2\/product\/117893","targetHints":{"allow":["GET"]}}],"collection":[{"href":"https:\/\/www.rabaini.it\/de\/wp-json\/wp\/v2\/product"}],"about":[{"href":"https:\/\/www.rabaini.it\/de\/wp-json\/wp\/v2\/types\/product"}],"wp:featuredmedia":[{"embeddable":true,"href":"https:\/\/www.rabaini.it\/de\/wp-json\/wp\/v2\/media\/101952"}],"wp:attachment":[{"href":"https:\/\/www.rabaini.it\/de\/wp-json\/wp\/v2\/media?parent=117893"}],"wp:term":[{"taxonomy":"product_brand","embeddable":true,"href":"https:\/\/www.rabaini.it\/de\/wp-json\/wp\/v2\/product_brand?post=117893"},{"taxonomy":"product_cat","embeddable":true,"href":"https:\/\/www.rabaini.it\/de\/wp-json\/wp\/v2\/product_cat?post=117893"},{"taxonomy":"product_tag","embeddable":true,"href":"https:\/\/www.rabaini.it\/de\/wp-json\/wp\/v2\/product_tag?post=117893"}],"curies":[{"name":"wp","href":"https:\/\/api.w.org\/{rel}","templated":true}]}}