{"id":117854,"date":"2025-04-01T15:48:42","date_gmt":"2025-04-01T13:48:42","guid":{"rendered":"https:\/\/www.rabaini.it\/prodotto\/diva-bag-beige-shopper-tasche\/"},"modified":"2025-04-01T15:48:42","modified_gmt":"2025-04-01T13:48:42","slug":"diva-bag-beige-shopper-tasche","status":"publish","type":"product","link":"https:\/\/www.rabaini.it\/de\/diva-bag-beige-shopper-tasche\/","title":{"rendered":"Diva Bag beige Shopper Tasche"},"content":{"rendered":"<ul>\n<li>Artikelnummer: MYB-259119-SS<\/li>\n<li>Artikelfarbe: Beige<\/li>\n<li>Hergestellt in Italien<\/li>\n<li>Marmorfarbene Ledertasche, Verschluss oben mit Knopf und goldenem Logo auf der Vorderseite<\/li>\n<li>Innenseite mit Stoff gef\u00fcttert und<\/li>\n<li>Innenf\u00e4cher<\/li>\n<li>Taschenzusammensetzung: 100 % Leder<\/li>\n<li>Ma\u00dfe: 36x24x26 cm<\/li>\n<\/ul>\n","protected":false},"excerpt":{"rendered":"<p>Artikelnummer: MYB-259119-SS Artikelfarbe: Beige Hergestellt in Italien Marmorfarbene Ledertasche, Verschluss oben mit Knopf und goldenem Logo auf der Vorderseite Innenseite mit Stoff gef\u00fcttert und Innenf\u00e4cher Taschenzusammensetzung: 100 % Leder Ma\u00dfe: 36x24x26 cm<\/p>\n","protected":false},"featured_media":109956,"template":"","meta":{"_acf_changed":false},"product_brand":[],"product_cat":[1273,1309,1295,1298,1300,1296,1301],"product_tag":[1526],"class_list":{"0":"post-117854","1":"product","2":"type-product","3":"status-publish","4":"has-post-thumbnail","6":"product_cat-damen","7":"product_cat-damen-sale","8":"product_cat-damenaccessoires","9":"product_cat-einkaufstaschen-damen","10":"product_cat-handtaschen-damen","11":"product_cat-taschen-damen","12":"product_cat-umhangetaschen-damen","13":"product_tag-ss25-de","14":"marca-my-best-bag-de","16":"first","17":"outofstock","18":"sale","19":"shipping-taxable","20":"purchasable","21":"product-type-simple"},"acf":[],"yoast_head":"<!-- This site is optimized with the Yoast SEO plugin v27.2 - https:\/\/yoast.com\/product\/yoast-seo-wordpress\/ -->\n<title>Diva Bag beige Shopper Tasche - Rabaini<\/title>\n<meta name=\"robots\" content=\"index, follow, max-snippet:-1, max-image-preview:large, max-video-preview:-1\" \/>\n<link rel=\"canonical\" href=\"https:\/\/www.rabaini.it\/de\/diva-bag-beige-shopper-tasche\/\" \/>\n<meta property=\"og:locale\" content=\"de_DE\" \/>\n<meta property=\"og:type\" content=\"article\" \/>\n<meta property=\"og:title\" content=\"Diva Bag beige Shopper Tasche - Rabaini\" \/>\n<meta property=\"og:description\" content=\"Artikelnummer: MYB-259119-SS Artikelfarbe: Beige Hergestellt in Italien Marmorfarbene Ledertasche, Verschluss oben mit Knopf und goldenem Logo auf der Vorderseite Innenseite mit Stoff gef\u00fcttert und Innenf\u00e4cher Taschenzusammensetzung: 100 % Leder Ma\u00dfe: 36x24x26 cm\" \/>\n<meta property=\"og:url\" content=\"https:\/\/www.rabaini.it\/de\/diva-bag-beige-shopper-tasche\/\" \/>\n<meta property=\"og:site_name\" content=\"Rabaini\" \/>\n<meta property=\"og:image\" content=\"https:\/\/www.rabaini.it\/wp-content\/uploads\/2025\/03\/DSC_7997.jpg\" \/>\n\t<meta property=\"og:image:width\" content=\"1500\" \/>\n\t<meta property=\"og:image:height\" content=\"1500\" \/>\n\t<meta property=\"og:image:type\" content=\"image\/jpeg\" \/>\n<meta name=\"twitter:card\" content=\"summary_large_image\" \/>\n<script type=\"application\/ld+json\" class=\"yoast-schema-graph\">{\"@context\":\"https:\/\/schema.org\",\"@graph\":[{\"@type\":\"WebPage\",\"@id\":\"https:\/\/www.rabaini.it\/de\/diva-bag-beige-shopper-tasche\/\",\"url\":\"https:\/\/www.rabaini.it\/de\/diva-bag-beige-shopper-tasche\/\",\"name\":\"Diva Bag beige Shopper Tasche - Rabaini\",\"isPartOf\":{\"@id\":\"https:\/\/www.rabaini.it\/de\/#website\"},\"primaryImageOfPage\":{\"@id\":\"https:\/\/www.rabaini.it\/de\/diva-bag-beige-shopper-tasche\/#primaryimage\"},\"image\":{\"@id\":\"https:\/\/www.rabaini.it\/de\/diva-bag-beige-shopper-tasche\/#primaryimage\"},\"thumbnailUrl\":\"https:\/\/www.rabaini.it\/wp-content\/uploads\/2025\/03\/DSC_7997.jpg\",\"datePublished\":\"2025-04-01T13:48:42+00:00\",\"breadcrumb\":{\"@id\":\"https:\/\/www.rabaini.it\/de\/diva-bag-beige-shopper-tasche\/#breadcrumb\"},\"inLanguage\":\"de\",\"potentialAction\":[{\"@type\":\"ReadAction\",\"target\":[\"https:\/\/www.rabaini.it\/de\/diva-bag-beige-shopper-tasche\/\"]}]},{\"@type\":\"ImageObject\",\"inLanguage\":\"de\",\"@id\":\"https:\/\/www.rabaini.it\/de\/diva-bag-beige-shopper-tasche\/#primaryimage\",\"url\":\"https:\/\/www.rabaini.it\/wp-content\/uploads\/2025\/03\/DSC_7997.jpg\",\"contentUrl\":\"https:\/\/www.rabaini.it\/wp-content\/uploads\/2025\/03\/DSC_7997.jpg\",\"width\":1500,\"height\":1500},{\"@type\":\"BreadcrumbList\",\"@id\":\"https:\/\/www.rabaini.it\/de\/diva-bag-beige-shopper-tasche\/#breadcrumb\",\"itemListElement\":[{\"@type\":\"ListItem\",\"position\":1,\"name\":\"Home\",\"item\":\"https:\/\/www.rabaini.it\/de\/homepage\/\"},{\"@type\":\"ListItem\",\"position\":2,\"name\":\"Gesch\u00e4ft\",\"item\":\"https:\/\/www.rabaini.it\/geschaeft\/\"},{\"@type\":\"ListItem\",\"position\":3,\"name\":\"Damen\",\"item\":\"https:\/\/www.rabaini.it\/de\/damen\/\"},{\"@type\":\"ListItem\",\"position\":4,\"name\":\"Diva Bag beige Shopper Tasche\"}]},{\"@type\":\"WebSite\",\"@id\":\"https:\/\/www.rabaini.it\/de\/#website\",\"url\":\"https:\/\/www.rabaini.it\/de\/\",\"name\":\"Rabaini\",\"description\":\"\",\"potentialAction\":[{\"@type\":\"SearchAction\",\"target\":{\"@type\":\"EntryPoint\",\"urlTemplate\":\"https:\/\/www.rabaini.it\/de\/?s={search_term_string}\"},\"query-input\":{\"@type\":\"PropertyValueSpecification\",\"valueRequired\":true,\"valueName\":\"search_term_string\"}}],\"inLanguage\":\"de\"}]}<\/script>\n<!-- \/ Yoast SEO plugin. -->","yoast_head_json":{"title":"Diva Bag beige Shopper Tasche - Rabaini","robots":{"index":"index","follow":"follow","max-snippet":"max-snippet:-1","max-image-preview":"max-image-preview:large","max-video-preview":"max-video-preview:-1"},"canonical":"https:\/\/www.rabaini.it\/de\/diva-bag-beige-shopper-tasche\/","og_locale":"de_DE","og_type":"article","og_title":"Diva Bag beige Shopper Tasche - Rabaini","og_description":"Artikelnummer: MYB-259119-SS Artikelfarbe: Beige Hergestellt in Italien Marmorfarbene Ledertasche, Verschluss oben mit Knopf und goldenem Logo auf der Vorderseite Innenseite mit Stoff gef\u00fcttert und Innenf\u00e4cher Taschenzusammensetzung: 100 % Leder Ma\u00dfe: 36x24x26 cm","og_url":"https:\/\/www.rabaini.it\/de\/diva-bag-beige-shopper-tasche\/","og_site_name":"Rabaini","og_image":[{"width":1500,"height":1500,"url":"https:\/\/www.rabaini.it\/wp-content\/uploads\/2025\/03\/DSC_7997.jpg","type":"image\/jpeg"}],"twitter_card":"summary_large_image","schema":{"@context":"https:\/\/schema.org","@graph":[{"@type":"WebPage","@id":"https:\/\/www.rabaini.it\/de\/diva-bag-beige-shopper-tasche\/","url":"https:\/\/www.rabaini.it\/de\/diva-bag-beige-shopper-tasche\/","name":"Diva Bag beige Shopper Tasche - Rabaini","isPartOf":{"@id":"https:\/\/www.rabaini.it\/de\/#website"},"primaryImageOfPage":{"@id":"https:\/\/www.rabaini.it\/de\/diva-bag-beige-shopper-tasche\/#primaryimage"},"image":{"@id":"https:\/\/www.rabaini.it\/de\/diva-bag-beige-shopper-tasche\/#primaryimage"},"thumbnailUrl":"https:\/\/www.rabaini.it\/wp-content\/uploads\/2025\/03\/DSC_7997.jpg","datePublished":"2025-04-01T13:48:42+00:00","breadcrumb":{"@id":"https:\/\/www.rabaini.it\/de\/diva-bag-beige-shopper-tasche\/#breadcrumb"},"inLanguage":"de","potentialAction":[{"@type":"ReadAction","target":["https:\/\/www.rabaini.it\/de\/diva-bag-beige-shopper-tasche\/"]}]},{"@type":"ImageObject","inLanguage":"de","@id":"https:\/\/www.rabaini.it\/de\/diva-bag-beige-shopper-tasche\/#primaryimage","url":"https:\/\/www.rabaini.it\/wp-content\/uploads\/2025\/03\/DSC_7997.jpg","contentUrl":"https:\/\/www.rabaini.it\/wp-content\/uploads\/2025\/03\/DSC_7997.jpg","width":1500,"height":1500},{"@type":"BreadcrumbList","@id":"https:\/\/www.rabaini.it\/de\/diva-bag-beige-shopper-tasche\/#breadcrumb","itemListElement":[{"@type":"ListItem","position":1,"name":"Home","item":"https:\/\/www.rabaini.it\/de\/homepage\/"},{"@type":"ListItem","position":2,"name":"Gesch\u00e4ft","item":"https:\/\/www.rabaini.it\/geschaeft\/"},{"@type":"ListItem","position":3,"name":"Damen","item":"https:\/\/www.rabaini.it\/de\/damen\/"},{"@type":"ListItem","position":4,"name":"Diva Bag beige Shopper Tasche"}]},{"@type":"WebSite","@id":"https:\/\/www.rabaini.it\/de\/#website","url":"https:\/\/www.rabaini.it\/de\/","name":"Rabaini","description":"","potentialAction":[{"@type":"SearchAction","target":{"@type":"EntryPoint","urlTemplate":"https:\/\/www.rabaini.it\/de\/?s={search_term_string}"},"query-input":{"@type":"PropertyValueSpecification","valueRequired":true,"valueName":"search_term_string"}}],"inLanguage":"de"}]}},"_links":{"self":[{"href":"https:\/\/www.rabaini.it\/de\/wp-json\/wp\/v2\/product\/117854","targetHints":{"allow":["GET"]}}],"collection":[{"href":"https:\/\/www.rabaini.it\/de\/wp-json\/wp\/v2\/product"}],"about":[{"href":"https:\/\/www.rabaini.it\/de\/wp-json\/wp\/v2\/types\/product"}],"wp:featuredmedia":[{"embeddable":true,"href":"https:\/\/www.rabaini.it\/de\/wp-json\/wp\/v2\/media\/109956"}],"wp:attachment":[{"href":"https:\/\/www.rabaini.it\/de\/wp-json\/wp\/v2\/media?parent=117854"}],"wp:term":[{"taxonomy":"product_brand","embeddable":true,"href":"https:\/\/www.rabaini.it\/de\/wp-json\/wp\/v2\/product_brand?post=117854"},{"taxonomy":"product_cat","embeddable":true,"href":"https:\/\/www.rabaini.it\/de\/wp-json\/wp\/v2\/product_cat?post=117854"},{"taxonomy":"product_tag","embeddable":true,"href":"https:\/\/www.rabaini.it\/de\/wp-json\/wp\/v2\/product_tag?post=117854"}],"curies":[{"name":"wp","href":"https:\/\/api.w.org\/{rel}","templated":true}]}}