{"id":117847,"date":"2025-04-07T17:53:03","date_gmt":"2025-04-07T15:53:03","guid":{"rendered":"https:\/\/www.rabaini.it\/prodotto\/der-echte-4-0-claude\/"},"modified":"2025-06-16T13:39:37","modified_gmt":"2025-06-16T11:39:37","slug":"der-echte-4-0-claude","status":"publish","type":"product","link":"https:\/\/www.rabaini.it\/de\/der-echte-4-0-claude\/","title":{"rendered":"DER ECHTE 4.0 CLAUDE"},"content":{"rendered":"<div id=\"Produktbeschreibung-Kurz-7172\" class=\"Produkt-Kurzbeschreibung\">\n<ul>\n<li>Artikelnummer: K2123ZW<\/li>\n<li>Artikelfarbe: Tiefes Blau<\/li>\n<li>Unisex-Regenjacke, blau, faltbar<\/li>\n<li>Die Kurzjacke Claude ist eine K-Way-Ikone, die den Geist der Marke in jedem Detail interpretiert. Sie besteht aus dem innovativen Micro-Ripstop 4.0-Gewebe, das zu 100 % recycelt ist, dank eines Wasserdichtigkeitswerts von 10.000 und einer Atmungsaktivit\u00e4t von 10.000 noch wasserabweisender und atmungsaktiver ist und \u00fcber thermoverschwei\u00dfte Innenn\u00e4hte verf\u00fcgt, die eine hervorragende Isolierung gegen Witterungseinfl\u00fcsse garantieren.<\/li>\n<li>Die St\u00e4rke dieses Unisex-Modells ist das geringe Volumen, das es einnimmt, wenn es gefaltet und in einer der beiden Taschen verstaut ist.<\/li>\n<li>Perfekt, um es immer in der Tasche oder im Rucksack mitzunehmen. Es ist so konzipiert, dass es pl\u00f6tzlichem Regen oder Wind problemlos standh\u00e4lt.<\/li>\n<li>Wasserdichtes, wasserabweisendes, winddichtes, atmungsaktives Ripstop-Nylongewebe<\/li>\n<li>DWR-Behandlung (Durable Water Repellent)<\/li>\n<li>Wasserdicht: 10000 mm Wassers\u00e4ule<\/li>\n<li>Atmungsaktivit\u00e4t: 10.000 g\/m2\/24h<\/li>\n<li>Verpackbar<\/li>\n<li>Hei\u00dfverklebte N\u00e4hte<\/li>\n<li>Verstellbare Kapuze mit elastischer Kordel<\/li>\n<li>Rei\u00dfverschluss<\/li>\n<li>Interne Windklappe<\/li>\n<li>Bel\u00fcftungsschlitz auf der R\u00fcckseite<\/li>\n<li>Elastische B\u00fcndchen<\/li>\n<li>2 Rei\u00dfverschlusstaschen<\/li>\n<li>Jackensaum mit Gummizug verstellbar<\/li>\n<li>Normale Passform<\/li>\n<li>Zusammensetzung: 100 % recyceltes Polyamid<\/li>\n<\/ul>\n<\/div>\n","protected":false},"excerpt":{"rendered":"<p>Artikelnummer: K2123ZW Artikelfarbe: Tiefes Blau Unisex-Regenjacke, blau, faltbar Die Kurzjacke Claude ist eine K-Way-Ikone, die den Geist der Marke in jedem Detail interpretiert. Sie besteht aus dem innovativen Micro-Ripstop 4.0-Gewebe, das zu 100 % recycelt ist, dank eines Wasserdichtigkeitswerts von 10.000 und einer Atmungsaktivit\u00e4t von 10.000 noch wasserabweisender und atmungsaktiver ist und \u00fcber thermoverschwei\u00dfte Innenn\u00e4hte&hellip;<\/p>\n","protected":false},"featured_media":110353,"template":"","meta":{"_acf_changed":false},"product_brand":[],"product_cat":[1324,1325,1331,1329],"product_tag":[1526],"class_list":{"0":"post-117847","1":"product","2":"type-product","3":"status-publish","4":"has-post-thumbnail","6":"product_cat-herren","7":"product_cat-herrenbekleidung","8":"product_cat-jacken-herren","9":"product_cat-oberbekleidung-herren","10":"product_tag-ss25-de","11":"marca-k-way-de","13":"first","14":"instock","15":"shipping-taxable","16":"purchasable","17":"product-type-variable"},"acf":[],"yoast_head":"<!-- This site is optimized with the Yoast SEO plugin v27.2 - https:\/\/yoast.com\/product\/yoast-seo-wordpress\/ -->\n<title>DER ECHTE 4.0 CLAUDE - Rabaini<\/title>\n<meta name=\"robots\" content=\"index, follow, max-snippet:-1, max-image-preview:large, max-video-preview:-1\" \/>\n<link rel=\"canonical\" href=\"https:\/\/www.rabaini.it\/de\/der-echte-4-0-claude\/\" \/>\n<meta property=\"og:locale\" content=\"de_DE\" \/>\n<meta property=\"og:type\" content=\"article\" \/>\n<meta property=\"og:title\" content=\"DER ECHTE 4.0 CLAUDE - Rabaini\" \/>\n<meta property=\"og:description\" content=\"Artikelnummer: K2123ZW Artikelfarbe: Tiefes Blau Unisex-Regenjacke, blau, faltbar Die Kurzjacke Claude ist eine K-Way-Ikone, die den Geist der Marke in jedem Detail interpretiert. Sie besteht aus dem innovativen Micro-Ripstop 4.0-Gewebe, das zu 100 % recycelt ist, dank eines Wasserdichtigkeitswerts von 10.000 und einer Atmungsaktivit\u00e4t von 10.000 noch wasserabweisender und atmungsaktiver ist und \u00fcber thermoverschwei\u00dfte Innenn\u00e4hte&hellip;\" \/>\n<meta property=\"og:url\" content=\"https:\/\/www.rabaini.it\/de\/der-echte-4-0-claude\/\" \/>\n<meta property=\"og:site_name\" content=\"Rabaini\" \/>\n<meta property=\"article:modified_time\" content=\"2025-06-16T11:39:37+00:00\" \/>\n<meta property=\"og:image\" content=\"https:\/\/www.rabaini.it\/wp-content\/uploads\/2025\/04\/7.1.jpg\" \/>\n\t<meta property=\"og:image:width\" content=\"1500\" \/>\n\t<meta property=\"og:image:height\" content=\"1500\" \/>\n\t<meta property=\"og:image:type\" content=\"image\/jpeg\" \/>\n<meta name=\"twitter:card\" content=\"summary_large_image\" \/>\n<meta name=\"twitter:label1\" content=\"Gesch\u00e4tzte Lesezeit\" \/>\n\t<meta name=\"twitter:data1\" content=\"1\u00a0Minute\" \/>\n<script type=\"application\/ld+json\" class=\"yoast-schema-graph\">{\"@context\":\"https:\/\/schema.org\",\"@graph\":[{\"@type\":\"WebPage\",\"@id\":\"https:\/\/www.rabaini.it\/de\/der-echte-4-0-claude\/\",\"url\":\"https:\/\/www.rabaini.it\/de\/der-echte-4-0-claude\/\",\"name\":\"DER ECHTE 4.0 CLAUDE - Rabaini\",\"isPartOf\":{\"@id\":\"https:\/\/www.rabaini.it\/de\/#website\"},\"primaryImageOfPage\":{\"@id\":\"https:\/\/www.rabaini.it\/de\/der-echte-4-0-claude\/#primaryimage\"},\"image\":{\"@id\":\"https:\/\/www.rabaini.it\/de\/der-echte-4-0-claude\/#primaryimage\"},\"thumbnailUrl\":\"https:\/\/www.rabaini.it\/wp-content\/uploads\/2025\/04\/7.1.jpg\",\"datePublished\":\"2025-04-07T15:53:03+00:00\",\"dateModified\":\"2025-06-16T11:39:37+00:00\",\"breadcrumb\":{\"@id\":\"https:\/\/www.rabaini.it\/de\/der-echte-4-0-claude\/#breadcrumb\"},\"inLanguage\":\"de\",\"potentialAction\":[{\"@type\":\"ReadAction\",\"target\":[\"https:\/\/www.rabaini.it\/de\/der-echte-4-0-claude\/\"]}]},{\"@type\":\"ImageObject\",\"inLanguage\":\"de\",\"@id\":\"https:\/\/www.rabaini.it\/de\/der-echte-4-0-claude\/#primaryimage\",\"url\":\"https:\/\/www.rabaini.it\/wp-content\/uploads\/2025\/04\/7.1.jpg\",\"contentUrl\":\"https:\/\/www.rabaini.it\/wp-content\/uploads\/2025\/04\/7.1.jpg\",\"width\":1500,\"height\":1500},{\"@type\":\"BreadcrumbList\",\"@id\":\"https:\/\/www.rabaini.it\/de\/der-echte-4-0-claude\/#breadcrumb\",\"itemListElement\":[{\"@type\":\"ListItem\",\"position\":1,\"name\":\"Home\",\"item\":\"https:\/\/www.rabaini.it\/de\/homepage\/\"},{\"@type\":\"ListItem\",\"position\":2,\"name\":\"Gesch\u00e4ft\",\"item\":\"https:\/\/www.rabaini.it\/geschaeft\/\"},{\"@type\":\"ListItem\",\"position\":3,\"name\":\"Herren\",\"item\":\"https:\/\/www.rabaini.it\/de\/herren\/\"},{\"@type\":\"ListItem\",\"position\":4,\"name\":\"DER ECHTE 4.0 CLAUDE\"}]},{\"@type\":\"WebSite\",\"@id\":\"https:\/\/www.rabaini.it\/de\/#website\",\"url\":\"https:\/\/www.rabaini.it\/de\/\",\"name\":\"Rabaini\",\"description\":\"\",\"potentialAction\":[{\"@type\":\"SearchAction\",\"target\":{\"@type\":\"EntryPoint\",\"urlTemplate\":\"https:\/\/www.rabaini.it\/de\/?s={search_term_string}\"},\"query-input\":{\"@type\":\"PropertyValueSpecification\",\"valueRequired\":true,\"valueName\":\"search_term_string\"}}],\"inLanguage\":\"de\"}]}<\/script>\n<!-- \/ Yoast SEO plugin. -->","yoast_head_json":{"title":"DER ECHTE 4.0 CLAUDE - Rabaini","robots":{"index":"index","follow":"follow","max-snippet":"max-snippet:-1","max-image-preview":"max-image-preview:large","max-video-preview":"max-video-preview:-1"},"canonical":"https:\/\/www.rabaini.it\/de\/der-echte-4-0-claude\/","og_locale":"de_DE","og_type":"article","og_title":"DER ECHTE 4.0 CLAUDE - Rabaini","og_description":"Artikelnummer: K2123ZW Artikelfarbe: Tiefes Blau Unisex-Regenjacke, blau, faltbar Die Kurzjacke Claude ist eine K-Way-Ikone, die den Geist der Marke in jedem Detail interpretiert. Sie besteht aus dem innovativen Micro-Ripstop 4.0-Gewebe, das zu 100 % recycelt ist, dank eines Wasserdichtigkeitswerts von 10.000 und einer Atmungsaktivit\u00e4t von 10.000 noch wasserabweisender und atmungsaktiver ist und \u00fcber thermoverschwei\u00dfte Innenn\u00e4hte&hellip;","og_url":"https:\/\/www.rabaini.it\/de\/der-echte-4-0-claude\/","og_site_name":"Rabaini","article_modified_time":"2025-06-16T11:39:37+00:00","og_image":[{"width":1500,"height":1500,"url":"https:\/\/www.rabaini.it\/wp-content\/uploads\/2025\/04\/7.1.jpg","type":"image\/jpeg"}],"twitter_card":"summary_large_image","twitter_misc":{"Gesch\u00e4tzte Lesezeit":"1\u00a0Minute"},"schema":{"@context":"https:\/\/schema.org","@graph":[{"@type":"WebPage","@id":"https:\/\/www.rabaini.it\/de\/der-echte-4-0-claude\/","url":"https:\/\/www.rabaini.it\/de\/der-echte-4-0-claude\/","name":"DER ECHTE 4.0 CLAUDE - Rabaini","isPartOf":{"@id":"https:\/\/www.rabaini.it\/de\/#website"},"primaryImageOfPage":{"@id":"https:\/\/www.rabaini.it\/de\/der-echte-4-0-claude\/#primaryimage"},"image":{"@id":"https:\/\/www.rabaini.it\/de\/der-echte-4-0-claude\/#primaryimage"},"thumbnailUrl":"https:\/\/www.rabaini.it\/wp-content\/uploads\/2025\/04\/7.1.jpg","datePublished":"2025-04-07T15:53:03+00:00","dateModified":"2025-06-16T11:39:37+00:00","breadcrumb":{"@id":"https:\/\/www.rabaini.it\/de\/der-echte-4-0-claude\/#breadcrumb"},"inLanguage":"de","potentialAction":[{"@type":"ReadAction","target":["https:\/\/www.rabaini.it\/de\/der-echte-4-0-claude\/"]}]},{"@type":"ImageObject","inLanguage":"de","@id":"https:\/\/www.rabaini.it\/de\/der-echte-4-0-claude\/#primaryimage","url":"https:\/\/www.rabaini.it\/wp-content\/uploads\/2025\/04\/7.1.jpg","contentUrl":"https:\/\/www.rabaini.it\/wp-content\/uploads\/2025\/04\/7.1.jpg","width":1500,"height":1500},{"@type":"BreadcrumbList","@id":"https:\/\/www.rabaini.it\/de\/der-echte-4-0-claude\/#breadcrumb","itemListElement":[{"@type":"ListItem","position":1,"name":"Home","item":"https:\/\/www.rabaini.it\/de\/homepage\/"},{"@type":"ListItem","position":2,"name":"Gesch\u00e4ft","item":"https:\/\/www.rabaini.it\/geschaeft\/"},{"@type":"ListItem","position":3,"name":"Herren","item":"https:\/\/www.rabaini.it\/de\/herren\/"},{"@type":"ListItem","position":4,"name":"DER ECHTE 4.0 CLAUDE"}]},{"@type":"WebSite","@id":"https:\/\/www.rabaini.it\/de\/#website","url":"https:\/\/www.rabaini.it\/de\/","name":"Rabaini","description":"","potentialAction":[{"@type":"SearchAction","target":{"@type":"EntryPoint","urlTemplate":"https:\/\/www.rabaini.it\/de\/?s={search_term_string}"},"query-input":{"@type":"PropertyValueSpecification","valueRequired":true,"valueName":"search_term_string"}}],"inLanguage":"de"}]}},"_links":{"self":[{"href":"https:\/\/www.rabaini.it\/de\/wp-json\/wp\/v2\/product\/117847","targetHints":{"allow":["GET"]}}],"collection":[{"href":"https:\/\/www.rabaini.it\/de\/wp-json\/wp\/v2\/product"}],"about":[{"href":"https:\/\/www.rabaini.it\/de\/wp-json\/wp\/v2\/types\/product"}],"wp:featuredmedia":[{"embeddable":true,"href":"https:\/\/www.rabaini.it\/de\/wp-json\/wp\/v2\/media\/110353"}],"wp:attachment":[{"href":"https:\/\/www.rabaini.it\/de\/wp-json\/wp\/v2\/media?parent=117847"}],"wp:term":[{"taxonomy":"product_brand","embeddable":true,"href":"https:\/\/www.rabaini.it\/de\/wp-json\/wp\/v2\/product_brand?post=117847"},{"taxonomy":"product_cat","embeddable":true,"href":"https:\/\/www.rabaini.it\/de\/wp-json\/wp\/v2\/product_cat?post=117847"},{"taxonomy":"product_tag","embeddable":true,"href":"https:\/\/www.rabaini.it\/de\/wp-json\/wp\/v2\/product_tag?post=117847"}],"curies":[{"name":"wp","href":"https:\/\/api.w.org\/{rel}","templated":true}]}}