{"id":117689,"date":"2025-03-12T15:56:27","date_gmt":"2025-03-12T14:56:27","guid":{"rendered":"https:\/\/www.rabaini.it\/prodotto\/hocket-mittelbraune-hobo-tasche\/"},"modified":"2025-03-12T15:56:27","modified_gmt":"2025-03-12T14:56:27","slug":"hocket-mittelbraune-hobo-tasche","status":"publish","type":"product","link":"https:\/\/www.rabaini.it\/de\/hocket-mittelbraune-hobo-tasche\/","title":{"rendered":"Hocket \u2013 Mittelbraune Hobo-Tasche"},"content":{"rendered":"<ul>\n<li>Artikelcode: KBW01RS0300TZPS018<\/li>\n<li>Artikelfarbe: Braun<\/li>\n<li>\n<div class=\"prod-info__c-description prod-info__c-description--collapsed\">Diese rechteckige Hobo-Tasche ist mit der typischen Naht versehen, die ein Maxi-H umrei\u00dft. Auf der Vorderseite ist das Hogan-Logo eingepr\u00e4gt, an der Seite befindet sich ein mit Leder bezogener H-Anh\u00e4nger aus Metall.<\/div>\n<\/li>\n<li>\n<div class=\"prod-info__c-description prod-info__c-description--collapsed\">Aus weichem Leder gefertigt, kann es vielseitig getragen werden: Crossbody, klassisch \u00fcber der Schulter oder quer im Eimer-Effekt, oder in der Hand und unter dem Arm, auf sich selbst gefaltet<\/div>\n<\/li>\n<li>\n<div class=\"prod-info__c-description prod-info__c-description--collapsed\">Eine Kreation mit immer neuem Twist, begleitet von einer praktischen Clutch<\/div>\n<\/li>\n<li>Hobo-Tasche f\u00fcr Damen<\/li>\n<li>Artikel aus Leder<\/li>\n<li>Hogan-Logo auf der Vorder- und Seite aufgedruckt<\/li>\n<li>H-Charm-Anh\u00e4nger<\/li>\n<li>Abmessungen: 41 x 32,5 x 14,5 cm<\/li>\n<li>Verstellbarer, vielseitiger Schultergurt<\/li>\n<li>Magnetischer Knopfverschluss<\/li>\n<li>Herausnehmbare Innentasche<\/li>\n<li>Metallf\u00fc\u00dfe<\/li>\n<\/ul>\n","protected":false},"excerpt":{"rendered":"<p>Artikelcode: KBW01RS0300TZPS018 Artikelfarbe: Braun Diese rechteckige Hobo-Tasche ist mit der typischen Naht versehen, die ein Maxi-H umrei\u00dft. Auf der Vorderseite ist das Hogan-Logo eingepr\u00e4gt, an der Seite befindet sich ein mit Leder bezogener H-Anh\u00e4nger aus Metall. Aus weichem Leder gefertigt, kann es vielseitig getragen werden: Crossbody, klassisch \u00fcber der Schulter oder quer im Eimer-Effekt, oder&hellip;<\/p>\n","protected":false},"featured_media":108169,"template":"","meta":{"_acf_changed":false},"product_brand":[],"product_cat":[1273,1295,1300,1308,1296,1301],"product_tag":[1526],"class_list":{"0":"post-117689","1":"product","2":"type-product","3":"status-publish","4":"has-post-thumbnail","6":"product_cat-damen","7":"product_cat-damenaccessoires","8":"product_cat-handtaschen-damen","9":"product_cat-neuheiten-fur-damen","10":"product_cat-taschen-damen","11":"product_cat-umhangetaschen-damen","12":"product_tag-ss25-de","13":"marca-hogan-de","15":"first","16":"instock","17":"shipping-taxable","18":"purchasable","19":"product-type-simple"},"acf":[],"yoast_head":"<!-- This site is optimized with the Yoast SEO plugin v27.2 - https:\/\/yoast.com\/product\/yoast-seo-wordpress\/ -->\n<title>Hocket \u2013 Mittelbraune Hobo-Tasche - Rabaini<\/title>\n<meta name=\"robots\" content=\"index, follow, max-snippet:-1, max-image-preview:large, max-video-preview:-1\" \/>\n<link rel=\"canonical\" href=\"https:\/\/www.rabaini.it\/de\/hocket-mittelbraune-hobo-tasche\/\" \/>\n<meta property=\"og:locale\" content=\"de_DE\" \/>\n<meta property=\"og:type\" content=\"article\" \/>\n<meta property=\"og:title\" content=\"Hocket \u2013 Mittelbraune Hobo-Tasche - Rabaini\" \/>\n<meta property=\"og:description\" content=\"Artikelcode: KBW01RS0300TZPS018 Artikelfarbe: Braun Diese rechteckige Hobo-Tasche ist mit der typischen Naht versehen, die ein Maxi-H umrei\u00dft. Auf der Vorderseite ist das Hogan-Logo eingepr\u00e4gt, an der Seite befindet sich ein mit Leder bezogener H-Anh\u00e4nger aus Metall. Aus weichem Leder gefertigt, kann es vielseitig getragen werden: Crossbody, klassisch \u00fcber der Schulter oder quer im Eimer-Effekt, oder&hellip;\" \/>\n<meta property=\"og:url\" content=\"https:\/\/www.rabaini.it\/de\/hocket-mittelbraune-hobo-tasche\/\" \/>\n<meta property=\"og:site_name\" content=\"Rabaini\" \/>\n<meta property=\"og:image\" content=\"https:\/\/www.rabaini.it\/wp-content\/uploads\/2025\/03\/DSC_7661.jpg\" \/>\n\t<meta property=\"og:image:width\" content=\"1500\" \/>\n\t<meta property=\"og:image:height\" content=\"1500\" \/>\n\t<meta property=\"og:image:type\" content=\"image\/jpeg\" \/>\n<meta name=\"twitter:card\" content=\"summary_large_image\" \/>\n<meta name=\"twitter:label1\" content=\"Gesch\u00e4tzte Lesezeit\" \/>\n\t<meta name=\"twitter:data1\" content=\"1\u00a0Minute\" \/>\n<script type=\"application\/ld+json\" class=\"yoast-schema-graph\">{\"@context\":\"https:\/\/schema.org\",\"@graph\":[{\"@type\":\"WebPage\",\"@id\":\"https:\/\/www.rabaini.it\/de\/hocket-mittelbraune-hobo-tasche\/\",\"url\":\"https:\/\/www.rabaini.it\/de\/hocket-mittelbraune-hobo-tasche\/\",\"name\":\"Hocket \u2013 Mittelbraune Hobo-Tasche - Rabaini\",\"isPartOf\":{\"@id\":\"https:\/\/www.rabaini.it\/de\/#website\"},\"primaryImageOfPage\":{\"@id\":\"https:\/\/www.rabaini.it\/de\/hocket-mittelbraune-hobo-tasche\/#primaryimage\"},\"image\":{\"@id\":\"https:\/\/www.rabaini.it\/de\/hocket-mittelbraune-hobo-tasche\/#primaryimage\"},\"thumbnailUrl\":\"https:\/\/www.rabaini.it\/wp-content\/uploads\/2025\/03\/DSC_7661.jpg\",\"datePublished\":\"2025-03-12T14:56:27+00:00\",\"breadcrumb\":{\"@id\":\"https:\/\/www.rabaini.it\/de\/hocket-mittelbraune-hobo-tasche\/#breadcrumb\"},\"inLanguage\":\"de\",\"potentialAction\":[{\"@type\":\"ReadAction\",\"target\":[\"https:\/\/www.rabaini.it\/de\/hocket-mittelbraune-hobo-tasche\/\"]}]},{\"@type\":\"ImageObject\",\"inLanguage\":\"de\",\"@id\":\"https:\/\/www.rabaini.it\/de\/hocket-mittelbraune-hobo-tasche\/#primaryimage\",\"url\":\"https:\/\/www.rabaini.it\/wp-content\/uploads\/2025\/03\/DSC_7661.jpg\",\"contentUrl\":\"https:\/\/www.rabaini.it\/wp-content\/uploads\/2025\/03\/DSC_7661.jpg\",\"width\":1500,\"height\":1500},{\"@type\":\"BreadcrumbList\",\"@id\":\"https:\/\/www.rabaini.it\/de\/hocket-mittelbraune-hobo-tasche\/#breadcrumb\",\"itemListElement\":[{\"@type\":\"ListItem\",\"position\":1,\"name\":\"Home\",\"item\":\"https:\/\/www.rabaini.it\/de\/homepage\/\"},{\"@type\":\"ListItem\",\"position\":2,\"name\":\"Gesch\u00e4ft\",\"item\":\"https:\/\/www.rabaini.it\/geschaeft\/\"},{\"@type\":\"ListItem\",\"position\":3,\"name\":\"Damen\",\"item\":\"https:\/\/www.rabaini.it\/de\/damen\/\"},{\"@type\":\"ListItem\",\"position\":4,\"name\":\"Hocket \u2013 Mittelbraune Hobo-Tasche\"}]},{\"@type\":\"WebSite\",\"@id\":\"https:\/\/www.rabaini.it\/de\/#website\",\"url\":\"https:\/\/www.rabaini.it\/de\/\",\"name\":\"Rabaini\",\"description\":\"\",\"potentialAction\":[{\"@type\":\"SearchAction\",\"target\":{\"@type\":\"EntryPoint\",\"urlTemplate\":\"https:\/\/www.rabaini.it\/de\/?s={search_term_string}\"},\"query-input\":{\"@type\":\"PropertyValueSpecification\",\"valueRequired\":true,\"valueName\":\"search_term_string\"}}],\"inLanguage\":\"de\"}]}<\/script>\n<!-- \/ Yoast SEO plugin. -->","yoast_head_json":{"title":"Hocket \u2013 Mittelbraune Hobo-Tasche - Rabaini","robots":{"index":"index","follow":"follow","max-snippet":"max-snippet:-1","max-image-preview":"max-image-preview:large","max-video-preview":"max-video-preview:-1"},"canonical":"https:\/\/www.rabaini.it\/de\/hocket-mittelbraune-hobo-tasche\/","og_locale":"de_DE","og_type":"article","og_title":"Hocket \u2013 Mittelbraune Hobo-Tasche - Rabaini","og_description":"Artikelcode: KBW01RS0300TZPS018 Artikelfarbe: Braun Diese rechteckige Hobo-Tasche ist mit der typischen Naht versehen, die ein Maxi-H umrei\u00dft. Auf der Vorderseite ist das Hogan-Logo eingepr\u00e4gt, an der Seite befindet sich ein mit Leder bezogener H-Anh\u00e4nger aus Metall. Aus weichem Leder gefertigt, kann es vielseitig getragen werden: Crossbody, klassisch \u00fcber der Schulter oder quer im Eimer-Effekt, oder&hellip;","og_url":"https:\/\/www.rabaini.it\/de\/hocket-mittelbraune-hobo-tasche\/","og_site_name":"Rabaini","og_image":[{"width":1500,"height":1500,"url":"https:\/\/www.rabaini.it\/wp-content\/uploads\/2025\/03\/DSC_7661.jpg","type":"image\/jpeg"}],"twitter_card":"summary_large_image","twitter_misc":{"Gesch\u00e4tzte Lesezeit":"1\u00a0Minute"},"schema":{"@context":"https:\/\/schema.org","@graph":[{"@type":"WebPage","@id":"https:\/\/www.rabaini.it\/de\/hocket-mittelbraune-hobo-tasche\/","url":"https:\/\/www.rabaini.it\/de\/hocket-mittelbraune-hobo-tasche\/","name":"Hocket \u2013 Mittelbraune Hobo-Tasche - Rabaini","isPartOf":{"@id":"https:\/\/www.rabaini.it\/de\/#website"},"primaryImageOfPage":{"@id":"https:\/\/www.rabaini.it\/de\/hocket-mittelbraune-hobo-tasche\/#primaryimage"},"image":{"@id":"https:\/\/www.rabaini.it\/de\/hocket-mittelbraune-hobo-tasche\/#primaryimage"},"thumbnailUrl":"https:\/\/www.rabaini.it\/wp-content\/uploads\/2025\/03\/DSC_7661.jpg","datePublished":"2025-03-12T14:56:27+00:00","breadcrumb":{"@id":"https:\/\/www.rabaini.it\/de\/hocket-mittelbraune-hobo-tasche\/#breadcrumb"},"inLanguage":"de","potentialAction":[{"@type":"ReadAction","target":["https:\/\/www.rabaini.it\/de\/hocket-mittelbraune-hobo-tasche\/"]}]},{"@type":"ImageObject","inLanguage":"de","@id":"https:\/\/www.rabaini.it\/de\/hocket-mittelbraune-hobo-tasche\/#primaryimage","url":"https:\/\/www.rabaini.it\/wp-content\/uploads\/2025\/03\/DSC_7661.jpg","contentUrl":"https:\/\/www.rabaini.it\/wp-content\/uploads\/2025\/03\/DSC_7661.jpg","width":1500,"height":1500},{"@type":"BreadcrumbList","@id":"https:\/\/www.rabaini.it\/de\/hocket-mittelbraune-hobo-tasche\/#breadcrumb","itemListElement":[{"@type":"ListItem","position":1,"name":"Home","item":"https:\/\/www.rabaini.it\/de\/homepage\/"},{"@type":"ListItem","position":2,"name":"Gesch\u00e4ft","item":"https:\/\/www.rabaini.it\/geschaeft\/"},{"@type":"ListItem","position":3,"name":"Damen","item":"https:\/\/www.rabaini.it\/de\/damen\/"},{"@type":"ListItem","position":4,"name":"Hocket \u2013 Mittelbraune Hobo-Tasche"}]},{"@type":"WebSite","@id":"https:\/\/www.rabaini.it\/de\/#website","url":"https:\/\/www.rabaini.it\/de\/","name":"Rabaini","description":"","potentialAction":[{"@type":"SearchAction","target":{"@type":"EntryPoint","urlTemplate":"https:\/\/www.rabaini.it\/de\/?s={search_term_string}"},"query-input":{"@type":"PropertyValueSpecification","valueRequired":true,"valueName":"search_term_string"}}],"inLanguage":"de"}]}},"_links":{"self":[{"href":"https:\/\/www.rabaini.it\/de\/wp-json\/wp\/v2\/product\/117689","targetHints":{"allow":["GET"]}}],"collection":[{"href":"https:\/\/www.rabaini.it\/de\/wp-json\/wp\/v2\/product"}],"about":[{"href":"https:\/\/www.rabaini.it\/de\/wp-json\/wp\/v2\/types\/product"}],"wp:featuredmedia":[{"embeddable":true,"href":"https:\/\/www.rabaini.it\/de\/wp-json\/wp\/v2\/media\/108169"}],"wp:attachment":[{"href":"https:\/\/www.rabaini.it\/de\/wp-json\/wp\/v2\/media?parent=117689"}],"wp:term":[{"taxonomy":"product_brand","embeddable":true,"href":"https:\/\/www.rabaini.it\/de\/wp-json\/wp\/v2\/product_brand?post=117689"},{"taxonomy":"product_cat","embeddable":true,"href":"https:\/\/www.rabaini.it\/de\/wp-json\/wp\/v2\/product_cat?post=117689"},{"taxonomy":"product_tag","embeddable":true,"href":"https:\/\/www.rabaini.it\/de\/wp-json\/wp\/v2\/product_tag?post=117689"}],"curies":[{"name":"wp","href":"https:\/\/api.w.org\/{rel}","templated":true}]}}