{"id":117676,"date":"2025-03-12T11:56:42","date_gmt":"2025-03-12T10:56:42","guid":{"rendered":"https:\/\/www.rabaini.it\/prodotto\/sveva-soft-kleine-handtasche-in-johannisbrotfarbe-aus-leder-mit-schultergurt\/"},"modified":"2025-03-12T11:56:42","modified_gmt":"2025-03-12T10:56:42","slug":"sveva-soft-kleine-handtasche-in-johannisbrotfarbe-aus-leder-mit-schultergurt","status":"publish","type":"product","link":"https:\/\/www.rabaini.it\/de\/sveva-soft-kleine-handtasche-in-johannisbrotfarbe-aus-leder-mit-schultergurt\/","title":{"rendered":"Sveva Soft Kleine Handtasche in Johannisbrotfarbe aus Leder mit Schultergurt"},"content":{"rendered":"<ul>\n<li>Artikelnummer: B01999<\/li>\n<li>Artikelfarbe: Johannisbrot<\/li>\n<li>Hergestellt in Italien<\/li>\n<li>Die Sveva Soft Small Bag ist ein kultiger Allrounder, der nicht unbemerkt bleibt<\/li>\n<li>Die kleinere und kompaktere Schwester der Sveva Media ist der ideale Begleiter f\u00fcr die Bew\u00e4ltigung allt\u00e4glicher Verpflichtungen, m\u00f6chte aber immer das Wesentliche dabei haben<\/li>\n<li>Die Tasche kann je nach Anlass in der Hand oder mit dem Schultergurt getragen werden und verf\u00fcgt \u00fcber eine praktische, versteckte \u00d6ffnung, um auf das Innere der Tasche zuzugreifen, ohne die Klappe \u00f6ffnen zu m\u00fcssen.<\/li>\n<li>Ma\u00dfe: Breite: 26 cm \/ H\u00f6he: 20 cm \/ Tiefe: 13 cm<\/li>\n<li>Taschen: 3 innen, eine mit Rei\u00dfverschluss<\/li>\n<li>Verschluss: \u00dcberschlag mit Magnetknopf<\/li>\n<li>Merkmale: Abnehmbarer, verstellbarer Schultergurt<\/li>\n<li>Details: Palladium-Finish<\/li>\n<\/ul>\n","protected":false},"excerpt":{"rendered":"<p>Artikelnummer: B01999 Artikelfarbe: Johannisbrot Hergestellt in Italien Die Sveva Soft Small Bag ist ein kultiger Allrounder, der nicht unbemerkt bleibt Die kleinere und kompaktere Schwester der Sveva Media ist der ideale Begleiter f\u00fcr die Bew\u00e4ltigung allt\u00e4glicher Verpflichtungen, m\u00f6chte aber immer das Wesentliche dabei haben Die Tasche kann je nach Anlass in der Hand oder mit&hellip;<\/p>\n","protected":false},"featured_media":108007,"template":"","meta":{"_acf_changed":false},"product_brand":[],"product_cat":[1273,1295,1300,1308,1296,1301],"product_tag":[1526],"class_list":{"0":"post-117676","1":"product","2":"type-product","3":"status-publish","4":"has-post-thumbnail","6":"product_cat-damen","7":"product_cat-damenaccessoires","8":"product_cat-handtaschen-damen","9":"product_cat-neuheiten-fur-damen","10":"product_cat-taschen-damen","11":"product_cat-umhangetaschen-damen","12":"product_tag-ss25-de","13":"marca-orciani-de","15":"first","16":"instock","17":"shipping-taxable","18":"purchasable","19":"product-type-simple"},"acf":[],"yoast_head":"<!-- This site is optimized with the Yoast SEO plugin v27.2 - https:\/\/yoast.com\/product\/yoast-seo-wordpress\/ -->\n<title>Sveva Soft Kleine Handtasche in Johannisbrotfarbe aus Leder mit Schultergurt - Rabaini<\/title>\n<meta name=\"robots\" content=\"index, follow, max-snippet:-1, max-image-preview:large, max-video-preview:-1\" \/>\n<link rel=\"canonical\" href=\"https:\/\/www.rabaini.it\/de\/sveva-soft-kleine-handtasche-in-johannisbrotfarbe-aus-leder-mit-schultergurt\/\" \/>\n<meta property=\"og:locale\" content=\"de_DE\" \/>\n<meta property=\"og:type\" content=\"article\" \/>\n<meta property=\"og:title\" content=\"Sveva Soft Kleine Handtasche in Johannisbrotfarbe aus Leder mit Schultergurt - Rabaini\" \/>\n<meta property=\"og:description\" content=\"Artikelnummer: B01999 Artikelfarbe: Johannisbrot Hergestellt in Italien Die Sveva Soft Small Bag ist ein kultiger Allrounder, der nicht unbemerkt bleibt Die kleinere und kompaktere Schwester der Sveva Media ist der ideale Begleiter f\u00fcr die Bew\u00e4ltigung allt\u00e4glicher Verpflichtungen, m\u00f6chte aber immer das Wesentliche dabei haben Die Tasche kann je nach Anlass in der Hand oder mit&hellip;\" \/>\n<meta property=\"og:url\" content=\"https:\/\/www.rabaini.it\/de\/sveva-soft-kleine-handtasche-in-johannisbrotfarbe-aus-leder-mit-schultergurt\/\" \/>\n<meta property=\"og:site_name\" content=\"Rabaini\" \/>\n<meta property=\"og:image\" content=\"https:\/\/www.rabaini.it\/wp-content\/uploads\/2025\/03\/DSC_7601.jpg\" \/>\n\t<meta property=\"og:image:width\" content=\"1500\" \/>\n\t<meta property=\"og:image:height\" content=\"1500\" \/>\n\t<meta property=\"og:image:type\" content=\"image\/jpeg\" \/>\n<meta name=\"twitter:card\" content=\"summary_large_image\" \/>\n<meta name=\"twitter:label1\" content=\"Gesch\u00e4tzte Lesezeit\" \/>\n\t<meta name=\"twitter:data1\" content=\"1\u00a0Minute\" \/>\n<script type=\"application\/ld+json\" class=\"yoast-schema-graph\">{\"@context\":\"https:\/\/schema.org\",\"@graph\":[{\"@type\":\"WebPage\",\"@id\":\"https:\/\/www.rabaini.it\/de\/sveva-soft-kleine-handtasche-in-johannisbrotfarbe-aus-leder-mit-schultergurt\/\",\"url\":\"https:\/\/www.rabaini.it\/de\/sveva-soft-kleine-handtasche-in-johannisbrotfarbe-aus-leder-mit-schultergurt\/\",\"name\":\"Sveva Soft Kleine Handtasche in Johannisbrotfarbe aus Leder mit Schultergurt - Rabaini\",\"isPartOf\":{\"@id\":\"https:\/\/www.rabaini.it\/de\/#website\"},\"primaryImageOfPage\":{\"@id\":\"https:\/\/www.rabaini.it\/de\/sveva-soft-kleine-handtasche-in-johannisbrotfarbe-aus-leder-mit-schultergurt\/#primaryimage\"},\"image\":{\"@id\":\"https:\/\/www.rabaini.it\/de\/sveva-soft-kleine-handtasche-in-johannisbrotfarbe-aus-leder-mit-schultergurt\/#primaryimage\"},\"thumbnailUrl\":\"https:\/\/www.rabaini.it\/wp-content\/uploads\/2025\/03\/DSC_7601.jpg\",\"datePublished\":\"2025-03-12T10:56:42+00:00\",\"breadcrumb\":{\"@id\":\"https:\/\/www.rabaini.it\/de\/sveva-soft-kleine-handtasche-in-johannisbrotfarbe-aus-leder-mit-schultergurt\/#breadcrumb\"},\"inLanguage\":\"de\",\"potentialAction\":[{\"@type\":\"ReadAction\",\"target\":[\"https:\/\/www.rabaini.it\/de\/sveva-soft-kleine-handtasche-in-johannisbrotfarbe-aus-leder-mit-schultergurt\/\"]}]},{\"@type\":\"ImageObject\",\"inLanguage\":\"de\",\"@id\":\"https:\/\/www.rabaini.it\/de\/sveva-soft-kleine-handtasche-in-johannisbrotfarbe-aus-leder-mit-schultergurt\/#primaryimage\",\"url\":\"https:\/\/www.rabaini.it\/wp-content\/uploads\/2025\/03\/DSC_7601.jpg\",\"contentUrl\":\"https:\/\/www.rabaini.it\/wp-content\/uploads\/2025\/03\/DSC_7601.jpg\",\"width\":1500,\"height\":1500},{\"@type\":\"BreadcrumbList\",\"@id\":\"https:\/\/www.rabaini.it\/de\/sveva-soft-kleine-handtasche-in-johannisbrotfarbe-aus-leder-mit-schultergurt\/#breadcrumb\",\"itemListElement\":[{\"@type\":\"ListItem\",\"position\":1,\"name\":\"Home\",\"item\":\"https:\/\/www.rabaini.it\/de\/homepage\/\"},{\"@type\":\"ListItem\",\"position\":2,\"name\":\"Gesch\u00e4ft\",\"item\":\"https:\/\/www.rabaini.it\/geschaeft\/\"},{\"@type\":\"ListItem\",\"position\":3,\"name\":\"Damen\",\"item\":\"https:\/\/www.rabaini.it\/de\/damen\/\"},{\"@type\":\"ListItem\",\"position\":4,\"name\":\"Sveva Soft Kleine Handtasche in Johannisbrotfarbe aus Leder mit Schultergurt\"}]},{\"@type\":\"WebSite\",\"@id\":\"https:\/\/www.rabaini.it\/de\/#website\",\"url\":\"https:\/\/www.rabaini.it\/de\/\",\"name\":\"Rabaini\",\"description\":\"\",\"potentialAction\":[{\"@type\":\"SearchAction\",\"target\":{\"@type\":\"EntryPoint\",\"urlTemplate\":\"https:\/\/www.rabaini.it\/de\/?s={search_term_string}\"},\"query-input\":{\"@type\":\"PropertyValueSpecification\",\"valueRequired\":true,\"valueName\":\"search_term_string\"}}],\"inLanguage\":\"de\"}]}<\/script>\n<!-- \/ Yoast SEO plugin. -->","yoast_head_json":{"title":"Sveva Soft Kleine Handtasche in Johannisbrotfarbe aus Leder mit Schultergurt - Rabaini","robots":{"index":"index","follow":"follow","max-snippet":"max-snippet:-1","max-image-preview":"max-image-preview:large","max-video-preview":"max-video-preview:-1"},"canonical":"https:\/\/www.rabaini.it\/de\/sveva-soft-kleine-handtasche-in-johannisbrotfarbe-aus-leder-mit-schultergurt\/","og_locale":"de_DE","og_type":"article","og_title":"Sveva Soft Kleine Handtasche in Johannisbrotfarbe aus Leder mit Schultergurt - Rabaini","og_description":"Artikelnummer: B01999 Artikelfarbe: Johannisbrot Hergestellt in Italien Die Sveva Soft Small Bag ist ein kultiger Allrounder, der nicht unbemerkt bleibt Die kleinere und kompaktere Schwester der Sveva Media ist der ideale Begleiter f\u00fcr die Bew\u00e4ltigung allt\u00e4glicher Verpflichtungen, m\u00f6chte aber immer das Wesentliche dabei haben Die Tasche kann je nach Anlass in der Hand oder mit&hellip;","og_url":"https:\/\/www.rabaini.it\/de\/sveva-soft-kleine-handtasche-in-johannisbrotfarbe-aus-leder-mit-schultergurt\/","og_site_name":"Rabaini","og_image":[{"width":1500,"height":1500,"url":"https:\/\/www.rabaini.it\/wp-content\/uploads\/2025\/03\/DSC_7601.jpg","type":"image\/jpeg"}],"twitter_card":"summary_large_image","twitter_misc":{"Gesch\u00e4tzte Lesezeit":"1\u00a0Minute"},"schema":{"@context":"https:\/\/schema.org","@graph":[{"@type":"WebPage","@id":"https:\/\/www.rabaini.it\/de\/sveva-soft-kleine-handtasche-in-johannisbrotfarbe-aus-leder-mit-schultergurt\/","url":"https:\/\/www.rabaini.it\/de\/sveva-soft-kleine-handtasche-in-johannisbrotfarbe-aus-leder-mit-schultergurt\/","name":"Sveva Soft Kleine Handtasche in Johannisbrotfarbe aus Leder mit Schultergurt - Rabaini","isPartOf":{"@id":"https:\/\/www.rabaini.it\/de\/#website"},"primaryImageOfPage":{"@id":"https:\/\/www.rabaini.it\/de\/sveva-soft-kleine-handtasche-in-johannisbrotfarbe-aus-leder-mit-schultergurt\/#primaryimage"},"image":{"@id":"https:\/\/www.rabaini.it\/de\/sveva-soft-kleine-handtasche-in-johannisbrotfarbe-aus-leder-mit-schultergurt\/#primaryimage"},"thumbnailUrl":"https:\/\/www.rabaini.it\/wp-content\/uploads\/2025\/03\/DSC_7601.jpg","datePublished":"2025-03-12T10:56:42+00:00","breadcrumb":{"@id":"https:\/\/www.rabaini.it\/de\/sveva-soft-kleine-handtasche-in-johannisbrotfarbe-aus-leder-mit-schultergurt\/#breadcrumb"},"inLanguage":"de","potentialAction":[{"@type":"ReadAction","target":["https:\/\/www.rabaini.it\/de\/sveva-soft-kleine-handtasche-in-johannisbrotfarbe-aus-leder-mit-schultergurt\/"]}]},{"@type":"ImageObject","inLanguage":"de","@id":"https:\/\/www.rabaini.it\/de\/sveva-soft-kleine-handtasche-in-johannisbrotfarbe-aus-leder-mit-schultergurt\/#primaryimage","url":"https:\/\/www.rabaini.it\/wp-content\/uploads\/2025\/03\/DSC_7601.jpg","contentUrl":"https:\/\/www.rabaini.it\/wp-content\/uploads\/2025\/03\/DSC_7601.jpg","width":1500,"height":1500},{"@type":"BreadcrumbList","@id":"https:\/\/www.rabaini.it\/de\/sveva-soft-kleine-handtasche-in-johannisbrotfarbe-aus-leder-mit-schultergurt\/#breadcrumb","itemListElement":[{"@type":"ListItem","position":1,"name":"Home","item":"https:\/\/www.rabaini.it\/de\/homepage\/"},{"@type":"ListItem","position":2,"name":"Gesch\u00e4ft","item":"https:\/\/www.rabaini.it\/geschaeft\/"},{"@type":"ListItem","position":3,"name":"Damen","item":"https:\/\/www.rabaini.it\/de\/damen\/"},{"@type":"ListItem","position":4,"name":"Sveva Soft Kleine Handtasche in Johannisbrotfarbe aus Leder mit Schultergurt"}]},{"@type":"WebSite","@id":"https:\/\/www.rabaini.it\/de\/#website","url":"https:\/\/www.rabaini.it\/de\/","name":"Rabaini","description":"","potentialAction":[{"@type":"SearchAction","target":{"@type":"EntryPoint","urlTemplate":"https:\/\/www.rabaini.it\/de\/?s={search_term_string}"},"query-input":{"@type":"PropertyValueSpecification","valueRequired":true,"valueName":"search_term_string"}}],"inLanguage":"de"}]}},"_links":{"self":[{"href":"https:\/\/www.rabaini.it\/de\/wp-json\/wp\/v2\/product\/117676","targetHints":{"allow":["GET"]}}],"collection":[{"href":"https:\/\/www.rabaini.it\/de\/wp-json\/wp\/v2\/product"}],"about":[{"href":"https:\/\/www.rabaini.it\/de\/wp-json\/wp\/v2\/types\/product"}],"wp:featuredmedia":[{"embeddable":true,"href":"https:\/\/www.rabaini.it\/de\/wp-json\/wp\/v2\/media\/108007"}],"wp:attachment":[{"href":"https:\/\/www.rabaini.it\/de\/wp-json\/wp\/v2\/media?parent=117676"}],"wp:term":[{"taxonomy":"product_brand","embeddable":true,"href":"https:\/\/www.rabaini.it\/de\/wp-json\/wp\/v2\/product_brand?post=117676"},{"taxonomy":"product_cat","embeddable":true,"href":"https:\/\/www.rabaini.it\/de\/wp-json\/wp\/v2\/product_cat?post=117676"},{"taxonomy":"product_tag","embeddable":true,"href":"https:\/\/www.rabaini.it\/de\/wp-json\/wp\/v2\/product_tag?post=117676"}],"curies":[{"name":"wp","href":"https:\/\/api.w.org\/{rel}","templated":true}]}}