{"id":115636,"date":"2025-02-25T10:20:57","date_gmt":"2025-02-25T09:20:57","guid":{"rendered":"https:\/\/www.rabaini.it\/prodotto\/medalist-low-sneakers-aus-mountain-und-loft-leder\/"},"modified":"2025-02-25T10:20:57","modified_gmt":"2025-02-25T09:20:57","slug":"medalist-low-sneakers-aus-mountain-und-loft-leder","status":"publish","type":"product","link":"https:\/\/www.rabaini.it\/de\/medalist-low-sneakers-aus-mountain-und-loft-leder\/","title":{"rendered":"MEDALIST LOW SNEAKERS AUS MOUNTAIN- UND LOFT-LEDER"},"content":{"rendered":"<ul>\n<li>Artikelnummer: AULM NE05<\/li>\n<li>Artikelfarbe: Wei\u00df und Gr\u00fcn<\/li>\n<li>Der Medalist-Sneaker ist ein Must-have f\u00fcr jeden Tag mit Autrys charakteristischer Einstellung<\/li>\n<li>Das Design kombiniert Tennis-Inspirationen der 80er Jahre mit hochwertigen Materialien und dynamischen Formen, die sich an viele Looks anpassen und hervorragenden Tragekomfort garantieren<\/li>\n<li>Dieser Herren-Sneaker ist aus nat\u00fcrlichem Narbenleder gefertigt, mit einem einzigartigen Look und au\u00dfergew\u00f6hnlicher Weichheit, mit kleinen Wildlederdetails an den Seiten und einer mikroperforierten Verarbeitung an der Spitze, die f\u00fcr hervorragende Atmungsaktivit\u00e4t sorgt<\/li>\n<li>Das Nubuk-Logodetail an der Ferse, der seitliche Einsatz mit Autry-Logo und die passende Sohle personalisieren den Look<\/li>\n<li>Obermaterial aus Leder<\/li>\n<li>Spitze mit Mikrol\u00f6chern<\/li>\n<li>Flache Baumwollschn\u00fcrsenkel<\/li>\n<li>Etikett mit Stickerei auf der Zunge<\/li>\n<li>Gepolsterter Kragen<\/li>\n<li>Innenfutter aus Leder und Baumwollschwamm<\/li>\n<li>2 cm erh\u00f6hte Leder-Innensohle<\/li>\n<li>Gummisohle<\/li>\n<li>Sohlenh\u00f6he: 2,5\u20133,5 cm<\/li>\n<li>Personalisierter Stoffbeutel<\/li>\n<li>Obermaterial: 85 % Leder, 10 % Wildleder, 5 % Nubuk<\/li>\n<li>Futter: 40 % Leder, 50 % Baumwollfrottee, 10 % Nylon<\/li>\n<li>Sohle: 100 % Gummi<\/li>\n<\/ul>\n","protected":false},"excerpt":{"rendered":"<p>Artikelnummer: AULM NE05 Artikelfarbe: Wei\u00df und Gr\u00fcn Der Medalist-Sneaker ist ein Must-have f\u00fcr jeden Tag mit Autrys charakteristischer Einstellung Das Design kombiniert Tennis-Inspirationen der 80er Jahre mit hochwertigen Materialien und dynamischen Formen, die sich an viele Looks anpassen und hervorragenden Tragekomfort garantieren Dieser Herren-Sneaker ist aus nat\u00fcrlichem Narbenleder gefertigt, mit einem einzigartigen Look und au\u00dfergew\u00f6hnlicher&hellip;<\/p>\n","protected":false},"featured_media":106316,"template":"","meta":{"_acf_changed":false},"product_brand":[],"product_cat":[1324,1358,1356,1361],"product_tag":[1526],"class_list":{"0":"post-115636","1":"product","2":"type-product","3":"status-publish","4":"has-post-thumbnail","6":"product_cat-herren","7":"product_cat-herrenschuhe","8":"product_cat-neuheiten-fur-herren","9":"product_cat-turnschuhe-herren","10":"product_tag-ss25-de","11":"marca-autry-de","13":"first","14":"outofstock","15":"shipping-taxable","16":"product-type-variable"},"acf":[],"yoast_head":"<!-- This site is optimized with the Yoast SEO plugin v27.2 - https:\/\/yoast.com\/product\/yoast-seo-wordpress\/ -->\n<title>MEDALIST LOW SNEAKERS AUS MOUNTAIN- UND LOFT-LEDER - Rabaini<\/title>\n<meta name=\"robots\" content=\"index, follow, max-snippet:-1, max-image-preview:large, max-video-preview:-1\" \/>\n<link rel=\"canonical\" href=\"https:\/\/www.rabaini.it\/de\/medalist-low-sneakers-aus-mountain-und-loft-leder\/\" \/>\n<meta property=\"og:locale\" content=\"de_DE\" \/>\n<meta property=\"og:type\" content=\"article\" \/>\n<meta property=\"og:title\" content=\"MEDALIST LOW SNEAKERS AUS MOUNTAIN- UND LOFT-LEDER - Rabaini\" \/>\n<meta property=\"og:description\" content=\"Artikelnummer: AULM NE05 Artikelfarbe: Wei\u00df und Gr\u00fcn Der Medalist-Sneaker ist ein Must-have f\u00fcr jeden Tag mit Autrys charakteristischer Einstellung Das Design kombiniert Tennis-Inspirationen der 80er Jahre mit hochwertigen Materialien und dynamischen Formen, die sich an viele Looks anpassen und hervorragenden Tragekomfort garantieren Dieser Herren-Sneaker ist aus nat\u00fcrlichem Narbenleder gefertigt, mit einem einzigartigen Look und au\u00dfergew\u00f6hnlicher&hellip;\" \/>\n<meta property=\"og:url\" content=\"https:\/\/www.rabaini.it\/de\/medalist-low-sneakers-aus-mountain-und-loft-leder\/\" \/>\n<meta property=\"og:site_name\" content=\"Rabaini\" \/>\n<meta property=\"og:image\" content=\"https:\/\/www.rabaini.it\/wp-content\/uploads\/2025\/02\/DSC_7486.jpg\" \/>\n\t<meta property=\"og:image:width\" content=\"1500\" \/>\n\t<meta property=\"og:image:height\" content=\"1500\" \/>\n\t<meta property=\"og:image:type\" content=\"image\/jpeg\" \/>\n<meta name=\"twitter:card\" content=\"summary_large_image\" \/>\n<meta name=\"twitter:label1\" content=\"Gesch\u00e4tzte Lesezeit\" \/>\n\t<meta name=\"twitter:data1\" content=\"1\u00a0Minute\" \/>\n<script type=\"application\/ld+json\" class=\"yoast-schema-graph\">{\"@context\":\"https:\/\/schema.org\",\"@graph\":[{\"@type\":\"WebPage\",\"@id\":\"https:\/\/www.rabaini.it\/de\/medalist-low-sneakers-aus-mountain-und-loft-leder\/\",\"url\":\"https:\/\/www.rabaini.it\/de\/medalist-low-sneakers-aus-mountain-und-loft-leder\/\",\"name\":\"MEDALIST LOW SNEAKERS AUS MOUNTAIN- UND LOFT-LEDER - Rabaini\",\"isPartOf\":{\"@id\":\"https:\/\/www.rabaini.it\/de\/#website\"},\"primaryImageOfPage\":{\"@id\":\"https:\/\/www.rabaini.it\/de\/medalist-low-sneakers-aus-mountain-und-loft-leder\/#primaryimage\"},\"image\":{\"@id\":\"https:\/\/www.rabaini.it\/de\/medalist-low-sneakers-aus-mountain-und-loft-leder\/#primaryimage\"},\"thumbnailUrl\":\"https:\/\/www.rabaini.it\/wp-content\/uploads\/2025\/02\/DSC_7486.jpg\",\"datePublished\":\"2025-02-25T09:20:57+00:00\",\"breadcrumb\":{\"@id\":\"https:\/\/www.rabaini.it\/de\/medalist-low-sneakers-aus-mountain-und-loft-leder\/#breadcrumb\"},\"inLanguage\":\"de\",\"potentialAction\":[{\"@type\":\"ReadAction\",\"target\":[\"https:\/\/www.rabaini.it\/de\/medalist-low-sneakers-aus-mountain-und-loft-leder\/\"]}]},{\"@type\":\"ImageObject\",\"inLanguage\":\"de\",\"@id\":\"https:\/\/www.rabaini.it\/de\/medalist-low-sneakers-aus-mountain-und-loft-leder\/#primaryimage\",\"url\":\"https:\/\/www.rabaini.it\/wp-content\/uploads\/2025\/02\/DSC_7486.jpg\",\"contentUrl\":\"https:\/\/www.rabaini.it\/wp-content\/uploads\/2025\/02\/DSC_7486.jpg\",\"width\":1500,\"height\":1500},{\"@type\":\"BreadcrumbList\",\"@id\":\"https:\/\/www.rabaini.it\/de\/medalist-low-sneakers-aus-mountain-und-loft-leder\/#breadcrumb\",\"itemListElement\":[{\"@type\":\"ListItem\",\"position\":1,\"name\":\"Home\",\"item\":\"https:\/\/www.rabaini.it\/de\/homepage\/\"},{\"@type\":\"ListItem\",\"position\":2,\"name\":\"Gesch\u00e4ft\",\"item\":\"https:\/\/www.rabaini.it\/geschaeft\/\"},{\"@type\":\"ListItem\",\"position\":3,\"name\":\"Herren\",\"item\":\"https:\/\/www.rabaini.it\/de\/herren\/\"},{\"@type\":\"ListItem\",\"position\":4,\"name\":\"MEDALIST LOW SNEAKERS AUS MOUNTAIN- UND LOFT-LEDER\"}]},{\"@type\":\"WebSite\",\"@id\":\"https:\/\/www.rabaini.it\/de\/#website\",\"url\":\"https:\/\/www.rabaini.it\/de\/\",\"name\":\"Rabaini\",\"description\":\"\",\"potentialAction\":[{\"@type\":\"SearchAction\",\"target\":{\"@type\":\"EntryPoint\",\"urlTemplate\":\"https:\/\/www.rabaini.it\/de\/?s={search_term_string}\"},\"query-input\":{\"@type\":\"PropertyValueSpecification\",\"valueRequired\":true,\"valueName\":\"search_term_string\"}}],\"inLanguage\":\"de\"}]}<\/script>\n<!-- \/ Yoast SEO plugin. -->","yoast_head_json":{"title":"MEDALIST LOW SNEAKERS AUS MOUNTAIN- UND LOFT-LEDER - Rabaini","robots":{"index":"index","follow":"follow","max-snippet":"max-snippet:-1","max-image-preview":"max-image-preview:large","max-video-preview":"max-video-preview:-1"},"canonical":"https:\/\/www.rabaini.it\/de\/medalist-low-sneakers-aus-mountain-und-loft-leder\/","og_locale":"de_DE","og_type":"article","og_title":"MEDALIST LOW SNEAKERS AUS MOUNTAIN- UND LOFT-LEDER - Rabaini","og_description":"Artikelnummer: AULM NE05 Artikelfarbe: Wei\u00df und Gr\u00fcn Der Medalist-Sneaker ist ein Must-have f\u00fcr jeden Tag mit Autrys charakteristischer Einstellung Das Design kombiniert Tennis-Inspirationen der 80er Jahre mit hochwertigen Materialien und dynamischen Formen, die sich an viele Looks anpassen und hervorragenden Tragekomfort garantieren Dieser Herren-Sneaker ist aus nat\u00fcrlichem Narbenleder gefertigt, mit einem einzigartigen Look und au\u00dfergew\u00f6hnlicher&hellip;","og_url":"https:\/\/www.rabaini.it\/de\/medalist-low-sneakers-aus-mountain-und-loft-leder\/","og_site_name":"Rabaini","og_image":[{"width":1500,"height":1500,"url":"https:\/\/www.rabaini.it\/wp-content\/uploads\/2025\/02\/DSC_7486.jpg","type":"image\/jpeg"}],"twitter_card":"summary_large_image","twitter_misc":{"Gesch\u00e4tzte Lesezeit":"1\u00a0Minute"},"schema":{"@context":"https:\/\/schema.org","@graph":[{"@type":"WebPage","@id":"https:\/\/www.rabaini.it\/de\/medalist-low-sneakers-aus-mountain-und-loft-leder\/","url":"https:\/\/www.rabaini.it\/de\/medalist-low-sneakers-aus-mountain-und-loft-leder\/","name":"MEDALIST LOW SNEAKERS AUS MOUNTAIN- UND LOFT-LEDER - Rabaini","isPartOf":{"@id":"https:\/\/www.rabaini.it\/de\/#website"},"primaryImageOfPage":{"@id":"https:\/\/www.rabaini.it\/de\/medalist-low-sneakers-aus-mountain-und-loft-leder\/#primaryimage"},"image":{"@id":"https:\/\/www.rabaini.it\/de\/medalist-low-sneakers-aus-mountain-und-loft-leder\/#primaryimage"},"thumbnailUrl":"https:\/\/www.rabaini.it\/wp-content\/uploads\/2025\/02\/DSC_7486.jpg","datePublished":"2025-02-25T09:20:57+00:00","breadcrumb":{"@id":"https:\/\/www.rabaini.it\/de\/medalist-low-sneakers-aus-mountain-und-loft-leder\/#breadcrumb"},"inLanguage":"de","potentialAction":[{"@type":"ReadAction","target":["https:\/\/www.rabaini.it\/de\/medalist-low-sneakers-aus-mountain-und-loft-leder\/"]}]},{"@type":"ImageObject","inLanguage":"de","@id":"https:\/\/www.rabaini.it\/de\/medalist-low-sneakers-aus-mountain-und-loft-leder\/#primaryimage","url":"https:\/\/www.rabaini.it\/wp-content\/uploads\/2025\/02\/DSC_7486.jpg","contentUrl":"https:\/\/www.rabaini.it\/wp-content\/uploads\/2025\/02\/DSC_7486.jpg","width":1500,"height":1500},{"@type":"BreadcrumbList","@id":"https:\/\/www.rabaini.it\/de\/medalist-low-sneakers-aus-mountain-und-loft-leder\/#breadcrumb","itemListElement":[{"@type":"ListItem","position":1,"name":"Home","item":"https:\/\/www.rabaini.it\/de\/homepage\/"},{"@type":"ListItem","position":2,"name":"Gesch\u00e4ft","item":"https:\/\/www.rabaini.it\/geschaeft\/"},{"@type":"ListItem","position":3,"name":"Herren","item":"https:\/\/www.rabaini.it\/de\/herren\/"},{"@type":"ListItem","position":4,"name":"MEDALIST LOW SNEAKERS AUS MOUNTAIN- UND LOFT-LEDER"}]},{"@type":"WebSite","@id":"https:\/\/www.rabaini.it\/de\/#website","url":"https:\/\/www.rabaini.it\/de\/","name":"Rabaini","description":"","potentialAction":[{"@type":"SearchAction","target":{"@type":"EntryPoint","urlTemplate":"https:\/\/www.rabaini.it\/de\/?s={search_term_string}"},"query-input":{"@type":"PropertyValueSpecification","valueRequired":true,"valueName":"search_term_string"}}],"inLanguage":"de"}]}},"_links":{"self":[{"href":"https:\/\/www.rabaini.it\/de\/wp-json\/wp\/v2\/product\/115636","targetHints":{"allow":["GET"]}}],"collection":[{"href":"https:\/\/www.rabaini.it\/de\/wp-json\/wp\/v2\/product"}],"about":[{"href":"https:\/\/www.rabaini.it\/de\/wp-json\/wp\/v2\/types\/product"}],"wp:featuredmedia":[{"embeddable":true,"href":"https:\/\/www.rabaini.it\/de\/wp-json\/wp\/v2\/media\/106316"}],"wp:attachment":[{"href":"https:\/\/www.rabaini.it\/de\/wp-json\/wp\/v2\/media?parent=115636"}],"wp:term":[{"taxonomy":"product_brand","embeddable":true,"href":"https:\/\/www.rabaini.it\/de\/wp-json\/wp\/v2\/product_brand?post=115636"},{"taxonomy":"product_cat","embeddable":true,"href":"https:\/\/www.rabaini.it\/de\/wp-json\/wp\/v2\/product_cat?post=115636"},{"taxonomy":"product_tag","embeddable":true,"href":"https:\/\/www.rabaini.it\/de\/wp-json\/wp\/v2\/product_tag?post=115636"}],"curies":[{"name":"wp","href":"https:\/\/api.w.org\/{rel}","templated":true}]}}