{"id":115446,"date":"2025-03-18T16:17:46","date_gmt":"2025-03-18T15:17:46","guid":{"rendered":"https:\/\/www.rabaini.it\/prodotto\/marineblauer-kosmetikkoffer-artist-stripe\/"},"modified":"2025-05-21T11:06:15","modified_gmt":"2025-05-21T09:06:15","slug":"marineblauer-kosmetikkoffer-artist-stripe","status":"publish","type":"product","link":"https:\/\/www.rabaini.it\/de\/marineblauer-kosmetikkoffer-artist-stripe\/","title":{"rendered":"Marineblauer Kosmetikkoffer \u201eArtist Stripe\u201c"},"content":{"rendered":"<ul>\n<li>Artikelcode: M1A-8096-PARTIS<\/li>\n<li>Artikelfarbe: Marineblau<\/li>\n<li>Dieser Kulturbeutel aus strapazierf\u00e4higem Recycling-Polyester verf\u00fcgt \u00fcber eine Rei\u00dfverschlussklappe mit \u201eArtist Stripe\u201c f\u00fcr einen Farbtupfer.<\/li>\n<li>Dieser Kosmetikkoffer verf\u00fcgt \u00fcber ein Hauptfach mit Rei\u00dfverschluss und eine seitliche Innentasche<\/li>\n<li>Auf der Vorderseite des Kosmetikkoffers befinden sich au\u00dferdem zwei Rei\u00dfverschlusstaschen f\u00fcr zus\u00e4tzliche Aufbewahrungsm\u00f6glichkeiten<\/li>\n<li>Ma\u00dfe: H. 4 cm x B. 23 cm x T. 10 cm<\/li>\n<li>Zusammensetzung: 100 % recyceltes Polyester<\/li>\n<li>Futter: 100 % Polyester<\/li>\n<li>Lederveredelung<\/li>\n<\/ul>\n","protected":false},"excerpt":{"rendered":"<p>Artikelcode: M1A-8096-PARTIS Artikelfarbe: Marineblau Dieser Kulturbeutel aus strapazierf\u00e4higem Recycling-Polyester verf\u00fcgt \u00fcber eine Rei\u00dfverschlussklappe mit \u201eArtist Stripe\u201c f\u00fcr einen Farbtupfer. Dieser Kosmetikkoffer verf\u00fcgt \u00fcber ein Hauptfach mit Rei\u00dfverschluss und eine seitliche Innentasche Auf der Vorderseite des Kosmetikkoffers befinden sich au\u00dferdem zwei Rei\u00dfverschlusstaschen f\u00fcr zus\u00e4tzliche Aufbewahrungsm\u00f6glichkeiten Ma\u00dfe: H. 4 cm x B. 23 cm x T. 10&hellip;<\/p>\n","protected":false},"featured_media":108308,"template":"","meta":{"_acf_changed":false},"product_brand":[],"product_cat":[1350,1324,1357,1347,1356,1352,1348],"product_tag":[1526],"class_list":{"0":"post-115446","1":"product","2":"type-product","3":"status-publish","4":"has-post-thumbnail","6":"product_cat-handtaschen-herren","7":"product_cat-herren","8":"product_cat-herren-sale","9":"product_cat-herrenaccessoires","10":"product_cat-neuheiten-fur-herren","11":"product_cat-reisetaschen-herren","12":"product_cat-taschen-herren","13":"product_tag-ss25-de","14":"marca-paul-smith-de","16":"first","17":"instock","18":"sale","19":"shipping-taxable","20":"purchasable","21":"product-type-simple"},"acf":[],"yoast_head":"<!-- This site is optimized with the Yoast SEO plugin v27.2 - https:\/\/yoast.com\/product\/yoast-seo-wordpress\/ -->\n<title>Marineblauer Kosmetikkoffer \u201eArtist Stripe\u201c - Rabaini<\/title>\n<meta name=\"robots\" content=\"index, follow, max-snippet:-1, max-image-preview:large, max-video-preview:-1\" \/>\n<link rel=\"canonical\" href=\"https:\/\/www.rabaini.it\/de\/marineblauer-kosmetikkoffer-artist-stripe\/\" \/>\n<meta property=\"og:locale\" content=\"de_DE\" \/>\n<meta property=\"og:type\" content=\"article\" \/>\n<meta property=\"og:title\" content=\"Marineblauer Kosmetikkoffer \u201eArtist Stripe\u201c - Rabaini\" \/>\n<meta property=\"og:description\" content=\"Artikelcode: M1A-8096-PARTIS Artikelfarbe: Marineblau Dieser Kulturbeutel aus strapazierf\u00e4higem Recycling-Polyester verf\u00fcgt \u00fcber eine Rei\u00dfverschlussklappe mit \u201eArtist Stripe\u201c f\u00fcr einen Farbtupfer. Dieser Kosmetikkoffer verf\u00fcgt \u00fcber ein Hauptfach mit Rei\u00dfverschluss und eine seitliche Innentasche Auf der Vorderseite des Kosmetikkoffers befinden sich au\u00dferdem zwei Rei\u00dfverschlusstaschen f\u00fcr zus\u00e4tzliche Aufbewahrungsm\u00f6glichkeiten Ma\u00dfe: H. 4 cm x B. 23 cm x T. 10&hellip;\" \/>\n<meta property=\"og:url\" content=\"https:\/\/www.rabaini.it\/de\/marineblauer-kosmetikkoffer-artist-stripe\/\" \/>\n<meta property=\"og:site_name\" content=\"Rabaini\" \/>\n<meta property=\"article:modified_time\" content=\"2025-05-21T09:06:15+00:00\" \/>\n<meta property=\"og:image\" content=\"https:\/\/www.rabaini.it\/wp-content\/uploads\/2025\/03\/DSC_7673.jpg\" \/>\n\t<meta property=\"og:image:width\" content=\"1500\" \/>\n\t<meta property=\"og:image:height\" content=\"1500\" \/>\n\t<meta property=\"og:image:type\" content=\"image\/jpeg\" \/>\n<meta name=\"twitter:card\" content=\"summary_large_image\" \/>\n<script type=\"application\/ld+json\" class=\"yoast-schema-graph\">{\"@context\":\"https:\/\/schema.org\",\"@graph\":[{\"@type\":\"WebPage\",\"@id\":\"https:\/\/www.rabaini.it\/de\/marineblauer-kosmetikkoffer-artist-stripe\/\",\"url\":\"https:\/\/www.rabaini.it\/de\/marineblauer-kosmetikkoffer-artist-stripe\/\",\"name\":\"Marineblauer Kosmetikkoffer \u201eArtist Stripe\u201c - Rabaini\",\"isPartOf\":{\"@id\":\"https:\/\/www.rabaini.it\/de\/#website\"},\"primaryImageOfPage\":{\"@id\":\"https:\/\/www.rabaini.it\/de\/marineblauer-kosmetikkoffer-artist-stripe\/#primaryimage\"},\"image\":{\"@id\":\"https:\/\/www.rabaini.it\/de\/marineblauer-kosmetikkoffer-artist-stripe\/#primaryimage\"},\"thumbnailUrl\":\"https:\/\/www.rabaini.it\/wp-content\/uploads\/2025\/03\/DSC_7673.jpg\",\"datePublished\":\"2025-03-18T15:17:46+00:00\",\"dateModified\":\"2025-05-21T09:06:15+00:00\",\"breadcrumb\":{\"@id\":\"https:\/\/www.rabaini.it\/de\/marineblauer-kosmetikkoffer-artist-stripe\/#breadcrumb\"},\"inLanguage\":\"de\",\"potentialAction\":[{\"@type\":\"ReadAction\",\"target\":[\"https:\/\/www.rabaini.it\/de\/marineblauer-kosmetikkoffer-artist-stripe\/\"]}]},{\"@type\":\"ImageObject\",\"inLanguage\":\"de\",\"@id\":\"https:\/\/www.rabaini.it\/de\/marineblauer-kosmetikkoffer-artist-stripe\/#primaryimage\",\"url\":\"https:\/\/www.rabaini.it\/wp-content\/uploads\/2025\/03\/DSC_7673.jpg\",\"contentUrl\":\"https:\/\/www.rabaini.it\/wp-content\/uploads\/2025\/03\/DSC_7673.jpg\",\"width\":1500,\"height\":1500},{\"@type\":\"BreadcrumbList\",\"@id\":\"https:\/\/www.rabaini.it\/de\/marineblauer-kosmetikkoffer-artist-stripe\/#breadcrumb\",\"itemListElement\":[{\"@type\":\"ListItem\",\"position\":1,\"name\":\"Home\",\"item\":\"https:\/\/www.rabaini.it\/de\/homepage\/\"},{\"@type\":\"ListItem\",\"position\":2,\"name\":\"Gesch\u00e4ft\",\"item\":\"https:\/\/www.rabaini.it\/geschaeft\/\"},{\"@type\":\"ListItem\",\"position\":3,\"name\":\"Herren\",\"item\":\"https:\/\/www.rabaini.it\/de\/herren\/\"},{\"@type\":\"ListItem\",\"position\":4,\"name\":\"Herrenaccessoires\",\"item\":\"https:\/\/www.rabaini.it\/de\/herrenaccessoires\/\"},{\"@type\":\"ListItem\",\"position\":5,\"name\":\"Taschen\",\"item\":\"https:\/\/www.rabaini.it\/de\/taschen-herren\/\"},{\"@type\":\"ListItem\",\"position\":6,\"name\":\"Handtaschen\",\"item\":\"https:\/\/www.rabaini.it\/de\/handtaschen-herren\/\"},{\"@type\":\"ListItem\",\"position\":7,\"name\":\"Marineblauer Kosmetikkoffer \u201eArtist Stripe\u201c\"}]},{\"@type\":\"WebSite\",\"@id\":\"https:\/\/www.rabaini.it\/de\/#website\",\"url\":\"https:\/\/www.rabaini.it\/de\/\",\"name\":\"Rabaini\",\"description\":\"\",\"potentialAction\":[{\"@type\":\"SearchAction\",\"target\":{\"@type\":\"EntryPoint\",\"urlTemplate\":\"https:\/\/www.rabaini.it\/de\/?s={search_term_string}\"},\"query-input\":{\"@type\":\"PropertyValueSpecification\",\"valueRequired\":true,\"valueName\":\"search_term_string\"}}],\"inLanguage\":\"de\"}]}<\/script>\n<!-- \/ Yoast SEO plugin. -->","yoast_head_json":{"title":"Marineblauer Kosmetikkoffer \u201eArtist Stripe\u201c - Rabaini","robots":{"index":"index","follow":"follow","max-snippet":"max-snippet:-1","max-image-preview":"max-image-preview:large","max-video-preview":"max-video-preview:-1"},"canonical":"https:\/\/www.rabaini.it\/de\/marineblauer-kosmetikkoffer-artist-stripe\/","og_locale":"de_DE","og_type":"article","og_title":"Marineblauer Kosmetikkoffer \u201eArtist Stripe\u201c - Rabaini","og_description":"Artikelcode: M1A-8096-PARTIS Artikelfarbe: Marineblau Dieser Kulturbeutel aus strapazierf\u00e4higem Recycling-Polyester verf\u00fcgt \u00fcber eine Rei\u00dfverschlussklappe mit \u201eArtist Stripe\u201c f\u00fcr einen Farbtupfer. Dieser Kosmetikkoffer verf\u00fcgt \u00fcber ein Hauptfach mit Rei\u00dfverschluss und eine seitliche Innentasche Auf der Vorderseite des Kosmetikkoffers befinden sich au\u00dferdem zwei Rei\u00dfverschlusstaschen f\u00fcr zus\u00e4tzliche Aufbewahrungsm\u00f6glichkeiten Ma\u00dfe: H. 4 cm x B. 23 cm x T. 10&hellip;","og_url":"https:\/\/www.rabaini.it\/de\/marineblauer-kosmetikkoffer-artist-stripe\/","og_site_name":"Rabaini","article_modified_time":"2025-05-21T09:06:15+00:00","og_image":[{"width":1500,"height":1500,"url":"https:\/\/www.rabaini.it\/wp-content\/uploads\/2025\/03\/DSC_7673.jpg","type":"image\/jpeg"}],"twitter_card":"summary_large_image","schema":{"@context":"https:\/\/schema.org","@graph":[{"@type":"WebPage","@id":"https:\/\/www.rabaini.it\/de\/marineblauer-kosmetikkoffer-artist-stripe\/","url":"https:\/\/www.rabaini.it\/de\/marineblauer-kosmetikkoffer-artist-stripe\/","name":"Marineblauer Kosmetikkoffer \u201eArtist Stripe\u201c - Rabaini","isPartOf":{"@id":"https:\/\/www.rabaini.it\/de\/#website"},"primaryImageOfPage":{"@id":"https:\/\/www.rabaini.it\/de\/marineblauer-kosmetikkoffer-artist-stripe\/#primaryimage"},"image":{"@id":"https:\/\/www.rabaini.it\/de\/marineblauer-kosmetikkoffer-artist-stripe\/#primaryimage"},"thumbnailUrl":"https:\/\/www.rabaini.it\/wp-content\/uploads\/2025\/03\/DSC_7673.jpg","datePublished":"2025-03-18T15:17:46+00:00","dateModified":"2025-05-21T09:06:15+00:00","breadcrumb":{"@id":"https:\/\/www.rabaini.it\/de\/marineblauer-kosmetikkoffer-artist-stripe\/#breadcrumb"},"inLanguage":"de","potentialAction":[{"@type":"ReadAction","target":["https:\/\/www.rabaini.it\/de\/marineblauer-kosmetikkoffer-artist-stripe\/"]}]},{"@type":"ImageObject","inLanguage":"de","@id":"https:\/\/www.rabaini.it\/de\/marineblauer-kosmetikkoffer-artist-stripe\/#primaryimage","url":"https:\/\/www.rabaini.it\/wp-content\/uploads\/2025\/03\/DSC_7673.jpg","contentUrl":"https:\/\/www.rabaini.it\/wp-content\/uploads\/2025\/03\/DSC_7673.jpg","width":1500,"height":1500},{"@type":"BreadcrumbList","@id":"https:\/\/www.rabaini.it\/de\/marineblauer-kosmetikkoffer-artist-stripe\/#breadcrumb","itemListElement":[{"@type":"ListItem","position":1,"name":"Home","item":"https:\/\/www.rabaini.it\/de\/homepage\/"},{"@type":"ListItem","position":2,"name":"Gesch\u00e4ft","item":"https:\/\/www.rabaini.it\/geschaeft\/"},{"@type":"ListItem","position":3,"name":"Herren","item":"https:\/\/www.rabaini.it\/de\/herren\/"},{"@type":"ListItem","position":4,"name":"Herrenaccessoires","item":"https:\/\/www.rabaini.it\/de\/herrenaccessoires\/"},{"@type":"ListItem","position":5,"name":"Taschen","item":"https:\/\/www.rabaini.it\/de\/taschen-herren\/"},{"@type":"ListItem","position":6,"name":"Handtaschen","item":"https:\/\/www.rabaini.it\/de\/handtaschen-herren\/"},{"@type":"ListItem","position":7,"name":"Marineblauer Kosmetikkoffer \u201eArtist Stripe\u201c"}]},{"@type":"WebSite","@id":"https:\/\/www.rabaini.it\/de\/#website","url":"https:\/\/www.rabaini.it\/de\/","name":"Rabaini","description":"","potentialAction":[{"@type":"SearchAction","target":{"@type":"EntryPoint","urlTemplate":"https:\/\/www.rabaini.it\/de\/?s={search_term_string}"},"query-input":{"@type":"PropertyValueSpecification","valueRequired":true,"valueName":"search_term_string"}}],"inLanguage":"de"}]}},"_links":{"self":[{"href":"https:\/\/www.rabaini.it\/de\/wp-json\/wp\/v2\/product\/115446","targetHints":{"allow":["GET"]}}],"collection":[{"href":"https:\/\/www.rabaini.it\/de\/wp-json\/wp\/v2\/product"}],"about":[{"href":"https:\/\/www.rabaini.it\/de\/wp-json\/wp\/v2\/types\/product"}],"wp:featuredmedia":[{"embeddable":true,"href":"https:\/\/www.rabaini.it\/de\/wp-json\/wp\/v2\/media\/108308"}],"wp:attachment":[{"href":"https:\/\/www.rabaini.it\/de\/wp-json\/wp\/v2\/media?parent=115446"}],"wp:term":[{"taxonomy":"product_brand","embeddable":true,"href":"https:\/\/www.rabaini.it\/de\/wp-json\/wp\/v2\/product_brand?post=115446"},{"taxonomy":"product_cat","embeddable":true,"href":"https:\/\/www.rabaini.it\/de\/wp-json\/wp\/v2\/product_cat?post=115446"},{"taxonomy":"product_tag","embeddable":true,"href":"https:\/\/www.rabaini.it\/de\/wp-json\/wp\/v2\/product_tag?post=115446"}],"curies":[{"name":"wp","href":"https:\/\/api.w.org\/{rel}","templated":true}]}}