{"id":114920,"date":"2025-02-12T17:39:09","date_gmt":"2025-02-12T16:39:09","guid":{"rendered":"https:\/\/www.rabaini.it\/prodotto\/kamelfarbener-uebergrosser-trenchcoat-aus-tropfenfester-baumwolle\/"},"modified":"2025-02-12T17:39:09","modified_gmt":"2025-02-12T16:39:09","slug":"kamelfarbener-uebergrosser-trenchcoat-aus-tropfenfester-baumwolle","status":"publish","type":"product","link":"https:\/\/www.rabaini.it\/de\/kamelfarbener-uebergrosser-trenchcoat-aus-tropfenfester-baumwolle\/","title":{"rendered":"Kamelfarbener, \u00fcbergro\u00dfer Trenchcoat aus tropfenfester Baumwolle"},"content":{"rendered":"<ul>\n<li>Artikelnummer: OTELLO<\/li>\n<li>Artikelfarbe: Kamel<\/li>\n<li>Langer, \u00fcbergro\u00dfer Trenchcoat aus wasserabweisendem technischem Baumwolltwill, mit breitem Reverskragen, langen Raglan\u00e4rmeln mit verstellbaren Knebelkn\u00f6pfen an den Manschetten und Leistentaschen an den Seiten<\/li>\n<li>Das Modell zeichnet sich durch ikonische Details aus: Latz vorne, Schulterknebel, Cape hinten und tiefer Mittelschlitz auf der R\u00fcckseite<\/li>\n<li>Halbgef\u00fcttertes Modell aus gestreiftem Taft mit Jacquard-Logobanddetails, vollendet mit einem modischen Punkt<\/li>\n<li>Knopfverschluss und passender G\u00fcrtel mit Lederschnalle, um die Silhouette hervorzuheben<\/li>\n<li>Der Hauptstoff besteht zu mindestens 50 % aus Baumwollfasern, die nach den Grunds\u00e4tzen des \u00f6kologischen Landbaus angebaut werden<\/li>\n<li>Stoffzusammensetzung: 66 % Baumwolle, 34 % Polyester<\/li>\n<li>Futter: 100 % Polyester<\/li>\n<\/ul>\n","protected":false},"excerpt":{"rendered":"<p>Artikelnummer: OTELLO Artikelfarbe: Kamel Langer, \u00fcbergro\u00dfer Trenchcoat aus wasserabweisendem technischem Baumwolltwill, mit breitem Reverskragen, langen Raglan\u00e4rmeln mit verstellbaren Knebelkn\u00f6pfen an den Manschetten und Leistentaschen an den Seiten Das Modell zeichnet sich durch ikonische Details aus: Latz vorne, Schulterknebel, Cape hinten und tiefer Mittelschlitz auf der R\u00fcckseite Halbgef\u00fcttertes Modell aus gestreiftem Taft mit Jacquard-Logobanddetails, vollendet mit&hellip;<\/p>\n","protected":false},"featured_media":104680,"template":"","meta":{"_acf_changed":false},"product_brand":[],"product_cat":[1274,1278,1308,1277],"product_tag":[1526],"class_list":{"0":"post-114920","1":"product","2":"type-product","3":"status-publish","4":"has-post-thumbnail","6":"product_cat-damenbekleidung","7":"product_cat-mantel-damen","8":"product_cat-neuheiten-fur-damen","9":"product_cat-oberbekleidung-damen","10":"product_tag-ss25-de","11":"marca-max-mara-de","13":"first","14":"instock","15":"shipping-taxable","16":"purchasable","17":"product-type-variable"},"acf":[],"yoast_head":"<!-- This site is optimized with the Yoast SEO plugin v27.2 - https:\/\/yoast.com\/product\/yoast-seo-wordpress\/ -->\n<title>Kamelfarbener, \u00fcbergro\u00dfer Trenchcoat aus tropfenfester Baumwolle - Rabaini<\/title>\n<meta name=\"robots\" content=\"index, follow, max-snippet:-1, max-image-preview:large, max-video-preview:-1\" \/>\n<link rel=\"canonical\" href=\"https:\/\/www.rabaini.it\/de\/kamelfarbener-uebergrosser-trenchcoat-aus-tropfenfester-baumwolle\/\" \/>\n<meta property=\"og:locale\" content=\"de_DE\" \/>\n<meta property=\"og:type\" content=\"article\" \/>\n<meta property=\"og:title\" content=\"Kamelfarbener, \u00fcbergro\u00dfer Trenchcoat aus tropfenfester Baumwolle - Rabaini\" \/>\n<meta property=\"og:description\" content=\"Artikelnummer: OTELLO Artikelfarbe: Kamel Langer, \u00fcbergro\u00dfer Trenchcoat aus wasserabweisendem technischem Baumwolltwill, mit breitem Reverskragen, langen Raglan\u00e4rmeln mit verstellbaren Knebelkn\u00f6pfen an den Manschetten und Leistentaschen an den Seiten Das Modell zeichnet sich durch ikonische Details aus: Latz vorne, Schulterknebel, Cape hinten und tiefer Mittelschlitz auf der R\u00fcckseite Halbgef\u00fcttertes Modell aus gestreiftem Taft mit Jacquard-Logobanddetails, vollendet mit&hellip;\" \/>\n<meta property=\"og:url\" content=\"https:\/\/www.rabaini.it\/de\/kamelfarbener-uebergrosser-trenchcoat-aus-tropfenfester-baumwolle\/\" \/>\n<meta property=\"og:site_name\" content=\"Rabaini\" \/>\n<meta property=\"og:image\" content=\"https:\/\/www.rabaini.it\/wp-content\/uploads\/2025\/02\/19.1.jpg\" \/>\n\t<meta property=\"og:image:width\" content=\"1500\" \/>\n\t<meta property=\"og:image:height\" content=\"1500\" \/>\n\t<meta property=\"og:image:type\" content=\"image\/jpeg\" \/>\n<meta name=\"twitter:card\" content=\"summary_large_image\" \/>\n<script type=\"application\/ld+json\" class=\"yoast-schema-graph\">{\"@context\":\"https:\/\/schema.org\",\"@graph\":[{\"@type\":\"WebPage\",\"@id\":\"https:\/\/www.rabaini.it\/de\/kamelfarbener-uebergrosser-trenchcoat-aus-tropfenfester-baumwolle\/\",\"url\":\"https:\/\/www.rabaini.it\/de\/kamelfarbener-uebergrosser-trenchcoat-aus-tropfenfester-baumwolle\/\",\"name\":\"Kamelfarbener, \u00fcbergro\u00dfer Trenchcoat aus tropfenfester Baumwolle - Rabaini\",\"isPartOf\":{\"@id\":\"https:\/\/www.rabaini.it\/de\/#website\"},\"primaryImageOfPage\":{\"@id\":\"https:\/\/www.rabaini.it\/de\/kamelfarbener-uebergrosser-trenchcoat-aus-tropfenfester-baumwolle\/#primaryimage\"},\"image\":{\"@id\":\"https:\/\/www.rabaini.it\/de\/kamelfarbener-uebergrosser-trenchcoat-aus-tropfenfester-baumwolle\/#primaryimage\"},\"thumbnailUrl\":\"https:\/\/www.rabaini.it\/wp-content\/uploads\/2025\/02\/19.1.jpg\",\"datePublished\":\"2025-02-12T16:39:09+00:00\",\"breadcrumb\":{\"@id\":\"https:\/\/www.rabaini.it\/de\/kamelfarbener-uebergrosser-trenchcoat-aus-tropfenfester-baumwolle\/#breadcrumb\"},\"inLanguage\":\"de\",\"potentialAction\":[{\"@type\":\"ReadAction\",\"target\":[\"https:\/\/www.rabaini.it\/de\/kamelfarbener-uebergrosser-trenchcoat-aus-tropfenfester-baumwolle\/\"]}]},{\"@type\":\"ImageObject\",\"inLanguage\":\"de\",\"@id\":\"https:\/\/www.rabaini.it\/de\/kamelfarbener-uebergrosser-trenchcoat-aus-tropfenfester-baumwolle\/#primaryimage\",\"url\":\"https:\/\/www.rabaini.it\/wp-content\/uploads\/2025\/02\/19.1.jpg\",\"contentUrl\":\"https:\/\/www.rabaini.it\/wp-content\/uploads\/2025\/02\/19.1.jpg\",\"width\":1500,\"height\":1500},{\"@type\":\"BreadcrumbList\",\"@id\":\"https:\/\/www.rabaini.it\/de\/kamelfarbener-uebergrosser-trenchcoat-aus-tropfenfester-baumwolle\/#breadcrumb\",\"itemListElement\":[{\"@type\":\"ListItem\",\"position\":1,\"name\":\"Home\",\"item\":\"https:\/\/www.rabaini.it\/de\/homepage\/\"},{\"@type\":\"ListItem\",\"position\":2,\"name\":\"Gesch\u00e4ft\",\"item\":\"https:\/\/www.rabaini.it\/geschaeft\/\"},{\"@type\":\"ListItem\",\"position\":3,\"name\":\"Damen\",\"item\":\"https:\/\/www.rabaini.it\/de\/damen\/\"},{\"@type\":\"ListItem\",\"position\":4,\"name\":\"Damenbekleidung\",\"item\":\"https:\/\/www.rabaini.it\/de\/damenbekleidung\/\"},{\"@type\":\"ListItem\",\"position\":5,\"name\":\"Kamelfarbener, \u00fcbergro\u00dfer Trenchcoat aus tropfenfester Baumwolle\"}]},{\"@type\":\"WebSite\",\"@id\":\"https:\/\/www.rabaini.it\/de\/#website\",\"url\":\"https:\/\/www.rabaini.it\/de\/\",\"name\":\"Rabaini\",\"description\":\"\",\"potentialAction\":[{\"@type\":\"SearchAction\",\"target\":{\"@type\":\"EntryPoint\",\"urlTemplate\":\"https:\/\/www.rabaini.it\/de\/?s={search_term_string}\"},\"query-input\":{\"@type\":\"PropertyValueSpecification\",\"valueRequired\":true,\"valueName\":\"search_term_string\"}}],\"inLanguage\":\"de\"}]}<\/script>\n<!-- \/ Yoast SEO plugin. -->","yoast_head_json":{"title":"Kamelfarbener, \u00fcbergro\u00dfer Trenchcoat aus tropfenfester Baumwolle - Rabaini","robots":{"index":"index","follow":"follow","max-snippet":"max-snippet:-1","max-image-preview":"max-image-preview:large","max-video-preview":"max-video-preview:-1"},"canonical":"https:\/\/www.rabaini.it\/de\/kamelfarbener-uebergrosser-trenchcoat-aus-tropfenfester-baumwolle\/","og_locale":"de_DE","og_type":"article","og_title":"Kamelfarbener, \u00fcbergro\u00dfer Trenchcoat aus tropfenfester Baumwolle - Rabaini","og_description":"Artikelnummer: OTELLO Artikelfarbe: Kamel Langer, \u00fcbergro\u00dfer Trenchcoat aus wasserabweisendem technischem Baumwolltwill, mit breitem Reverskragen, langen Raglan\u00e4rmeln mit verstellbaren Knebelkn\u00f6pfen an den Manschetten und Leistentaschen an den Seiten Das Modell zeichnet sich durch ikonische Details aus: Latz vorne, Schulterknebel, Cape hinten und tiefer Mittelschlitz auf der R\u00fcckseite Halbgef\u00fcttertes Modell aus gestreiftem Taft mit Jacquard-Logobanddetails, vollendet mit&hellip;","og_url":"https:\/\/www.rabaini.it\/de\/kamelfarbener-uebergrosser-trenchcoat-aus-tropfenfester-baumwolle\/","og_site_name":"Rabaini","og_image":[{"width":1500,"height":1500,"url":"https:\/\/www.rabaini.it\/wp-content\/uploads\/2025\/02\/19.1.jpg","type":"image\/jpeg"}],"twitter_card":"summary_large_image","schema":{"@context":"https:\/\/schema.org","@graph":[{"@type":"WebPage","@id":"https:\/\/www.rabaini.it\/de\/kamelfarbener-uebergrosser-trenchcoat-aus-tropfenfester-baumwolle\/","url":"https:\/\/www.rabaini.it\/de\/kamelfarbener-uebergrosser-trenchcoat-aus-tropfenfester-baumwolle\/","name":"Kamelfarbener, \u00fcbergro\u00dfer Trenchcoat aus tropfenfester Baumwolle - Rabaini","isPartOf":{"@id":"https:\/\/www.rabaini.it\/de\/#website"},"primaryImageOfPage":{"@id":"https:\/\/www.rabaini.it\/de\/kamelfarbener-uebergrosser-trenchcoat-aus-tropfenfester-baumwolle\/#primaryimage"},"image":{"@id":"https:\/\/www.rabaini.it\/de\/kamelfarbener-uebergrosser-trenchcoat-aus-tropfenfester-baumwolle\/#primaryimage"},"thumbnailUrl":"https:\/\/www.rabaini.it\/wp-content\/uploads\/2025\/02\/19.1.jpg","datePublished":"2025-02-12T16:39:09+00:00","breadcrumb":{"@id":"https:\/\/www.rabaini.it\/de\/kamelfarbener-uebergrosser-trenchcoat-aus-tropfenfester-baumwolle\/#breadcrumb"},"inLanguage":"de","potentialAction":[{"@type":"ReadAction","target":["https:\/\/www.rabaini.it\/de\/kamelfarbener-uebergrosser-trenchcoat-aus-tropfenfester-baumwolle\/"]}]},{"@type":"ImageObject","inLanguage":"de","@id":"https:\/\/www.rabaini.it\/de\/kamelfarbener-uebergrosser-trenchcoat-aus-tropfenfester-baumwolle\/#primaryimage","url":"https:\/\/www.rabaini.it\/wp-content\/uploads\/2025\/02\/19.1.jpg","contentUrl":"https:\/\/www.rabaini.it\/wp-content\/uploads\/2025\/02\/19.1.jpg","width":1500,"height":1500},{"@type":"BreadcrumbList","@id":"https:\/\/www.rabaini.it\/de\/kamelfarbener-uebergrosser-trenchcoat-aus-tropfenfester-baumwolle\/#breadcrumb","itemListElement":[{"@type":"ListItem","position":1,"name":"Home","item":"https:\/\/www.rabaini.it\/de\/homepage\/"},{"@type":"ListItem","position":2,"name":"Gesch\u00e4ft","item":"https:\/\/www.rabaini.it\/geschaeft\/"},{"@type":"ListItem","position":3,"name":"Damen","item":"https:\/\/www.rabaini.it\/de\/damen\/"},{"@type":"ListItem","position":4,"name":"Damenbekleidung","item":"https:\/\/www.rabaini.it\/de\/damenbekleidung\/"},{"@type":"ListItem","position":5,"name":"Kamelfarbener, \u00fcbergro\u00dfer Trenchcoat aus tropfenfester Baumwolle"}]},{"@type":"WebSite","@id":"https:\/\/www.rabaini.it\/de\/#website","url":"https:\/\/www.rabaini.it\/de\/","name":"Rabaini","description":"","potentialAction":[{"@type":"SearchAction","target":{"@type":"EntryPoint","urlTemplate":"https:\/\/www.rabaini.it\/de\/?s={search_term_string}"},"query-input":{"@type":"PropertyValueSpecification","valueRequired":true,"valueName":"search_term_string"}}],"inLanguage":"de"}]}},"_links":{"self":[{"href":"https:\/\/www.rabaini.it\/de\/wp-json\/wp\/v2\/product\/114920","targetHints":{"allow":["GET"]}}],"collection":[{"href":"https:\/\/www.rabaini.it\/de\/wp-json\/wp\/v2\/product"}],"about":[{"href":"https:\/\/www.rabaini.it\/de\/wp-json\/wp\/v2\/types\/product"}],"wp:featuredmedia":[{"embeddable":true,"href":"https:\/\/www.rabaini.it\/de\/wp-json\/wp\/v2\/media\/104680"}],"wp:attachment":[{"href":"https:\/\/www.rabaini.it\/de\/wp-json\/wp\/v2\/media?parent=114920"}],"wp:term":[{"taxonomy":"product_brand","embeddable":true,"href":"https:\/\/www.rabaini.it\/de\/wp-json\/wp\/v2\/product_brand?post=114920"},{"taxonomy":"product_cat","embeddable":true,"href":"https:\/\/www.rabaini.it\/de\/wp-json\/wp\/v2\/product_cat?post=114920"},{"taxonomy":"product_tag","embeddable":true,"href":"https:\/\/www.rabaini.it\/de\/wp-json\/wp\/v2\/product_tag?post=114920"}],"curies":[{"name":"wp","href":"https:\/\/api.w.org\/{rel}","templated":true}]}}