{"id":114894,"date":"2025-02-12T16:35:11","date_gmt":"2025-02-12T15:35:11","guid":{"rendered":"https:\/\/www.rabaini.it\/prodotto\/wendbare-bomberjacke-mit-wattierung-aus-tropfenfestem-canvas\/"},"modified":"2025-02-12T16:35:11","modified_gmt":"2025-02-12T15:35:11","slug":"wendbare-bomberjacke-mit-wattierung-aus-tropfenfestem-canvas","status":"publish","type":"product","link":"https:\/\/www.rabaini.it\/de\/wendbare-bomberjacke-mit-wattierung-aus-tropfenfestem-canvas\/","title":{"rendered":"Wendbare Bomberjacke mit Wattierung aus tropfenfestem Canvas"},"content":{"rendered":"<ul>\n<li>Artikelnummer: LICIA<\/li>\n<li>Artikelfarbe: Beige und Orange<\/li>\n<li>Wendbare, wattierte Bomberjacke aus wasserabweisendem technischem Canvas mit gestricktem Kragen und B\u00fcndchen<\/li>\n<li>Eine Seite weist ein durchgehendes gestepptes Rautenmuster auf, die andere ist v\u00f6llig einfarbig<\/li>\n<li>Abgerundet durch lange \u00c4rmel mit \u00fcberschnittener Schulter und Leistentaschen an der H\u00fcfte<\/li>\n<li>Rei\u00dfverschluss vorne mit Lederschieber<\/li>\n<li>Das Modell verf\u00fcgt \u00fcber eine CameLuxe-Polsterung: eine neue Grenze f\u00fcr Upcycling-Prozesse, bei der \u00fcbersch\u00fcssiger Abfall aus dem Zuschnitt reiner Kamelhaarstoffe f\u00fcr unsere legend\u00e4ren M\u00e4ntel wiederverwertet wird.<\/li>\n<li>Die Fasern werden wiederverwendet, um eine spezielle Polsterung herzustellen, die die gleichen W\u00e4rmed\u00e4mmeigenschaften wie Neumaterialien aufweist.<\/li>\n<li>Stoffzusammensetzung: 100 % Polyester<\/li>\n<li>F\u00fcllung: 48 % Kamel, 48 % Polyester, 4 % Seide<\/li>\n<li>Innenmaterial: 100 % Polyester<\/li>\n<\/ul>\n","protected":false},"excerpt":{"rendered":"<p>Artikelnummer: LICIA Artikelfarbe: Beige und Orange Wendbare, wattierte Bomberjacke aus wasserabweisendem technischem Canvas mit gestricktem Kragen und B\u00fcndchen Eine Seite weist ein durchgehendes gestepptes Rautenmuster auf, die andere ist v\u00f6llig einfarbig Abgerundet durch lange \u00c4rmel mit \u00fcberschnittener Schulter und Leistentaschen an der H\u00fcfte Rei\u00dfverschluss vorne mit Lederschieber Das Modell verf\u00fcgt \u00fcber eine CameLuxe-Polsterung: eine neue&hellip;<\/p>\n","protected":false},"featured_media":104623,"template":"","meta":{"_acf_changed":false},"product_brand":[],"product_cat":[1274,1279,1277],"product_tag":[1526],"class_list":{"0":"post-114894","1":"product","2":"type-product","3":"status-publish","4":"has-post-thumbnail","6":"product_cat-damenbekleidung","7":"product_cat-jacken-damen","8":"product_cat-oberbekleidung-damen","9":"product_tag-ss25-de","10":"marca-max-mara-de","12":"first","13":"instock","14":"shipping-taxable","15":"purchasable","16":"product-type-variable"},"acf":[],"yoast_head":"<!-- This site is optimized with the Yoast SEO plugin v27.2 - https:\/\/yoast.com\/product\/yoast-seo-wordpress\/ -->\n<title>Wendbare Bomberjacke mit Wattierung aus tropfenfestem Canvas - Rabaini<\/title>\n<meta name=\"robots\" content=\"index, follow, max-snippet:-1, max-image-preview:large, max-video-preview:-1\" \/>\n<link rel=\"canonical\" href=\"https:\/\/www.rabaini.it\/de\/wendbare-bomberjacke-mit-wattierung-aus-tropfenfestem-canvas\/\" \/>\n<meta property=\"og:locale\" content=\"de_DE\" \/>\n<meta property=\"og:type\" content=\"article\" \/>\n<meta property=\"og:title\" content=\"Wendbare Bomberjacke mit Wattierung aus tropfenfestem Canvas - Rabaini\" \/>\n<meta property=\"og:description\" content=\"Artikelnummer: LICIA Artikelfarbe: Beige und Orange Wendbare, wattierte Bomberjacke aus wasserabweisendem technischem Canvas mit gestricktem Kragen und B\u00fcndchen Eine Seite weist ein durchgehendes gestepptes Rautenmuster auf, die andere ist v\u00f6llig einfarbig Abgerundet durch lange \u00c4rmel mit \u00fcberschnittener Schulter und Leistentaschen an der H\u00fcfte Rei\u00dfverschluss vorne mit Lederschieber Das Modell verf\u00fcgt \u00fcber eine CameLuxe-Polsterung: eine neue&hellip;\" \/>\n<meta property=\"og:url\" content=\"https:\/\/www.rabaini.it\/de\/wendbare-bomberjacke-mit-wattierung-aus-tropfenfestem-canvas\/\" \/>\n<meta property=\"og:site_name\" content=\"Rabaini\" \/>\n<meta property=\"og:image\" content=\"https:\/\/www.rabaini.it\/wp-content\/uploads\/2025\/02\/13.1.jpg\" \/>\n\t<meta property=\"og:image:width\" content=\"1500\" \/>\n\t<meta property=\"og:image:height\" content=\"1500\" \/>\n\t<meta property=\"og:image:type\" content=\"image\/jpeg\" \/>\n<meta name=\"twitter:card\" content=\"summary_large_image\" \/>\n<meta name=\"twitter:label1\" content=\"Gesch\u00e4tzte Lesezeit\" \/>\n\t<meta name=\"twitter:data1\" content=\"1\u00a0Minute\" \/>\n<script type=\"application\/ld+json\" class=\"yoast-schema-graph\">{\"@context\":\"https:\/\/schema.org\",\"@graph\":[{\"@type\":\"WebPage\",\"@id\":\"https:\/\/www.rabaini.it\/de\/wendbare-bomberjacke-mit-wattierung-aus-tropfenfestem-canvas\/\",\"url\":\"https:\/\/www.rabaini.it\/de\/wendbare-bomberjacke-mit-wattierung-aus-tropfenfestem-canvas\/\",\"name\":\"Wendbare Bomberjacke mit Wattierung aus tropfenfestem Canvas - Rabaini\",\"isPartOf\":{\"@id\":\"https:\/\/www.rabaini.it\/de\/#website\"},\"primaryImageOfPage\":{\"@id\":\"https:\/\/www.rabaini.it\/de\/wendbare-bomberjacke-mit-wattierung-aus-tropfenfestem-canvas\/#primaryimage\"},\"image\":{\"@id\":\"https:\/\/www.rabaini.it\/de\/wendbare-bomberjacke-mit-wattierung-aus-tropfenfestem-canvas\/#primaryimage\"},\"thumbnailUrl\":\"https:\/\/www.rabaini.it\/wp-content\/uploads\/2025\/02\/13.1.jpg\",\"datePublished\":\"2025-02-12T15:35:11+00:00\",\"breadcrumb\":{\"@id\":\"https:\/\/www.rabaini.it\/de\/wendbare-bomberjacke-mit-wattierung-aus-tropfenfestem-canvas\/#breadcrumb\"},\"inLanguage\":\"de\",\"potentialAction\":[{\"@type\":\"ReadAction\",\"target\":[\"https:\/\/www.rabaini.it\/de\/wendbare-bomberjacke-mit-wattierung-aus-tropfenfestem-canvas\/\"]}]},{\"@type\":\"ImageObject\",\"inLanguage\":\"de\",\"@id\":\"https:\/\/www.rabaini.it\/de\/wendbare-bomberjacke-mit-wattierung-aus-tropfenfestem-canvas\/#primaryimage\",\"url\":\"https:\/\/www.rabaini.it\/wp-content\/uploads\/2025\/02\/13.1.jpg\",\"contentUrl\":\"https:\/\/www.rabaini.it\/wp-content\/uploads\/2025\/02\/13.1.jpg\",\"width\":1500,\"height\":1500},{\"@type\":\"BreadcrumbList\",\"@id\":\"https:\/\/www.rabaini.it\/de\/wendbare-bomberjacke-mit-wattierung-aus-tropfenfestem-canvas\/#breadcrumb\",\"itemListElement\":[{\"@type\":\"ListItem\",\"position\":1,\"name\":\"Home\",\"item\":\"https:\/\/www.rabaini.it\/de\/homepage\/\"},{\"@type\":\"ListItem\",\"position\":2,\"name\":\"Gesch\u00e4ft\",\"item\":\"https:\/\/www.rabaini.it\/geschaeft\/\"},{\"@type\":\"ListItem\",\"position\":3,\"name\":\"Damen\",\"item\":\"https:\/\/www.rabaini.it\/de\/damen\/\"},{\"@type\":\"ListItem\",\"position\":4,\"name\":\"Damenbekleidung\",\"item\":\"https:\/\/www.rabaini.it\/de\/damenbekleidung\/\"},{\"@type\":\"ListItem\",\"position\":5,\"name\":\"Wendbare Bomberjacke mit Wattierung aus tropfenfestem Canvas\"}]},{\"@type\":\"WebSite\",\"@id\":\"https:\/\/www.rabaini.it\/de\/#website\",\"url\":\"https:\/\/www.rabaini.it\/de\/\",\"name\":\"Rabaini\",\"description\":\"\",\"potentialAction\":[{\"@type\":\"SearchAction\",\"target\":{\"@type\":\"EntryPoint\",\"urlTemplate\":\"https:\/\/www.rabaini.it\/de\/?s={search_term_string}\"},\"query-input\":{\"@type\":\"PropertyValueSpecification\",\"valueRequired\":true,\"valueName\":\"search_term_string\"}}],\"inLanguage\":\"de\"}]}<\/script>\n<!-- \/ Yoast SEO plugin. -->","yoast_head_json":{"title":"Wendbare Bomberjacke mit Wattierung aus tropfenfestem Canvas - Rabaini","robots":{"index":"index","follow":"follow","max-snippet":"max-snippet:-1","max-image-preview":"max-image-preview:large","max-video-preview":"max-video-preview:-1"},"canonical":"https:\/\/www.rabaini.it\/de\/wendbare-bomberjacke-mit-wattierung-aus-tropfenfestem-canvas\/","og_locale":"de_DE","og_type":"article","og_title":"Wendbare Bomberjacke mit Wattierung aus tropfenfestem Canvas - Rabaini","og_description":"Artikelnummer: LICIA Artikelfarbe: Beige und Orange Wendbare, wattierte Bomberjacke aus wasserabweisendem technischem Canvas mit gestricktem Kragen und B\u00fcndchen Eine Seite weist ein durchgehendes gestepptes Rautenmuster auf, die andere ist v\u00f6llig einfarbig Abgerundet durch lange \u00c4rmel mit \u00fcberschnittener Schulter und Leistentaschen an der H\u00fcfte Rei\u00dfverschluss vorne mit Lederschieber Das Modell verf\u00fcgt \u00fcber eine CameLuxe-Polsterung: eine neue&hellip;","og_url":"https:\/\/www.rabaini.it\/de\/wendbare-bomberjacke-mit-wattierung-aus-tropfenfestem-canvas\/","og_site_name":"Rabaini","og_image":[{"width":1500,"height":1500,"url":"https:\/\/www.rabaini.it\/wp-content\/uploads\/2025\/02\/13.1.jpg","type":"image\/jpeg"}],"twitter_card":"summary_large_image","twitter_misc":{"Gesch\u00e4tzte Lesezeit":"1\u00a0Minute"},"schema":{"@context":"https:\/\/schema.org","@graph":[{"@type":"WebPage","@id":"https:\/\/www.rabaini.it\/de\/wendbare-bomberjacke-mit-wattierung-aus-tropfenfestem-canvas\/","url":"https:\/\/www.rabaini.it\/de\/wendbare-bomberjacke-mit-wattierung-aus-tropfenfestem-canvas\/","name":"Wendbare Bomberjacke mit Wattierung aus tropfenfestem Canvas - Rabaini","isPartOf":{"@id":"https:\/\/www.rabaini.it\/de\/#website"},"primaryImageOfPage":{"@id":"https:\/\/www.rabaini.it\/de\/wendbare-bomberjacke-mit-wattierung-aus-tropfenfestem-canvas\/#primaryimage"},"image":{"@id":"https:\/\/www.rabaini.it\/de\/wendbare-bomberjacke-mit-wattierung-aus-tropfenfestem-canvas\/#primaryimage"},"thumbnailUrl":"https:\/\/www.rabaini.it\/wp-content\/uploads\/2025\/02\/13.1.jpg","datePublished":"2025-02-12T15:35:11+00:00","breadcrumb":{"@id":"https:\/\/www.rabaini.it\/de\/wendbare-bomberjacke-mit-wattierung-aus-tropfenfestem-canvas\/#breadcrumb"},"inLanguage":"de","potentialAction":[{"@type":"ReadAction","target":["https:\/\/www.rabaini.it\/de\/wendbare-bomberjacke-mit-wattierung-aus-tropfenfestem-canvas\/"]}]},{"@type":"ImageObject","inLanguage":"de","@id":"https:\/\/www.rabaini.it\/de\/wendbare-bomberjacke-mit-wattierung-aus-tropfenfestem-canvas\/#primaryimage","url":"https:\/\/www.rabaini.it\/wp-content\/uploads\/2025\/02\/13.1.jpg","contentUrl":"https:\/\/www.rabaini.it\/wp-content\/uploads\/2025\/02\/13.1.jpg","width":1500,"height":1500},{"@type":"BreadcrumbList","@id":"https:\/\/www.rabaini.it\/de\/wendbare-bomberjacke-mit-wattierung-aus-tropfenfestem-canvas\/#breadcrumb","itemListElement":[{"@type":"ListItem","position":1,"name":"Home","item":"https:\/\/www.rabaini.it\/de\/homepage\/"},{"@type":"ListItem","position":2,"name":"Gesch\u00e4ft","item":"https:\/\/www.rabaini.it\/geschaeft\/"},{"@type":"ListItem","position":3,"name":"Damen","item":"https:\/\/www.rabaini.it\/de\/damen\/"},{"@type":"ListItem","position":4,"name":"Damenbekleidung","item":"https:\/\/www.rabaini.it\/de\/damenbekleidung\/"},{"@type":"ListItem","position":5,"name":"Wendbare Bomberjacke mit Wattierung aus tropfenfestem Canvas"}]},{"@type":"WebSite","@id":"https:\/\/www.rabaini.it\/de\/#website","url":"https:\/\/www.rabaini.it\/de\/","name":"Rabaini","description":"","potentialAction":[{"@type":"SearchAction","target":{"@type":"EntryPoint","urlTemplate":"https:\/\/www.rabaini.it\/de\/?s={search_term_string}"},"query-input":{"@type":"PropertyValueSpecification","valueRequired":true,"valueName":"search_term_string"}}],"inLanguage":"de"}]}},"_links":{"self":[{"href":"https:\/\/www.rabaini.it\/de\/wp-json\/wp\/v2\/product\/114894","targetHints":{"allow":["GET"]}}],"collection":[{"href":"https:\/\/www.rabaini.it\/de\/wp-json\/wp\/v2\/product"}],"about":[{"href":"https:\/\/www.rabaini.it\/de\/wp-json\/wp\/v2\/types\/product"}],"wp:featuredmedia":[{"embeddable":true,"href":"https:\/\/www.rabaini.it\/de\/wp-json\/wp\/v2\/media\/104623"}],"wp:attachment":[{"href":"https:\/\/www.rabaini.it\/de\/wp-json\/wp\/v2\/media?parent=114894"}],"wp:term":[{"taxonomy":"product_brand","embeddable":true,"href":"https:\/\/www.rabaini.it\/de\/wp-json\/wp\/v2\/product_brand?post=114894"},{"taxonomy":"product_cat","embeddable":true,"href":"https:\/\/www.rabaini.it\/de\/wp-json\/wp\/v2\/product_cat?post=114894"},{"taxonomy":"product_tag","embeddable":true,"href":"https:\/\/www.rabaini.it\/de\/wp-json\/wp\/v2\/product_tag?post=114894"}],"curies":[{"name":"wp","href":"https:\/\/api.w.org\/{rel}","templated":true}]}}