{"id":114889,"date":"2025-02-12T16:19:02","date_gmt":"2025-02-12T15:19:02","guid":{"rendered":"https:\/\/www.rabaini.it\/prodotto\/bustierkleid-aus-cloque\/"},"modified":"2025-02-12T16:19:02","modified_gmt":"2025-02-12T15:19:02","slug":"bustierkleid-aus-cloque","status":"publish","type":"product","link":"https:\/\/www.rabaini.it\/de\/bustierkleid-aus-cloque\/","title":{"rendered":"Bustierkleid aus Cloqu\u00e9"},"content":{"rendered":"<ul>\n<li>Artikelnummer: MANTO<\/li>\n<li>Artikelfarbe: Fuchsia<\/li>\n<li>Langes Bustierkleid aus Cloqu\u00e9-Stoff mit zartem und elegantem Blumenmuster<\/li>\n<li>Die Silhouette zeichnet sich durch ein Oberteil mit geradem Ausschnitt und einen Tulpenrock mit einem mittigen Schlitz auf der R\u00fcckseite sowie einem Ausschnitt und Abn\u00e4hern an der Taille auf der Vorderseite aus.<\/li>\n<li>Der passende Lacklederg\u00fcrtel betont die Taille<\/li>\n<li>Unsichtbarer Rei\u00dfverschluss auf der R\u00fcckseite<\/li>\n<li>Stoffzusammensetzung: 84 % Polyester, 16 % Polyamid<\/li>\n<li>Oberes Futter: 100 % Baumwolle<\/li>\n<li>Unteres Futter: 85 % Acetat, 10 % Seide, 5 % Polyamid<\/li>\n<\/ul>\n","protected":false},"excerpt":{"rendered":"<p>Artikelnummer: MANTO Artikelfarbe: Fuchsia Langes Bustierkleid aus Cloqu\u00e9-Stoff mit zartem und elegantem Blumenmuster Die Silhouette zeichnet sich durch ein Oberteil mit geradem Ausschnitt und einen Tulpenrock mit einem mittigen Schlitz auf der R\u00fcckseite sowie einem Ausschnitt und Abn\u00e4hern an der Taille auf der Vorderseite aus. Der passende Lacklederg\u00fcrtel betont die Taille Unsichtbarer Rei\u00dfverschluss auf der&hellip;<\/p>\n","protected":false},"featured_media":104605,"template":"","meta":{"_acf_changed":false},"product_brand":[],"product_cat":[1274,1275],"product_tag":[1526],"class_list":{"0":"post-114889","1":"product","2":"type-product","3":"status-publish","4":"has-post-thumbnail","6":"product_cat-damenbekleidung","7":"product_cat-kleidung-damen","8":"product_tag-ss25-de","9":"marca-max-mara-de","11":"first","12":"instock","13":"shipping-taxable","14":"purchasable","15":"product-type-variable"},"acf":[],"yoast_head":"<!-- This site is optimized with the Yoast SEO plugin v27.2 - https:\/\/yoast.com\/product\/yoast-seo-wordpress\/ -->\n<title>Bustierkleid aus Cloqu\u00e9 - Rabaini<\/title>\n<meta name=\"robots\" content=\"index, follow, max-snippet:-1, max-image-preview:large, max-video-preview:-1\" \/>\n<link rel=\"canonical\" href=\"https:\/\/www.rabaini.it\/de\/bustierkleid-aus-cloque\/\" \/>\n<meta property=\"og:locale\" content=\"de_DE\" \/>\n<meta property=\"og:type\" content=\"article\" \/>\n<meta property=\"og:title\" content=\"Bustierkleid aus Cloqu\u00e9 - Rabaini\" \/>\n<meta property=\"og:description\" content=\"Artikelnummer: MANTO Artikelfarbe: Fuchsia Langes Bustierkleid aus Cloqu\u00e9-Stoff mit zartem und elegantem Blumenmuster Die Silhouette zeichnet sich durch ein Oberteil mit geradem Ausschnitt und einen Tulpenrock mit einem mittigen Schlitz auf der R\u00fcckseite sowie einem Ausschnitt und Abn\u00e4hern an der Taille auf der Vorderseite aus. Der passende Lacklederg\u00fcrtel betont die Taille Unsichtbarer Rei\u00dfverschluss auf der&hellip;\" \/>\n<meta property=\"og:url\" content=\"https:\/\/www.rabaini.it\/de\/bustierkleid-aus-cloque\/\" \/>\n<meta property=\"og:site_name\" content=\"Rabaini\" \/>\n<meta property=\"og:image\" content=\"https:\/\/www.rabaini.it\/wp-content\/uploads\/2025\/02\/11.1.jpg\" \/>\n\t<meta property=\"og:image:width\" content=\"1500\" \/>\n\t<meta property=\"og:image:height\" content=\"1500\" \/>\n\t<meta property=\"og:image:type\" content=\"image\/jpeg\" \/>\n<meta name=\"twitter:card\" content=\"summary_large_image\" \/>\n<script type=\"application\/ld+json\" class=\"yoast-schema-graph\">{\"@context\":\"https:\/\/schema.org\",\"@graph\":[{\"@type\":\"WebPage\",\"@id\":\"https:\/\/www.rabaini.it\/de\/bustierkleid-aus-cloque\/\",\"url\":\"https:\/\/www.rabaini.it\/de\/bustierkleid-aus-cloque\/\",\"name\":\"Bustierkleid aus Cloqu\u00e9 - Rabaini\",\"isPartOf\":{\"@id\":\"https:\/\/www.rabaini.it\/de\/#website\"},\"primaryImageOfPage\":{\"@id\":\"https:\/\/www.rabaini.it\/de\/bustierkleid-aus-cloque\/#primaryimage\"},\"image\":{\"@id\":\"https:\/\/www.rabaini.it\/de\/bustierkleid-aus-cloque\/#primaryimage\"},\"thumbnailUrl\":\"https:\/\/www.rabaini.it\/wp-content\/uploads\/2025\/02\/11.1.jpg\",\"datePublished\":\"2025-02-12T15:19:02+00:00\",\"breadcrumb\":{\"@id\":\"https:\/\/www.rabaini.it\/de\/bustierkleid-aus-cloque\/#breadcrumb\"},\"inLanguage\":\"de\",\"potentialAction\":[{\"@type\":\"ReadAction\",\"target\":[\"https:\/\/www.rabaini.it\/de\/bustierkleid-aus-cloque\/\"]}]},{\"@type\":\"ImageObject\",\"inLanguage\":\"de\",\"@id\":\"https:\/\/www.rabaini.it\/de\/bustierkleid-aus-cloque\/#primaryimage\",\"url\":\"https:\/\/www.rabaini.it\/wp-content\/uploads\/2025\/02\/11.1.jpg\",\"contentUrl\":\"https:\/\/www.rabaini.it\/wp-content\/uploads\/2025\/02\/11.1.jpg\",\"width\":1500,\"height\":1500},{\"@type\":\"BreadcrumbList\",\"@id\":\"https:\/\/www.rabaini.it\/de\/bustierkleid-aus-cloque\/#breadcrumb\",\"itemListElement\":[{\"@type\":\"ListItem\",\"position\":1,\"name\":\"Home\",\"item\":\"https:\/\/www.rabaini.it\/de\/homepage\/\"},{\"@type\":\"ListItem\",\"position\":2,\"name\":\"Gesch\u00e4ft\",\"item\":\"https:\/\/www.rabaini.it\/geschaeft\/\"},{\"@type\":\"ListItem\",\"position\":3,\"name\":\"Damen\",\"item\":\"https:\/\/www.rabaini.it\/de\/damen\/\"},{\"@type\":\"ListItem\",\"position\":4,\"name\":\"Damenbekleidung\",\"item\":\"https:\/\/www.rabaini.it\/de\/damenbekleidung\/\"},{\"@type\":\"ListItem\",\"position\":5,\"name\":\"Bustierkleid aus Cloqu\u00e9\"}]},{\"@type\":\"WebSite\",\"@id\":\"https:\/\/www.rabaini.it\/de\/#website\",\"url\":\"https:\/\/www.rabaini.it\/de\/\",\"name\":\"Rabaini\",\"description\":\"\",\"potentialAction\":[{\"@type\":\"SearchAction\",\"target\":{\"@type\":\"EntryPoint\",\"urlTemplate\":\"https:\/\/www.rabaini.it\/de\/?s={search_term_string}\"},\"query-input\":{\"@type\":\"PropertyValueSpecification\",\"valueRequired\":true,\"valueName\":\"search_term_string\"}}],\"inLanguage\":\"de\"}]}<\/script>\n<!-- \/ Yoast SEO plugin. -->","yoast_head_json":{"title":"Bustierkleid aus Cloqu\u00e9 - Rabaini","robots":{"index":"index","follow":"follow","max-snippet":"max-snippet:-1","max-image-preview":"max-image-preview:large","max-video-preview":"max-video-preview:-1"},"canonical":"https:\/\/www.rabaini.it\/de\/bustierkleid-aus-cloque\/","og_locale":"de_DE","og_type":"article","og_title":"Bustierkleid aus Cloqu\u00e9 - Rabaini","og_description":"Artikelnummer: MANTO Artikelfarbe: Fuchsia Langes Bustierkleid aus Cloqu\u00e9-Stoff mit zartem und elegantem Blumenmuster Die Silhouette zeichnet sich durch ein Oberteil mit geradem Ausschnitt und einen Tulpenrock mit einem mittigen Schlitz auf der R\u00fcckseite sowie einem Ausschnitt und Abn\u00e4hern an der Taille auf der Vorderseite aus. Der passende Lacklederg\u00fcrtel betont die Taille Unsichtbarer Rei\u00dfverschluss auf der&hellip;","og_url":"https:\/\/www.rabaini.it\/de\/bustierkleid-aus-cloque\/","og_site_name":"Rabaini","og_image":[{"width":1500,"height":1500,"url":"https:\/\/www.rabaini.it\/wp-content\/uploads\/2025\/02\/11.1.jpg","type":"image\/jpeg"}],"twitter_card":"summary_large_image","schema":{"@context":"https:\/\/schema.org","@graph":[{"@type":"WebPage","@id":"https:\/\/www.rabaini.it\/de\/bustierkleid-aus-cloque\/","url":"https:\/\/www.rabaini.it\/de\/bustierkleid-aus-cloque\/","name":"Bustierkleid aus Cloqu\u00e9 - Rabaini","isPartOf":{"@id":"https:\/\/www.rabaini.it\/de\/#website"},"primaryImageOfPage":{"@id":"https:\/\/www.rabaini.it\/de\/bustierkleid-aus-cloque\/#primaryimage"},"image":{"@id":"https:\/\/www.rabaini.it\/de\/bustierkleid-aus-cloque\/#primaryimage"},"thumbnailUrl":"https:\/\/www.rabaini.it\/wp-content\/uploads\/2025\/02\/11.1.jpg","datePublished":"2025-02-12T15:19:02+00:00","breadcrumb":{"@id":"https:\/\/www.rabaini.it\/de\/bustierkleid-aus-cloque\/#breadcrumb"},"inLanguage":"de","potentialAction":[{"@type":"ReadAction","target":["https:\/\/www.rabaini.it\/de\/bustierkleid-aus-cloque\/"]}]},{"@type":"ImageObject","inLanguage":"de","@id":"https:\/\/www.rabaini.it\/de\/bustierkleid-aus-cloque\/#primaryimage","url":"https:\/\/www.rabaini.it\/wp-content\/uploads\/2025\/02\/11.1.jpg","contentUrl":"https:\/\/www.rabaini.it\/wp-content\/uploads\/2025\/02\/11.1.jpg","width":1500,"height":1500},{"@type":"BreadcrumbList","@id":"https:\/\/www.rabaini.it\/de\/bustierkleid-aus-cloque\/#breadcrumb","itemListElement":[{"@type":"ListItem","position":1,"name":"Home","item":"https:\/\/www.rabaini.it\/de\/homepage\/"},{"@type":"ListItem","position":2,"name":"Gesch\u00e4ft","item":"https:\/\/www.rabaini.it\/geschaeft\/"},{"@type":"ListItem","position":3,"name":"Damen","item":"https:\/\/www.rabaini.it\/de\/damen\/"},{"@type":"ListItem","position":4,"name":"Damenbekleidung","item":"https:\/\/www.rabaini.it\/de\/damenbekleidung\/"},{"@type":"ListItem","position":5,"name":"Bustierkleid aus Cloqu\u00e9"}]},{"@type":"WebSite","@id":"https:\/\/www.rabaini.it\/de\/#website","url":"https:\/\/www.rabaini.it\/de\/","name":"Rabaini","description":"","potentialAction":[{"@type":"SearchAction","target":{"@type":"EntryPoint","urlTemplate":"https:\/\/www.rabaini.it\/de\/?s={search_term_string}"},"query-input":{"@type":"PropertyValueSpecification","valueRequired":true,"valueName":"search_term_string"}}],"inLanguage":"de"}]}},"_links":{"self":[{"href":"https:\/\/www.rabaini.it\/de\/wp-json\/wp\/v2\/product\/114889","targetHints":{"allow":["GET"]}}],"collection":[{"href":"https:\/\/www.rabaini.it\/de\/wp-json\/wp\/v2\/product"}],"about":[{"href":"https:\/\/www.rabaini.it\/de\/wp-json\/wp\/v2\/types\/product"}],"wp:featuredmedia":[{"embeddable":true,"href":"https:\/\/www.rabaini.it\/de\/wp-json\/wp\/v2\/media\/104605"}],"wp:attachment":[{"href":"https:\/\/www.rabaini.it\/de\/wp-json\/wp\/v2\/media?parent=114889"}],"wp:term":[{"taxonomy":"product_brand","embeddable":true,"href":"https:\/\/www.rabaini.it\/de\/wp-json\/wp\/v2\/product_brand?post=114889"},{"taxonomy":"product_cat","embeddable":true,"href":"https:\/\/www.rabaini.it\/de\/wp-json\/wp\/v2\/product_cat?post=114889"},{"taxonomy":"product_tag","embeddable":true,"href":"https:\/\/www.rabaini.it\/de\/wp-json\/wp\/v2\/product_tag?post=114889"}],"curies":[{"name":"wp","href":"https:\/\/api.w.org\/{rel}","templated":true}]}}