{"id":114874,"date":"2025-02-12T12:12:57","date_gmt":"2025-02-12T11:12:57","guid":{"rendered":"https:\/\/www.rabaini.it\/prodotto\/mitternachtsblauer-rock-aus-leinen-und-viskose\/"},"modified":"2025-02-12T12:12:57","modified_gmt":"2025-02-12T11:12:57","slug":"mitternachtsblauer-rock-aus-leinen-und-viskose","status":"publish","type":"product","link":"https:\/\/www.rabaini.it\/de\/mitternachtsblauer-rock-aus-leinen-und-viskose\/","title":{"rendered":"Mitternachtsblauer Rock aus Leinen und Viskose"},"content":{"rendered":"<ul>\n<li>Artikelcode: GND275F848<\/li>\n<li>Artikelfarbe: Mitternachtsblau<\/li>\n<li>Hergestellt in Italien<\/li>\n<li>Zeitlos elegante Styles werden mit einer breiten, modernen Linie in diesem Midirock aus flie\u00dfendem Leinen und Viskose neu interpretiert, hervorgehoben durch eine Schicht aus Wolkent\u00fcll<\/li>\n<li>Es f\u00e4llt durch den elastischen Bund auf<\/li>\n<li>Vollst\u00e4ndig in Italien durch nachhaltige Prozesse hergestellt<\/li>\n<li>Stoffzusammensetzung: 64 % Viskose, 36 % Leinen<\/li>\n<\/ul>\n","protected":false},"excerpt":{"rendered":"<p>Artikelcode: GND275F848 Artikelfarbe: Mitternachtsblau Hergestellt in Italien Zeitlos elegante Styles werden mit einer breiten, modernen Linie in diesem Midirock aus flie\u00dfendem Leinen und Viskose neu interpretiert, hervorgehoben durch eine Schicht aus Wolkent\u00fcll Es f\u00e4llt durch den elastischen Bund auf Vollst\u00e4ndig in Italien durch nachhaltige Prozesse hergestellt Stoffzusammensetzung: 64 % Viskose, 36 % Leinen<\/p>\n","protected":false},"featured_media":104578,"template":"","meta":{"_acf_changed":false},"product_brand":[],"product_cat":[1274,1286],"product_tag":[1526],"class_list":{"0":"post-114874","1":"product","2":"type-product","3":"status-publish","4":"has-post-thumbnail","6":"product_cat-damenbekleidung","7":"product_cat-rocke-damen","8":"product_tag-ss25-de","9":"marca-fabiana-filippi-de","11":"first","12":"instock","13":"shipping-taxable","14":"purchasable","15":"product-type-variable"},"acf":[],"yoast_head":"<!-- This site is optimized with the Yoast SEO plugin v27.2 - https:\/\/yoast.com\/product\/yoast-seo-wordpress\/ -->\n<title>Mitternachtsblauer Rock aus Leinen und Viskose - Rabaini<\/title>\n<meta name=\"robots\" content=\"index, follow, max-snippet:-1, max-image-preview:large, max-video-preview:-1\" \/>\n<link rel=\"canonical\" href=\"https:\/\/www.rabaini.it\/de\/mitternachtsblauer-rock-aus-leinen-und-viskose\/\" \/>\n<meta property=\"og:locale\" content=\"de_DE\" \/>\n<meta property=\"og:type\" content=\"article\" \/>\n<meta property=\"og:title\" content=\"Mitternachtsblauer Rock aus Leinen und Viskose - Rabaini\" \/>\n<meta property=\"og:description\" content=\"Artikelcode: GND275F848 Artikelfarbe: Mitternachtsblau Hergestellt in Italien Zeitlos elegante Styles werden mit einer breiten, modernen Linie in diesem Midirock aus flie\u00dfendem Leinen und Viskose neu interpretiert, hervorgehoben durch eine Schicht aus Wolkent\u00fcll Es f\u00e4llt durch den elastischen Bund auf Vollst\u00e4ndig in Italien durch nachhaltige Prozesse hergestellt Stoffzusammensetzung: 64 % Viskose, 36 % Leinen\" \/>\n<meta property=\"og:url\" content=\"https:\/\/www.rabaini.it\/de\/mitternachtsblauer-rock-aus-leinen-und-viskose\/\" \/>\n<meta property=\"og:site_name\" content=\"Rabaini\" \/>\n<meta property=\"og:image\" content=\"https:\/\/www.rabaini.it\/wp-content\/uploads\/2025\/02\/8.1.jpg\" \/>\n\t<meta property=\"og:image:width\" content=\"1500\" \/>\n\t<meta property=\"og:image:height\" content=\"1500\" \/>\n\t<meta property=\"og:image:type\" content=\"image\/jpeg\" \/>\n<meta name=\"twitter:card\" content=\"summary_large_image\" \/>\n<script type=\"application\/ld+json\" class=\"yoast-schema-graph\">{\"@context\":\"https:\/\/schema.org\",\"@graph\":[{\"@type\":\"WebPage\",\"@id\":\"https:\/\/www.rabaini.it\/de\/mitternachtsblauer-rock-aus-leinen-und-viskose\/\",\"url\":\"https:\/\/www.rabaini.it\/de\/mitternachtsblauer-rock-aus-leinen-und-viskose\/\",\"name\":\"Mitternachtsblauer Rock aus Leinen und Viskose - Rabaini\",\"isPartOf\":{\"@id\":\"https:\/\/www.rabaini.it\/de\/#website\"},\"primaryImageOfPage\":{\"@id\":\"https:\/\/www.rabaini.it\/de\/mitternachtsblauer-rock-aus-leinen-und-viskose\/#primaryimage\"},\"image\":{\"@id\":\"https:\/\/www.rabaini.it\/de\/mitternachtsblauer-rock-aus-leinen-und-viskose\/#primaryimage\"},\"thumbnailUrl\":\"https:\/\/www.rabaini.it\/wp-content\/uploads\/2025\/02\/8.1.jpg\",\"datePublished\":\"2025-02-12T11:12:57+00:00\",\"breadcrumb\":{\"@id\":\"https:\/\/www.rabaini.it\/de\/mitternachtsblauer-rock-aus-leinen-und-viskose\/#breadcrumb\"},\"inLanguage\":\"de\",\"potentialAction\":[{\"@type\":\"ReadAction\",\"target\":[\"https:\/\/www.rabaini.it\/de\/mitternachtsblauer-rock-aus-leinen-und-viskose\/\"]}]},{\"@type\":\"ImageObject\",\"inLanguage\":\"de\",\"@id\":\"https:\/\/www.rabaini.it\/de\/mitternachtsblauer-rock-aus-leinen-und-viskose\/#primaryimage\",\"url\":\"https:\/\/www.rabaini.it\/wp-content\/uploads\/2025\/02\/8.1.jpg\",\"contentUrl\":\"https:\/\/www.rabaini.it\/wp-content\/uploads\/2025\/02\/8.1.jpg\",\"width\":1500,\"height\":1500},{\"@type\":\"BreadcrumbList\",\"@id\":\"https:\/\/www.rabaini.it\/de\/mitternachtsblauer-rock-aus-leinen-und-viskose\/#breadcrumb\",\"itemListElement\":[{\"@type\":\"ListItem\",\"position\":1,\"name\":\"Home\",\"item\":\"https:\/\/www.rabaini.it\/de\/homepage\/\"},{\"@type\":\"ListItem\",\"position\":2,\"name\":\"Gesch\u00e4ft\",\"item\":\"https:\/\/www.rabaini.it\/geschaeft\/\"},{\"@type\":\"ListItem\",\"position\":3,\"name\":\"Damen\",\"item\":\"https:\/\/www.rabaini.it\/de\/damen\/\"},{\"@type\":\"ListItem\",\"position\":4,\"name\":\"Damenbekleidung\",\"item\":\"https:\/\/www.rabaini.it\/de\/damenbekleidung\/\"},{\"@type\":\"ListItem\",\"position\":5,\"name\":\"Mitternachtsblauer Rock aus Leinen und Viskose\"}]},{\"@type\":\"WebSite\",\"@id\":\"https:\/\/www.rabaini.it\/de\/#website\",\"url\":\"https:\/\/www.rabaini.it\/de\/\",\"name\":\"Rabaini\",\"description\":\"\",\"potentialAction\":[{\"@type\":\"SearchAction\",\"target\":{\"@type\":\"EntryPoint\",\"urlTemplate\":\"https:\/\/www.rabaini.it\/de\/?s={search_term_string}\"},\"query-input\":{\"@type\":\"PropertyValueSpecification\",\"valueRequired\":true,\"valueName\":\"search_term_string\"}}],\"inLanguage\":\"de\"}]}<\/script>\n<!-- \/ Yoast SEO plugin. -->","yoast_head_json":{"title":"Mitternachtsblauer Rock aus Leinen und Viskose - Rabaini","robots":{"index":"index","follow":"follow","max-snippet":"max-snippet:-1","max-image-preview":"max-image-preview:large","max-video-preview":"max-video-preview:-1"},"canonical":"https:\/\/www.rabaini.it\/de\/mitternachtsblauer-rock-aus-leinen-und-viskose\/","og_locale":"de_DE","og_type":"article","og_title":"Mitternachtsblauer Rock aus Leinen und Viskose - Rabaini","og_description":"Artikelcode: GND275F848 Artikelfarbe: Mitternachtsblau Hergestellt in Italien Zeitlos elegante Styles werden mit einer breiten, modernen Linie in diesem Midirock aus flie\u00dfendem Leinen und Viskose neu interpretiert, hervorgehoben durch eine Schicht aus Wolkent\u00fcll Es f\u00e4llt durch den elastischen Bund auf Vollst\u00e4ndig in Italien durch nachhaltige Prozesse hergestellt Stoffzusammensetzung: 64 % Viskose, 36 % Leinen","og_url":"https:\/\/www.rabaini.it\/de\/mitternachtsblauer-rock-aus-leinen-und-viskose\/","og_site_name":"Rabaini","og_image":[{"width":1500,"height":1500,"url":"https:\/\/www.rabaini.it\/wp-content\/uploads\/2025\/02\/8.1.jpg","type":"image\/jpeg"}],"twitter_card":"summary_large_image","schema":{"@context":"https:\/\/schema.org","@graph":[{"@type":"WebPage","@id":"https:\/\/www.rabaini.it\/de\/mitternachtsblauer-rock-aus-leinen-und-viskose\/","url":"https:\/\/www.rabaini.it\/de\/mitternachtsblauer-rock-aus-leinen-und-viskose\/","name":"Mitternachtsblauer Rock aus Leinen und Viskose - Rabaini","isPartOf":{"@id":"https:\/\/www.rabaini.it\/de\/#website"},"primaryImageOfPage":{"@id":"https:\/\/www.rabaini.it\/de\/mitternachtsblauer-rock-aus-leinen-und-viskose\/#primaryimage"},"image":{"@id":"https:\/\/www.rabaini.it\/de\/mitternachtsblauer-rock-aus-leinen-und-viskose\/#primaryimage"},"thumbnailUrl":"https:\/\/www.rabaini.it\/wp-content\/uploads\/2025\/02\/8.1.jpg","datePublished":"2025-02-12T11:12:57+00:00","breadcrumb":{"@id":"https:\/\/www.rabaini.it\/de\/mitternachtsblauer-rock-aus-leinen-und-viskose\/#breadcrumb"},"inLanguage":"de","potentialAction":[{"@type":"ReadAction","target":["https:\/\/www.rabaini.it\/de\/mitternachtsblauer-rock-aus-leinen-und-viskose\/"]}]},{"@type":"ImageObject","inLanguage":"de","@id":"https:\/\/www.rabaini.it\/de\/mitternachtsblauer-rock-aus-leinen-und-viskose\/#primaryimage","url":"https:\/\/www.rabaini.it\/wp-content\/uploads\/2025\/02\/8.1.jpg","contentUrl":"https:\/\/www.rabaini.it\/wp-content\/uploads\/2025\/02\/8.1.jpg","width":1500,"height":1500},{"@type":"BreadcrumbList","@id":"https:\/\/www.rabaini.it\/de\/mitternachtsblauer-rock-aus-leinen-und-viskose\/#breadcrumb","itemListElement":[{"@type":"ListItem","position":1,"name":"Home","item":"https:\/\/www.rabaini.it\/de\/homepage\/"},{"@type":"ListItem","position":2,"name":"Gesch\u00e4ft","item":"https:\/\/www.rabaini.it\/geschaeft\/"},{"@type":"ListItem","position":3,"name":"Damen","item":"https:\/\/www.rabaini.it\/de\/damen\/"},{"@type":"ListItem","position":4,"name":"Damenbekleidung","item":"https:\/\/www.rabaini.it\/de\/damenbekleidung\/"},{"@type":"ListItem","position":5,"name":"Mitternachtsblauer Rock aus Leinen und Viskose"}]},{"@type":"WebSite","@id":"https:\/\/www.rabaini.it\/de\/#website","url":"https:\/\/www.rabaini.it\/de\/","name":"Rabaini","description":"","potentialAction":[{"@type":"SearchAction","target":{"@type":"EntryPoint","urlTemplate":"https:\/\/www.rabaini.it\/de\/?s={search_term_string}"},"query-input":{"@type":"PropertyValueSpecification","valueRequired":true,"valueName":"search_term_string"}}],"inLanguage":"de"}]}},"_links":{"self":[{"href":"https:\/\/www.rabaini.it\/de\/wp-json\/wp\/v2\/product\/114874","targetHints":{"allow":["GET"]}}],"collection":[{"href":"https:\/\/www.rabaini.it\/de\/wp-json\/wp\/v2\/product"}],"about":[{"href":"https:\/\/www.rabaini.it\/de\/wp-json\/wp\/v2\/types\/product"}],"wp:featuredmedia":[{"embeddable":true,"href":"https:\/\/www.rabaini.it\/de\/wp-json\/wp\/v2\/media\/104578"}],"wp:attachment":[{"href":"https:\/\/www.rabaini.it\/de\/wp-json\/wp\/v2\/media?parent=114874"}],"wp:term":[{"taxonomy":"product_brand","embeddable":true,"href":"https:\/\/www.rabaini.it\/de\/wp-json\/wp\/v2\/product_brand?post=114874"},{"taxonomy":"product_cat","embeddable":true,"href":"https:\/\/www.rabaini.it\/de\/wp-json\/wp\/v2\/product_cat?post=114874"},{"taxonomy":"product_tag","embeddable":true,"href":"https:\/\/www.rabaini.it\/de\/wp-json\/wp\/v2\/product_tag?post=114874"}],"curies":[{"name":"wp","href":"https:\/\/api.w.org\/{rel}","templated":true}]}}