{"id":114455,"date":"2025-04-30T19:11:07","date_gmt":"2025-04-30T17:11:07","guid":{"rendered":"https:\/\/www.rabaini.it\/prodotto\/davis-muetze-aus-weissem-denim-mit-saint-barth-habitue-stickerei\/"},"modified":"2025-05-20T17:06:05","modified_gmt":"2025-05-20T15:06:05","slug":"davis-muetze-aus-weissem-denim-mit-saint-barth-habitue-stickerei","status":"publish","type":"product","link":"https:\/\/www.rabaini.it\/de\/davis-muetze-aus-weissem-denim-mit-saint-barth-habitue-stickerei\/","title":{"rendered":"Davis-M\u00fctze aus wei\u00dfem Denim mit Saint Barth Habitu\u00e9-Stickerei"},"content":{"rendered":"<ul>\n<li>Artikelcode: DENIM SB HABITUE&#8216; 01<\/li>\n<li>Artikelfarbe: Wei\u00df<\/li>\n<li>Veredeln Sie Ihren l\u00e4ssigen Stil mit der Denim-Baseballkappe, einer perfekten Mischung aus Komfort und Trend<\/li>\n<li>Diese M\u00fctze aus weicher und atmungsaktiver Baumwolle bietet bequemen Sitz f\u00fcr den ganzen Tag.<\/li>\n<li>Kappe im Baseball-Stil<\/li>\n<li>Angen\u00e4htes Visier<\/li>\n<li>Sechs-Panel-Konstruktion<\/li>\n<li>Gestickte Bel\u00fcftungs\u00f6sen<\/li>\n<li>Schwei\u00dfband innen<\/li>\n<li>Volltonfarbe<\/li>\n<li>St. Barth Habitu\u00e9-Stickerei auf der Vorderseite<\/li>\n<li>St. Barth-Stickerei auf der R\u00fcckseite<\/li>\n<li>Schnallenriemen auf der R\u00fcckseite<\/li>\n<li>64 cm maximaler Innenumfang<\/li>\n<li>Eine Gr\u00f6\u00dfe passt allen<\/li>\n<li>Zusammensetzung: 100 % Baumwolle<\/li>\n<\/ul>\n","protected":false},"excerpt":{"rendered":"<p>Artikelcode: DENIM SB HABITUE&#8216; 01 Artikelfarbe: Wei\u00df Veredeln Sie Ihren l\u00e4ssigen Stil mit der Denim-Baseballkappe, einer perfekten Mischung aus Komfort und Trend Diese M\u00fctze aus weicher und atmungsaktiver Baumwolle bietet bequemen Sitz f\u00fcr den ganzen Tag. Kappe im Baseball-Stil Angen\u00e4htes Visier Sechs-Panel-Konstruktion Gestickte Bel\u00fcftungs\u00f6sen Schwei\u00dfband innen Volltonfarbe St. Barth Habitu\u00e9-Stickerei auf der Vorderseite St. Barth-Stickerei&hellip;<\/p>\n","protected":false},"featured_media":112844,"template":"","meta":{"_acf_changed":false},"product_brand":[],"product_cat":[1353,1324,1347,1356],"product_tag":[1526],"class_list":{"0":"post-114455","1":"product","2":"type-product","3":"status-publish","4":"has-post-thumbnail","6":"product_cat-haar-herren","7":"product_cat-herren","8":"product_cat-herrenaccessoires","9":"product_cat-neuheiten-fur-herren","10":"product_tag-ss25-de","11":"marca-saint-barth-de","13":"first","14":"instock","15":"shipping-taxable","16":"purchasable","17":"product-type-simple"},"acf":[],"yoast_head":"<!-- This site is optimized with the Yoast SEO plugin v27.2 - https:\/\/yoast.com\/product\/yoast-seo-wordpress\/ -->\n<title>Davis-M\u00fctze aus wei\u00dfem Denim mit Saint Barth Habitu\u00e9-Stickerei - Rabaini<\/title>\n<meta name=\"robots\" content=\"index, follow, max-snippet:-1, max-image-preview:large, max-video-preview:-1\" \/>\n<link rel=\"canonical\" href=\"https:\/\/www.rabaini.it\/de\/davis-muetze-aus-weissem-denim-mit-saint-barth-habitue-stickerei\/\" \/>\n<meta property=\"og:locale\" content=\"de_DE\" \/>\n<meta property=\"og:type\" content=\"article\" \/>\n<meta property=\"og:title\" content=\"Davis-M\u00fctze aus wei\u00dfem Denim mit Saint Barth Habitu\u00e9-Stickerei - Rabaini\" \/>\n<meta property=\"og:description\" content=\"Artikelcode: DENIM SB HABITUE&#8216; 01 Artikelfarbe: Wei\u00df Veredeln Sie Ihren l\u00e4ssigen Stil mit der Denim-Baseballkappe, einer perfekten Mischung aus Komfort und Trend Diese M\u00fctze aus weicher und atmungsaktiver Baumwolle bietet bequemen Sitz f\u00fcr den ganzen Tag. Kappe im Baseball-Stil Angen\u00e4htes Visier Sechs-Panel-Konstruktion Gestickte Bel\u00fcftungs\u00f6sen Schwei\u00dfband innen Volltonfarbe St. Barth Habitu\u00e9-Stickerei auf der Vorderseite St. Barth-Stickerei&hellip;\" \/>\n<meta property=\"og:url\" content=\"https:\/\/www.rabaini.it\/de\/davis-muetze-aus-weissem-denim-mit-saint-barth-habitue-stickerei\/\" \/>\n<meta property=\"og:site_name\" content=\"Rabaini\" \/>\n<meta property=\"article:modified_time\" content=\"2025-05-20T15:06:05+00:00\" \/>\n<meta property=\"og:image\" content=\"https:\/\/www.rabaini.it\/wp-content\/uploads\/2025\/04\/DSC_8406.jpg\" \/>\n\t<meta property=\"og:image:width\" content=\"1500\" \/>\n\t<meta property=\"og:image:height\" content=\"1500\" \/>\n\t<meta property=\"og:image:type\" content=\"image\/jpeg\" \/>\n<meta name=\"twitter:card\" content=\"summary_large_image\" \/>\n<script type=\"application\/ld+json\" class=\"yoast-schema-graph\">{\"@context\":\"https:\/\/schema.org\",\"@graph\":[{\"@type\":\"WebPage\",\"@id\":\"https:\/\/www.rabaini.it\/de\/davis-muetze-aus-weissem-denim-mit-saint-barth-habitue-stickerei\/\",\"url\":\"https:\/\/www.rabaini.it\/de\/davis-muetze-aus-weissem-denim-mit-saint-barth-habitue-stickerei\/\",\"name\":\"Davis-M\u00fctze aus wei\u00dfem Denim mit Saint Barth Habitu\u00e9-Stickerei - Rabaini\",\"isPartOf\":{\"@id\":\"https:\/\/www.rabaini.it\/de\/#website\"},\"primaryImageOfPage\":{\"@id\":\"https:\/\/www.rabaini.it\/de\/davis-muetze-aus-weissem-denim-mit-saint-barth-habitue-stickerei\/#primaryimage\"},\"image\":{\"@id\":\"https:\/\/www.rabaini.it\/de\/davis-muetze-aus-weissem-denim-mit-saint-barth-habitue-stickerei\/#primaryimage\"},\"thumbnailUrl\":\"https:\/\/www.rabaini.it\/wp-content\/uploads\/2025\/04\/DSC_8406.jpg\",\"datePublished\":\"2025-04-30T17:11:07+00:00\",\"dateModified\":\"2025-05-20T15:06:05+00:00\",\"breadcrumb\":{\"@id\":\"https:\/\/www.rabaini.it\/de\/davis-muetze-aus-weissem-denim-mit-saint-barth-habitue-stickerei\/#breadcrumb\"},\"inLanguage\":\"de\",\"potentialAction\":[{\"@type\":\"ReadAction\",\"target\":[\"https:\/\/www.rabaini.it\/de\/davis-muetze-aus-weissem-denim-mit-saint-barth-habitue-stickerei\/\"]}]},{\"@type\":\"ImageObject\",\"inLanguage\":\"de\",\"@id\":\"https:\/\/www.rabaini.it\/de\/davis-muetze-aus-weissem-denim-mit-saint-barth-habitue-stickerei\/#primaryimage\",\"url\":\"https:\/\/www.rabaini.it\/wp-content\/uploads\/2025\/04\/DSC_8406.jpg\",\"contentUrl\":\"https:\/\/www.rabaini.it\/wp-content\/uploads\/2025\/04\/DSC_8406.jpg\",\"width\":1500,\"height\":1500},{\"@type\":\"BreadcrumbList\",\"@id\":\"https:\/\/www.rabaini.it\/de\/davis-muetze-aus-weissem-denim-mit-saint-barth-habitue-stickerei\/#breadcrumb\",\"itemListElement\":[{\"@type\":\"ListItem\",\"position\":1,\"name\":\"Home\",\"item\":\"https:\/\/www.rabaini.it\/de\/homepage\/\"},{\"@type\":\"ListItem\",\"position\":2,\"name\":\"Gesch\u00e4ft\",\"item\":\"https:\/\/www.rabaini.it\/geschaeft\/\"},{\"@type\":\"ListItem\",\"position\":3,\"name\":\"Herren\",\"item\":\"https:\/\/www.rabaini.it\/de\/herren\/\"},{\"@type\":\"ListItem\",\"position\":4,\"name\":\"Davis-M\u00fctze aus wei\u00dfem Denim mit Saint Barth Habitu\u00e9-Stickerei\"}]},{\"@type\":\"WebSite\",\"@id\":\"https:\/\/www.rabaini.it\/de\/#website\",\"url\":\"https:\/\/www.rabaini.it\/de\/\",\"name\":\"Rabaini\",\"description\":\"\",\"potentialAction\":[{\"@type\":\"SearchAction\",\"target\":{\"@type\":\"EntryPoint\",\"urlTemplate\":\"https:\/\/www.rabaini.it\/de\/?s={search_term_string}\"},\"query-input\":{\"@type\":\"PropertyValueSpecification\",\"valueRequired\":true,\"valueName\":\"search_term_string\"}}],\"inLanguage\":\"de\"}]}<\/script>\n<!-- \/ Yoast SEO plugin. -->","yoast_head_json":{"title":"Davis-M\u00fctze aus wei\u00dfem Denim mit Saint Barth Habitu\u00e9-Stickerei - Rabaini","robots":{"index":"index","follow":"follow","max-snippet":"max-snippet:-1","max-image-preview":"max-image-preview:large","max-video-preview":"max-video-preview:-1"},"canonical":"https:\/\/www.rabaini.it\/de\/davis-muetze-aus-weissem-denim-mit-saint-barth-habitue-stickerei\/","og_locale":"de_DE","og_type":"article","og_title":"Davis-M\u00fctze aus wei\u00dfem Denim mit Saint Barth Habitu\u00e9-Stickerei - Rabaini","og_description":"Artikelcode: DENIM SB HABITUE&#8216; 01 Artikelfarbe: Wei\u00df Veredeln Sie Ihren l\u00e4ssigen Stil mit der Denim-Baseballkappe, einer perfekten Mischung aus Komfort und Trend Diese M\u00fctze aus weicher und atmungsaktiver Baumwolle bietet bequemen Sitz f\u00fcr den ganzen Tag. Kappe im Baseball-Stil Angen\u00e4htes Visier Sechs-Panel-Konstruktion Gestickte Bel\u00fcftungs\u00f6sen Schwei\u00dfband innen Volltonfarbe St. Barth Habitu\u00e9-Stickerei auf der Vorderseite St. Barth-Stickerei&hellip;","og_url":"https:\/\/www.rabaini.it\/de\/davis-muetze-aus-weissem-denim-mit-saint-barth-habitue-stickerei\/","og_site_name":"Rabaini","article_modified_time":"2025-05-20T15:06:05+00:00","og_image":[{"width":1500,"height":1500,"url":"https:\/\/www.rabaini.it\/wp-content\/uploads\/2025\/04\/DSC_8406.jpg","type":"image\/jpeg"}],"twitter_card":"summary_large_image","schema":{"@context":"https:\/\/schema.org","@graph":[{"@type":"WebPage","@id":"https:\/\/www.rabaini.it\/de\/davis-muetze-aus-weissem-denim-mit-saint-barth-habitue-stickerei\/","url":"https:\/\/www.rabaini.it\/de\/davis-muetze-aus-weissem-denim-mit-saint-barth-habitue-stickerei\/","name":"Davis-M\u00fctze aus wei\u00dfem Denim mit Saint Barth Habitu\u00e9-Stickerei - Rabaini","isPartOf":{"@id":"https:\/\/www.rabaini.it\/de\/#website"},"primaryImageOfPage":{"@id":"https:\/\/www.rabaini.it\/de\/davis-muetze-aus-weissem-denim-mit-saint-barth-habitue-stickerei\/#primaryimage"},"image":{"@id":"https:\/\/www.rabaini.it\/de\/davis-muetze-aus-weissem-denim-mit-saint-barth-habitue-stickerei\/#primaryimage"},"thumbnailUrl":"https:\/\/www.rabaini.it\/wp-content\/uploads\/2025\/04\/DSC_8406.jpg","datePublished":"2025-04-30T17:11:07+00:00","dateModified":"2025-05-20T15:06:05+00:00","breadcrumb":{"@id":"https:\/\/www.rabaini.it\/de\/davis-muetze-aus-weissem-denim-mit-saint-barth-habitue-stickerei\/#breadcrumb"},"inLanguage":"de","potentialAction":[{"@type":"ReadAction","target":["https:\/\/www.rabaini.it\/de\/davis-muetze-aus-weissem-denim-mit-saint-barth-habitue-stickerei\/"]}]},{"@type":"ImageObject","inLanguage":"de","@id":"https:\/\/www.rabaini.it\/de\/davis-muetze-aus-weissem-denim-mit-saint-barth-habitue-stickerei\/#primaryimage","url":"https:\/\/www.rabaini.it\/wp-content\/uploads\/2025\/04\/DSC_8406.jpg","contentUrl":"https:\/\/www.rabaini.it\/wp-content\/uploads\/2025\/04\/DSC_8406.jpg","width":1500,"height":1500},{"@type":"BreadcrumbList","@id":"https:\/\/www.rabaini.it\/de\/davis-muetze-aus-weissem-denim-mit-saint-barth-habitue-stickerei\/#breadcrumb","itemListElement":[{"@type":"ListItem","position":1,"name":"Home","item":"https:\/\/www.rabaini.it\/de\/homepage\/"},{"@type":"ListItem","position":2,"name":"Gesch\u00e4ft","item":"https:\/\/www.rabaini.it\/geschaeft\/"},{"@type":"ListItem","position":3,"name":"Herren","item":"https:\/\/www.rabaini.it\/de\/herren\/"},{"@type":"ListItem","position":4,"name":"Davis-M\u00fctze aus wei\u00dfem Denim mit Saint Barth Habitu\u00e9-Stickerei"}]},{"@type":"WebSite","@id":"https:\/\/www.rabaini.it\/de\/#website","url":"https:\/\/www.rabaini.it\/de\/","name":"Rabaini","description":"","potentialAction":[{"@type":"SearchAction","target":{"@type":"EntryPoint","urlTemplate":"https:\/\/www.rabaini.it\/de\/?s={search_term_string}"},"query-input":{"@type":"PropertyValueSpecification","valueRequired":true,"valueName":"search_term_string"}}],"inLanguage":"de"}]}},"_links":{"self":[{"href":"https:\/\/www.rabaini.it\/de\/wp-json\/wp\/v2\/product\/114455","targetHints":{"allow":["GET"]}}],"collection":[{"href":"https:\/\/www.rabaini.it\/de\/wp-json\/wp\/v2\/product"}],"about":[{"href":"https:\/\/www.rabaini.it\/de\/wp-json\/wp\/v2\/types\/product"}],"wp:featuredmedia":[{"embeddable":true,"href":"https:\/\/www.rabaini.it\/de\/wp-json\/wp\/v2\/media\/112844"}],"wp:attachment":[{"href":"https:\/\/www.rabaini.it\/de\/wp-json\/wp\/v2\/media?parent=114455"}],"wp:term":[{"taxonomy":"product_brand","embeddable":true,"href":"https:\/\/www.rabaini.it\/de\/wp-json\/wp\/v2\/product_brand?post=114455"},{"taxonomy":"product_cat","embeddable":true,"href":"https:\/\/www.rabaini.it\/de\/wp-json\/wp\/v2\/product_cat?post=114455"},{"taxonomy":"product_tag","embeddable":true,"href":"https:\/\/www.rabaini.it\/de\/wp-json\/wp\/v2\/product_tag?post=114455"}],"curies":[{"name":"wp","href":"https:\/\/api.w.org\/{rel}","templated":true}]}}