{"id":114395,"date":"2024-10-10T18:27:52","date_gmt":"2024-10-10T16:27:52","guid":{"rendered":"https:\/\/www.rabaini.it\/prodotto\/kameratasche-a-tracolla-mini-aus-braunem-leder\/"},"modified":"2024-10-10T18:27:52","modified_gmt":"2024-10-10T16:27:52","slug":"kameratasche-a-tracolla-mini-aus-braunem-leder","status":"publish","type":"product","link":"https:\/\/www.rabaini.it\/de\/kameratasche-a-tracolla-mini-aus-braunem-leder\/","title":{"rendered":"KAMERATASCHE A TRACOLLA MINI aus braunem Leder"},"content":{"rendered":"<ul>\n<li>Artikelnummer: MP1C0002<\/li>\n<li>Artikelfarbe: Braun<\/li>\n<li>Hergestellt in Italien<\/li>\n<li>Schulter-Kameratasche aus Leder mit Etro-Logo<\/li>\n<li>Das Modell ist mit einem praktischen Schultergurt ausgestattet, der mittels Karabinerhaken abnehmbar ist<\/li>\n<li>Ma\u00dfe (Breite, H\u00f6he, Tiefe): 20 x 11,5 x 5,5 cm<\/li>\n<li>Verstellbarer und abnehmbarer Schultergurt<\/li>\n<li>Rei\u00dfverschluss<\/li>\n<li>Vordertasche<\/li>\n<li>Innentasche mit Rei\u00dfverschluss<\/li>\n<li>Metalldetails mit Gold-Finish<\/li>\n<li>Au\u00dfenmaterial: 100 % Leder<\/li>\n<li>Band: 95 % Polyester, 5 % Polyamid<\/li>\n<li>Futter: 100 % Polyester und Kalbslederdetails<\/li>\n<\/ul>\n","protected":false},"excerpt":{"rendered":"<p>Artikelnummer: MP1C0002 Artikelfarbe: Braun Hergestellt in Italien Schulter-Kameratasche aus Leder mit Etro-Logo Das Modell ist mit einem praktischen Schultergurt ausgestattet, der mittels Karabinerhaken abnehmbar ist Ma\u00dfe (Breite, H\u00f6he, Tiefe): 20 x 11,5 x 5,5 cm Verstellbarer und abnehmbarer Schultergurt Rei\u00dfverschluss Vordertasche Innentasche mit Rei\u00dfverschluss Metalldetails mit Gold-Finish Au\u00dfenmaterial: 100 % Leder Band: 95 % Polyester,&hellip;<\/p>\n","protected":false},"featured_media":95620,"template":"","meta":{"_acf_changed":false},"product_brand":[],"product_cat":[1350,1324,1347,1356,1348,1351],"product_tag":[],"class_list":{"0":"post-114395","1":"product","2":"type-product","3":"status-publish","4":"has-post-thumbnail","6":"product_cat-handtaschen-herren","7":"product_cat-herren","8":"product_cat-herrenaccessoires","9":"product_cat-neuheiten-fur-herren","10":"product_cat-taschen-herren","11":"product_cat-umhangetaschen-herren","13":"first","14":"instock","15":"shipping-taxable","16":"purchasable","17":"product-type-simple"},"acf":[],"yoast_head":"<!-- This site is optimized with the Yoast SEO plugin v27.2 - https:\/\/yoast.com\/product\/yoast-seo-wordpress\/ -->\n<title>KAMERATASCHE A TRACOLLA MINI aus braunem Leder - Rabaini<\/title>\n<meta name=\"robots\" content=\"index, follow, max-snippet:-1, max-image-preview:large, max-video-preview:-1\" \/>\n<link rel=\"canonical\" href=\"https:\/\/www.rabaini.it\/de\/kameratasche-a-tracolla-mini-aus-braunem-leder\/\" \/>\n<meta property=\"og:locale\" content=\"de_DE\" \/>\n<meta property=\"og:type\" content=\"article\" \/>\n<meta property=\"og:title\" content=\"KAMERATASCHE A TRACOLLA MINI aus braunem Leder - Rabaini\" \/>\n<meta property=\"og:description\" content=\"Artikelnummer: MP1C0002 Artikelfarbe: Braun Hergestellt in Italien Schulter-Kameratasche aus Leder mit Etro-Logo Das Modell ist mit einem praktischen Schultergurt ausgestattet, der mittels Karabinerhaken abnehmbar ist Ma\u00dfe (Breite, H\u00f6he, Tiefe): 20 x 11,5 x 5,5 cm Verstellbarer und abnehmbarer Schultergurt Rei\u00dfverschluss Vordertasche Innentasche mit Rei\u00dfverschluss Metalldetails mit Gold-Finish Au\u00dfenmaterial: 100 % Leder Band: 95 % Polyester,&hellip;\" \/>\n<meta property=\"og:url\" content=\"https:\/\/www.rabaini.it\/de\/kameratasche-a-tracolla-mini-aus-braunem-leder\/\" \/>\n<meta property=\"og:site_name\" content=\"Rabaini\" \/>\n<meta property=\"og:image\" content=\"https:\/\/www.rabaini.it\/wp-content\/uploads\/2024\/10\/DSC_5979.jpg\" \/>\n\t<meta property=\"og:image:width\" content=\"1500\" \/>\n\t<meta property=\"og:image:height\" content=\"1500\" \/>\n\t<meta property=\"og:image:type\" content=\"image\/jpeg\" \/>\n<meta name=\"twitter:card\" content=\"summary_large_image\" \/>\n<script type=\"application\/ld+json\" class=\"yoast-schema-graph\">{\"@context\":\"https:\/\/schema.org\",\"@graph\":[{\"@type\":\"WebPage\",\"@id\":\"https:\/\/www.rabaini.it\/de\/kameratasche-a-tracolla-mini-aus-braunem-leder\/\",\"url\":\"https:\/\/www.rabaini.it\/de\/kameratasche-a-tracolla-mini-aus-braunem-leder\/\",\"name\":\"KAMERATASCHE A TRACOLLA MINI aus braunem Leder - Rabaini\",\"isPartOf\":{\"@id\":\"https:\/\/www.rabaini.it\/de\/#website\"},\"primaryImageOfPage\":{\"@id\":\"https:\/\/www.rabaini.it\/de\/kameratasche-a-tracolla-mini-aus-braunem-leder\/#primaryimage\"},\"image\":{\"@id\":\"https:\/\/www.rabaini.it\/de\/kameratasche-a-tracolla-mini-aus-braunem-leder\/#primaryimage\"},\"thumbnailUrl\":\"https:\/\/www.rabaini.it\/wp-content\/uploads\/2024\/10\/DSC_5979.jpg\",\"datePublished\":\"2024-10-10T16:27:52+00:00\",\"breadcrumb\":{\"@id\":\"https:\/\/www.rabaini.it\/de\/kameratasche-a-tracolla-mini-aus-braunem-leder\/#breadcrumb\"},\"inLanguage\":\"de\",\"potentialAction\":[{\"@type\":\"ReadAction\",\"target\":[\"https:\/\/www.rabaini.it\/de\/kameratasche-a-tracolla-mini-aus-braunem-leder\/\"]}]},{\"@type\":\"ImageObject\",\"inLanguage\":\"de\",\"@id\":\"https:\/\/www.rabaini.it\/de\/kameratasche-a-tracolla-mini-aus-braunem-leder\/#primaryimage\",\"url\":\"https:\/\/www.rabaini.it\/wp-content\/uploads\/2024\/10\/DSC_5979.jpg\",\"contentUrl\":\"https:\/\/www.rabaini.it\/wp-content\/uploads\/2024\/10\/DSC_5979.jpg\",\"width\":1500,\"height\":1500},{\"@type\":\"BreadcrumbList\",\"@id\":\"https:\/\/www.rabaini.it\/de\/kameratasche-a-tracolla-mini-aus-braunem-leder\/#breadcrumb\",\"itemListElement\":[{\"@type\":\"ListItem\",\"position\":1,\"name\":\"Home\",\"item\":\"https:\/\/www.rabaini.it\/de\/homepage\/\"},{\"@type\":\"ListItem\",\"position\":2,\"name\":\"Gesch\u00e4ft\",\"item\":\"https:\/\/www.rabaini.it\/geschaeft\/\"},{\"@type\":\"ListItem\",\"position\":3,\"name\":\"Herren\",\"item\":\"https:\/\/www.rabaini.it\/de\/herren\/\"},{\"@type\":\"ListItem\",\"position\":4,\"name\":\"KAMERATASCHE A TRACOLLA MINI aus braunem Leder\"}]},{\"@type\":\"WebSite\",\"@id\":\"https:\/\/www.rabaini.it\/de\/#website\",\"url\":\"https:\/\/www.rabaini.it\/de\/\",\"name\":\"Rabaini\",\"description\":\"\",\"potentialAction\":[{\"@type\":\"SearchAction\",\"target\":{\"@type\":\"EntryPoint\",\"urlTemplate\":\"https:\/\/www.rabaini.it\/de\/?s={search_term_string}\"},\"query-input\":{\"@type\":\"PropertyValueSpecification\",\"valueRequired\":true,\"valueName\":\"search_term_string\"}}],\"inLanguage\":\"de\"}]}<\/script>\n<!-- \/ Yoast SEO plugin. -->","yoast_head_json":{"title":"KAMERATASCHE A TRACOLLA MINI aus braunem Leder - Rabaini","robots":{"index":"index","follow":"follow","max-snippet":"max-snippet:-1","max-image-preview":"max-image-preview:large","max-video-preview":"max-video-preview:-1"},"canonical":"https:\/\/www.rabaini.it\/de\/kameratasche-a-tracolla-mini-aus-braunem-leder\/","og_locale":"de_DE","og_type":"article","og_title":"KAMERATASCHE A TRACOLLA MINI aus braunem Leder - Rabaini","og_description":"Artikelnummer: MP1C0002 Artikelfarbe: Braun Hergestellt in Italien Schulter-Kameratasche aus Leder mit Etro-Logo Das Modell ist mit einem praktischen Schultergurt ausgestattet, der mittels Karabinerhaken abnehmbar ist Ma\u00dfe (Breite, H\u00f6he, Tiefe): 20 x 11,5 x 5,5 cm Verstellbarer und abnehmbarer Schultergurt Rei\u00dfverschluss Vordertasche Innentasche mit Rei\u00dfverschluss Metalldetails mit Gold-Finish Au\u00dfenmaterial: 100 % Leder Band: 95 % Polyester,&hellip;","og_url":"https:\/\/www.rabaini.it\/de\/kameratasche-a-tracolla-mini-aus-braunem-leder\/","og_site_name":"Rabaini","og_image":[{"width":1500,"height":1500,"url":"https:\/\/www.rabaini.it\/wp-content\/uploads\/2024\/10\/DSC_5979.jpg","type":"image\/jpeg"}],"twitter_card":"summary_large_image","schema":{"@context":"https:\/\/schema.org","@graph":[{"@type":"WebPage","@id":"https:\/\/www.rabaini.it\/de\/kameratasche-a-tracolla-mini-aus-braunem-leder\/","url":"https:\/\/www.rabaini.it\/de\/kameratasche-a-tracolla-mini-aus-braunem-leder\/","name":"KAMERATASCHE A TRACOLLA MINI aus braunem Leder - Rabaini","isPartOf":{"@id":"https:\/\/www.rabaini.it\/de\/#website"},"primaryImageOfPage":{"@id":"https:\/\/www.rabaini.it\/de\/kameratasche-a-tracolla-mini-aus-braunem-leder\/#primaryimage"},"image":{"@id":"https:\/\/www.rabaini.it\/de\/kameratasche-a-tracolla-mini-aus-braunem-leder\/#primaryimage"},"thumbnailUrl":"https:\/\/www.rabaini.it\/wp-content\/uploads\/2024\/10\/DSC_5979.jpg","datePublished":"2024-10-10T16:27:52+00:00","breadcrumb":{"@id":"https:\/\/www.rabaini.it\/de\/kameratasche-a-tracolla-mini-aus-braunem-leder\/#breadcrumb"},"inLanguage":"de","potentialAction":[{"@type":"ReadAction","target":["https:\/\/www.rabaini.it\/de\/kameratasche-a-tracolla-mini-aus-braunem-leder\/"]}]},{"@type":"ImageObject","inLanguage":"de","@id":"https:\/\/www.rabaini.it\/de\/kameratasche-a-tracolla-mini-aus-braunem-leder\/#primaryimage","url":"https:\/\/www.rabaini.it\/wp-content\/uploads\/2024\/10\/DSC_5979.jpg","contentUrl":"https:\/\/www.rabaini.it\/wp-content\/uploads\/2024\/10\/DSC_5979.jpg","width":1500,"height":1500},{"@type":"BreadcrumbList","@id":"https:\/\/www.rabaini.it\/de\/kameratasche-a-tracolla-mini-aus-braunem-leder\/#breadcrumb","itemListElement":[{"@type":"ListItem","position":1,"name":"Home","item":"https:\/\/www.rabaini.it\/de\/homepage\/"},{"@type":"ListItem","position":2,"name":"Gesch\u00e4ft","item":"https:\/\/www.rabaini.it\/geschaeft\/"},{"@type":"ListItem","position":3,"name":"Herren","item":"https:\/\/www.rabaini.it\/de\/herren\/"},{"@type":"ListItem","position":4,"name":"KAMERATASCHE A TRACOLLA MINI aus braunem Leder"}]},{"@type":"WebSite","@id":"https:\/\/www.rabaini.it\/de\/#website","url":"https:\/\/www.rabaini.it\/de\/","name":"Rabaini","description":"","potentialAction":[{"@type":"SearchAction","target":{"@type":"EntryPoint","urlTemplate":"https:\/\/www.rabaini.it\/de\/?s={search_term_string}"},"query-input":{"@type":"PropertyValueSpecification","valueRequired":true,"valueName":"search_term_string"}}],"inLanguage":"de"}]}},"_links":{"self":[{"href":"https:\/\/www.rabaini.it\/de\/wp-json\/wp\/v2\/product\/114395","targetHints":{"allow":["GET"]}}],"collection":[{"href":"https:\/\/www.rabaini.it\/de\/wp-json\/wp\/v2\/product"}],"about":[{"href":"https:\/\/www.rabaini.it\/de\/wp-json\/wp\/v2\/types\/product"}],"wp:featuredmedia":[{"embeddable":true,"href":"https:\/\/www.rabaini.it\/de\/wp-json\/wp\/v2\/media\/95620"}],"wp:attachment":[{"href":"https:\/\/www.rabaini.it\/de\/wp-json\/wp\/v2\/media?parent=114395"}],"wp:term":[{"taxonomy":"product_brand","embeddable":true,"href":"https:\/\/www.rabaini.it\/de\/wp-json\/wp\/v2\/product_brand?post=114395"},{"taxonomy":"product_cat","embeddable":true,"href":"https:\/\/www.rabaini.it\/de\/wp-json\/wp\/v2\/product_cat?post=114395"},{"taxonomy":"product_tag","embeddable":true,"href":"https:\/\/www.rabaini.it\/de\/wp-json\/wp\/v2\/product_tag?post=114395"}],"curies":[{"name":"wp","href":"https:\/\/api.w.org\/{rel}","templated":true}]}}