{"id":113606,"date":"2025-04-17T18:22:05","date_gmt":"2025-04-17T16:22:05","guid":{"rendered":"https:\/\/www.rabaini.it\/prodotto\/elfenbeinfarbenes-kaftankleid-aus-baumwolle-mit-mehrfarbigem-paisleymuster\/"},"modified":"2025-06-16T13:24:09","modified_gmt":"2025-06-16T11:24:09","slug":"elfenbeinfarbenes-kaftankleid-aus-baumwolle-mit-mehrfarbigem-paisleymuster","status":"publish","type":"product","link":"https:\/\/www.rabaini.it\/de\/elfenbeinfarbenes-kaftankleid-aus-baumwolle-mit-mehrfarbigem-paisleymuster\/","title":{"rendered":"Elfenbeinfarbenes Kaftankleid aus Baumwolle mit mehrfarbigem Paisleymuster"},"content":{"rendered":"<ul>\n<li>Artikelcode: WRPA0023AK726X0800<\/li>\n<li>Artikelfarbe: Elfenbein<\/li>\n<li>Hergestellt in Italien<\/li>\n<li>Kurzes Kaftankleid aus Baumwolle mit Paisley-Print in leuchtenden Multicolor-T\u00f6nen<\/li>\n<li>Das lockere Design und die flie\u00dfende Linie bieten Komfort und Stil und machen es perfekt f\u00fcr einen eleganten und entspannten Sommerlook<\/li>\n<li>Das Kleidungsst\u00fcck verf\u00fcgt \u00fcber weite Dreiviertel\u00e4rmel, einen Stehkragen und einen tiefen V-Ausschnitt, abgerundet durch kontrastierende Druckdetails.<\/li>\n<li>Weiche Passform<\/li>\n<li>Stehkragen<\/li>\n<li>Dreiviertel\u00e4rmel<\/li>\n<li>Zusammensetzung: 97 % Baumwolle, 3 % Elastan<\/li>\n<\/ul>\n","protected":false},"excerpt":{"rendered":"<p>Artikelcode: WRPA0023AK726X0800 Artikelfarbe: Elfenbein Hergestellt in Italien Kurzes Kaftankleid aus Baumwolle mit Paisley-Print in leuchtenden Multicolor-T\u00f6nen Das lockere Design und die flie\u00dfende Linie bieten Komfort und Stil und machen es perfekt f\u00fcr einen eleganten und entspannten Sommerlook Das Kleidungsst\u00fcck verf\u00fcgt \u00fcber weite Dreiviertel\u00e4rmel, einen Stehkragen und einen tiefen V-Ausschnitt, abgerundet durch kontrastierende Druckdetails. Weiche Passform&hellip;<\/p>\n","protected":false},"featured_media":111837,"template":"","meta":{"_acf_changed":false},"product_brand":[],"product_cat":[1273,1309,1274,1275],"product_tag":[1526],"class_list":{"0":"post-113606","1":"product","2":"type-product","3":"status-publish","4":"has-post-thumbnail","6":"product_cat-damen","7":"product_cat-damen-sale","8":"product_cat-damenbekleidung","9":"product_cat-kleidung-damen","10":"product_tag-ss25-de","11":"marca-etro-de","13":"first","14":"outofstock","15":"shipping-taxable","16":"purchasable","17":"product-type-variable"},"acf":[],"yoast_head":"<!-- This site is optimized with the Yoast SEO plugin v27.2 - https:\/\/yoast.com\/product\/yoast-seo-wordpress\/ -->\n<title>Elfenbeinfarbenes Kaftankleid aus Baumwolle mit mehrfarbigem Paisleymuster - Rabaini<\/title>\n<meta name=\"robots\" content=\"index, follow, max-snippet:-1, max-image-preview:large, max-video-preview:-1\" \/>\n<link rel=\"canonical\" href=\"https:\/\/www.rabaini.it\/de\/elfenbeinfarbenes-kaftankleid-aus-baumwolle-mit-mehrfarbigem-paisleymuster\/\" \/>\n<meta property=\"og:locale\" content=\"de_DE\" \/>\n<meta property=\"og:type\" content=\"article\" \/>\n<meta property=\"og:title\" content=\"Elfenbeinfarbenes Kaftankleid aus Baumwolle mit mehrfarbigem Paisleymuster - Rabaini\" \/>\n<meta property=\"og:description\" content=\"Artikelcode: WRPA0023AK726X0800 Artikelfarbe: Elfenbein Hergestellt in Italien Kurzes Kaftankleid aus Baumwolle mit Paisley-Print in leuchtenden Multicolor-T\u00f6nen Das lockere Design und die flie\u00dfende Linie bieten Komfort und Stil und machen es perfekt f\u00fcr einen eleganten und entspannten Sommerlook Das Kleidungsst\u00fcck verf\u00fcgt \u00fcber weite Dreiviertel\u00e4rmel, einen Stehkragen und einen tiefen V-Ausschnitt, abgerundet durch kontrastierende Druckdetails. Weiche Passform&hellip;\" \/>\n<meta property=\"og:url\" content=\"https:\/\/www.rabaini.it\/de\/elfenbeinfarbenes-kaftankleid-aus-baumwolle-mit-mehrfarbigem-paisleymuster\/\" \/>\n<meta property=\"og:site_name\" content=\"Rabaini\" \/>\n<meta property=\"article:modified_time\" content=\"2025-06-16T11:24:09+00:00\" \/>\n<meta property=\"og:image\" content=\"https:\/\/www.rabaini.it\/wp-content\/uploads\/2025\/04\/13.1-2.jpg\" \/>\n\t<meta property=\"og:image:width\" content=\"1500\" \/>\n\t<meta property=\"og:image:height\" content=\"1500\" \/>\n\t<meta property=\"og:image:type\" content=\"image\/jpeg\" \/>\n<meta name=\"twitter:card\" content=\"summary_large_image\" \/>\n<script type=\"application\/ld+json\" class=\"yoast-schema-graph\">{\"@context\":\"https:\/\/schema.org\",\"@graph\":[{\"@type\":\"WebPage\",\"@id\":\"https:\/\/www.rabaini.it\/de\/elfenbeinfarbenes-kaftankleid-aus-baumwolle-mit-mehrfarbigem-paisleymuster\/\",\"url\":\"https:\/\/www.rabaini.it\/de\/elfenbeinfarbenes-kaftankleid-aus-baumwolle-mit-mehrfarbigem-paisleymuster\/\",\"name\":\"Elfenbeinfarbenes Kaftankleid aus Baumwolle mit mehrfarbigem Paisleymuster - Rabaini\",\"isPartOf\":{\"@id\":\"https:\/\/www.rabaini.it\/de\/#website\"},\"primaryImageOfPage\":{\"@id\":\"https:\/\/www.rabaini.it\/de\/elfenbeinfarbenes-kaftankleid-aus-baumwolle-mit-mehrfarbigem-paisleymuster\/#primaryimage\"},\"image\":{\"@id\":\"https:\/\/www.rabaini.it\/de\/elfenbeinfarbenes-kaftankleid-aus-baumwolle-mit-mehrfarbigem-paisleymuster\/#primaryimage\"},\"thumbnailUrl\":\"https:\/\/www.rabaini.it\/wp-content\/uploads\/2025\/04\/13.1-2.jpg\",\"datePublished\":\"2025-04-17T16:22:05+00:00\",\"dateModified\":\"2025-06-16T11:24:09+00:00\",\"breadcrumb\":{\"@id\":\"https:\/\/www.rabaini.it\/de\/elfenbeinfarbenes-kaftankleid-aus-baumwolle-mit-mehrfarbigem-paisleymuster\/#breadcrumb\"},\"inLanguage\":\"de\",\"potentialAction\":[{\"@type\":\"ReadAction\",\"target\":[\"https:\/\/www.rabaini.it\/de\/elfenbeinfarbenes-kaftankleid-aus-baumwolle-mit-mehrfarbigem-paisleymuster\/\"]}]},{\"@type\":\"ImageObject\",\"inLanguage\":\"de\",\"@id\":\"https:\/\/www.rabaini.it\/de\/elfenbeinfarbenes-kaftankleid-aus-baumwolle-mit-mehrfarbigem-paisleymuster\/#primaryimage\",\"url\":\"https:\/\/www.rabaini.it\/wp-content\/uploads\/2025\/04\/13.1-2.jpg\",\"contentUrl\":\"https:\/\/www.rabaini.it\/wp-content\/uploads\/2025\/04\/13.1-2.jpg\",\"width\":1500,\"height\":1500},{\"@type\":\"BreadcrumbList\",\"@id\":\"https:\/\/www.rabaini.it\/de\/elfenbeinfarbenes-kaftankleid-aus-baumwolle-mit-mehrfarbigem-paisleymuster\/#breadcrumb\",\"itemListElement\":[{\"@type\":\"ListItem\",\"position\":1,\"name\":\"Home\",\"item\":\"https:\/\/www.rabaini.it\/de\/homepage\/\"},{\"@type\":\"ListItem\",\"position\":2,\"name\":\"Gesch\u00e4ft\",\"item\":\"https:\/\/www.rabaini.it\/geschaeft\/\"},{\"@type\":\"ListItem\",\"position\":3,\"name\":\"Damen\",\"item\":\"https:\/\/www.rabaini.it\/de\/damen\/\"},{\"@type\":\"ListItem\",\"position\":4,\"name\":\"Elfenbeinfarbenes Kaftankleid aus Baumwolle mit mehrfarbigem Paisleymuster\"}]},{\"@type\":\"WebSite\",\"@id\":\"https:\/\/www.rabaini.it\/de\/#website\",\"url\":\"https:\/\/www.rabaini.it\/de\/\",\"name\":\"Rabaini\",\"description\":\"\",\"potentialAction\":[{\"@type\":\"SearchAction\",\"target\":{\"@type\":\"EntryPoint\",\"urlTemplate\":\"https:\/\/www.rabaini.it\/de\/?s={search_term_string}\"},\"query-input\":{\"@type\":\"PropertyValueSpecification\",\"valueRequired\":true,\"valueName\":\"search_term_string\"}}],\"inLanguage\":\"de\"}]}<\/script>\n<!-- \/ Yoast SEO plugin. -->","yoast_head_json":{"title":"Elfenbeinfarbenes Kaftankleid aus Baumwolle mit mehrfarbigem Paisleymuster - Rabaini","robots":{"index":"index","follow":"follow","max-snippet":"max-snippet:-1","max-image-preview":"max-image-preview:large","max-video-preview":"max-video-preview:-1"},"canonical":"https:\/\/www.rabaini.it\/de\/elfenbeinfarbenes-kaftankleid-aus-baumwolle-mit-mehrfarbigem-paisleymuster\/","og_locale":"de_DE","og_type":"article","og_title":"Elfenbeinfarbenes Kaftankleid aus Baumwolle mit mehrfarbigem Paisleymuster - Rabaini","og_description":"Artikelcode: WRPA0023AK726X0800 Artikelfarbe: Elfenbein Hergestellt in Italien Kurzes Kaftankleid aus Baumwolle mit Paisley-Print in leuchtenden Multicolor-T\u00f6nen Das lockere Design und die flie\u00dfende Linie bieten Komfort und Stil und machen es perfekt f\u00fcr einen eleganten und entspannten Sommerlook Das Kleidungsst\u00fcck verf\u00fcgt \u00fcber weite Dreiviertel\u00e4rmel, einen Stehkragen und einen tiefen V-Ausschnitt, abgerundet durch kontrastierende Druckdetails. Weiche Passform&hellip;","og_url":"https:\/\/www.rabaini.it\/de\/elfenbeinfarbenes-kaftankleid-aus-baumwolle-mit-mehrfarbigem-paisleymuster\/","og_site_name":"Rabaini","article_modified_time":"2025-06-16T11:24:09+00:00","og_image":[{"width":1500,"height":1500,"url":"https:\/\/www.rabaini.it\/wp-content\/uploads\/2025\/04\/13.1-2.jpg","type":"image\/jpeg"}],"twitter_card":"summary_large_image","schema":{"@context":"https:\/\/schema.org","@graph":[{"@type":"WebPage","@id":"https:\/\/www.rabaini.it\/de\/elfenbeinfarbenes-kaftankleid-aus-baumwolle-mit-mehrfarbigem-paisleymuster\/","url":"https:\/\/www.rabaini.it\/de\/elfenbeinfarbenes-kaftankleid-aus-baumwolle-mit-mehrfarbigem-paisleymuster\/","name":"Elfenbeinfarbenes Kaftankleid aus Baumwolle mit mehrfarbigem Paisleymuster - Rabaini","isPartOf":{"@id":"https:\/\/www.rabaini.it\/de\/#website"},"primaryImageOfPage":{"@id":"https:\/\/www.rabaini.it\/de\/elfenbeinfarbenes-kaftankleid-aus-baumwolle-mit-mehrfarbigem-paisleymuster\/#primaryimage"},"image":{"@id":"https:\/\/www.rabaini.it\/de\/elfenbeinfarbenes-kaftankleid-aus-baumwolle-mit-mehrfarbigem-paisleymuster\/#primaryimage"},"thumbnailUrl":"https:\/\/www.rabaini.it\/wp-content\/uploads\/2025\/04\/13.1-2.jpg","datePublished":"2025-04-17T16:22:05+00:00","dateModified":"2025-06-16T11:24:09+00:00","breadcrumb":{"@id":"https:\/\/www.rabaini.it\/de\/elfenbeinfarbenes-kaftankleid-aus-baumwolle-mit-mehrfarbigem-paisleymuster\/#breadcrumb"},"inLanguage":"de","potentialAction":[{"@type":"ReadAction","target":["https:\/\/www.rabaini.it\/de\/elfenbeinfarbenes-kaftankleid-aus-baumwolle-mit-mehrfarbigem-paisleymuster\/"]}]},{"@type":"ImageObject","inLanguage":"de","@id":"https:\/\/www.rabaini.it\/de\/elfenbeinfarbenes-kaftankleid-aus-baumwolle-mit-mehrfarbigem-paisleymuster\/#primaryimage","url":"https:\/\/www.rabaini.it\/wp-content\/uploads\/2025\/04\/13.1-2.jpg","contentUrl":"https:\/\/www.rabaini.it\/wp-content\/uploads\/2025\/04\/13.1-2.jpg","width":1500,"height":1500},{"@type":"BreadcrumbList","@id":"https:\/\/www.rabaini.it\/de\/elfenbeinfarbenes-kaftankleid-aus-baumwolle-mit-mehrfarbigem-paisleymuster\/#breadcrumb","itemListElement":[{"@type":"ListItem","position":1,"name":"Home","item":"https:\/\/www.rabaini.it\/de\/homepage\/"},{"@type":"ListItem","position":2,"name":"Gesch\u00e4ft","item":"https:\/\/www.rabaini.it\/geschaeft\/"},{"@type":"ListItem","position":3,"name":"Damen","item":"https:\/\/www.rabaini.it\/de\/damen\/"},{"@type":"ListItem","position":4,"name":"Elfenbeinfarbenes Kaftankleid aus Baumwolle mit mehrfarbigem Paisleymuster"}]},{"@type":"WebSite","@id":"https:\/\/www.rabaini.it\/de\/#website","url":"https:\/\/www.rabaini.it\/de\/","name":"Rabaini","description":"","potentialAction":[{"@type":"SearchAction","target":{"@type":"EntryPoint","urlTemplate":"https:\/\/www.rabaini.it\/de\/?s={search_term_string}"},"query-input":{"@type":"PropertyValueSpecification","valueRequired":true,"valueName":"search_term_string"}}],"inLanguage":"de"}]}},"_links":{"self":[{"href":"https:\/\/www.rabaini.it\/de\/wp-json\/wp\/v2\/product\/113606","targetHints":{"allow":["GET"]}}],"collection":[{"href":"https:\/\/www.rabaini.it\/de\/wp-json\/wp\/v2\/product"}],"about":[{"href":"https:\/\/www.rabaini.it\/de\/wp-json\/wp\/v2\/types\/product"}],"wp:featuredmedia":[{"embeddable":true,"href":"https:\/\/www.rabaini.it\/de\/wp-json\/wp\/v2\/media\/111837"}],"wp:attachment":[{"href":"https:\/\/www.rabaini.it\/de\/wp-json\/wp\/v2\/media?parent=113606"}],"wp:term":[{"taxonomy":"product_brand","embeddable":true,"href":"https:\/\/www.rabaini.it\/de\/wp-json\/wp\/v2\/product_brand?post=113606"},{"taxonomy":"product_cat","embeddable":true,"href":"https:\/\/www.rabaini.it\/de\/wp-json\/wp\/v2\/product_cat?post=113606"},{"taxonomy":"product_tag","embeddable":true,"href":"https:\/\/www.rabaini.it\/de\/wp-json\/wp\/v2\/product_tag?post=113606"}],"curies":[{"name":"wp","href":"https:\/\/api.w.org\/{rel}","templated":true}]}}